{"id":623,"date":"2019-09-12T14:47:37","date_gmt":"2019-09-12T12:47:37","guid":{"rendered":"https:\/\/www.griffbereit-rucksack.de\/?page_id=623"},"modified":"2023-08-08T11:17:12","modified_gmt":"2023-08-08T09:17:12","slug":"rucksack-kita","status":"publish","type":"page","link":"https:\/\/www.griffbereit-rucksack.de\/fr\/rucksack-kita\/","title":{"rendered":"Rucksack KiTa"},"content":{"rendered":"<h2><strong>Bienvenue chez Rucksack KiTa<\/strong><\/h2>\n<p><strong>Sprachbildung gemeinsam tragen &#8211; mehrsprachig und alltagsintegriert<\/strong><\/p>\n\t<p><strong><em>Rucksack KiTa <\/em><\/strong>est un programme de langue et d'\u00e9ducation pour les enfants de 4 \u00e0 6 ans ayant une histoire familiale internationale, ainsi que pour leurs parents\/famille et institution \u00e9ducative. Il se concentre sur l'apprentissage g\u00e9n\u00e9ral et multilingue de la langue, int\u00e9gr\u00e9 dans la vie quotidienne.<\/p>\n<p>Comme <em>Griffbereit<\/em> provient \u00e9galement <em>Rucksack KiTa <\/em>des Pays-Bas. En Rh\u00e9nanie-du-Nord-Westphalie, il est mis en \u0153uvre avec succ\u00e8s depuis 1999, \u00e9valu\u00e9 et d\u00e9velopp\u00e9 en permanence. Aujourd'hui, le programme fonctionne dans toute l'Allemagne et en Autriche. Les demandes en provenance d'autres pays europ\u00e9ens sont \u00e9galement de plus en plus nombreuses.<\/p>\n<p>Les responsables du programme sont <em>Centres de coordination nationaux<\/em> (LaKo). Ils pilotent et accompagnent la mise en \u0153uvre depuis 2013.<\/p>\n\t\t\t<a href=\"https:\/\/www.griffbereit-rucksack.de\/fr\/angebot-rucksack-kita\/\" target=\"_self\" role=\"button\" rel=\"noopener\">\n\t\t\t\t\t\t\tOFFRE\n\t\t\t<\/a>\n\t\t\t<a href=\"https:\/\/www.griffbereit-rucksack.de\/fr\/ablauf-rucksack-kita\/\" target=\"_self\" role=\"button\" rel=\"noopener\">\n\t\t\t\t\t\t\tD\u00c9ROULEMENT\n\t\t\t<\/a>\n\t\t\t<a href=\"https:\/\/www.griffbereit-rucksack.de\/fr\/zielgruppen-rucksack-kita\/\" target=\"_self\" role=\"button\" rel=\"noopener\">\n\t\t\t\t\t\t\tGROUPES CIBLES\n\t\t\t<\/a>\n\t<iframe width=\"560\" height=\"315\" src=\"https:\/\/www.youtube.com\/embed\/QwJytRMI-qw\" frameborder=\"0\" allow=\"accelerometer; autoplay; clipboard-write; encrypted-media; gyroscope; picture-in-picture\" allowfullscreen><\/iframe>\n\t<p><a href=\"https:\/\/www.youtube.com\/watch?v=Vq5MeFEWRw8\" target=\"_blank\" rel=\"noopener\">Cliquez ici pour voir la version longue de la vid\u00e9o<\/a><\/p>\n<p><em>Rucksack KiTa <\/em>se situe \u00e0 l'interface entre le lieu d'apprentissage formel qu'est la garderie et les offres informelles d'\u00e9ducation et de soutien. Le programme se d\u00e9roule dans l'\u00e9tablissement d'accueil de jour ou dans un centre familial. Il s'agit \u00e9galement d'une condition de base pour sa mise en \u0153uvre. Les parents\/familles et la garderie \u00e9tablissent ici un partenariat \u00e9ducatif dont les deux parties profitent durablement.<\/p>\n<p><strong>L'institution \u00e9ducative a ainsi l'opportunit\u00e9 de s'ouvrir \u00e0 la migration et \u00e0 la diversit\u00e9.<\/strong><\/p>","protected":false},"excerpt":{"rendered":"<div class=\"entry-summary\">\n<div class=\"entry-summary\">\nWillkommen bei Rucksack KiTa Sprachbildung gemeinsam tragen &#8211; mehrsprachig und alltagsintegriert Rucksack KiTa ist ein Sprach- und Bildungsprogramm&hellip;\n<\/div>\n<div class=\"link-more\"><a href=\"https:\/\/www.griffbereit-rucksack.de\/fr\/rucksack-kita\/\" class=\"more-link\">Continuer la lecture<span class=\"screen-reader-text\"> &ldquo;Rucksack KiTa&rdquo;<\/span>...<\/a><\/div>\n<\/div>\n<div class=\"link-more\"><a href=\"https:\/\/www.griffbereit-rucksack.de\/fr\/rucksack-kita\/\" class=\"more-link\">Continuer la lecture<span class=\"screen-reader-text\"> &ldquo;Rucksack KiTa&rdquo;<\/span>...<\/a><\/div>","protected":false},"author":1,"featured_media":0,"parent":0,"menu_order":0,"comment_status":"closed","ping_status":"closed","template":"templates\/subpages.php","meta":{"_acf_changed":false,"footnotes":""},"class_list":["post-623","page","type-page","status-publish","hentry","entry"],"acf":[],"_links":{"self":[{"href":"https:\/\/www.griffbereit-rucksack.de\/fr\/wp-json\/wp\/v2\/pages\/623","targetHints":{"allow":["GET"]}}],"collection":[{"href":"https:\/\/www.griffbereit-rucksack.de\/fr\/wp-json\/wp\/v2\/pages"}],"about":[{"href":"https:\/\/www.griffbereit-rucksack.de\/fr\/wp-json\/wp\/v2\/types\/page"}],"author":[{"embeddable":true,"href":"https:\/\/www.griffbereit-rucksack.de\/fr\/wp-json\/wp\/v2\/users\/1"}],"replies":[{"embeddable":true,"href":"https:\/\/www.griffbereit-rucksack.de\/fr\/wp-json\/wp\/v2\/comments?post=623"}],"version-history":[{"count":0,"href":"https:\/\/www.griffbereit-rucksack.de\/fr\/wp-json\/wp\/v2\/pages\/623\/revisions"}],"wp:attachment":[{"href":"https:\/\/www.griffbereit-rucksack.de\/fr\/wp-json\/wp\/v2\/media?parent=623"}],"curies":[{"name":"wp","href":"https:\/\/api.w.org\/{rel}","templated":true}]}}