{"id":545,"date":"2019-09-06T14:48:47","date_gmt":"2019-09-06T12:48:47","guid":{"rendered":"https:\/\/www.griffbereit-rucksack.de\/?page_id=545"},"modified":"2023-07-17T16:26:05","modified_gmt":"2023-07-17T14:26:05","slug":"wirkung-griffbereit","status":"publish","type":"page","link":"https:\/\/www.griffbereit-rucksack.de\/fr\/griffbereit\/wirkung-griffbereit\/","title":{"rendered":"Effet Griffbereit"},"content":{"rendered":"<h4><strong>Parents\/familles participants<\/strong><\/h4>\n<p><strong>Qu'est-ce que je re\u00e7ois de Griffbereit ?<\/strong><\/p>\n<ul>\n<li>Hebdomadaire <em>Griffbereit<\/em>-groupe<\/li>\n<li>Contact\/\u00e9change avec des personnes partageant les m\u00eames id\u00e9es<\/li>\n<li>Multilingue <em>Griffbereit<\/em>-Mati\u00e8re<\/li>\n<li>Le cas \u00e9ch\u00e9ant, qualification d'accompagnateur parental*.<\/li>\n<\/ul>\n<p><strong>Qu'est-ce qui renforce\/amplifie Griffbereit ?<\/strong><\/p>\n<ul>\n<li>Connaissances et comp\u00e9tences en mati\u00e8re de formation, d'\u00e9ducation, de sant\u00e9, etc.<\/li>\n<li>Confiance en soi en se concentrant sur ses propres points forts<\/li>\n<li>Ouverture au dialogue et capacit\u00e9 d'action au sein de l'institution<\/li>\n<li>Interaction parents-enfants<\/li>\n<li>Motivation \u00e0 renforcer ses propres enfants (par exemple, la langue)<\/li>\n<li>Participation \u00e0 la vie sociale et \u00e0 la vie de l'institution \u00e9ducative<\/li>\n<li>Motivation \u00e0 approfondir et \u00e0 partager ses connaissances linguistiques et ses comp\u00e9tences, par exemple en tant qu'accompagnateur parental.<\/li>\n<\/ul>\n<p><strong>Comment cela change-t-il notre fa\u00e7on de travailler ensemble ?<\/strong><\/p>\n<ul>\n<li>Les parents\/familles sont int\u00e9gr\u00e9s et activement impliqu\u00e9s dans la vie sociale et dans les lieux d'\u00e9ducation.<\/li>\n<li>Potenziale der Familien werden anerkannt &#8211; f\u00fcr echte gesellschaftliche Teilhabe<\/li>\n<li>Potenziale und Chancen kultureller Vielfalt werden sichtbar &#8211; f\u00fcr echten Wandel<\/li>\n<li>Renforcer la participation<\/li>\n<li>V\u00e9ritables partenariats \u00e9ducatifs entre les parents\/familles et l'institution<\/li>\n<\/ul>\n<p>&nbsp;<\/p>\n\t<h4><strong>Enfants participants<br \/>\n<\/strong><\/h4>\n<p><strong>Qu'est-ce que je re\u00e7ois de Griffbereit ?<\/strong><\/p>\n<ul>\n<li>Groupe hebdomadaire Griffbereit<\/li>\n<li>Contact\/interaction avec les pairs<\/li>\n<li>Mat\u00e9riel adapt\u00e9 \u00e0 l'\u00e2ge (multilingue), par exemple livres audio, livres pour enfants<\/li>\n<\/ul>\n<p><strong>Qu'est-ce qui renforce\/amplifie Griffbereit ?<\/strong><\/p>\n<ul>\n<li>Renforcement des comp\u00e9tences linguistiques dans la\/les langue(s) familiale(s) et en allemand<\/li>\n<li>Comp\u00e9tences linguistiques g\u00e9n\u00e9rales, par ex. vocabulaire plus \u00e9tendu<\/li>\n<li>D\u00e9veloppement global positif (par ex. \u00e9motionnel, moteur, etc.)<\/li>\n<li>Interaction parent-enfant plus famili\u00e8re et plus intense<\/li>\n<li>Plaisir du mat\u00e9riel\/de l'action<\/li>\n<li>Ensuite, transition plus facile vers l'institution \u00e9ducative suivante, par ex : Adaptation \u00e0 la cr\u00e8che<\/li>\n<li>Prise de conscience du potentiel du multilinguisme<\/li>\n<li>Opportunit\u00e9 d'une participation r\u00e9ussie \u00e0 l'\u00e9ducation<\/li>\n<\/ul>\n<p><strong>Comment cela change-t-il notre fa\u00e7on de travailler ensemble ?<\/strong><\/p>\n<ul>\n<li>Une plus grande \u00e9galit\u00e9 des chances pour tous les enfants en mati\u00e8re d'\u00e9ducation<\/li>\n<li>Acceptation sociale du multilinguisme en tant que ressource et potentiel des enfants<\/li>\n<\/ul>\n<p>&nbsp;<\/p>\n\t<h4><strong>Parents-accompagnateurs* principaux<\/strong><\/h4>\n<p><strong>Qu'est-ce que je re\u00e7ois de Griffbereit ?<\/strong><\/p>\n<ul>\n<li><em>Griffbereit<\/em>-Formation, accompagnement et r\u00e9flexion<\/li>\n<li>Mat\u00e9riel de programme multilingue<\/li>\n<li>Mise \u00e0 disposition du <em>Griffbereit<\/em>-Concept d'\u00e9valuation avec recommandations et id\u00e9es\/suggestions pour la pratique<\/li>\n<li>Libert\u00e9 de planification sous sa propre responsabilit\u00e9<\/li>\n<li>Grande flexibilit\u00e9 au sein du cadre<\/li>\n<\/ul>\n<p><strong>Qu'est-ce qui renforce\/amplifie Griffbereit<\/strong><\/p>\n<ul>\n<li>Connaissances dans les domaines de l'\u00e9ducation des adultes et du d\u00e9veloppement de l'enfant, ainsi que du multilinguisme et de la diversit\u00e9.<\/li>\n<li>Responsabilit\u00e9 et autonomie en tant que m\u00e9diateur* entre la famille et l'institution<\/li>\n<li>Assurance, ind\u00e9pendance<\/li>\n<li>motivation \u00e0 \u00e9largir son champ d'action ou \u00e0 se former de mani\u00e8re proactive<\/li>\n<\/ul>\n<p><strong>Comment cela change-t-il notre fa\u00e7on de travailler ensemble ?<\/strong><\/p>\n<ul>\n<li>Premiers pas dans le domaine de l'\u00e9ducation<\/li>\n<li>Bildungsinstitutionen entwickeln sich weiter &#8211; hin zu mehr vielfaltsorientiertem Leben, Handeln und Arbeiten<br \/>\n(ax\u00e9 sur la diversit\u00e9)<\/li>\n<\/ul>\n\t<h4><strong>Personnel \u00e9ducatif<br \/>\n<\/strong><\/h4>\n<p><strong>Qu'est-ce que je re\u00e7ois de Griffbereit ?<\/strong><\/p>\n<ul>\n<li><em>Griffbereit<\/em>-Formation, accompagnement et r\u00e9flexion<\/li>\n<\/ul>\n<p><strong>Qu'est-ce qui renforce\/amplifie Griffbereit<\/strong><\/p>\n<ul>\n<li>Leitmotiv \u201eErziehungs- und Bildungspartnerschaft&#8220;<\/li>\n<li>Connaissance et sensibilit\u00e9 accrue \u00e0 la diversit\u00e9 et au multilinguisme.<\/li>\n<li>Motivation \u00e0 utiliser l'apprentissage et la promotion des langues de mani\u00e8re cibl\u00e9e<\/li>\n<li>Moins de stress ressenti, plus de confiance en soi dans le travail quotidien<\/li>\n<\/ul>\n<p><strong>Comment cela change-t-il notre fa\u00e7on de travailler ensemble ?<\/strong><\/p>\n<ul>\n<li>De nouveaux concepts \u00e9ducatifs \u00e9mergent : sensibles \u00e0 la migration &amp; favorisant le multilinguisme<\/li>\n<li>L'\u00e9ducation est orient\u00e9e vers la diversit\u00e9, la sensibilisation \u00e0 la diversit\u00e9 et la promotion du multilinguisme.<\/li>\n<li>Cette \u00e9ducation devient un mod\u00e8le social et conduit \u00e0 une soci\u00e9t\u00e9 ouverte et diversifi\u00e9e \u00e0 tous les niveaux.<\/li>\n<\/ul>\n<p>&nbsp;<\/p>\n\t<h4><strong>Institution \u00e9ducative impliqu\u00e9e<br \/>\n<\/strong><\/h4>\n<p><strong>Qu'est-ce que je re\u00e7ois de Griffbereit ?<\/strong><\/p>\n<ul>\n<li>Hebdomadaire <em>Griffbereit<\/em>-groupe<\/li>\n<li>Accompagnateurs de parents qualifi\u00e9s*.<\/li>\n<li>Formation, accompagnement, r\u00e9flexion<\/li>\n<li>l'\u00e9quipement de l'\u00e9tablissement, par exemple avec du mat\u00e9riel de jeu, des livres, des images, des id\u00e9es et des suggestions pour un environnement stimulant pour la langue et l'apprentissage dans toutes les langues \u00e0 la disposition des enfants<\/li>\n<\/ul>\n<p><strong>Qu'est-ce qui renforce\/amplifie Griffbereit<\/strong><\/p>\n<ul>\n<li>Connaissance pratique des approches de la diversit\u00e9 et de leur mise en \u0153uvre.<\/li>\n<li>Ouverture aux apports des familles ayant une histoire internationale pour le quotidien de l'\u00e9tablissement<\/li>\n<li>Interaction avec les parents ayant une histoire familiale internationale<\/li>\n<li>Akzeptanz Eltern = \u201eErziehungsexperten&#8220;<\/li>\n<li>Respect des exigences l\u00e9gales (voir par exemple KiBiz pour la Rh\u00e9nanie-du-Nord-Westphalie)<\/li>\n<li>Exploiter le potentiel du multilinguisme<\/li>\n<li>Meilleure pr\u00e9paration \u00e0 la poursuite de l'\u00e9ducation, meilleures chances d'\u00e9ducation pour les enfants<\/li>\n<\/ul>\n<p><strong>Comment cela change-t-il notre fa\u00e7on de travailler ensemble ?<\/strong><\/p>\n<ul>\n<li>\n<ul>\n<li>Renforcement du partenariat \u00e9ducatif avec les parents\/familles tout au long de la cha\u00eene \u00e9ducative<\/li>\n<li>Les \u00e9tablissements d'enseignement s'ouvrent aux migrations et \u00e0 la diversit\u00e9 d\u00e8s la petite enfance.<a href=\"#_ftn1\" name=\"_ftnref1\">[1]<\/a><\/li>\n<\/ul>\n<\/li>\n<\/ul>\n<p>&nbsp;<\/p>\n<p><a href=\"#_ftnref1\" name=\"_ftn1\">[1]<\/a> <a href=\"http:\/\/publi.lvr.de\/publi\/PDF\/750-Gemeinsam-Verschieden.pdf\">http:\/\/publi.lvr.de\/publi\/PDF\/750-Gemeinsam-Verschieden.pdf<\/a>(mise \u00e0 jour : 04.05.2016).<\/p>","protected":false},"excerpt":{"rendered":"<div class=\"entry-summary\">\n<div class=\"entry-summary\">\nVous trouverez ici l'impact sur les groupes cibles suivants : Parents\/familles, accompagnateurs parentaux*, professionnels de l'\u00e9ducation, enfants et \u00e9tablissements d'enseignement.\n<\/div>\n<div class=\"link-more\"><a href=\"https:\/\/www.griffbereit-rucksack.de\/fr\/griffbereit\/wirkung-griffbereit\/\" class=\"more-link\">Continuer la lecture<span class=\"screen-reader-text\"> &ldquo;Wirkung Griffbereit&rdquo;<\/span>...<\/a><\/div>\n<\/div>\n<div class=\"link-more\"><a href=\"https:\/\/www.griffbereit-rucksack.de\/fr\/griffbereit\/wirkung-griffbereit\/\" class=\"more-link\">Continuer la lecture<span class=\"screen-reader-text\"> &ldquo;Wirkung Griffbereit&rdquo;<\/span>...<\/a><\/div>","protected":false},"author":1,"featured_media":0,"parent":530,"menu_order":0,"comment_status":"closed","ping_status":"closed","template":"","meta":{"_acf_changed":false,"footnotes":""},"class_list":["post-545","page","type-page","status-publish","hentry","entry"],"acf":[],"_links":{"self":[{"href":"https:\/\/www.griffbereit-rucksack.de\/fr\/wp-json\/wp\/v2\/pages\/545","targetHints":{"allow":["GET"]}}],"collection":[{"href":"https:\/\/www.griffbereit-rucksack.de\/fr\/wp-json\/wp\/v2\/pages"}],"about":[{"href":"https:\/\/www.griffbereit-rucksack.de\/fr\/wp-json\/wp\/v2\/types\/page"}],"author":[{"embeddable":true,"href":"https:\/\/www.griffbereit-rucksack.de\/fr\/wp-json\/wp\/v2\/users\/1"}],"replies":[{"embeddable":true,"href":"https:\/\/www.griffbereit-rucksack.de\/fr\/wp-json\/wp\/v2\/comments?post=545"}],"version-history":[{"count":0,"href":"https:\/\/www.griffbereit-rucksack.de\/fr\/wp-json\/wp\/v2\/pages\/545\/revisions"}],"up":[{"embeddable":true,"href":"https:\/\/www.griffbereit-rucksack.de\/fr\/wp-json\/wp\/v2\/pages\/530"}],"wp:attachment":[{"href":"https:\/\/www.griffbereit-rucksack.de\/fr\/wp-json\/wp\/v2\/media?parent=545"}],"curies":[{"name":"wp","href":"https:\/\/api.w.org\/{rel}","templated":true}]}}