{"id":541,"date":"2019-09-06T14:46:03","date_gmt":"2019-09-06T12:46:03","guid":{"rendered":"https:\/\/www.griffbereit-rucksack.de\/?page_id=541"},"modified":"2021-07-08T10:04:27","modified_gmt":"2021-07-08T08:04:27","slug":"umsetzung-griffbereit","status":"publish","type":"page","link":"https:\/\/www.griffbereit-rucksack.de\/fr\/griffbereit\/umsetzung-griffbereit\/","title":{"rendered":"Conversion Griffbereit"},"content":{"rendered":"<h2>\n\t\tConversion Griffbereit\n\t<\/h2>\n\t\n\t<p>La mise en \u0153uvre de <em>Griffbereit<\/em> est pilot\u00e9 et suivi en Rh\u00e9nanie-du-Nord-Westphalie depuis 2013 par le centre de coordination r\u00e9gional (LaKo).<\/p>\n<p>Depuis 2017, la <em>LaKo<\/em> \u00e9galement le transfert \u00e0 l'\u00e9chelle nationale, qui est soutenu par la fondation Auridis. Aujourd'hui, l'Allemagne compte d\u00e9j\u00e0 plus de <strong>470 <em>Griffbereit<\/em>-groupes<\/strong>. Le programme est \u00e9galement mis en \u0153uvre avec succ\u00e8s dans d'autres pays europ\u00e9ens.<\/p>\n<strong>Conditions g\u00e9n\u00e9rales<br>\n<\/strong>Une opportunit\u00e9 d'implantation appropri\u00e9e pour<em> Griffbereit<\/em> sont des centres familiaux ou des institutions \u00e9ducatives qui sont un point de contact pour les parents\/familles ayant une histoire familiale internationale, comme par exemple les organisateurs de cours d'allemand\/d'int\u00e9gration parentale, les offres de passerelle. En outre, des offres ouvertes dans les centres d'h\u00e9bergement pour les familles issues de l'immigration sont possibles.\n<p>S'il n'existe pas encore de centre de coordination r\u00e9gional dans le Land ou de centre de coordination local, les organismes int\u00e9ress\u00e9s (promoteurs du programme) concluent un accord de coop\u00e9ration avec la<em> LaKo<\/em> NRW, en Allemagne. Ils re\u00e7oivent ensuite le <em>Griffbereit<\/em>-Vous pouvez t\u00e9l\u00e9charger gratuitement le kit de ressources au format PDF.<\/p>\n\t\t\t<a href=\"https:\/\/www.griffbereit-rucksack.de\/fr\/griffbereit-material\/\" target=\"_self\" role=\"button\" rel=\"noopener\">\n\t\t\t\t\t\t\tAper\u00e7u du mat\u00e9riel Griffbereit\n\t\t\t<\/a>\n\t<p>Par cet accord, tous les promoteurs du programme s'engagent \u00e0 respecter les normes de qualit\u00e9 du programme et \u00e0 les garantir \u00e0 tous les niveaux. L'organisme local finance la mise en \u0153uvre du programme ainsi que la formation, les honoraires et l'encadrement des accompagnateurs parentaux.<\/p>\n<p>L'\u00e9quipe de transfert f\u00e9d\u00e9ral, bas\u00e9e au ZfTI, coordonne et\/ou accompagne le programme dans toute l'Allemagne, \u00e9galement en coop\u00e9ration avec d'autres agences et organismes, et propose des s\u00e9ances d'information et des formations. L'\u00e9quipe f\u00e9d\u00e9rale de transfert est \u00e9galement responsable de l'accompagnement technique continu. L'objectif est de mettre en place des bureaux de coordination dans chaque Land o\u00f9 le programme est appliqu\u00e9, afin de garantir un suivi cibl\u00e9 du travail sur place.<\/p>\n\t\t\t<a href=\"https:\/\/www.griffbereit-rucksack.de\/fr\/organisatorisches-griffbereit\/\" target=\"_self\" role=\"button\" rel=\"noopener\">\n\t\t\t\t\t\t\tAper\u00e7u de l'organisation\n\t\t\t<\/a>","protected":false},"excerpt":{"rendered":"<div class=\"entry-summary\">\n<div class=\"entry-summary\">\nEn Rh\u00e9nanie-du-Nord-Westphalie, la mise en \u0153uvre est pilot\u00e9e et suivie depuis 2013 par le centre de coordination r\u00e9gional (LaKo).\n<\/div>\n<div class=\"link-more\"><a href=\"https:\/\/www.griffbereit-rucksack.de\/fr\/griffbereit\/umsetzung-griffbereit\/\" class=\"more-link\">Continuer la lecture<span class=\"screen-reader-text\"> &ldquo;Umsetzung Griffbereit&rdquo;<\/span>...<\/a><\/div>\n<\/div>\n<div class=\"link-more\"><a href=\"https:\/\/www.griffbereit-rucksack.de\/fr\/griffbereit\/umsetzung-griffbereit\/\" class=\"more-link\">Continuer la lecture<span class=\"screen-reader-text\"> &ldquo;Umsetzung Griffbereit&rdquo;<\/span>...<\/a><\/div>","protected":false},"author":1,"featured_media":0,"parent":530,"menu_order":0,"comment_status":"closed","ping_status":"closed","template":"","meta":{"_acf_changed":false,"footnotes":""},"class_list":["post-541","page","type-page","status-publish","hentry","entry"],"acf":[],"_links":{"self":[{"href":"https:\/\/www.griffbereit-rucksack.de\/fr\/wp-json\/wp\/v2\/pages\/541","targetHints":{"allow":["GET"]}}],"collection":[{"href":"https:\/\/www.griffbereit-rucksack.de\/fr\/wp-json\/wp\/v2\/pages"}],"about":[{"href":"https:\/\/www.griffbereit-rucksack.de\/fr\/wp-json\/wp\/v2\/types\/page"}],"author":[{"embeddable":true,"href":"https:\/\/www.griffbereit-rucksack.de\/fr\/wp-json\/wp\/v2\/users\/1"}],"replies":[{"embeddable":true,"href":"https:\/\/www.griffbereit-rucksack.de\/fr\/wp-json\/wp\/v2\/comments?post=541"}],"version-history":[{"count":0,"href":"https:\/\/www.griffbereit-rucksack.de\/fr\/wp-json\/wp\/v2\/pages\/541\/revisions"}],"up":[{"embeddable":true,"href":"https:\/\/www.griffbereit-rucksack.de\/fr\/wp-json\/wp\/v2\/pages\/530"}],"wp:attachment":[{"href":"https:\/\/www.griffbereit-rucksack.de\/fr\/wp-json\/wp\/v2\/media?parent=541"}],"curies":[{"name":"wp","href":"https:\/\/api.w.org\/{rel}","templated":true}]}}