{"id":538,"date":"2019-09-06T14:40:49","date_gmt":"2019-09-06T12:40:49","guid":{"rendered":"https:\/\/www.griffbereit-rucksack.de\/?page_id=538"},"modified":"2023-03-21T16:12:58","modified_gmt":"2023-03-21T15:12:58","slug":"bildungsansaetze-griffbereit","status":"publish","type":"page","link":"https:\/\/www.griffbereit-rucksack.de\/fr\/griffbereit\/bildungsansaetze-griffbereit\/","title":{"rendered":"Approche \u00e9ducative Griffbereit"},"content":{"rendered":"<h2>\n\t\t\u201eBildung ist das h\u00f6chste Gut, dass wir unseren Kindern schenken k\u00f6nnen.&#8220; (Cat Stevens)\n\t<\/h2>\n\t<p>Objectif de <em>Griffbereit <\/em>est de jeter les bases d'un solide plurilinguisme gr\u00e2ce \u00e0 l'\u00e9ducation linguistique et familiale pr\u00e9coce. Un objectif que l'Union europ\u00e9enne poursuit depuis 2002 d\u00e9j\u00e0 :<\/p>\n<p>Selon le Conseil europ\u00e9en, la promotion d'au moins deux autres langues devrait avoir lieu d\u00e8s la petite enfance. L'objectif \u00e0 long terme est d'encourager le multilinguisme individuel jusqu'\u00e0 ce que tous les citoyens aient une connaissance pratique d'au moins deux langues en plus de leur langue familiale.<a href=\"#_ftn1\" name=\"_ftnref1\">[1]<\/a>. Un investissement qui porte ses fruits, car :<\/p>\n<p><strong>\"Chaque nouvelle langue est comme une fen\u00eatre ouverte qui donne une nouvelle perspective sur le monde et \u00e9largit la conception de la vie\".<\/strong> <em>(Frank Harris)<\/em><\/p>\n<p><a href=\"#_ftnref1\" name=\"_ftn1\">[1]<\/a> Conseil europ\u00e9en de Barcelone, 15 et 16 mars 2002, conclusions de la pr\u00e9sidence, partie I, 43.1.<\/p>\n\t<p>Toutes les langues que les familles apportent avec elles constituent un \u00e9norme potentiel social qu'il faut absolument encourager. L'allemand est la langue de la soci\u00e9t\u00e9 et des institutions \u00e9ducatives, et donc une condition pr\u00e9alable \u00e0 l'int\u00e9gration et \u00e0 la r\u00e9ussite sociale.<\/p>\n<strong><em>Griffbereit<\/em> intervient avant m\u00eame la maternelle !<\/strong><br \/>\nLe programme fonctionne dans les cr\u00e8ches, les centres familiaux, etc. Ainsi, les familles sont introduites tr\u00e8s t\u00f4t dans le syst\u00e8me \u00e9ducatif et les enfants font l'exp\u00e9rience de la diversit\u00e9, de la communaut\u00e9 et de la diversit\u00e9 comme un enrichissement d\u00e8s le d\u00e9but. Le partenariat \u00e9ducatif mis en place avec les parents\/familles soutient l'ouverture des institutions \u00e9ducatives \u00e0 la diversit\u00e9 : Des pierres angulaires contre les pr\u00e9jug\u00e9s et l'exclusion.","protected":false},"excerpt":{"rendered":"<div class=\"entry-summary\">\n<div class=\"entry-summary\">\nL'objectif du programme Griffbereit est de poser les bases d'un multilinguisme solide.\n<\/div>\n<div class=\"link-more\"><a href=\"https:\/\/www.griffbereit-rucksack.de\/fr\/griffbereit\/bildungsansaetze-griffbereit\/\" class=\"more-link\">Continuer la lecture<span class=\"screen-reader-text\"> &ldquo;Bildungsans\u00e4tze Griffbereit&rdquo;<\/span>...<\/a><\/div>\n<\/div>\n<div class=\"link-more\"><a href=\"https:\/\/www.griffbereit-rucksack.de\/fr\/griffbereit\/bildungsansaetze-griffbereit\/\" class=\"more-link\">Continuer la lecture<span class=\"screen-reader-text\"> &ldquo;Bildungsans\u00e4tze Griffbereit&rdquo;<\/span>...<\/a><\/div>","protected":false},"author":1,"featured_media":0,"parent":530,"menu_order":0,"comment_status":"closed","ping_status":"closed","template":"","meta":{"_acf_changed":false,"footnotes":""},"class_list":["post-538","page","type-page","status-publish","hentry","entry"],"acf":[],"_links":{"self":[{"href":"https:\/\/www.griffbereit-rucksack.de\/fr\/wp-json\/wp\/v2\/pages\/538","targetHints":{"allow":["GET"]}}],"collection":[{"href":"https:\/\/www.griffbereit-rucksack.de\/fr\/wp-json\/wp\/v2\/pages"}],"about":[{"href":"https:\/\/www.griffbereit-rucksack.de\/fr\/wp-json\/wp\/v2\/types\/page"}],"author":[{"embeddable":true,"href":"https:\/\/www.griffbereit-rucksack.de\/fr\/wp-json\/wp\/v2\/users\/1"}],"replies":[{"embeddable":true,"href":"https:\/\/www.griffbereit-rucksack.de\/fr\/wp-json\/wp\/v2\/comments?post=538"}],"version-history":[{"count":0,"href":"https:\/\/www.griffbereit-rucksack.de\/fr\/wp-json\/wp\/v2\/pages\/538\/revisions"}],"up":[{"embeddable":true,"href":"https:\/\/www.griffbereit-rucksack.de\/fr\/wp-json\/wp\/v2\/pages\/530"}],"wp:attachment":[{"href":"https:\/\/www.griffbereit-rucksack.de\/fr\/wp-json\/wp\/v2\/media?parent=538"}],"curies":[{"name":"wp","href":"https:\/\/api.w.org\/{rel}","templated":true}]}}