{"id":530,"date":"2019-09-06T14:22:43","date_gmt":"2019-09-06T12:22:43","guid":{"rendered":"https:\/\/www.griffbereit-rucksack.de\/?page_id=530"},"modified":"2023-10-12T12:36:18","modified_gmt":"2023-10-12T10:36:18","slug":"griffbereit","status":"publish","type":"page","link":"https:\/\/www.griffbereit-rucksack.de\/fr\/griffbereit\/","title":{"rendered":"Griffbereit"},"content":{"rendered":"<h2><strong>Bienvenue sur <em>Griffbereit<\/em><\/strong><\/h2>\n<p><strong>Mehr Eltern-Kind-Interaktion &#8211; f\u00fcr MehrSprachigkeit<\/strong><\/p>\n\t<p><strong><em>Griffbereit<\/em><\/strong> est un programme d'\u00e9ducation linguistique et familiale pour les parents\/familles avec ou sans histoire familiale internationale et leurs enfants de un \u00e0 trois ans. L'accent est mis sur l'interaction parent-enfant pour renforcer le d\u00e9veloppement (pluri)linguistique.<\/p>\n<p>L'origine de ce programme se trouve aux Pays-Bas. Le programme qui y a fait ses preuves <em>Bij de Hand<\/em> a \u00e9t\u00e9 adapt\u00e9, compl\u00e9t\u00e9 et d\u00e9velopp\u00e9 pour l'Allemagne en 1999 - \u00e0 partir du groupe de travail IKEEP <em>(D\u00e9veloppement interculturel dans l'enseignement \u00e9l\u00e9mentaire et primaire)<\/em> de l'ancienne RAA[1] en Rh\u00e9nanie-du-Nord-Westphalie. Le programme <em>Griffbereit<\/em> est d\u00e9sormais men\u00e9e avec succ\u00e8s en dehors de la Rh\u00e9nanie-du-Nord-Westphalie. Le site <em>Centres de coordination nationaux<\/em> (LaKos) pilotent et accompagnent la mise en \u0153uvre depuis 2013. Le programme est \u00e9galement mis en \u0153uvre avec succ\u00e8s dans d'autres pays europ\u00e9ens.<\/p>\n\t\t\t<a href=\"https:\/\/www.griffbereit-rucksack.de\/fr\/griffbereit\/angebot-griffbereit\/\" target=\"_self\" role=\"button\" rel=\"noopener\">\n\t\t\t\t\t\t\tOFFRE\n\t\t\t<\/a>\n\t\t\t<a href=\"https:\/\/www.griffbereit-rucksack.de\/fr\/griffbereit\/ablauf-griffbereit\/\" target=\"_self\" role=\"button\" rel=\"noopener\">\n\t\t\t\t\t\t\tD\u00c9ROULEMENT\n\t\t\t<\/a>\n\t\t\t<a href=\"https:\/\/www.griffbereit-rucksack.de\/fr\/griffbereit\/zielgruppen-griffbereit\/\" target=\"_self\" role=\"button\" rel=\"noopener\">\n\t\t\t\t\t\t\tGROUPES CIBLES\n\t\t\t<\/a>\n\t<iframe width=\"560\" height=\"315\" src=\"https:\/\/www.youtube.com\/embed\/g3dW79XKV24\" frameborder=\"0\" allow=\"accelerometer; autoplay; clipboard-write; encrypted-media; gyroscope; picture-in-picture\" allowfullscreen><\/iframe>\n\t<p>Le programme est propos\u00e9 dans les cr\u00e8ches, les centres familiaux ou les centres d'\u00e9ducation familiale, ainsi que dans le contexte des organisations d'immigr\u00e9s, des cours d'int\u00e9gration, des maisons interg\u00e9n\u00e9rationnelles.<a href=\"#_ftn1\" name=\"_ftnref1\">[1]<\/a>etc. De cette mani\u00e8re, les familles ont la possibilit\u00e9 de d\u00e9couvrir tr\u00e8s t\u00f4t les lieux de vie et d'apprentissage de leurs enfants et d'y participer activement.<\/p>\n<p><strong><em>Griffbereit<\/em><\/strong><strong> peut \u00e9galement servir d'offre d'entr\u00e9e dans la garde d'enfants.<\/strong><\/p>\n<p><a href=\"#_ftnref1\" name=\"_ftn1\">[1]<\/a> D\u00e9pend de l'\u00c9tat<\/p>\n<p>&nbsp;<\/p>","protected":false},"excerpt":{"rendered":"<div class=\"entry-summary\">\n<div class=\"entry-summary\">\nWillkommen bei Griffbereit Mehr Eltern-Kind-Interaktion &#8211; f\u00fcr MehrSprachigkeit Griffbereit ist ein Sprach- und Familienbildungsprogramm f\u00fcr Eltern\/Familien mit und&hellip;\n<\/div>\n<div class=\"link-more\"><a href=\"https:\/\/www.griffbereit-rucksack.de\/fr\/griffbereit\/\" class=\"more-link\">Continuer la lecture<span class=\"screen-reader-text\"> &ldquo;Griffbereit&rdquo;<\/span>...<\/a><\/div>\n<\/div>\n<div class=\"link-more\"><a href=\"https:\/\/www.griffbereit-rucksack.de\/fr\/griffbereit\/\" class=\"more-link\">Continuer la lecture<span class=\"screen-reader-text\"> &ldquo;Griffbereit&rdquo;<\/span>...<\/a><\/div>","protected":false},"author":1,"featured_media":0,"parent":0,"menu_order":0,"comment_status":"closed","ping_status":"closed","template":"templates\/subpages.php","meta":{"_acf_changed":false,"footnotes":""},"class_list":["post-530","page","type-page","status-publish","hentry","entry"],"acf":[],"_links":{"self":[{"href":"https:\/\/www.griffbereit-rucksack.de\/fr\/wp-json\/wp\/v2\/pages\/530","targetHints":{"allow":["GET"]}}],"collection":[{"href":"https:\/\/www.griffbereit-rucksack.de\/fr\/wp-json\/wp\/v2\/pages"}],"about":[{"href":"https:\/\/www.griffbereit-rucksack.de\/fr\/wp-json\/wp\/v2\/types\/page"}],"author":[{"embeddable":true,"href":"https:\/\/www.griffbereit-rucksack.de\/fr\/wp-json\/wp\/v2\/users\/1"}],"replies":[{"embeddable":true,"href":"https:\/\/www.griffbereit-rucksack.de\/fr\/wp-json\/wp\/v2\/comments?post=530"}],"version-history":[{"count":0,"href":"https:\/\/www.griffbereit-rucksack.de\/fr\/wp-json\/wp\/v2\/pages\/530\/revisions"}],"wp:attachment":[{"href":"https:\/\/www.griffbereit-rucksack.de\/fr\/wp-json\/wp\/v2\/media?parent=530"}],"curies":[{"name":"wp","href":"https:\/\/api.w.org\/{rel}","templated":true}]}}