{"id":5161,"date":"2021-11-05T16:43:57","date_gmt":"2021-11-05T15:43:57","guid":{"rendered":"https:\/\/www.griffbereit-rucksack.de\/?page_id=5161"},"modified":"2021-11-05T16:47:45","modified_gmt":"2021-11-05T15:47:45","slug":"empowerment-2","status":"publish","type":"page","link":"https:\/\/www.griffbereit-rucksack.de\/fr\/empowerment-2\/","title":{"rendered":"Empowerment"},"content":{"rendered":"<p>La notion d'empowerment peut \u00eatre comprise comme le renforcement de ses propres possibilit\u00e9s d'action par des formes de reconnaissance solidaire. Contrairement \u00e0 des concepts tels que l'aide \u00e0 l'auto-assistance, l'empowerment signifie l'acquisition autonome de la force d'action (power) et se distancie ainsi de la d\u00e9termination par autrui et de l'orientation vers les d\u00e9ficits.<\/p>\n<p>Die Programme Griffbereit und Rucksack KiTa erkennen die Akteur*innen &#8211; also die Kinder und Familien, Elternbegleiter*innen und p\u00e4dagogischen Fachkr\u00e4fte &#8211; mit ihrer jeweiligen Expertise an. Im Rahmen der Programme begegnen sich also Expert*innen f\u00fcr Erziehung, Aufwachsen und Entwicklung, institutionelle Bildung, f\u00fcr Familienkultur und Familiensprache(n) auf einer Grundlage flacher Hierarchien.[1]\n[1] In flachen Hierarchien werden alle Beteiligten in Kommunikation und Entscheidungsprozesse eingebunden &#8211; so lebt diese Organisationsform von der Mitgestaltung aller Beteiligten.<\/p>\n\t<p>Dans ce sens, l'empowerment peut \u00eatre compris comme un encouragement \u00e0 \u00eatre visible, audible et pr\u00e9sent et \u00e0 s'impliquer activement dans la mise en \u0153uvre du programme, par exemple en le fa\u00e7onnant. Les programmes Griffbereit et Rucksack KiTa offrent un potentiel d'identification \u00e9lev\u00e9, ainsi que des possibilit\u00e9s d'\u00e9change et de mise en r\u00e9seau, en particulier pour les accompagnateurs parentaux* et les parents. D'autres effets d'autonomisation peuvent \u00eatre l'augmentation de la prise de conscience des questions d'\u00e9ducation, le renforcement de son propre r\u00f4le en tant que parent et en tant qu'individu, ou l'exp\u00e9rience de d\u00e9velopper et de transmettre ses propres connaissances.<\/p>\n<p>Griffbereit et Rucksack KiTa renforcent \u00e9galement le concept de multilinguisme des \u00e9tablissements d'enseignement. Cela permet d'augmenter la repr\u00e9sentation du multilinguisme dans la vie quotidienne des gens et de le valoriser.<\/p>\n<p>Pour une analyse plus approfondie du concept d'empowerment et d'autres conseils de lecture, voir le site <a href=\"https:\/\/www.griffbereit-rucksack.de\/fr\/empowerment\/\">par ici<\/a>!<\/p>","protected":false},"excerpt":{"rendered":"<div class=\"entry-summary\">\n<div class=\"entry-summary\">\nUnter dem Begriff Empowerment kann das Best\u00e4rken der eigenen Handlungsm\u00f6glichkeiten durch solidarische Formen der Anerkennung verstanden werden. Im&hellip;\n<\/div>\n<div class=\"link-more\"><a href=\"https:\/\/www.griffbereit-rucksack.de\/fr\/empowerment-2\/\" class=\"more-link\">Continuer la lecture<span class=\"screen-reader-text\"> &ldquo;Empowerment&rdquo;<\/span>...<\/a><\/div>\n<\/div>\n<div class=\"link-more\"><a href=\"https:\/\/www.griffbereit-rucksack.de\/fr\/empowerment-2\/\" class=\"more-link\">Continuer la lecture<span class=\"screen-reader-text\"> &ldquo;Empowerment&rdquo;<\/span>...<\/a><\/div>","protected":false},"author":273,"featured_media":0,"parent":0,"menu_order":0,"comment_status":"closed","ping_status":"closed","template":"","meta":{"_acf_changed":false,"footnotes":""},"class_list":["post-5161","page","type-page","status-publish","hentry","entry"],"acf":[],"_links":{"self":[{"href":"https:\/\/www.griffbereit-rucksack.de\/fr\/wp-json\/wp\/v2\/pages\/5161","targetHints":{"allow":["GET"]}}],"collection":[{"href":"https:\/\/www.griffbereit-rucksack.de\/fr\/wp-json\/wp\/v2\/pages"}],"about":[{"href":"https:\/\/www.griffbereit-rucksack.de\/fr\/wp-json\/wp\/v2\/types\/page"}],"author":[{"embeddable":true,"href":"https:\/\/www.griffbereit-rucksack.de\/fr\/wp-json\/wp\/v2\/users\/273"}],"replies":[{"embeddable":true,"href":"https:\/\/www.griffbereit-rucksack.de\/fr\/wp-json\/wp\/v2\/comments?post=5161"}],"version-history":[{"count":0,"href":"https:\/\/www.griffbereit-rucksack.de\/fr\/wp-json\/wp\/v2\/pages\/5161\/revisions"}],"wp:attachment":[{"href":"https:\/\/www.griffbereit-rucksack.de\/fr\/wp-json\/wp\/v2\/media?parent=5161"}],"curies":[{"name":"wp","href":"https:\/\/api.w.org\/{rel}","templated":true}]}}