{"id":5157,"date":"2021-11-05T16:35:06","date_gmt":"2021-11-05T15:35:06","guid":{"rendered":"https:\/\/www.griffbereit-rucksack.de\/?page_id=5157"},"modified":"2021-11-05T16:40:35","modified_gmt":"2021-11-05T15:40:35","slug":"diversitaet-2","status":"publish","type":"page","link":"https:\/\/www.griffbereit-rucksack.de\/fr\/diversitaet-2\/","title":{"rendered":"Diversit\u00e9"},"content":{"rendered":"<p>La diversit\u00e9, \u00e9galement appel\u00e9e diversit\u00e9 internationale (en anglais), peut \u00eatre traduite par la diff\u00e9rence ou la multiplicit\u00e9 et met en \u00e9vidence une caract\u00e9ristique centrale de la r\u00e9alit\u00e9 de la soci\u00e9t\u00e9 d'immigration. Le concept p\u00e9dagogique sous-jacent se r\u00e9f\u00e8re au fait que les diff\u00e9rentes identit\u00e9s de groupe et les multiples normalit\u00e9s de vie jouent un r\u00f4le important dans la coexistence sociale - que ces groupes existent objectivement ou qu'il s'agisse d'un sentiment subjectif d'appartenance. Le fait de nommer la diversit\u00e9 permet d'attirer l'attention sur cette r\u00e9alit\u00e9. Ce n'est qu'ainsi que la gestion consciente de la diversit\u00e9 peut \u00eatre d\u00e9velopp\u00e9e et ancr\u00e9e dans la vie quotidienne. Une approche active de la diversit\u00e9 implique d'\u00e9largir ses propres comp\u00e9tences en mati\u00e8re d'action et de r\u00e9flexion p\u00e9dagogiques. Il s'agit par exemple de r\u00e9fl\u00e9chir \u00e0 la question de savoir quelles sont les repr\u00e9sentations de la normalit\u00e9 qui entrent en ligne de compte dans la perception que l'on a de la diversit\u00e9 sociale.<\/p>\n\t<p>L'approche de la diversit\u00e9, telle qu'elle est mise en \u0153uvre dans les programmes Griffbereit et Rucksack KiTa, se caract\u00e9rise par une attitude valorisante envers le fait que les exp\u00e9riences des personnes sont diff\u00e9rentes, mais normales pour elles-m\u00eames. La diversit\u00e9 n'est donc pas con\u00e7ue comme une description l\u00e9nifiante de l'\u00e9tranget\u00e9 ou de la diff\u00e9rence, pour \u00eatre ensuite probl\u00e9matis\u00e9e comme un d\u00e9fi ou une difficult\u00e9 p\u00e9dagogique. Au lieu de cela, le terme adopte une perspective qui reconna\u00eet que la diversit\u00e9 est pr\u00e9sente partout o\u00f9 les gens se rencontrent. Cette approche p\u00e9dagogique prend donc ses distances par rapport aux d\u00e9ficits pr\u00e9sum\u00e9s.<\/p>\n<p>Afin d'\u00e9tablir et de d\u00e9velopper une attitude p\u00e9dagogique sensible \u00e0 la diversit\u00e9 pour le travail \u00e9ducatif, il faut des approches concr\u00e8tes pour la pratique. Les programmes Griffbereit et Rucksack KiTa ne visent pas seulement la diversit\u00e9 linguistique, mais reconnaissent la diversit\u00e9 comme une base \u00e9vidente pour grandir dans une soci\u00e9t\u00e9 d'immigration.<\/p>\n<p>Pour un examen plus d\u00e9taill\u00e9 de la diversit\u00e9, y compris des questions de r\u00e9flexion et des conseils de lecture, voir <a href=\"https:\/\/www.griffbereit-rucksack.de\/fr\/diversitaet\/\">\u00e0 trouver ici<\/a>!<\/p>\n<p>&nbsp;<\/p>","protected":false},"excerpt":{"rendered":"<div class=\"entry-summary\">\n<div class=\"entry-summary\">\nDiversit\u00e4t, international auch Diversity (engl.), kann mit Verschiedenheit oder Vielfalt \u00fcbersetzt werden und bringt ein zentrales Merkmal der&hellip;\n<\/div>\n<div class=\"link-more\"><a href=\"https:\/\/www.griffbereit-rucksack.de\/fr\/diversitaet-2\/\" class=\"more-link\">Continuer la lecture<span class=\"screen-reader-text\"> &ldquo;Diversit\u00e4t&rdquo;<\/span>...<\/a><\/div>\n<\/div>\n<div class=\"link-more\"><a href=\"https:\/\/www.griffbereit-rucksack.de\/fr\/diversitaet-2\/\" class=\"more-link\">Continuer la lecture<span class=\"screen-reader-text\"> &ldquo;Diversit\u00e4t&rdquo;<\/span>...<\/a><\/div>","protected":false},"author":273,"featured_media":0,"parent":0,"menu_order":0,"comment_status":"closed","ping_status":"closed","template":"","meta":{"_acf_changed":false,"footnotes":""},"class_list":["post-5157","page","type-page","status-publish","hentry","entry"],"acf":[],"_links":{"self":[{"href":"https:\/\/www.griffbereit-rucksack.de\/fr\/wp-json\/wp\/v2\/pages\/5157","targetHints":{"allow":["GET"]}}],"collection":[{"href":"https:\/\/www.griffbereit-rucksack.de\/fr\/wp-json\/wp\/v2\/pages"}],"about":[{"href":"https:\/\/www.griffbereit-rucksack.de\/fr\/wp-json\/wp\/v2\/types\/page"}],"author":[{"embeddable":true,"href":"https:\/\/www.griffbereit-rucksack.de\/fr\/wp-json\/wp\/v2\/users\/273"}],"replies":[{"embeddable":true,"href":"https:\/\/www.griffbereit-rucksack.de\/fr\/wp-json\/wp\/v2\/comments?post=5157"}],"version-history":[{"count":0,"href":"https:\/\/www.griffbereit-rucksack.de\/fr\/wp-json\/wp\/v2\/pages\/5157\/revisions"}],"wp:attachment":[{"href":"https:\/\/www.griffbereit-rucksack.de\/fr\/wp-json\/wp\/v2\/media?parent=5157"}],"curies":[{"name":"wp","href":"https:\/\/api.w.org\/{rel}","templated":true}]}}