{"id":3,"date":"2019-09-04T14:37:04","date_gmt":"2019-09-04T12:37:04","guid":{"rendered":"http:\/\/griffbereit-rucksack.de\/?page_id=3"},"modified":"2021-12-18T14:05:35","modified_gmt":"2021-12-18T13:05:35","slug":"datenschutzerklaerung","status":"publish","type":"page","link":"https:\/\/www.griffbereit-rucksack.de\/fr\/datenschutzerklaerung\/","title":{"rendered":"D\u00e9claration de confidentialit\u00e9"},"content":{"rendered":"<p><strong>D\u00e9claration de confidentialit\u00e9<br \/>\n<\/strong><\/p>\n<p><strong>Note g\u00e9n\u00e9rale et informations obligatoires<\/strong><\/p>\n<p>&nbsp;<\/p>\n<p><strong>D\u00e9signation de l'entit\u00e9 responsable<\/strong><\/p>\n<p>Le responsable du traitement des donn\u00e9es sur ce site est le :<\/p>\n<p>&nbsp;<\/p>\n<p>Fondation Centre d'\u00e9tudes sur la Turquie et la recherche sur l'int\u00e9gration (ZfTI)<\/p>\n<p>Altendorfer Str. 3, 45127 Essen<\/p>\n<p>T\u00e9l\u00e9phone : 0201 - 3198-0<\/p>\n<p>e-mail : <a href=\"mailto:zfti@zfti.de\">zfti@zfti.de<\/a><\/p>\n<p>&nbsp;<\/p>\n<p>D\u00e9l\u00e9gu\u00e9 \u00e0 la protection des donn\u00e9es du responsable :<\/p>\n<p>Dr. Martina Sauer<\/p>\n<p>Fondation Centre d'\u00e9tudes sur la Turquie et la recherche sur l'int\u00e9gration<\/p>\n<p>3, rue Altendorf<\/p>\n<p>45127 Essen<\/p>\n<p>Allemagne<\/p>\n<p>T\u00e9l. : 0201-3198-103<\/p>\n<p>e-mail : <a href=\"mailto:datenschutz@zfti.de\">datenschutz@zfti.de<\/a><\/p>\n<p>Site web : www.zfti.de<\/p>\n<p>&nbsp;<\/p>\n<p>Le responsable d\u00e9cide, seul ou conjointement avec d'autres, des finalit\u00e9s et des moyens du traitement des donn\u00e9es \u00e0 caract\u00e8re personnel (p. ex. noms, coordonn\u00e9es ou autres).<\/p>\n<hr \/>\n<p><strong>R\u00e9vocation de votre consentement au traitement des donn\u00e9es<\/strong><\/p>\n<p>Certaines op\u00e9rations de traitement des donn\u00e9es ne sont possibles qu'avec votre consentement explicite. Vous pouvez retirer votre consentement \u00e0 tout moment. Pour la r\u00e9vocation, il suffit d'une communication informelle par e-mail. La l\u00e9galit\u00e9 du traitement des donn\u00e9es effectu\u00e9 jusqu'\u00e0 la r\u00e9vocation n'est pas affect\u00e9e par la r\u00e9vocation.<\/p>\n<p><strong>Droit de recours aupr\u00e8s de l'autorit\u00e9 de contr\u00f4le comp\u00e9tente<\/strong><\/p>\n<p>En tant que personne concern\u00e9e, vous disposez d'un droit de recours aupr\u00e8s de l'autorit\u00e9 de surveillance comp\u00e9tente en cas d'infraction \u00e0 la l\u00e9gislation sur la protection des donn\u00e9es. L'autorit\u00e9 de surveillance comp\u00e9tente pour les questions relatives \u00e0 la protection des donn\u00e9es est le responsable de la protection des donn\u00e9es du Land dans lequel se trouve le si\u00e8ge de notre entreprise. Le lien suivant fournit une liste des responsables de la protection des donn\u00e9es ainsi que leurs coordonn\u00e9es : <a href=\"https:\/\/www.bfdi.bund.de\/DE\/Infothek\/Anschriften_Links\/anschriften_links-node.html\">https:\/\/www.bfdi.bund.de\/DE\/Infothek\/Anschriften_Links\/anschriften_links-node.html<\/a>.<\/p>\n<p><strong>Droit \u00e0 la portabilit\u00e9 des donn\u00e9es<\/strong><\/p>\n<p>Vous avez le droit de vous faire remettre ou de faire remettre \u00e0 un tiers les donn\u00e9es que nous traitons de mani\u00e8re automatis\u00e9e sur la base de votre consentement ou en ex\u00e9cution d'un contrat. La mise \u00e0 disposition se fait dans un format lisible par machine. Si vous demandez la transmission directe des donn\u00e9es \u00e0 un autre responsable, cela ne se fera que dans la mesure o\u00f9 cela est techniquement possible.<\/p>\n<p><strong>Droit d'acc\u00e8s, de rectification, de blocage, d'effacement<\/strong><\/p>\n<p>Dans le cadre des dispositions l\u00e9gales en vigueur, vous avez \u00e0 tout moment le droit d'obtenir gratuitement des informations sur vos donn\u00e9es personnelles enregistr\u00e9es, l'origine des donn\u00e9es, leurs destinataires et la finalit\u00e9 du traitement des donn\u00e9es et, le cas \u00e9ch\u00e9ant, un droit de rectification, de blocage ou de suppression de ces donn\u00e9es. \u00c0 cet \u00e9gard et pour toute autre question relative aux donn\u00e9es personnelles, vous pouvez nous contacter \u00e0 tout moment en utilisant les coordonn\u00e9es indiqu\u00e9es dans les mentions l\u00e9gales.<\/p>\n<p><strong>Chiffrement SSL ou TLS<\/strong><\/p>\n<p>Pour des raisons de s\u00e9curit\u00e9 et pour prot\u00e9ger la transmission de contenus confidentiels que vous nous envoyez en tant qu'exploitant du site, notre site utilise un cryptage SSL ou TLS. Ainsi, les donn\u00e9es que vous transmettez via ce site web ne peuvent pas \u00eatre lues par des tiers. Vous pouvez reconna\u00eetre une connexion crypt\u00e9e \u00e0 la barre d'adresse \"https:\/\/\" de votre navigateur et au symbole du cadenas dans la barre du navigateur.<\/p>\n<p><strong>Fichiers journaux du serveur<\/strong><\/p>\n<p>Dans les fichiers journaux du serveur, le fournisseur du site web collecte et enregistre automatiquement les informations que votre navigateur nous transmet automatiquement. Il s'agit de<\/p>\n<ul>\n<li>Page visit\u00e9e sur notre domaine<\/li>\n<li>la date et l'heure de la demande du serveur<\/li>\n<li>Type et version du navigateur<\/li>\n<li>Syst\u00e8me d'exploitation utilis\u00e9<\/li>\n<li>URL de r\u00e9f\u00e9rence<\/li>\n<li>Nom d'h\u00f4te de l'ordinateur acc\u00e9dant au site<\/li>\n<li>Adresse IP<\/li>\n<\/ul>\n<p>Ces donn\u00e9es ne sont pas recoup\u00e9es avec d'autres sources de donn\u00e9es. Le traitement des donn\u00e9es se fonde sur l'article 6, paragraphe 1, point b), du RGPD, qui autorise le traitement des donn\u00e9es pour l'ex\u00e9cution d'un contrat ou de mesures pr\u00e9contractuelles.<\/p>\n<p><strong>Inscription sur ce site<\/strong><\/p>\n<p>Pour utiliser certaines fonctions, vous pouvez vous inscrire sur notre site. Les donn\u00e9es transmises servent uniquement \u00e0 l'utilisation de l'offre ou du service en question. Les informations obligatoires demand\u00e9es lors de l'enregistrement doivent \u00eatre fournies dans leur int\u00e9gralit\u00e9. Dans le cas contraire, nous refuserons l'enregistrement.<\/p>\n<p>En cas de modifications importantes, par exemple pour des raisons techniques, nous vous en informerons par e-mail. L'e-mail sera envoy\u00e9 \u00e0 l'adresse indiqu\u00e9e lors de l'enregistrement.<\/p>\n<p>Le traitement des donn\u00e9es saisies lors de l'enregistrement est bas\u00e9 sur votre consentement (article 6, paragraphe 1, point a) du RGPD). Il est possible de r\u00e9voquer \u00e0 tout moment le consentement que vous avez d\u00e9j\u00e0 donn\u00e9. Pour la r\u00e9vocation, il suffit d'envoyer un message informel par e-mail. La l\u00e9galit\u00e9 du traitement des donn\u00e9es d\u00e9j\u00e0 effectu\u00e9 n'est pas affect\u00e9e par la r\u00e9vocation.<\/p>\n<p>Nous conservons les informations recueillies lors de votre inscription pendant toute la dur\u00e9e de votre inscription sur notre site. Vos donn\u00e9es seront supprim\u00e9es si vous annulez votre inscription. Les d\u00e9lais de conservation l\u00e9gaux ne sont pas affect\u00e9s.<\/p>\n<p><strong>Inscription aux \u00e9v\u00e9nements<\/strong><\/p>\n<p>Il est possible de s'inscrire aux \u00e9v\u00e9nements que nous proposons via notre site web. Les donn\u00e9es transmises servent uniquement \u00e0 faciliter la planification des \u00e9v\u00e9nements. Les informations obligatoires demand\u00e9es lors de l'inscription doivent \u00eatre fournies dans leur int\u00e9gralit\u00e9. Dans le cas contraire, l'inscription sera refus\u00e9e.<\/p>\n<p>En cas de modifications importantes, par exemple pour des raisons techniques, nous vous en informerons par e-mail. L'e-mail sera envoy\u00e9 \u00e0 l'adresse indiqu\u00e9e lors de l'enregistrement.<\/p>\n<p>Le traitement des donn\u00e9es saisies lors de l'enregistrement est bas\u00e9 sur votre consentement (article 6, paragraphe 1, point a) du RGPD). Il est possible de r\u00e9voquer \u00e0 tout moment le consentement que vous avez d\u00e9j\u00e0 donn\u00e9. Pour la r\u00e9vocation, il suffit d'envoyer un message informel par e-mail. La l\u00e9galit\u00e9 du traitement des donn\u00e9es d\u00e9j\u00e0 effectu\u00e9 n'est pas affect\u00e9e par la r\u00e9vocation.<\/p>\n<p>En vous inscrivant \u00e0 un \u00e9v\u00e9nement, vous acceptez \u00e9galement de figurer sur des photos prises pendant l'\u00e9v\u00e9nement et d'\u00eatre publi\u00e9 sur notre site web.<\/p>\n<p><strong>Dur\u00e9e de conservation des contributions et des commentaires<\/strong><\/p>\n<p>Les contributions et les commentaires, ainsi que les donn\u00e9es qui y sont associ\u00e9es, telles que les adresses IP, sont conserv\u00e9s. Le contenu reste sur notre site jusqu'\u00e0 ce qu'il soit enti\u00e8rement supprim\u00e9 ou qu'il ait d\u00fb \u00eatre supprim\u00e9 pour des raisons juridiques.<\/p>\n<p>Le stockage des contributions et des commentaires est bas\u00e9 sur votre consentement (article 6, paragraphe 1, point a) du RGPD). Une r\u00e9vocation de votre consentement d\u00e9j\u00e0 donn\u00e9 est possible \u00e0 tout moment. Pour la r\u00e9vocation, il suffit d'envoyer un message informel par e-mail. La l\u00e9galit\u00e9 des op\u00e9rations de traitement des donn\u00e9es d\u00e9j\u00e0 effectu\u00e9es n'est pas affect\u00e9e par la r\u00e9vocation.<\/p>\n<p><strong>Cookies<\/strong><\/p>\n<p>Notre site web utilise des cookies. Il s'agit de petits fichiers texte que votre navigateur web enregistre sur votre terminal. Les cookies nous aident \u00e0 rendre notre offre plus conviviale, plus efficace et plus s\u00fbre.<\/p>\n<p>Certains cookies sont des \"cookies de session\". Ces cookies sont supprim\u00e9s d'eux-m\u00eames \u00e0 la fin de votre session de navigation. En revanche, d'autres cookies restent sur votre terminal jusqu'\u00e0 ce que vous les supprimiez vous-m\u00eame. Ces cookies nous aident \u00e0 vous reconna\u00eetre lorsque vous revenez sur notre site.<\/p>\n<p>Un navigateur web moderne vous permet de contr\u00f4ler, de limiter ou d'emp\u00eacher l'installation de cookies. De nombreux navigateurs web peuvent \u00eatre configur\u00e9s de mani\u00e8re \u00e0 ce que les cookies soient supprim\u00e9s d'eux-m\u00eames \u00e0 la fermeture du programme. La d\u00e9sactivation des cookies peut entra\u00eener une fonctionnalit\u00e9 limit\u00e9e de notre site web.<\/p>\n<p>L'installation de cookies n\u00e9cessaires \u00e0 l'ex\u00e9cution de processus de communication \u00e9lectronique ou \u00e0 la mise \u00e0 disposition de certaines fonctions que vous avez souhait\u00e9es (par ex. panier d'achat) se fait sur la base de l'article 6, paragraphe 1, point f du RGPD. En tant qu'exploitant de ce site web, nous avons un int\u00e9r\u00eat l\u00e9gitime \u00e0 stocker des cookies afin de fournir nos services sans erreur technique et sans probl\u00e8me. Dans la mesure o\u00f9 le placement d'autres cookies (par exemple pour les fonctions d'analyse) a lieu, ceux-ci sont trait\u00e9s s\u00e9par\u00e9ment dans la pr\u00e9sente d\u00e9claration de protection des donn\u00e9es.<\/p>\n<p><strong>Contenu int\u00e9gr\u00e9 d'autres sites web<\/strong><\/p>\n<p>Les contributions sur ce site peuvent inclure du contenu int\u00e9gr\u00e9 (par exemple des vid\u00e9os, des images, des articles, etc.). Les contenus int\u00e9gr\u00e9s provenant d'autres sites se comportent exactement comme si le visiteur avait visit\u00e9 l'autre site.<\/p>\n<p>Ces sites peuvent collecter des donn\u00e9es vous concernant, utiliser des cookies, int\u00e9grer des services de suivi suppl\u00e9mentaires de tiers et enregistrer votre interaction avec ce contenu int\u00e9gr\u00e9, y compris votre interaction avec le contenu int\u00e9gr\u00e9 si vous \u00eates connect\u00e9 \u00e0 un compte sur le site en question. Vous avez la possibilit\u00e9 d'emp\u00eacher cela en vous d\u00e9connectant au pr\u00e9alable du site web concern\u00e9.  Pour plus d'informations, veuillez consulter les chapitres Vimeo, YouTube et Google.<\/p>\n<p><strong>Vimeo<\/strong><\/p>\n<p>Pour l'int\u00e9gration et la pr\u00e9sentation de contenus vid\u00e9o, notre site Internet utilise des plugins de Vimeo. Le fournisseur du portail vid\u00e9o est Vimeo Inc, 555 West 18th Street, New York, New York 10011, \u00c9tats-Unis.<\/p>\n<p>Lorsque vous consultez une page contenant un plug-in Vimeo, une connexion est \u00e9tablie avec les serveurs de Vimeo. Vimeo est ainsi inform\u00e9 des pages que vous avez consult\u00e9es. Vimeo apprend votre adresse IP, m\u00eame si vous n'\u00eates pas connect\u00e9 au portail vid\u00e9o ou si vous n'y avez pas de compte. Les informations collect\u00e9es par Vimeo sont transmises aux serveurs du portail vid\u00e9o aux \u00c9tats-Unis.<\/p>\n<p>Vimeo peut associer directement votre comportement de navigation \u00e0 votre profil personnel. En vous d\u00e9connectant au pr\u00e9alable, vous avez la possibilit\u00e9 d'emp\u00eacher cela.<\/p>\n<p>Pour plus de d\u00e9tails sur le traitement des donn\u00e9es des utilisateurs, veuillez consulter la d\u00e9claration de confidentialit\u00e9 de Vimeo \u00e0 l'adresse suivante : <a href=\"https:\/\/vimeo.com\/privacy\">https:\/\/vimeo.com\/privacy<\/a>.<\/p>\n<p><strong>YouTube<\/strong><\/p>\n<p>Pour l'int\u00e9gration et la pr\u00e9sentation de contenus vid\u00e9o, notre site Web utilise des plug-ins de YouTube. Le fournisseur du portail vid\u00e9o est YouTube, LLC, 901 Cherry Ave, San Bruno, CA 94066, \u00c9tats-Unis.<\/p>\n<p>Lorsque vous consultez une page contenant un plug-in YouTube int\u00e9gr\u00e9, une connexion est \u00e9tablie avec les serveurs de YouTube. YouTube est ainsi inform\u00e9 des pages que vous avez consult\u00e9es.<\/p>\n<p>YouTube peut associer votre comportement de navigation directement \u00e0 votre profil personnel si vous \u00eates connect\u00e9 \u00e0 votre compte YouTube. Vous avez la possibilit\u00e9 d'emp\u00eacher cela en vous d\u00e9connectant au pr\u00e9alable.<\/p>\n<p>L'utilisation de YouTube se fait dans l'int\u00e9r\u00eat d'une pr\u00e9sentation attrayante de nos offres en ligne. Cela constitue un int\u00e9r\u00eat l\u00e9gitime au sens de l'article 6, paragraphe 1, point f) du RGPD.<\/p>\n<p>Pour plus de d\u00e9tails sur le traitement des donn\u00e9es des utilisateurs, veuillez consulter la d\u00e9claration de confidentialit\u00e9 de YouTube \u00e0 l'adresse suivante : https:\/\/www.google.de\/intl\/de\/policies\/privacy.<\/p>\n<p><strong>Google Maps<\/strong><\/p>\n<p>Ce site utilise Google Maps pour afficher des cartes interactives et \u00e9ventuellement pour cr\u00e9er des itin\u00e9raires. Google Maps est un service de cartographie fourni par Google Inc, 1600 Amphitheatre Parkway, Mountain View, California 94043, USA. En utilisant Google Maps, des informations sur l'utilisation de ce site Internet, y compris votre adresse IP et l'adresse (de d\u00e9part) saisie dans le cadre de la fonction de planification d'itin\u00e9raire, peuvent \u00eatre transmises \u00e0 Google aux \u00c9tats-Unis. Lorsque vous consultez une page web de notre site Internet qui contient Google Maps, votre navigateur \u00e9tablit une connexion directe avec les serveurs de Google. Le contenu de la carte est transmis directement par Google \u00e0 votre navigateur, qui l'int\u00e8gre \u00e0 la page web. Nous n'avons donc aucune influence sur l'\u00e9tendue des donn\u00e9es collect\u00e9es de cette mani\u00e8re par Google.<\/p>\n<p><strong>Google Analytics<\/strong><\/p>\n<p>Notre site web utilise les fonctions du service d'analyse web Google Analytics. Le fournisseur de ce service d'analyse web est Google Inc, 1600 Amphitheatre Parkway, Mountain View, CA 94043, \u00c9tats-Unis.<\/p>\n<p>Google Analytics utilise des \"cookies\". Il s'agit de petits fichiers texte que votre navigateur web enregistre sur votre terminal et qui permettent d'analyser l'utilisation du site web. Les informations g\u00e9n\u00e9r\u00e9es par les cookies concernant votre utilisation de notre site web sont transmises \u00e0 un serveur de Google et y sont enregistr\u00e9es. En r\u00e8gle g\u00e9n\u00e9rale, le serveur est situ\u00e9 aux \u00c9tats-Unis.<\/p>\n<p>L'installation des cookies Google Analytics est bas\u00e9e sur l'article 6, paragraphe 1, point f du RGPD. En tant qu'exploitant de ce site web, nous avons un int\u00e9r\u00eat l\u00e9gitime \u00e0 analyser le comportement des utilisateurs afin d'optimiser notre offre web et, le cas \u00e9ch\u00e9ant, notre publicit\u00e9.<\/p>\n<p><strong>Anonymisation des IP<\/strong><\/p>\n<p>Nous utilisons Google Analytics en combinaison avec la fonction d'anonymisation IP. Elle garantit que Google tronque votre adresse IP dans les \u00c9tats membres de l'Union europ\u00e9enne ou dans d'autres \u00c9tats signataires de l'accord sur l'Espace \u00e9conomique europ\u00e9en avant de la transmettre aux \u00c9tats-Unis. Il peut y avoir des cas exceptionnels o\u00f9 Google transf\u00e8re l'adresse IP compl\u00e8te \u00e0 un serveur aux \u00c9tats-Unis et l'y raccourcit. Google utilisera ces informations pour notre compte afin d'\u00e9valuer votre utilisation du site, d'\u00e9tablir des rapports sur les activit\u00e9s du site et de nous fournir d'autres services li\u00e9s \u00e0 l'utilisation du site et d'Internet. L'adresse IP transmise par Google Analytics n'est pas recoup\u00e9e avec d'autres donn\u00e9es de Google.<\/p>\n<p><strong>Plugin de navigateur<\/strong><\/p>\n<p>Il est possible d'emp\u00eacher l'installation de cookies par votre navigateur Web. Toutefois, cela peut limiter certaines fonctionnalit\u00e9s de notre site. Vous pouvez \u00e9galement emp\u00eacher la collecte de donn\u00e9es relatives \u00e0 votre utilisation du site, y compris votre adresse IP, et leur traitement ult\u00e9rieur par Google. Pour ce faire, il vous suffit de t\u00e9l\u00e9charger et d'installer le plug-in de navigateur accessible via le lien suivant : https:\/\/tools.google.com\/dlpage\/gaoptout?hl=de.<\/p>\n<p><strong>Opposition \u00e0 la collecte de donn\u00e9es<\/strong><\/p>\n<p>Vous pouvez emp\u00eacher la collecte de vos donn\u00e9es par Google Analytics en cliquant sur le lien suivant.<\/p>\n<p><a href=\"https:\/\/tools.google.com\/dlpage\/gaoptout?hl=de\">https:\/\/tools.google.com\/dlpage\/gaoptout?hl=de<\/a><\/p>\n<p>Pour plus de d\u00e9tails sur la mani\u00e8re dont Google Analytics traite les donn\u00e9es des utilisateurs, consultez la d\u00e9claration de confidentialit\u00e9 de Google : https:\/\/support.google.com\/analytics\/answer\/6004245?hl=de.<\/p>\n<p><strong>Caract\u00e9ristiques d\u00e9mographiques dans Google Analytics<\/strong><\/p>\n<p>Notre site utilise la fonction \"caract\u00e9ristiques d\u00e9mographiques\" de Google Analytics. Elle permet de g\u00e9n\u00e9rer des rapports contenant des d\u00e9clarations sur l'\u00e2ge, le sexe et les int\u00e9r\u00eats des visiteurs du site. Ces donn\u00e9es proviennent de la publicit\u00e9 cibl\u00e9e par centres d'int\u00e9r\u00eat de Google ainsi que de donn\u00e9es de visiteurs de fournisseurs tiers. Il n'est pas possible d'associer les donn\u00e9es \u00e0 une personne sp\u00e9cifique. Vous pouvez d\u00e9sactiver cette fonction \u00e0 tout moment. Cela est possible via les param\u00e8tres des annonces dans votre compte Google ou en interdisant de mani\u00e8re g\u00e9n\u00e9rale la collecte de vos donn\u00e9es par Google Analytics, comme expliqu\u00e9 au point \"Opposition \u00e0 la collecte de donn\u00e9es\".<\/p>\n<p><strong>Google Web Fonts<\/strong><\/p>\n<p>Notre site web utilise des polices web de Google. Le fournisseur est Google Inc., 1600 Amphitheatre Parkway, Mountain View, CA 94043, \u00c9tats-Unis.<\/p>\n<p>Gr\u00e2ce \u00e0 l'utilisation de ces polices web, il est possible de vous pr\u00e9senter la repr\u00e9sentation de notre site web que nous souhaitons, ind\u00e9pendamment des polices dont vous disposez localement. Cela se fait par l'appel des polices web Google \u00e0 partir d'un serveur de Google aux \u00c9tats-Unis et par la transmission de vos donn\u00e9es \u00e0 Google. Il s'agit de votre adresse IP et de la page que vous avez visit\u00e9e chez nous. L'utilisation de Google Web Fonts est bas\u00e9e sur l'article 6, paragraphe 1, point f du RGPD. En tant qu'exploitant de ce site web, nous avons un int\u00e9r\u00eat l\u00e9gitime \u00e0 ce que notre pr\u00e9sence sur le web soit pr\u00e9sent\u00e9e et transmise de mani\u00e8re optimale.<\/p>\n<p>Google est certifi\u00e9 par le Privacy Shield, l'accord europ\u00e9en sur la protection des donn\u00e9es. Cet accord de protection des donn\u00e9es vise \u00e0 garantir le respect du niveau de protection des donn\u00e9es en vigueur dans l'UE.<\/p>\n<p>Pour plus de d\u00e9tails sur Google Web Fonts, consultez le site https:\/\/www.google.com\/fonts#AboutPlace:about et pour plus d'informations, consultez les r\u00e8gles de confidentialit\u00e9 de Google : https:\/\/policies.google.com\/privacy\/partners?hl=de<\/p>","protected":false},"excerpt":{"rendered":"<div class=\"entry-summary\">\n<div class=\"entry-summary\">\nDatenschutzerkl\u00e4rung Allgemeiner Hinweis und Pflichtinformationen &nbsp; Benennung der verantwortlichen Stelle Die verantwortliche Stelle f\u00fcr die Datenverarbeitung auf dieser&hellip;\n<\/div>\n<div class=\"link-more\"><a href=\"https:\/\/www.griffbereit-rucksack.de\/fr\/datenschutzerklaerung\/\" class=\"more-link\">Continuer la lecture<span class=\"screen-reader-text\"> &ldquo;Datenschutzerkl\u00e4rung&rdquo;<\/span>...<\/a><\/div>\n<\/div>\n<div class=\"link-more\"><a href=\"https:\/\/www.griffbereit-rucksack.de\/fr\/datenschutzerklaerung\/\" class=\"more-link\">Continuer la lecture<span class=\"screen-reader-text\"> &ldquo;Datenschutzerkl\u00e4rung&rdquo;<\/span>...<\/a><\/div>","protected":false},"author":1,"featured_media":0,"parent":0,"menu_order":0,"comment_status":"closed","ping_status":"open","template":"","meta":{"_acf_changed":false,"footnotes":""},"class_list":["post-3","page","type-page","status-publish","hentry","entry"],"acf":[],"_links":{"self":[{"href":"https:\/\/www.griffbereit-rucksack.de\/fr\/wp-json\/wp\/v2\/pages\/3","targetHints":{"allow":["GET"]}}],"collection":[{"href":"https:\/\/www.griffbereit-rucksack.de\/fr\/wp-json\/wp\/v2\/pages"}],"about":[{"href":"https:\/\/www.griffbereit-rucksack.de\/fr\/wp-json\/wp\/v2\/types\/page"}],"author":[{"embeddable":true,"href":"https:\/\/www.griffbereit-rucksack.de\/fr\/wp-json\/wp\/v2\/users\/1"}],"replies":[{"embeddable":true,"href":"https:\/\/www.griffbereit-rucksack.de\/fr\/wp-json\/wp\/v2\/comments?post=3"}],"version-history":[{"count":0,"href":"https:\/\/www.griffbereit-rucksack.de\/fr\/wp-json\/wp\/v2\/pages\/3\/revisions"}],"wp:attachment":[{"href":"https:\/\/www.griffbereit-rucksack.de\/fr\/wp-json\/wp\/v2\/media?parent=3"}],"curies":[{"name":"wp","href":"https:\/\/api.w.org\/{rel}","templated":true}]}}