{"id":2757,"date":"2020-08-17T16:30:22","date_gmt":"2020-08-17T14:30:22","guid":{"rendered":"https:\/\/www.griffbereit-rucksack.de\/?page_id=2757"},"modified":"2023-07-17T16:09:52","modified_gmt":"2023-07-17T14:09:52","slug":"qualifizierung-zur-elternbegleiterin-fuer-rucksack-kita","status":"publish","type":"page","link":"https:\/\/www.griffbereit-rucksack.de\/fr\/qualifizierung-zur-elternbegleiterin-fuer-rucksack-kita\/","title":{"rendered":"Qualification d'accompagnateur parental* pour Rucksack KiTa"},"content":{"rendered":"<h2>\n\t\tQualifizierung &#038; Weiterbildungen f\u00fcr Elternbegleiter*innen\n\t<\/h2>\n\t<p>Avant le d\u00e9but du programme, les accompagnateurs parentaux sont pr\u00e9par\u00e9s \u00e0 leurs activit\u00e9s par les coordinateurs comp\u00e9tents. Afin de garantir une qualit\u00e9 de mise en \u0153uvre \u00e9lev\u00e9e des <em>Rucksack KiTa<\/em>-Afin d'assurer la p\u00e9rennit\u00e9 du groupe, des formations continues ont \u00e9t\u00e9 mises en place pour les accompagnateurs parentaux.<\/p>\n<ol>\n<li><strong> Le site <em>Rucksack KiTa<\/em>-formations<\/strong><br \/>\nsont tr\u00e8s vari\u00e9s et d\u00e9pendent fortement des besoins locaux. En r\u00e8gle g\u00e9n\u00e9rale, les formations propos\u00e9es portent sur les th\u00e8mes suivants :<\/li>\n<\/ol>\n<ul>\n<li>Introduction au programme et \u00e0 son mat\u00e9riel<\/li>\n<li>Introduction au r\u00f4le d'accompagnateur parental* (comp\u00e9tence du r\u00f4le, exercice du r\u00f4le, r\u00e9flexion sur le r\u00f4le)\n<ul>\n<li>Techniques d'animation et de pr\u00e9sentation<\/li>\n<li>Conversation en groupe<\/li>\n<li>Didactique et m\u00e9thodologie de l'\u00e9ducation des adultes<\/li>\n<\/ul>\n<\/li>\n<li>Sensibilisation \u00e0 la migration\/prise en compte de la diversit\u00e9 dans l'\u00e9ducation et la formation<\/li>\n<li>D\u00e9veloppement du langage et du multilinguisme<\/li>\n<li>Collaboration avec les familles<\/li>\n<li>\u00c9ducation \u00e0 la litt\u00e9ratie<\/li>\n<li>Psychologie du d\u00e9veloppement de l'enfant<\/li>\n<li>Sant\u00e9<\/li>\n<li>\u00c9ducation sexuelle<\/li>\n<li>\u00c9ducation aux m\u00e9dias<\/li>\n<\/ul>\n\t<p><strong>2) D'autres sujets qui concernent le travail en <em>Rucksack KiTa<\/em>-groupe :<\/strong><\/p>\n<ul>\n<li>Empowerment et participation<\/li>\n<li>Langue et mouvement<\/li>\n<li>\u00c9ducation multilingue<\/li>\n<li>Conceptions et styles d'\u00e9ducation<\/li>\n<li>Techniques de lecture \u00e0 haute voix<\/li>\n<li>L'importance de l'attachement pour le d\u00e9veloppement de l'enfant<\/li>\n<li>Le d\u00e9veloppement des jeunes enfants et\/ou des enfants d'\u00e2ge pr\u00e9scolaire<\/li>\n<li>Promouvoir les comp\u00e9tences pr\u00e9alables (par exemple, en sciences)<\/li>\n<li>Activit\u00e9s et jeux<\/li>\n<li>Observer et motiver les enfants<\/li>\n<li>Dialogue interreligieux<\/li>\n<li>Th\u00e8mes d\u00e9coulant des questions des parents\/familles<\/li>\n<\/ul>\n<p><strong>\u00a0<\/strong><\/p>","protected":false},"excerpt":{"rendered":"<div class=\"entry-summary\">\n<div class=\"entry-summary\">\nQualifizierung &#038; Weiterbildungen f\u00fcr Elternbegleiter*innen Die Elternbegleiter*innen werden vor Programmbeginn von den zust\u00e4ndigen Koordinator*innen auf ihre T\u00e4tigkeiten vorbereitet.&hellip;\n<\/div>\n<div class=\"link-more\"><a href=\"https:\/\/www.griffbereit-rucksack.de\/fr\/qualifizierung-zur-elternbegleiterin-fuer-rucksack-kita\/\" class=\"more-link\">Continuer la lecture<span class=\"screen-reader-text\"> &ldquo;Qualifizierung zur Elternbegleiter*in f\u00fcr Rucksack KiTa&rdquo;<\/span>...<\/a><\/div>\n<\/div>\n<div class=\"link-more\"><a href=\"https:\/\/www.griffbereit-rucksack.de\/fr\/qualifizierung-zur-elternbegleiterin-fuer-rucksack-kita\/\" class=\"more-link\">Continuer la lecture<span class=\"screen-reader-text\"> &ldquo;Qualifizierung zur Elternbegleiter*in f\u00fcr Rucksack KiTa&rdquo;<\/span>...<\/a><\/div>","protected":false},"author":1,"featured_media":0,"parent":0,"menu_order":0,"comment_status":"closed","ping_status":"closed","template":"","meta":{"_acf_changed":false,"footnotes":""},"class_list":["post-2757","page","type-page","status-publish","hentry","entry"],"acf":[],"_links":{"self":[{"href":"https:\/\/www.griffbereit-rucksack.de\/fr\/wp-json\/wp\/v2\/pages\/2757","targetHints":{"allow":["GET"]}}],"collection":[{"href":"https:\/\/www.griffbereit-rucksack.de\/fr\/wp-json\/wp\/v2\/pages"}],"about":[{"href":"https:\/\/www.griffbereit-rucksack.de\/fr\/wp-json\/wp\/v2\/types\/page"}],"author":[{"embeddable":true,"href":"https:\/\/www.griffbereit-rucksack.de\/fr\/wp-json\/wp\/v2\/users\/1"}],"replies":[{"embeddable":true,"href":"https:\/\/www.griffbereit-rucksack.de\/fr\/wp-json\/wp\/v2\/comments?post=2757"}],"version-history":[{"count":0,"href":"https:\/\/www.griffbereit-rucksack.de\/fr\/wp-json\/wp\/v2\/pages\/2757\/revisions"}],"wp:attachment":[{"href":"https:\/\/www.griffbereit-rucksack.de\/fr\/wp-json\/wp\/v2\/media?parent=2757"}],"curies":[{"name":"wp","href":"https:\/\/api.w.org\/{rel}","templated":true}]}}