{"id":2752,"date":"2020-08-17T16:14:14","date_gmt":"2020-08-17T14:14:14","guid":{"rendered":"https:\/\/www.griffbereit-rucksack.de\/?page_id=2752"},"modified":"2023-07-17T16:12:40","modified_gmt":"2023-07-17T14:12:40","slug":"zielgruppen-rucksack-kita","status":"publish","type":"page","link":"https:\/\/www.griffbereit-rucksack.de\/fr\/zielgruppen-rucksack-kita\/","title":{"rendered":"Groupes cibles Rucksack KiTa"},"content":{"rendered":"<h2>\n\t\t\u00c0 qui s'adresse Rucksack KiTa ?\n\t<\/h2>\n<h5>\n\t\tLe programme Rucksack KiTa couvre les groupes cibles suivants :\n\t<\/h5>\n\t<p><strong>Les parents ou les familles en tant qu'experts<\/strong><\/p>\n<p>En s'appuyant sur leurs points forts, les parents\/familles agissent en tant qu'experts dans la promotion de la\/des langue(s) familiale(s). De plus, les exp\u00e9riences, les m\u00e9thodes et les suggestions transmises dans les groupes donnent aux parents\/familles un sentiment de s\u00e9curit\u00e9 et renforcent leur confiance en leurs propres comp\u00e9tences. De m\u00eame, la transmission structur\u00e9e des contenus du programme donne aux parents\/familles la possibilit\u00e9 de se consacrer de mani\u00e8re cibl\u00e9e au d\u00e9veloppement de leurs enfants. Ainsi, la relation entre eux et leur propre identit\u00e9 peuvent \u00eatre potentiellement renforc\u00e9es.<\/p>\n<p>De plus, ils disposent potentiellement de beaucoup plus de temps de parole pour leur enfant que le professionnel de l'\u00e9ducation dans l'\u00e9tablissement. <em>Rucksack KiTa<\/em> peut rapidement multiplier le temps d'attention, car les parents\/familles sont encourag\u00e9s \u00e0 lire \u00e0 leur enfant, par exemple de mani\u00e8re interactive, ce qui les incite sp\u00e9cifiquement \u00e0 r\u00e9fl\u00e9chir, \u00e0 discuter et \u00e0 raconter une histoire.<\/p>\n<p>Si les parents\/la famille encouragent en outre l'enfant \u00e0 raconter quotidiennement ses exp\u00e9riences \u00e0 la garderie, cela a un effet tr\u00e8s positif sur le d\u00e9veloppement g\u00e9n\u00e9ral du langage.<\/p>\n<p>&nbsp;<\/p>\n<p><strong>Les enfants, b\u00e9n\u00e9ficiaires de l'\u00e9ducation<\/strong><\/p>\n<p>La langue est l'une des comp\u00e9tences cl\u00e9s les plus importantes. L'\u00e9ducation linguistique pr\u00e9coce et le soutien des comp\u00e9tences linguistiques par les parents\/familles et les \u00e9ducateurs sont particuli\u00e8rement importants pour les enfants qui grandissent dans un environnement multilingue et qui ont donc un potentiel de multilinguisme et qui sont au d\u00e9but du d\u00e9veloppement du langage.<\/p>\n<p><strong>La promotion du d\u00e9veloppement linguistique est donc \u00e0 juste titre l'une des t\u00e2ches \u00e9ducatives centrales de l'enseignement pr\u00e9primaire.<\/strong><\/p>\n<p>Les nouvelles connaissances scientifiques et les exp\u00e9riences pratiques montrent que - outre le renforcement de l'identit\u00e9 et du d\u00e9veloppement g\u00e9n\u00e9ral de l'enfant (motricit\u00e9, etc.) - c'est avant tout une formation linguistique syst\u00e9matique int\u00e9gr\u00e9e dans la vie quotidienne qui favorise le d\u00e9veloppement linguistique des enfants.<\/p>\n<p>&nbsp;<\/p>\n<p><strong>Les parents accompagnateurs* comme lien<\/strong><\/p>\n<p>Les parents accompagnateurs* jouent un r\u00f4le crucial. Ils dirigent les <em>Rucksack KiTa<\/em>-groupe de parents. Dans la mesure du possible, cette t\u00e2che devrait \u00eatre confi\u00e9e \u00e0 une personne multilingue ayant une histoire familiale internationale - id\u00e9alement issue de l'institution \u00e9ducative elle-m\u00eame (professionnel de l'\u00e9ducation en cong\u00e9) - ou, \u00e0 d\u00e9faut, \u00e0 un professionnel externe (\u00e9tudiant, professionnel en cong\u00e9 parental, professionnel de la promotion linguistique, parent\/famille, etc.<\/p>\n<p><strong>Les avantages sont \u00e9vidents : les personnes ayant une situation familiale similaire et parlant la m\u00eame langue sont plus rapidement consid\u00e9r\u00e9es comme des personnes de confiance.<\/strong><\/p>\n<p>Ils peuvent ainsi plus facilement jouer un r\u00f4le de m\u00e9diateur ou de \"passerelle\" entre les institutions \u00e9ducatives et les familles et assurer une utilisation constante et fiable du multilinguisme au sein du groupe.<\/p>\n<p>Le multilinguisme, la collaboration avec les migrants et l'ouverture d'esprit sont des qualit\u00e9s que les accompagnateurs parentaux doivent mettre en avant, y compris aupr\u00e8s des parents\/familles. L'impulsion donn\u00e9e par les parents-accompagnateurs \u00e0 travers la conception des <em>Rucksack KiTa<\/em> Les groupes d'activit\u00e9s ludiques, les chansons et les suggestions donnent aux *parents\/*familles de nouvelles id\u00e9es et de l'assurance pour s'occuper de leurs enfants et renforcer les relations au sein de la famille.<\/p>\n<p>Les parents-accompagnateurs* eux-m\u00eames sont soutenus par les animateurs comp\u00e9tents (coordinateurs).<a href=\"#_ftn1\" name=\"_ftnref1\">[1]<\/a> accompagn\u00e9s et qualifi\u00e9s.<\/p>\n\t\t\t<a href=\"https:\/\/www.griffbereit-rucksack.de\/fr\/qualifizierung-zur-elternbegleiterin-fuer-rucksack-kita\/\" target=\"_self\" role=\"button\" rel=\"noopener\">\n\t\t\t\t\t\t\tQualification d'accompagnateur parental*.\n\t\t\t<\/a>\n\t<p><a href=\"#_ftnref1\" name=\"_ftn1\">[1]<\/a> Les animateurs sont des professionnels qualifi\u00e9s dans le domaine de l'\u00e9ducation et de la migration, comp\u00e9tents dans la th\u00e9orie et la pratique du multilinguisme et ayant une exp\u00e9rience dans le contexte de la diversit\u00e9 et du multilinguisme.<\/p>\n\t<p><strong>Les professionnels de l'\u00e9ducation comme point nodal<\/strong><\/p>\n<p>Les t\u00e2ches des professionnels de l'\u00e9ducation sont plus complexes et plus vari\u00e9es que jamais. Outre la garde, la formation, l'\u00e9ducation et le soutien global des enfants, il est de plus en plus n\u00e9cessaire aujourd'hui d'\u00eatre capable de percevoir et de comprendre les environnements de vie et la diversit\u00e9 et de promouvoir l'inclusion. Il s'agit \u00e9galement de cr\u00e9er des partenariats \u00e9ducatifs avec les parents et les personnes de r\u00e9f\u00e9rence, de soutenir les transitions, de d\u00e9velopper l'institution et l'\u00e9quipe et de coop\u00e9rer en r\u00e9seau.<a href=\"#_ftn1\" name=\"_ftnref1\">[1]<\/a>.<\/p>\n<p>Des processus exigeants pour lesquels les \u00e9ducateurs pourraient avoir besoin de soutien - comme pour l'\u00e9ducation (multilingue) int\u00e9gr\u00e9e au quotidien des enfants.<\/p>\n<p><strong>C'est pr\u00e9cis\u00e9ment l\u00e0 qu'interviennent les <em>Rucksack KiTa<\/em>-Les principes de l'\u00e9ducation sensible \u00e0 la diversit\u00e9 qui combattent activement la partialit\u00e9 et l'exclusion.<\/strong><\/p>\n<p>Le travail avec <em>Rucksack KiTa<\/em> offre donc une grande opportunit\u00e9 aux cr\u00e8ches en g\u00e9n\u00e9ral et aux professionnels de l'\u00e9ducation en particulier. Ils sont conseill\u00e9s, accompagn\u00e9s et qualifi\u00e9s par les coordinateurs* du programme et \u00e9changent en permanence avec les parents accompagnateurs* ainsi qu'avec le coordinateur* ou l'animateur* du programme.<\/p>\n<p>&nbsp;<\/p>\n<p><strong>Les institutions \u00e9ducatives en tant que multiplicateurs<\/strong><\/p>\n<p><em>Rucksack KiTa<\/em> est un programme qui se d\u00e9roule dans les \u00e9tablissements d'enseignement. Il s'agit d'une opportunit\u00e9 importante, car elle leur permet de s'ouvrir \u00e0 la diversit\u00e9 et au multilinguisme.<\/p>\n<p><strong>Cette ouverture peut d\u00e9clencher des processus susceptibles d'entra\u00eener de grands changements dans l'institution \u00e9ducative elle-m\u00eame, dans le quartier, voire dans la ville ou le comt\u00e9.<\/strong><\/p>\n<p>L'institution \u00e9ducative est impliqu\u00e9e de mani\u00e8re responsable dans la promotion parall\u00e8le de la langue allemande - en tenant compte des langues familiales. L'institution de garde d'enfants coordonne le programme des parents\/familles avec son concept de formation linguistique int\u00e9gr\u00e9e au quotidien. Les parents\/familles ont la possibilit\u00e9 de se consacrer de mani\u00e8re cibl\u00e9e au d\u00e9veloppement de leurs enfants gr\u00e2ce \u00e0 une transmission structur\u00e9e des contenus du programme.<\/p>\n<p>En ce qui concerne la mise en parall\u00e8le de l'\u00e9ducation linguistique (parents \u2194 institution), le rattachement du programme <em>Rucksack KiTa<\/em> \u00e0 l'\u00e9tablissement de garde d'enfants est indispensable.<\/p>\n<p><a href=\"#_ftnref1\" name=\"_ftn1\">[1]<\/a> Cf. programme d'\u00e9tudes transnational \u00c9ducateur\/\u00c9ducatrice :<\/p>\n<p><a href=\"http:\/\/www.berufsbildung.nrw.de\/cms\/upload\/fs\/download\/sozial\/laenderuebergr-lp-erzieher.pdf\">http:\/\/www.berufsbildung.nrw.de\/cms\/upload\/fs\/download\/sozial\/laenderuebergr-lp-erzieher.pdf<\/a> (au 30\/07\/2019).<\/p>","protected":false},"excerpt":{"rendered":"<div class=\"entry-summary\">\n<div class=\"entry-summary\">\nAn wen richtet sich Rucksack KiTa? Das Programm Rucksack KiTa umfasst folgende Zielgruppen: Eltern bzw. Familien als Experten&hellip;\n<\/div>\n<div class=\"link-more\"><a href=\"https:\/\/www.griffbereit-rucksack.de\/fr\/zielgruppen-rucksack-kita\/\" class=\"more-link\">Continuer la lecture<span class=\"screen-reader-text\"> &ldquo;Zielgruppen Rucksack KiTa&rdquo;<\/span>...<\/a><\/div>\n<\/div>\n<div class=\"link-more\"><a href=\"https:\/\/www.griffbereit-rucksack.de\/fr\/zielgruppen-rucksack-kita\/\" class=\"more-link\">Continuer la lecture<span class=\"screen-reader-text\"> &ldquo;Zielgruppen Rucksack KiTa&rdquo;<\/span>...<\/a><\/div>","protected":false},"author":1,"featured_media":0,"parent":0,"menu_order":0,"comment_status":"closed","ping_status":"closed","template":"","meta":{"_acf_changed":false,"footnotes":""},"class_list":["post-2752","page","type-page","status-publish","hentry","entry"],"acf":[],"_links":{"self":[{"href":"https:\/\/www.griffbereit-rucksack.de\/fr\/wp-json\/wp\/v2\/pages\/2752","targetHints":{"allow":["GET"]}}],"collection":[{"href":"https:\/\/www.griffbereit-rucksack.de\/fr\/wp-json\/wp\/v2\/pages"}],"about":[{"href":"https:\/\/www.griffbereit-rucksack.de\/fr\/wp-json\/wp\/v2\/types\/page"}],"author":[{"embeddable":true,"href":"https:\/\/www.griffbereit-rucksack.de\/fr\/wp-json\/wp\/v2\/users\/1"}],"replies":[{"embeddable":true,"href":"https:\/\/www.griffbereit-rucksack.de\/fr\/wp-json\/wp\/v2\/comments?post=2752"}],"version-history":[{"count":0,"href":"https:\/\/www.griffbereit-rucksack.de\/fr\/wp-json\/wp\/v2\/pages\/2752\/revisions"}],"wp:attachment":[{"href":"https:\/\/www.griffbereit-rucksack.de\/fr\/wp-json\/wp\/v2\/media?parent=2752"}],"curies":[{"name":"wp","href":"https:\/\/api.w.org\/{rel}","templated":true}]}}