{"id":2748,"date":"2020-08-17T16:08:53","date_gmt":"2020-08-17T14:08:53","guid":{"rendered":"https:\/\/www.griffbereit-rucksack.de\/?page_id=2748"},"modified":"2020-09-15T12:47:01","modified_gmt":"2020-09-15T10:47:01","slug":"ablauf-rucksack-kita","status":"publish","type":"page","link":"https:\/\/www.griffbereit-rucksack.de\/fr\/ablauf-rucksack-kita\/","title":{"rendered":"D\u00e9roulement Rucksack KiTa"},"content":{"rendered":"<h2>\n\t\tComment fonctionne Rucksack KiTa ?\n\t<\/h2>\n\t<p>Les parents\/familles prennent <strong>Chaque semaine pendant 9 mois<\/strong> (au moins une ann\u00e9e KiTa) \u00e0 la <em>Rucksack KiTa<\/em>-groupe de parents. Le groupe se r\u00e9unit toujours dans la cr\u00e8che fr\u00e9quent\u00e9e par l'enfant ou est rattach\u00e9 \u00e0 celle-ci.<\/p>\n<p><strong>Caract\u00e9ristique de <em>Rucksack KiTa-<\/em>Groupes de parents :<\/strong><\/p>\n<ul>\n<li>Les activit\u00e9s communes sont dirig\u00e9es par des accompagnateurs parentaux qualifi\u00e9s*.<\/li>\n<\/ul>\n\t<ul>\n<li>Les parents\/familles participants r\u00e9p\u00e8tent et approfondissent les activit\u00e9s \u00e0 la maison avec les enfants dans la\/les langue(s) familiale(s).<\/li>\n<li>Le groupe de parents et la cr\u00e8che coordonnent leur travail \u00e9ducatif en fonction des th\u00e8mes et en tenant compte du multilinguisme.<\/li>\n<li>D\u00e9velopp\u00e9 en interne <em>Rucksack KiTa<\/em>-Le mat\u00e9riel d'apprentissage permet aux parents\/familles d'organiser des activit\u00e9s quotidiennes avec leurs enfants au sein de la famille.<\/li>\n<\/ul>","protected":false},"excerpt":{"rendered":"<div class=\"entry-summary\">\n<div class=\"entry-summary\">\nWie l\u00e4uft Rucksack KiTa? Die Eltern\/Familien nehmen 9 Monate lang w\u00f6chentlich (mind. ein KiTa-Jahr) an der Rucksack KiTa-Elterngruppe&hellip;\n<\/div>\n<div class=\"link-more\"><a href=\"https:\/\/www.griffbereit-rucksack.de\/fr\/ablauf-rucksack-kita\/\" class=\"more-link\">Continuer la lecture<span class=\"screen-reader-text\"> &ldquo;Ablauf Rucksack KiTa&rdquo;<\/span>...<\/a><\/div>\n<\/div>\n<div class=\"link-more\"><a href=\"https:\/\/www.griffbereit-rucksack.de\/fr\/ablauf-rucksack-kita\/\" class=\"more-link\">Continuer la lecture<span class=\"screen-reader-text\"> &ldquo;Ablauf Rucksack KiTa&rdquo;<\/span>...<\/a><\/div>","protected":false},"author":1,"featured_media":0,"parent":0,"menu_order":0,"comment_status":"closed","ping_status":"closed","template":"","meta":{"_acf_changed":false,"footnotes":""},"class_list":["post-2748","page","type-page","status-publish","hentry","entry"],"acf":[],"_links":{"self":[{"href":"https:\/\/www.griffbereit-rucksack.de\/fr\/wp-json\/wp\/v2\/pages\/2748","targetHints":{"allow":["GET"]}}],"collection":[{"href":"https:\/\/www.griffbereit-rucksack.de\/fr\/wp-json\/wp\/v2\/pages"}],"about":[{"href":"https:\/\/www.griffbereit-rucksack.de\/fr\/wp-json\/wp\/v2\/types\/page"}],"author":[{"embeddable":true,"href":"https:\/\/www.griffbereit-rucksack.de\/fr\/wp-json\/wp\/v2\/users\/1"}],"replies":[{"embeddable":true,"href":"https:\/\/www.griffbereit-rucksack.de\/fr\/wp-json\/wp\/v2\/comments?post=2748"}],"version-history":[{"count":0,"href":"https:\/\/www.griffbereit-rucksack.de\/fr\/wp-json\/wp\/v2\/pages\/2748\/revisions"}],"wp:attachment":[{"href":"https:\/\/www.griffbereit-rucksack.de\/fr\/wp-json\/wp\/v2\/media?parent=2748"}],"curies":[{"name":"wp","href":"https:\/\/api.w.org\/{rel}","templated":true}]}}