{"id":2745,"date":"2020-08-17T16:03:43","date_gmt":"2020-08-17T14:03:43","guid":{"rendered":"https:\/\/www.griffbereit-rucksack.de\/?page_id=2745"},"modified":"2020-09-15T12:46:15","modified_gmt":"2020-09-15T10:46:15","slug":"angebot-rucksack-kita","status":"publish","type":"page","link":"https:\/\/www.griffbereit-rucksack.de\/fr\/angebot-rucksack-kita\/","title":{"rendered":"Offre Rucksack KiTa"},"content":{"rendered":"<h2>\n\t\tQue fait Rucksack KiTa ?\n\t<\/h2>\n\t<p><em>Rucksack KiTa<\/em> encourage la formation g\u00e9n\u00e9rale et linguistique des enfants \u00e0 partir de th\u00e8mes quotidiens tels que \"le corps\", \"l'\u00e9tablissement de garde d'enfants\" et \"la famille\". Le site <a href=\"https:\/\/www.griffbereit-rucksack.de\/fr\/mehrsprachigkeit\/\">Multilinguisme<\/a> Les parents, la famille et la cr\u00e8che doivent renforcer ensemble ce potentiel.<\/p>\n<p><strong>Les parents\/familles participants sont encourag\u00e9s \u00e0 participer et sont activement sollicit\u00e9s en tant qu'experts de l'\u00e9ducation de leurs enfants et de l'apprentissage de la\/des langue(s) familiale(s). Les professionnels de l'\u00e9ducation sont responsables de la promotion de la langue allemande.<\/strong><\/p>\n\t<p><em>Rucksack KiTa<\/em> est \u00e9galement un programme d'\u00e9ducation familiale. Dans ce que l'on appelle des <em>Rucksack KiTa<\/em>-Dans les groupes de parents, les familles apprennent en profondeur comment renforcer le d\u00e9veloppement g\u00e9n\u00e9ral et linguistique de leurs enfants. Elles sont soutenues par des accompagnateurs parentaux multilingues sp\u00e9cialement qualifi\u00e9s.<\/p>","protected":false},"excerpt":{"rendered":"<div class=\"entry-summary\">\n<div class=\"entry-summary\">\nWas leistet Rucksack KiTa? Rucksack KiTa f\u00f6rdert die allgemeine und sprachliche Bildung von Kindern anhand von Alltagsthemen, wie&hellip;\n<\/div>\n<div class=\"link-more\"><a href=\"https:\/\/www.griffbereit-rucksack.de\/fr\/angebot-rucksack-kita\/\" class=\"more-link\">Continuer la lecture<span class=\"screen-reader-text\"> &ldquo;Angebot Rucksack KiTa&rdquo;<\/span>...<\/a><\/div>\n<\/div>\n<div class=\"link-more\"><a href=\"https:\/\/www.griffbereit-rucksack.de\/fr\/angebot-rucksack-kita\/\" class=\"more-link\">Continuer la lecture<span class=\"screen-reader-text\"> &ldquo;Angebot Rucksack KiTa&rdquo;<\/span>...<\/a><\/div>","protected":false},"author":1,"featured_media":0,"parent":0,"menu_order":0,"comment_status":"closed","ping_status":"closed","template":"","meta":{"_acf_changed":false,"footnotes":""},"class_list":["post-2745","page","type-page","status-publish","hentry","entry"],"acf":[],"_links":{"self":[{"href":"https:\/\/www.griffbereit-rucksack.de\/fr\/wp-json\/wp\/v2\/pages\/2745","targetHints":{"allow":["GET"]}}],"collection":[{"href":"https:\/\/www.griffbereit-rucksack.de\/fr\/wp-json\/wp\/v2\/pages"}],"about":[{"href":"https:\/\/www.griffbereit-rucksack.de\/fr\/wp-json\/wp\/v2\/types\/page"}],"author":[{"embeddable":true,"href":"https:\/\/www.griffbereit-rucksack.de\/fr\/wp-json\/wp\/v2\/users\/1"}],"replies":[{"embeddable":true,"href":"https:\/\/www.griffbereit-rucksack.de\/fr\/wp-json\/wp\/v2\/comments?post=2745"}],"version-history":[{"count":0,"href":"https:\/\/www.griffbereit-rucksack.de\/fr\/wp-json\/wp\/v2\/pages\/2745\/revisions"}],"wp:attachment":[{"href":"https:\/\/www.griffbereit-rucksack.de\/fr\/wp-json\/wp\/v2\/media?parent=2745"}],"curies":[{"name":"wp","href":"https:\/\/api.w.org\/{rel}","templated":true}]}}