{"id":2705,"date":"2020-08-13T14:11:09","date_gmt":"2020-08-13T12:11:09","guid":{"rendered":"https:\/\/www.griffbereit-rucksack.de\/?page_id=2705"},"modified":"2023-07-17T16:14:20","modified_gmt":"2023-07-17T14:14:20","slug":"organisatorisches-griffbereit","status":"publish","type":"page","link":"https:\/\/www.griffbereit-rucksack.de\/fr\/organisatorisches-griffbereit\/","title":{"rendered":"Organisation Griffbereit"},"content":{"rendered":"<p><strong>Points cl\u00e9s <em>Griffbereit<\/em>-groupe :<\/strong><\/p>\n<ul>\n<li>Type d'\u00e9v\u00e9nement : activit\u00e9s multilingues parents-enfants<\/li>\n<li>\u00c2ge des enfants : entre 1 et 3 ans<\/li>\n<li>Nombre de participants : jusqu'\u00e0 8 parents\/familles par groupe<\/li>\n<li>Fr\u00e9quence : 1 fois par semaine (peut \u00eatre plus fr\u00e9quente si les familles en ont besoin).<\/li>\n<li>Dur\u00e9e : environ 1 an<\/li>\n<li>Direction : id\u00e9alement 2, au moins 1 personne dans le r\u00f4le d'accompagnateur des parents<\/li>\n<\/ul>\n<strong><br \/>\nR\u00f4le des parents accompagnateurs* :<\/strong>\n<p>Il est important de veiller \u00e0 la comp\u00e9tence linguistique des accompagnateurs de groupe lors de leur s\u00e9lection. Dans le cas d'une \u00e9quipe double, l'un des deux accompagnateurs de groupe peut \u00eatre unilingue allemand si le second responsable est multilingue et ma\u00eetrise bien l'allemand comme deuxi\u00e8me langue. Les accompagnateurs de groupe assurent ainsi \u00e9galement l'utilisation constante et fiable du multilinguisme dans le groupe.<\/p>\n<p>Le multilinguisme, la collaboration avec les migrants et l'ouverture d'esprit sont des qualit\u00e9s que les accompagnateurs parentaux doivent mettre en avant, y compris aupr\u00e8s des parents\/familles. L'impulsion donn\u00e9e par les parents-accompagnateurs \u00e0 travers la conception des <em>Griffbereit-<\/em>Les groupes d'activit\u00e9s ludiques, les chansons et les suggestions donnent aux *parents\/*familles de nouvelles id\u00e9es et de l'assurance pour s'occuper de leurs enfants et renforcer les relations au sein de la famille.<\/p>\n\t<strong>Qualification des accompagnateurs parentaux* :<br \/>\n<\/strong>Les accompagnateurs de groupe sont pr\u00e9par\u00e9s \u00e0 leurs activit\u00e9s avant le d\u00e9but de la mise en \u0153uvre du programme (concept, objectifs et contenu du programme). <em>Griffbereit<\/em>-programme<a href=\"#_ftn1\" name=\"_ftnref1\">[1]<\/a>). Afin de garantir une qualit\u00e9 \u00e9lev\u00e9e dans la mise en <em>Griffbereit<\/em>-Afin d'assurer la p\u00e9rennit\u00e9 du groupe, les accompagnateurs parentaux doivent avoir acc\u00e8s \u00e0 une formation continue.\n\t\t\t<a href=\"https:\/\/www.griffbereit-rucksack.de\/fr\/qualifizierung-zur-elternbegleiterin-fuer-griffbereit\/\" target=\"_self\" role=\"button\" rel=\"noopener\">\n\t\t\t\t\t\t\tQualification d'accompagnateur parental*.\n\t\t\t<\/a>\n\t<strong>Organisation des parents accompagnateurs* :<\/strong><br \/>\nEn plus de la formation continue, les accompagnateurs parentaux doivent \u00eatre r\u00e9guli\u00e8rement accompagn\u00e9s et conseill\u00e9s pour l'\u00e9change, la r\u00e9flexion, l'\u00e9valuation, la pr\u00e9paration et le suivi du travail de groupe. Les instructions et la qualification accompagnant le programme sont adapt\u00e9es aux besoins des parents accompagnateurs. Apr\u00e8s la mise en place du programme, des r\u00e9unions d'\u00e9change et de r\u00e9flexion doivent \u00eatre organis\u00e9es r\u00e9guli\u00e8rement avec tous les acteurs (environ toutes les 6 semaines).\n<strong>Organisation Coordinateur* du programme :<\/strong><br \/>\nLa personne charg\u00e9e de l'instruction se charge de l'introduction au programme, de l'accompagnement dans l'approche et de la composition d'une <em>Griffbereit<\/em>-Les parents accompagnateurs* sont encadr\u00e9s et form\u00e9s par les parents accompagnateurs* et les professionnels de l'\u00e9ducation.\n\t<p><a href=\"#_ftnref1\" name=\"_ftn1\">[1]<\/a> Les autres points forts du contenu sont : Le r\u00f4le d'accompagnateur parental*, la <em>Griffbereit<\/em>-Mat\u00e9riel, mise en \u0153uvre pratique, r\u00e9flexion, th\u00e8mes \u00e9ducatifs, organisation de r\u00e9unions de parents, etc.<\/p>","protected":false},"excerpt":{"rendered":"<div class=\"entry-summary\">\n<div class=\"entry-summary\">\nEckpunkte Griffbereit-Gruppe: Art der Veranstaltung: mehrsprachige Eltern-Kind-Aktivit\u00e4ten Alter der Kinder: zwischen 1 und 3 Jahren Teilnehmer(innen)zahl: bis zu&hellip;\n<\/div>\n<div class=\"link-more\"><a href=\"https:\/\/www.griffbereit-rucksack.de\/fr\/organisatorisches-griffbereit\/\" class=\"more-link\">Continuer la lecture<span class=\"screen-reader-text\"> &ldquo;Organisatorisches Griffbereit&rdquo;<\/span>...<\/a><\/div>\n<\/div>\n<div class=\"link-more\"><a href=\"https:\/\/www.griffbereit-rucksack.de\/fr\/organisatorisches-griffbereit\/\" class=\"more-link\">Continuer la lecture<span class=\"screen-reader-text\"> &ldquo;Organisatorisches Griffbereit&rdquo;<\/span>...<\/a><\/div>","protected":false},"author":1,"featured_media":0,"parent":0,"menu_order":0,"comment_status":"closed","ping_status":"closed","template":"","meta":{"_acf_changed":false,"footnotes":""},"class_list":["post-2705","page","type-page","status-publish","hentry","entry"],"acf":[],"_links":{"self":[{"href":"https:\/\/www.griffbereit-rucksack.de\/fr\/wp-json\/wp\/v2\/pages\/2705","targetHints":{"allow":["GET"]}}],"collection":[{"href":"https:\/\/www.griffbereit-rucksack.de\/fr\/wp-json\/wp\/v2\/pages"}],"about":[{"href":"https:\/\/www.griffbereit-rucksack.de\/fr\/wp-json\/wp\/v2\/types\/page"}],"author":[{"embeddable":true,"href":"https:\/\/www.griffbereit-rucksack.de\/fr\/wp-json\/wp\/v2\/users\/1"}],"replies":[{"embeddable":true,"href":"https:\/\/www.griffbereit-rucksack.de\/fr\/wp-json\/wp\/v2\/comments?post=2705"}],"version-history":[{"count":0,"href":"https:\/\/www.griffbereit-rucksack.de\/fr\/wp-json\/wp\/v2\/pages\/2705\/revisions"}],"wp:attachment":[{"href":"https:\/\/www.griffbereit-rucksack.de\/fr\/wp-json\/wp\/v2\/media?parent=2705"}],"curies":[{"name":"wp","href":"https:\/\/api.w.org\/{rel}","templated":true}]}}