{"id":2700,"date":"2020-08-13T13:05:34","date_gmt":"2020-08-13T11:05:34","guid":{"rendered":"https:\/\/www.griffbereit-rucksack.de\/?page_id=2700"},"modified":"2020-08-17T17:00:32","modified_gmt":"2020-08-17T15:00:32","slug":"griffbereit-material","status":"publish","type":"page","link":"https:\/\/www.griffbereit-rucksack.de\/fr\/griffbereit-material\/","title":{"rendered":"Mat\u00e9riau Griffbereit"},"content":{"rendered":"<h2>\n\t\tLes mat\u00e9riaux Griffbereit en un coup d'\u0153il\n\t<\/h2>\n\t<p>Le package complet comprend<\/p>\n<ul>\n<li><strong><em>Griffbereit<\/em><\/strong><strong>-Mat\u00e9riel pour les parents :<\/strong> 64 modules (sous forme d'activit\u00e9s et de propositions de jeux adapt\u00e9s \u00e0 l'\u00e2ge et au d\u00e9veloppement) pour le travail des parents\/familles dans les diff\u00e9rentes langues familiales avec les enfants en groupe et \u00e0 la maison. Le mat\u00e9riel pour les parents est disponible en albanais, allemand, anglais, arabe, bulgare, dari, croate, espagnol, farsi, fran\u00e7ais, grec, h\u00e9breu, italien, kurde, n\u00e9erlandais, pachto, polonais, romani, roumain, russe, serbe, tch\u00e9tch\u00e8ne, turc et vietnamien.<\/li>\n<li><strong>Manuel pour les accompagnateurs de parents* :<\/strong> Le manuel de <em>Griffbereit<\/em>-accompagnateurs parentaux* sert de base \u00e0 la pr\u00e9paration et \u00e0 l'introduction au travail avec le <em>Griffbereit<\/em>-programme de formation. Il fournit des informations sur la mise en \u0153uvre pratique, explique le r\u00f4le des parents-accompagnateurs, fournit du mat\u00e9riel sur les conditions de mise en \u0153uvre et sur les relations publiques, etc. Il donne des exemples de conception d'un <em>Griffbereit<\/em>-Il donne des conseils pour la r\u00e9flexion et les r\u00e9unions th\u00e9matiques de parents dans les \u00e9tablissements concern\u00e9s.<\/li>\n<\/ul>\n\t<ul>\n<li><strong>Mat\u00e9riaux compl\u00e9mentaires<\/strong> pour planifier et pr\u00e9parer de mani\u00e8re cibl\u00e9e le travail multilingue en <em>Griffbereit<\/em>-groupe.<\/li>\n<\/ul>\n<p>Le mat\u00e9riel est con\u00e7u pour une p\u00e9riode de 64 semaines, les \u00e9l\u00e9ments 1-31 s'adressant plut\u00f4t aux jeunes enfants jusqu'\u00e0 l'\u00e2ge de deux ans environ et les \u00e9l\u00e9ments 32-64 s'adressant plut\u00f4t aux enfants de deux ans et plus. Les mat\u00e9riaux sont constamment d\u00e9velopp\u00e9s et des traductions suppl\u00e9mentaires sont ajout\u00e9es en fonction des d\u00e9veloppements de la soci\u00e9t\u00e9 d'immigration et de la diversit\u00e9.<\/p>\n<p><strong>Malgr\u00e9 les suggestions th\u00e9matiques, le programme est ouvert et flexible. La mise en \u0153uvre est compatible avec diff\u00e9rents concepts p\u00e9dagogiques et l'apprentissage linguistique int\u00e9gr\u00e9 au quotidien.<\/strong>.<\/p>","protected":false},"excerpt":{"rendered":"<div class=\"entry-summary\">\n<div class=\"entry-summary\">\nDie Griffbereit-Materialien im \u00dcberblick Das Gesamtpaket besteht aus: Griffbereit-Elternmaterialien: 64 Bausteine (in Form von alters- sowie entwicklungsgerechten Aktivit\u00e4ten&hellip;\n<\/div>\n<div class=\"link-more\"><a href=\"https:\/\/www.griffbereit-rucksack.de\/fr\/griffbereit-material\/\" class=\"more-link\">Continuer la lecture<span class=\"screen-reader-text\"> &ldquo;Griffbereit-Material&rdquo;<\/span>...<\/a><\/div>\n<\/div>\n<div class=\"link-more\"><a href=\"https:\/\/www.griffbereit-rucksack.de\/fr\/griffbereit-material\/\" class=\"more-link\">Continuer la lecture<span class=\"screen-reader-text\"> &ldquo;Griffbereit-Material&rdquo;<\/span>...<\/a><\/div>","protected":false},"author":1,"featured_media":0,"parent":0,"menu_order":0,"comment_status":"closed","ping_status":"closed","template":"","meta":{"_acf_changed":false,"footnotes":""},"class_list":["post-2700","page","type-page","status-publish","hentry","entry"],"acf":[],"_links":{"self":[{"href":"https:\/\/www.griffbereit-rucksack.de\/fr\/wp-json\/wp\/v2\/pages\/2700","targetHints":{"allow":["GET"]}}],"collection":[{"href":"https:\/\/www.griffbereit-rucksack.de\/fr\/wp-json\/wp\/v2\/pages"}],"about":[{"href":"https:\/\/www.griffbereit-rucksack.de\/fr\/wp-json\/wp\/v2\/types\/page"}],"author":[{"embeddable":true,"href":"https:\/\/www.griffbereit-rucksack.de\/fr\/wp-json\/wp\/v2\/users\/1"}],"replies":[{"embeddable":true,"href":"https:\/\/www.griffbereit-rucksack.de\/fr\/wp-json\/wp\/v2\/comments?post=2700"}],"version-history":[{"count":0,"href":"https:\/\/www.griffbereit-rucksack.de\/fr\/wp-json\/wp\/v2\/pages\/2700\/revisions"}],"wp:attachment":[{"href":"https:\/\/www.griffbereit-rucksack.de\/fr\/wp-json\/wp\/v2\/media?parent=2700"}],"curies":[{"name":"wp","href":"https:\/\/api.w.org\/{rel}","templated":true}]}}