{"id":2665,"date":"2020-08-12T15:40:26","date_gmt":"2020-08-12T13:40:26","guid":{"rendered":"https:\/\/www.griffbereit-rucksack.de\/?page_id=2665"},"modified":"2020-09-15T12:44:55","modified_gmt":"2020-09-15T10:44:55","slug":"ablauf-griffbereit","status":"publish","type":"page","link":"https:\/\/www.griffbereit-rucksack.de\/fr\/ablauf-griffbereit\/","title":{"rendered":"D\u00e9roulement Griffbereit"},"content":{"rendered":"<h2>\n\t\tComment fonctionne Griffbereit ?\n\t<\/h2>\n\t<p>Les parents et les enfants prennent environ <strong>1 fois par semaine pendant 1 an (peut \u00eatre plus fr\u00e9quent si les familles en ont besoin). <\/strong>\u00e0 la <em>Griffbereit<\/em>-groupe de discussion. Le programme est propos\u00e9 par exemple dans les cr\u00e8ches, les centres familiaux ou d'autres institutions \u00e9ducatives qui sont des points de contact pour les familles.<\/p>\n\t<p><strong>Caract\u00e9ristique de <em>Griffbereit<\/em>-groupes :<\/strong><\/p>\n<ul>\n<li>Les interactions parents-enfants (jeux, chants, bricolage, etc.) sont guid\u00e9es par des accompagnateurs parentaux* sp\u00e9cialement qualifi\u00e9s.<\/li>\n<li>Dans la <em>Griffbereit<\/em>-Dans un groupe, on parle toujours deux langues ou plus : l'allemand ET la\/les langue(s) de la famille des participants*.<\/li>\n<\/ul>\n<p>Sp\u00e9cialement con\u00e7us <em>Griffbereit<\/em>-Le mat\u00e9riel d'apprentissage de la langue offre aux parents\/familles des suggestions adapt\u00e9es \u00e0 l'\u00e2ge et au d\u00e9veloppement de l'enfant pour varier les activit\u00e9s de jeu et de langage avec leurs enfants au sein de la famille.<\/p>","protected":false},"excerpt":{"rendered":"<div class=\"entry-summary\">\n<div class=\"entry-summary\">\nWie l\u00e4uft Griffbereit? Eltern und Kinder nehmen ca. 1 Jahr lang regul\u00e4r 1 x pro Woche (kann auch&hellip;\n<\/div>\n<div class=\"link-more\"><a href=\"https:\/\/www.griffbereit-rucksack.de\/fr\/ablauf-griffbereit\/\" class=\"more-link\">Continuer la lecture<span class=\"screen-reader-text\"> &ldquo;Ablauf Griffbereit&rdquo;<\/span>...<\/a><\/div>\n<\/div>\n<div class=\"link-more\"><a href=\"https:\/\/www.griffbereit-rucksack.de\/fr\/ablauf-griffbereit\/\" class=\"more-link\">Continuer la lecture<span class=\"screen-reader-text\"> &ldquo;Ablauf Griffbereit&rdquo;<\/span>...<\/a><\/div>","protected":false},"author":1,"featured_media":0,"parent":0,"menu_order":0,"comment_status":"closed","ping_status":"closed","template":"","meta":{"_acf_changed":false,"footnotes":""},"class_list":["post-2665","page","type-page","status-publish","hentry","entry"],"acf":[],"_links":{"self":[{"href":"https:\/\/www.griffbereit-rucksack.de\/fr\/wp-json\/wp\/v2\/pages\/2665","targetHints":{"allow":["GET"]}}],"collection":[{"href":"https:\/\/www.griffbereit-rucksack.de\/fr\/wp-json\/wp\/v2\/pages"}],"about":[{"href":"https:\/\/www.griffbereit-rucksack.de\/fr\/wp-json\/wp\/v2\/types\/page"}],"author":[{"embeddable":true,"href":"https:\/\/www.griffbereit-rucksack.de\/fr\/wp-json\/wp\/v2\/users\/1"}],"replies":[{"embeddable":true,"href":"https:\/\/www.griffbereit-rucksack.de\/fr\/wp-json\/wp\/v2\/comments?post=2665"}],"version-history":[{"count":0,"href":"https:\/\/www.griffbereit-rucksack.de\/fr\/wp-json\/wp\/v2\/pages\/2665\/revisions"}],"wp:attachment":[{"href":"https:\/\/www.griffbereit-rucksack.de\/fr\/wp-json\/wp\/v2\/media?parent=2665"}],"curies":[{"name":"wp","href":"https:\/\/api.w.org\/{rel}","templated":true}]}}