{"id":2658,"date":"2020-08-12T14:02:49","date_gmt":"2020-08-12T12:02:49","guid":{"rendered":"https:\/\/www.griffbereit-rucksack.de\/?page_id=2658"},"modified":"2021-07-06T12:45:07","modified_gmt":"2021-07-06T10:45:07","slug":"angebot-griffbereit","status":"publish","type":"page","link":"https:\/\/www.griffbereit-rucksack.de\/fr\/angebot-griffbereit\/","title":{"rendered":"Offre Griffbereit"},"content":{"rendered":"<h2>\n\t\tQue fait Griffbereit ?\n\t<\/h2>\n\t<p><em>Griffbereit<\/em> encourage le d\u00e9veloppement de la petite enfance par des activit\u00e9s adapt\u00e9es aux jeunes enfants avec les parents\/familles, comme par exemple jouer, chanter ou peindre ensemble dans les langues familiales et en allemand. Cela cr\u00e9e une base importante pour l'acquisition de comp\u00e9tences linguistiques.<\/p>\n<p><strong>Le programme permet aux *parents\/*familles d'\u00eatre eux-m\u00eames les acteurs, car ils sont les premiers mod\u00e8les de langue et ont le lien le plus \u00e9troit avec leurs enfants au quotidien.<\/strong><\/p>\n\t<p>Dans ce que l'on appelle les <em>Griffbereit<\/em>-Ils apprennent comment renforcer le d\u00e9veloppement g\u00e9n\u00e9ral et linguistique de leurs enfants dans des groupes de parole. Ils sont soutenus par des accompagnateurs de parents form\u00e9s et g\u00e9n\u00e9ralement multilingues.<\/p>\n<p>Les enfants en bas \u00e2ge, qu'ils aient ou non une histoire familiale internationale, entrent ainsi tr\u00e8s t\u00f4t en contact avec l'allemand et d'autres langues. Ainsi, les <em>Griffbereit<\/em> la possibilit\u00e9 de <a href=\"https:\/\/www.griffbereit-rucksack.de\/fr\/mehrsprachigkeit\/\"><strong>Multilinguisme<\/strong><strong> comme potentiel des enfants<\/strong><\/a> de l'UE.<\/p>\n<p>&nbsp;<\/p>","protected":false},"excerpt":{"rendered":"<div class=\"entry-summary\">\n<div class=\"entry-summary\">\nWas leistet Griffbereit? Griffbereit f\u00f6rdert die fr\u00fchkindliche Entwicklung durch kleinkindgerechte Aktivit\u00e4ten mit den Eltern\/Familien, wie z.B. gemeinsames Spielen,&hellip;\n<\/div>\n<div class=\"link-more\"><a href=\"https:\/\/www.griffbereit-rucksack.de\/fr\/angebot-griffbereit\/\" class=\"more-link\">Continuer la lecture<span class=\"screen-reader-text\"> &ldquo;Angebot Griffbereit&rdquo;<\/span>...<\/a><\/div>\n<\/div>\n<div class=\"link-more\"><a href=\"https:\/\/www.griffbereit-rucksack.de\/fr\/angebot-griffbereit\/\" class=\"more-link\">Continuer la lecture<span class=\"screen-reader-text\"> &ldquo;Angebot Griffbereit&rdquo;<\/span>...<\/a><\/div>","protected":false},"author":1,"featured_media":0,"parent":0,"menu_order":0,"comment_status":"closed","ping_status":"closed","template":"","meta":{"_acf_changed":false,"footnotes":""},"class_list":["post-2658","page","type-page","status-publish","hentry","entry"],"acf":[],"_links":{"self":[{"href":"https:\/\/www.griffbereit-rucksack.de\/fr\/wp-json\/wp\/v2\/pages\/2658","targetHints":{"allow":["GET"]}}],"collection":[{"href":"https:\/\/www.griffbereit-rucksack.de\/fr\/wp-json\/wp\/v2\/pages"}],"about":[{"href":"https:\/\/www.griffbereit-rucksack.de\/fr\/wp-json\/wp\/v2\/types\/page"}],"author":[{"embeddable":true,"href":"https:\/\/www.griffbereit-rucksack.de\/fr\/wp-json\/wp\/v2\/users\/1"}],"replies":[{"embeddable":true,"href":"https:\/\/www.griffbereit-rucksack.de\/fr\/wp-json\/wp\/v2\/comments?post=2658"}],"version-history":[{"count":0,"href":"https:\/\/www.griffbereit-rucksack.de\/fr\/wp-json\/wp\/v2\/pages\/2658\/revisions"}],"wp:attachment":[{"href":"https:\/\/www.griffbereit-rucksack.de\/fr\/wp-json\/wp\/v2\/media?parent=2658"}],"curies":[{"name":"wp","href":"https:\/\/api.w.org\/{rel}","templated":true}]}}