{"id":2366,"date":"2020-03-02T13:32:29","date_gmt":"2020-03-02T12:32:29","guid":{"rendered":"https:\/\/www.griffbereit-rucksack.de\/?page_id=2366"},"modified":"2023-07-17T16:16:56","modified_gmt":"2023-07-17T14:16:56","slug":"mitmachen","status":"publish","type":"page","link":"https:\/\/www.griffbereit-rucksack.de\/fr\/mitmachen\/","title":{"rendered":"Participer"},"content":{"rendered":"<h3><strong><u>Institution (d'enseignement)<\/u><\/strong><\/h3>\n<p><em>Pourquoi participer ? <\/em><\/p>\n<p><em>Griffbereit<\/em> et <em>Rucksack KiTa<\/em> sont des programmes qui se d\u00e9roulent dans des institutions (\u00e9ducatives). C'est une grande opportunit\u00e9 : d'une part, le partenariat \u00e9ducatif entre les familles et les institutions (\u00e9ducatives) peut \u00eatre renforc\u00e9 dans le sens d'un partenariat de comp\u00e9tences dont les deux parties peuvent profiter durablement. D'autre part, cela permet aux institutions (\u00e9ducatives) de s'ouvrir \u00e0 la diversit\u00e9 et au multilinguisme. Cette ouverture peut d\u00e9clencher des processus susceptibles d'entra\u00eener des changements importants dans votre \u00e9tablissement d'enseignement \u00e9galement.<\/p>\n<p><strong>Vous souhaitez participer en tant qu'institution (d'enseignement) et <em>Griffbereit ou Rucksack KiTa <\/em>effectuer vous-m\u00eame ?<\/strong><\/p>\n<p>Le localisateur de centres de coordination est l\u00e0 pour vous aider.<\/p>\n<p>Pour vous aider, en tant qu'institution (\u00e9ducative) int\u00e9ress\u00e9e, \u00e0 contacter le centre de coordination comp\u00e9tent pour vous, nous avons mis en place la fonction de recherche suivante.<\/p>\n<p>So einfach geht&#8217;s:<\/p>\n<p>Il vous suffit de saisir le code postal de la commune de votre \u00e9tablissement d'enseignement pour trouver le centre de coordination le plus proche de chez vous.<\/p>\n        <form class=\"bs_search-form\" action=\"\/fr\/state\/\" method=\"get\" data-trp-original-action=\"\/state\/\">\n            <select required class=\"bs_state_field\" name=\"bss\">\n                <option value>\u00c9tat f\u00e9d\u00e9ral<\/option>\n                <option value='1'>Bade-Wurtemberg<\/option><option value='2'>Bavi\u00e8re<\/option><option value='3'>Berlin<\/option><option value='4'>Brandebourg<\/option><option value='5'>Br\u00eame<\/option><option value='6'>Hambourg<\/option><option value='7'>Hesse<\/option><option value='8'>Mecklembourg-Pom\u00e9ranie occidentale<\/option><option value='9'>Basse-Saxe<\/option><option value='10'>Rh\u00e9nanie-du-Nord-Westphalie<\/option><option value='11'>Rh\u00e9nanie-Palatinat<\/option><option value='12'>Sarre<\/option><option value='13'>Saxe<\/option><option value='14'>Saxe-Anhalt<\/option><option value='15'>Schleswig-Holstein<\/option><option value='16'>Thuringe<\/option>            <\/select>\n            <select required class=\"bs_program_field\" name=\"bsp\">\n                <option value>Programme<\/option>\n                <option value='206'>griffbereitMINI<\/option><option value='121'>Griffbereit<\/option><option value='122'>Rucksack KiTa<\/option>            <\/select>\n            <input type=\"hidden\" name=\"bsg\" class=\"bs_searchgroup\" value=\"2\">\n            <input type=\"submit\" value=\"Trouver\">\n        <input type=\"hidden\" name=\"trp-form-language\" value=\"fr\"\/><\/form>\n        \n\t<h3><strong><u>Parents\/familles<\/u><\/strong><\/h3>\n<p><em>Pourquoi participer ? <\/em><\/p>\n<p>En \u00e9changeant avec d'autres parents\/familles et avec les professionnels de l'\u00e9ducation de la cr\u00e8che, vous apprendrez comment renforcer le d\u00e9veloppement linguistique et g\u00e9n\u00e9ral de vos enfants de mani\u00e8re ludique. L'accent est mis sur la promotion du multilinguisme. Cela inclut le renforcement de la ou des langues familiales et la d\u00e9couverte d'autres langues.<\/p>\n<p><strong>O\u00f9 puis-je trouver un groupe Griffbereit ou Rucksack KiTa ?<\/strong><\/p>\n<p><strong>Vous souhaitez participer en tant que famille et vous cherchez une <em>Groupe Griffbereit ou Rucksack KiTa<\/em>?<\/strong><\/p>\n<p>Le localisateur de groupes vous aide \u00e0 le faire.<\/p>\n<p>Le service en ligne vous fournit en quelques clics des informations sur les <em>Griffbereit<\/em> et\/ou <em>Rucksack KiTa<\/em> les \u00e9tablissements d'enseignement les plus proches de chez vous.<\/p>\n<p>So einfach geht&#8217;s:<\/p>\n<p>En cliquant sur l'\u00e9tablissement souhait\u00e9 dans la liste ou sur la carte, vous obtiendrez des informations d\u00e9taill\u00e9es.<\/p>\n        <form class=\"bs_search-form\" action=\"\/fr\/state\/\" method=\"get\" data-trp-original-action=\"\/state\/\">\n            <select required class=\"bs_state_field\" name=\"bss\">\n                <option value>\u00c9tat f\u00e9d\u00e9ral<\/option>\n                <option value='1'>Bade-Wurtemberg<\/option><option value='2'>Bavi\u00e8re<\/option><option value='3'>Berlin<\/option><option value='4'>Brandebourg<\/option><option value='5'>Br\u00eame<\/option><option value='6'>Hambourg<\/option><option value='7'>Hesse<\/option><option value='8'>Mecklembourg-Pom\u00e9ranie occidentale<\/option><option value='9'>Basse-Saxe<\/option><option value='10'>Rh\u00e9nanie-du-Nord-Westphalie<\/option><option value='11'>Rh\u00e9nanie-Palatinat<\/option><option value='12'>Sarre<\/option><option value='13'>Saxe<\/option><option value='14'>Saxe-Anhalt<\/option><option value='15'>Schleswig-Holstein<\/option><option value='16'>Thuringe<\/option>            <\/select>\n            <select required class=\"bs_program_field\" name=\"bsp\">\n                <option value>Programme<\/option>\n                <option value='206'>griffbereitMINI<\/option><option value='121'>Griffbereit<\/option><option value='122'>Rucksack KiTa<\/option>            <\/select>\n            <input type=\"hidden\" name=\"bsg\" class=\"bs_searchgroup\" value=\"1\">\n            <input type=\"submit\" value=\"Trouver\">\n        <input type=\"hidden\" name=\"trp-form-language\" value=\"fr\"\/><\/form>\n        \n\t<h3><strong><u>Commune<\/u><\/strong><\/h3>\n<p><em>Pourquoi participer ? <\/em><\/p>\n<p>Les programmes <em>Griffbereit<\/em> et <em>Rucksack KiTa<\/em> sont des programmes innovants et couronn\u00e9s de succ\u00e8s \u00e0 l'\u00e9chelle nationale, qui misent de mani\u00e8re cibl\u00e9e sur la promotion de l'\u00e9ducation linguistique et de l'\u00e9ducation familiale et, en m\u00eame temps, sur l'ouverture des institutions (\u00e9ducatives) \u00e0 la diversit\u00e9 et \u00e0 la soci\u00e9t\u00e9 d'immigration. Les enfants sont pr\u00e9par\u00e9s et accompagn\u00e9s de la meilleure mani\u00e8re possible dans leur parcours \u00e9ducatif, dans l'optique de l'\u00e9galit\u00e9 des chances pour tous les enfants en mati\u00e8re d'\u00e9ducation. En m\u00eame temps, les parents\/familles sont activ\u00e9s sur ce chemin commun.<\/p>\n<p>De plus, les programmes sont fortement ax\u00e9s sur l'espace social (mise en r\u00e9seau dans l'espace social), diff\u00e9renci\u00e9s en fonction des groupes cibles et accompagn\u00e9s, \u00e9valu\u00e9s et certifi\u00e9s par des scientifiques reconnus. Ils sont continuellement d\u00e9velopp\u00e9s et adapt\u00e9s aux r\u00e9alit\u00e9s sociales. Les programmes souhaitent ainsi initier des processus de changement vers une soci\u00e9t\u00e9 dans laquelle l'\u00e9ducation pr\u00e9coce et le partenariat \u00e9ducatif entre les institutions (d'\u00e9ducation) et les familles sont naturellement conscients de la diversit\u00e9, multilingues, sensibles \u00e0 la culture et ouverts \u00e0 la soci\u00e9t\u00e9 d'immigration.<\/p>\n<p><strong>Vous souhaitez participer en tant que municipalit\u00e9 et <em>Griffbereit ou Rucksack KiTa <\/em>en coop\u00e9ration avec vos \u00e9tablissements d'enseignement ?<\/strong><\/p>\n<p>Le localisateur de centres de coordination nationaux vous aidera \u00e0 le faire.<\/p>\n<p>Pour vous aider, en tant que municipalit\u00e9 int\u00e9ress\u00e9e, \u00e0 contacter le centre de coordination national comp\u00e9tent pour votre r\u00e9gion, nous avons mis en place la fonction de recherche suivante.<\/p>\n<p>So einfach geht&#8217;s:<\/p>\n<p>Il vous suffit de saisir le code postal de votre commune pour trouver le centre de coordination national comp\u00e9tent pour vous.<\/p>\n        <form class=\"bs_search-form\" action=\"\/fr\/state\/\" method=\"get\" data-trp-original-action=\"\/state\/\">\n            <select required class=\"bs_state_field\" name=\"bss\">\n                <option value>\u00c9tat f\u00e9d\u00e9ral<\/option>\n                <option value='1'>Bade-Wurtemberg<\/option><option value='2'>Bavi\u00e8re<\/option><option value='3'>Berlin<\/option><option value='4'>Brandebourg<\/option><option value='5'>Br\u00eame<\/option><option value='6'>Hambourg<\/option><option value='7'>Hesse<\/option><option value='8'>Mecklembourg-Pom\u00e9ranie occidentale<\/option><option value='9'>Basse-Saxe<\/option><option value='10'>Rh\u00e9nanie-du-Nord-Westphalie<\/option><option value='11'>Rh\u00e9nanie-Palatinat<\/option><option value='12'>Sarre<\/option><option value='13'>Saxe<\/option><option value='14'>Saxe-Anhalt<\/option><option value='15'>Schleswig-Holstein<\/option><option value='16'>Thuringe<\/option>            <\/select>\n            <select required class=\"bs_program_field\" name=\"bsp\">\n                <option value>Programme<\/option>\n                <option value='206'>griffbereitMINI<\/option><option value='121'>Griffbereit<\/option><option value='122'>Rucksack KiTa<\/option>            <\/select>\n            <input type=\"hidden\" name=\"bsg\" class=\"bs_searchgroup\" value=\"2\">\n            <input type=\"submit\" value=\"Trouver\">\n        <input type=\"hidden\" name=\"trp-form-language\" value=\"fr\"\/><\/form>\n        \n\t<h3><strong><u>Accompagnateur de parents*.<\/u><\/strong><\/h3>\n<p>Pourquoi participer ?<\/p>\n<p>Les parents-accompagnateurs* ont, dans le cadre de <em>Griffbereit <\/em>et <em>Rucksack KiTa<\/em> jouent un r\u00f4le essentiel. Ils dirigent les groupes Griffbereit ou Rucksack KiTa et assurent la coh\u00e9rence et la fiabilit\u00e9 de l'utilisation du multilinguisme dans le groupe.<\/p>\n<p>Le multilinguisme, la coop\u00e9ration dans la diversit\u00e9 et l'ouverture d'esprit sont des qualit\u00e9s que vous devez montrer aux parents\/familles en tant qu'accompagnateurs de parents.  Gr\u00e2ce \u00e0 l'impulsion que vous donnez en cr\u00e9ant les <em>Griffbereit<\/em> respectivement <em>Rucksack KiTa<\/em>-Les parents\/familles re\u00e7oivent de nouvelles id\u00e9es et de l'assurance pour s'occuper de leurs enfants et renforcer les relations au sein de la famille.<\/p>\n<p>Diese T\u00e4tigkeit kann auch ein Einstieg in das p\u00e4dagogische Arbeitsfeld sein&#8230;<\/p>\n<p><strong>Vous souhaitez participer en tant qu'accompagnateur parental* et <em>Griffbereit ou Rucksack KiTa <\/em>de l'entreprise ?<\/strong><\/p>\n<p>Le localisateur de centres de coordination est l\u00e0 pour vous aider.<\/p>\n<p>Pour vous aider, en tant que parent accompagnateur*, \u00e0 contacter le centre de coordination le plus proche de chez vous, nous avons mis en place la fonction de recherche suivante.<\/p>\n<p>So einfach geht&#8217;s:<\/p>\n<p>Il vous suffit de saisir le code postal de la commune dans laquelle vous vivez pour trouver le centre de coordination le plus proche de chez vous.<\/p>\n        <form class=\"bs_search-form\" action=\"\/fr\/state\/\" method=\"get\" data-trp-original-action=\"\/state\/\">\n            <select required class=\"bs_state_field\" name=\"bss\">\n                <option value>\u00c9tat f\u00e9d\u00e9ral<\/option>\n                <option value='1'>Bade-Wurtemberg<\/option><option value='2'>Bavi\u00e8re<\/option><option value='3'>Berlin<\/option><option value='4'>Brandebourg<\/option><option value='5'>Br\u00eame<\/option><option value='6'>Hambourg<\/option><option value='7'>Hesse<\/option><option value='8'>Mecklembourg-Pom\u00e9ranie occidentale<\/option><option value='9'>Basse-Saxe<\/option><option value='10'>Rh\u00e9nanie-du-Nord-Westphalie<\/option><option value='11'>Rh\u00e9nanie-Palatinat<\/option><option value='12'>Sarre<\/option><option value='13'>Saxe<\/option><option value='14'>Saxe-Anhalt<\/option><option value='15'>Schleswig-Holstein<\/option><option value='16'>Thuringe<\/option>            <\/select>\n            <select required class=\"bs_program_field\" name=\"bsp\">\n                <option value>Programme<\/option>\n                <option value='206'>griffbereitMINI<\/option><option value='121'>Griffbereit<\/option><option value='122'>Rucksack KiTa<\/option>            <\/select>\n            <input type=\"hidden\" name=\"bsg\" class=\"bs_searchgroup\" value=\"2\">\n            <input type=\"submit\" value=\"Trouver\">\n        <input type=\"hidden\" name=\"trp-form-language\" value=\"fr\"\/><\/form>","protected":false},"excerpt":{"rendered":"<div class=\"entry-summary\">\n<div class=\"entry-summary\">\n(Bildungs-) Institution Warum soll ich mitmachen? Griffbereit und Rucksack KiTa sind Programme, die in (Bildungs-) Institutionen stattfinden. Das&hellip;\n<\/div>\n<div class=\"link-more\"><a href=\"https:\/\/www.griffbereit-rucksack.de\/fr\/mitmachen\/\" class=\"more-link\">Continuer la lecture<span class=\"screen-reader-text\"> &ldquo;Mitmachen&rdquo;<\/span>...<\/a><\/div>\n<\/div>\n<div class=\"link-more\"><a href=\"https:\/\/www.griffbereit-rucksack.de\/fr\/mitmachen\/\" class=\"more-link\">Continuer la lecture<span class=\"screen-reader-text\"> &ldquo;Mitmachen&rdquo;<\/span>...<\/a><\/div>","protected":false},"author":1,"featured_media":0,"parent":0,"menu_order":0,"comment_status":"closed","ping_status":"closed","template":"","meta":{"_acf_changed":false,"footnotes":""},"class_list":["post-2366","page","type-page","status-publish","hentry","entry"],"acf":[],"_links":{"self":[{"href":"https:\/\/www.griffbereit-rucksack.de\/fr\/wp-json\/wp\/v2\/pages\/2366","targetHints":{"allow":["GET"]}}],"collection":[{"href":"https:\/\/www.griffbereit-rucksack.de\/fr\/wp-json\/wp\/v2\/pages"}],"about":[{"href":"https:\/\/www.griffbereit-rucksack.de\/fr\/wp-json\/wp\/v2\/types\/page"}],"author":[{"embeddable":true,"href":"https:\/\/www.griffbereit-rucksack.de\/fr\/wp-json\/wp\/v2\/users\/1"}],"replies":[{"embeddable":true,"href":"https:\/\/www.griffbereit-rucksack.de\/fr\/wp-json\/wp\/v2\/comments?post=2366"}],"version-history":[{"count":0,"href":"https:\/\/www.griffbereit-rucksack.de\/fr\/wp-json\/wp\/v2\/pages\/2366\/revisions"}],"wp:attachment":[{"href":"https:\/\/www.griffbereit-rucksack.de\/fr\/wp-json\/wp\/v2\/media?parent=2366"}],"curies":[{"name":"wp","href":"https:\/\/api.w.org\/{rel}","templated":true}]}}