{"id":2281,"date":"2020-01-31T19:42:49","date_gmt":"2020-01-31T18:42:49","guid":{"rendered":"https:\/\/www.griffbereit-rucksack.de\/?page_id=2281"},"modified":"2024-05-07T09:27:53","modified_gmt":"2024-05-07T07:27:53","slug":"impressum","status":"publish","type":"page","link":"https:\/\/www.griffbereit-rucksack.de\/fr\/impressum\/","title":{"rendered":"Mentions l\u00e9gales"},"content":{"rendered":"<p><strong>Informations conform\u00e9ment au \u00a7 5 TMG<\/strong><\/p>\n\u00c9diteur de ces pages web :<br \/>\nFondation Centre d'\u00e9tudes sur la Turquie et la recherche sur l'int\u00e9gration<br \/>\nAltendorfer Str. 3<br \/>\n45127 Essen\nVertreten durch:<br \/>\nSerap G\u00fcler, Andreas Bl\u00e4tte, Dirk Halm\n<strong>Contact<\/strong><br \/>\nT\u00e9l\u00e9phone : +49 (0) 201 31 98-0<br \/>\nT\u00e9l\u00e9copieur : +49 (0) 201 31 98-333<br \/>\nCourrier \u00e9lectronique : zfti@zfti.de\n<strong>Registre et num\u00e9ro de registre<\/strong><br \/>\nRegistre des fondations, num\u00e9ro d'enregistrement 21.13-St.934<br \/>\nNum\u00e9ro de TVA intracommunautaire :<br \/>\nNum\u00e9ro d'identification de la taxe sur le chiffre d'affaires conform\u00e9ment au \u00a727 a de la loi sur la taxe sur le chiffre d'affaires :<br \/>\nFR 223459103<br \/>\nAutorit\u00e9 de surveillance :<br \/>\nGouvernement du district de D\u00fcsseldorf<br \/>\nResponsable du contenu conform\u00e9ment au \u00a7 55 Abs. 2 RStV :<br \/>\nFondation Hac\u0131 Halil Uslucan Centre d'\u00e9tudes turques et de recherche sur l'int\u00e9gration<br \/>\nAltendorfer Str. 3<br \/>\n45127 Essen\n<strong>Coordination et maintenance du site web<\/strong><br \/>\nFondation Centre d'\u00e9tudes sur la Turquie et la recherche sur l'int\u00e9gration<br \/>\n3, rue Altendorf<br \/>\n45127 Essen<br \/>\nAllemagne<br \/>\nT\u00e9l. : 0201-3198-0<br \/>\nCourrier \u00e9lectronique : zfti@zfti.de<br \/>\nSite web : www. zfti.de\n<p>&nbsp;<\/p>\n<p><strong>Clause de non-responsabilit\u00e9<\/strong><\/p>\n<p>Responsabilit\u00e9 du contenu<\/p>\n<p>Le contenu de nos pages a \u00e9t\u00e9 r\u00e9dig\u00e9 avec le plus grand soin. Nous ne pouvons toutefois pas garantir l'exactitude, l'exhaustivit\u00e9 et l'actualit\u00e9 des contenus. En tant que prestataire de services, nous sommes responsables de nos propres contenus sur ces pages conform\u00e9ment \u00e0 l'article 7, paragraphe 1, de la loi allemande sur les t\u00e9l\u00e9m\u00e9dias (TMG). Conform\u00e9ment aux \u00a7\u00a7 8 \u00e0 10 de la TMG, nous ne sommes toutefois pas tenus, en tant que prestataire de services, de surveiller les informations externes transmises ou enregistr\u00e9es ou de rechercher les circonstances qui indiquent une activit\u00e9 ill\u00e9gale. L'obligation de supprimer ou de bloquer l'utilisation d'informations conform\u00e9ment aux lois g\u00e9n\u00e9rales reste inchang\u00e9e. Une responsabilit\u00e9 \u00e0 cet \u00e9gard n'est toutefois possible qu'\u00e0 partir du moment o\u00f9 une violation concr\u00e8te de la loi est connue. D\u00e8s la prise de connaissance d'une telle violation, nous supprimerons imm\u00e9diatement le contenu en question.<\/p>\n<p>Responsabilit\u00e9 des liens<\/p>\n<p>Notre offre contient des liens vers des sites web externes de tiers, sur lesquels nous n'avons aucune influence. Nous ne pouvons donc pas nous porter garants de ces contenus externes. Le fournisseur ou l'exploitant des pages li\u00e9es est toujours responsable du contenu de ces pages. Les pages li\u00e9es ont \u00e9t\u00e9 v\u00e9rifi\u00e9es au moment de la cr\u00e9ation du lien afin de s'assurer qu'elles n'enfreignaient pas la loi. Aucun contenu ill\u00e9gal n'a \u00e9t\u00e9 identifi\u00e9 au moment de la cr\u00e9ation du lien. Un contr\u00f4le permanent du contenu des pages li\u00e9es n'est cependant pas exigible sans indices concrets d'une violation de la loi. Si nous prenons connaissance d'une violation de la loi, nous supprimerons imm\u00e9diatement les liens concern\u00e9s.<\/p>\n<p>Droit d'auteur<\/p>\n<p>Les contenus et \u0153uvres cr\u00e9\u00e9s par les exploitants de ces pages sont soumis au droit d'auteur allemand. La reproduction, le traitement, la diffusion et tout type d'exploitation en dehors des limites du droit d'auteur n\u00e9cessitent l'accord \u00e9crit de l'auteur ou du cr\u00e9ateur concern\u00e9. Les t\u00e9l\u00e9chargements et les copies de ce site ne sont autoris\u00e9s que pour un usage priv\u00e9 et non commercial. Dans la mesure o\u00f9 les contenus de ce site n'ont pas \u00e9t\u00e9 cr\u00e9\u00e9s par l'exploitant, les droits d'auteur de tiers sont respect\u00e9s. En particulier, les contenus de tiers sont identifi\u00e9s comme tels. Si vous deviez n\u00e9anmoins constater une violation des droits d'auteur, nous vous prions de nous en informer. D\u00e8s que nous aurons connaissance d'une violation de la loi, nous supprimerons imm\u00e9diatement le contenu en question.<\/p>\n<p>Communication par e-mail et formulaire de contact<\/p>\nNous attirons votre attention sur le fait que la transmission de donn\u00e9es sur Internet (par ex. lors de la communication par e-mail et via le formulaire de contact) peut pr\u00e9senter des failles de s\u00e9curit\u00e9 malgr\u00e9 le cryptage SSL. Une protection compl\u00e8te des donn\u00e9es contre l'acc\u00e8s par des tiers n'est pas possible. Si nous recevons un e-mail ou un message via le formulaire de contact de votre part, nous partons du principe que nous sommes autoris\u00e9s \u00e0 vous r\u00e9pondre par e-mail. Dans le cas contraire, nous devrons vous renvoyer express\u00e9ment \u00e0 un autre mode de communication.<br \/>\nL'utilisation par des tiers des donn\u00e9es de contact publi\u00e9es dans le cadre des mentions l\u00e9gales obligatoires pour l'envoi de publicit\u00e9 et de mat\u00e9riel d'information non express\u00e9ment demand\u00e9s est express\u00e9ment interdite. Les exploitants des pages se r\u00e9servent express\u00e9ment le droit d'engager des poursuites judiciaires en cas d'envoi non sollicit\u00e9 d'informations publicitaires, par exemple par le biais de spams.\n<p>&nbsp;<\/p>","protected":false},"excerpt":{"rendered":"<div class=\"entry-summary\">\n<div class=\"entry-summary\">\nAngaben gem\u00e4\u00df \u00a7 5 TMG Herausgeber dieser Webseiten: Stiftung Zentrum f\u00fcr T\u00fcrkeistudien und Integrationsforschung Altendorfer Str. 3 45127&hellip;\n<\/div>\n<div class=\"link-more\"><a href=\"https:\/\/www.griffbereit-rucksack.de\/fr\/impressum\/\" class=\"more-link\">Continuer la lecture<span class=\"screen-reader-text\"> &ldquo;Impressum&rdquo;<\/span>...<\/a><\/div>\n<\/div>\n<div class=\"link-more\"><a href=\"https:\/\/www.griffbereit-rucksack.de\/fr\/impressum\/\" class=\"more-link\">Continuer la lecture<span class=\"screen-reader-text\"> &ldquo;Impressum&rdquo;<\/span>...<\/a><\/div>","protected":false},"author":1,"featured_media":0,"parent":0,"menu_order":0,"comment_status":"closed","ping_status":"closed","template":"","meta":{"_acf_changed":false,"footnotes":""},"class_list":["post-2281","page","type-page","status-publish","hentry","entry"],"acf":[],"_links":{"self":[{"href":"https:\/\/www.griffbereit-rucksack.de\/fr\/wp-json\/wp\/v2\/pages\/2281","targetHints":{"allow":["GET"]}}],"collection":[{"href":"https:\/\/www.griffbereit-rucksack.de\/fr\/wp-json\/wp\/v2\/pages"}],"about":[{"href":"https:\/\/www.griffbereit-rucksack.de\/fr\/wp-json\/wp\/v2\/types\/page"}],"author":[{"embeddable":true,"href":"https:\/\/www.griffbereit-rucksack.de\/fr\/wp-json\/wp\/v2\/users\/1"}],"replies":[{"embeddable":true,"href":"https:\/\/www.griffbereit-rucksack.de\/fr\/wp-json\/wp\/v2\/comments?post=2281"}],"version-history":[{"count":0,"href":"https:\/\/www.griffbereit-rucksack.de\/fr\/wp-json\/wp\/v2\/pages\/2281\/revisions"}],"wp:attachment":[{"href":"https:\/\/www.griffbereit-rucksack.de\/fr\/wp-json\/wp\/v2\/media?parent=2281"}],"curies":[{"name":"wp","href":"https:\/\/api.w.org\/{rel}","templated":true}]}}