{"id":2255,"date":"2020-01-13T11:32:57","date_gmt":"2020-01-13T10:32:57","guid":{"rendered":"https:\/\/www.griffbereit-rucksack.de\/?page_id=2255"},"modified":"2026-03-03T12:46:20","modified_gmt":"2026-03-03T11:46:20","slug":"team","status":"publish","type":"page","link":"https:\/\/www.griffbereit-rucksack.de\/fr\/ueber-uns\/team\/","title":{"rendered":"\u00c9quipe"},"content":{"rendered":"<h6>Interlocuteur au sein de NRW :<\/h6>\n\t\t\t\t<img decoding=\"async\" src=\"https:\/\/www.griffbereit-rucksack.de\/wp-content\/uploads\/2021\/10\/team_weilbrenner.png\" alt=\"team_weilbrenner\" itemprop=\"image\" height=\"427\" width=\"427\" title=\"team_weilbrenner\" onerror=\"this.style.display='none'\" loading=\"lazy\" \/>\n<strong>Miriam Weilbrenner<\/strong><br \/>\n<em>Demandes Coordination g\u00e9n\u00e9rale, science, conseil (NRW), d\u00e9veloppement de mat\u00e9riel et politique<br \/>\n<\/em>\n<p>En Rh\u00e9nanie-du-Nord-Westphalie, la coordination des programmes (municipalit\u00e9 et district) est assur\u00e9e par les centres d'int\u00e9gration communaux respectifs (<a href=\"https:\/\/www.mkjfgfi.nrw\/ansprechpartner-vor-ort\">https:\/\/www.mkjfgfi.nrw\/ansprechpartner-vor-ort<\/a>). <\/p>\n\t\t<h6>\u00c9quipe de transfert f\u00e9d\u00e9ral en dehors de la Rh\u00e9nanie-du-Nord-Westphalie :<\/h6>\n\t\t\t\t<img decoding=\"async\" src=\"https:\/\/www.griffbereit-rucksack.de\/wp-content\/uploads\/2021\/10\/team_neumann.png\" alt=\"team_neumann\" itemprop=\"image\" height=\"427\" width=\"427\" title=\"team_neumann\" onerror=\"this.style.display='none'\" loading=\"lazy\" \/>\n<p><strong>Marc Christian Neumann<\/strong><\/p>\n\t\t<h6>\u00c9quipe de transfert f\u00e9d\u00e9ral en dehors de la Rh\u00e9nanie-du-Nord-Westphalie :<\/h6>\n\t\t\t\t<img decoding=\"async\" src=\"https:\/\/www.griffbereit-rucksack.de\/wp-content\/uploads\/2021\/10\/team_mazi.png\" alt=\"team_mazi\" itemprop=\"image\" height=\"427\" width=\"427\" title=\"team_mazi\" onerror=\"this.style.display='none'\" loading=\"lazy\" \/>\n<strong>Safa Mazi<\/strong><br \/>\n<em>Anfragen, Daten und Qualit\u00e4tssicherung, Verwaltung, Wissenschaft, Beratung (Bundesweit), Politik, Finanzierung und Kommunikation.<\/em>\n<p>&nbsp;<\/p>\n<p>&nbsp;<\/p>","protected":false},"excerpt":{"rendered":"<div class=\"entry-summary\">\n<div class=\"entry-summary\">\nAnsprechpartnerin innerhalb NRW: Miriam Weilbrenner Anfragen Gesamtkoordination, Wissenschaft, Beratung (NRW), Materialentwicklung und Politik In NRW l\u00e4uft die Koordinierung&hellip;\n<\/div>\n<div class=\"link-more\"><a href=\"https:\/\/www.griffbereit-rucksack.de\/fr\/ueber-uns\/team\/\" class=\"more-link\">Continuer la lecture<span class=\"screen-reader-text\"> &ldquo;Team&rdquo;<\/span>...<\/a><\/div>\n<\/div>\n<div class=\"link-more\"><a href=\"https:\/\/www.griffbereit-rucksack.de\/fr\/ueber-uns\/team\/\" class=\"more-link\">Continuer la lecture<span class=\"screen-reader-text\"> &ldquo;Team&rdquo;<\/span>...<\/a><\/div>","protected":false},"author":1,"featured_media":0,"parent":2249,"menu_order":0,"comment_status":"closed","ping_status":"closed","template":"","meta":{"_acf_changed":false,"footnotes":""},"class_list":["post-2255","page","type-page","status-publish","hentry","entry"],"acf":[],"_links":{"self":[{"href":"https:\/\/www.griffbereit-rucksack.de\/fr\/wp-json\/wp\/v2\/pages\/2255","targetHints":{"allow":["GET"]}}],"collection":[{"href":"https:\/\/www.griffbereit-rucksack.de\/fr\/wp-json\/wp\/v2\/pages"}],"about":[{"href":"https:\/\/www.griffbereit-rucksack.de\/fr\/wp-json\/wp\/v2\/types\/page"}],"author":[{"embeddable":true,"href":"https:\/\/www.griffbereit-rucksack.de\/fr\/wp-json\/wp\/v2\/users\/1"}],"replies":[{"embeddable":true,"href":"https:\/\/www.griffbereit-rucksack.de\/fr\/wp-json\/wp\/v2\/comments?post=2255"}],"version-history":[{"count":3,"href":"https:\/\/www.griffbereit-rucksack.de\/fr\/wp-json\/wp\/v2\/pages\/2255\/revisions"}],"predecessor-version":[{"id":15870,"href":"https:\/\/www.griffbereit-rucksack.de\/fr\/wp-json\/wp\/v2\/pages\/2255\/revisions\/15870"}],"up":[{"embeddable":true,"href":"https:\/\/www.griffbereit-rucksack.de\/fr\/wp-json\/wp\/v2\/pages\/2249"}],"wp:attachment":[{"href":"https:\/\/www.griffbereit-rucksack.de\/fr\/wp-json\/wp\/v2\/media?parent=2255"}],"curies":[{"name":"wp","href":"https:\/\/api.w.org\/{rel}","templated":true}]}}