{"id":2251,"date":"2020-01-13T11:31:06","date_gmt":"2020-01-13T10:31:06","guid":{"rendered":"https:\/\/www.griffbereit-rucksack.de\/?page_id=2251"},"modified":"2021-04-27T12:36:37","modified_gmt":"2021-04-27T10:36:37","slug":"vision-mission","status":"publish","type":"page","link":"https:\/\/www.griffbereit-rucksack.de\/fr\/ueber-uns\/vision-mission\/","title":{"rendered":"Vision et mission"},"content":{"rendered":"<p><em>Griffbereit<\/em> et <em>Rucksack KiTa<\/em>Programmes pour une \u00e9ducation pr\u00e9coce sensible \u00e0 la diversit\u00e9 et multilingue et collaboration avec les familles.<\/p>\n\n<p>Avec les programmes <em>Griffbereit<\/em> et <em>Rucksack KiTa<\/em> nous nous engageons en faveur d'une soci\u00e9t\u00e9 dans laquelle l'\u00e9ducation de la petite enfance et le partenariat \u00e9ducatif entre les institutions (\u00e9ducatives) et les familles sont bien entendu respectueux de la diversit\u00e9, multilingues et ouverts \u00e0 la soci\u00e9t\u00e9 d'immigration.<\/p>\n\n<p>Avec la vision et les objectifs susmentionn\u00e9s, nous associons \u00e0 nos programmes <em>Griffbereit<\/em> et <em>Rucksack KiTa<\/em> l'approche de l'\u00e9ducation plurilingue avec une approche de l'\u00e9ducation familiale tenant compte de la diversit\u00e9 et renforcent ainsi le partenariat \u00e9ducatif entre les familles et les \u00e9tablissements (d'enseignement) dans le sens d'un partenariat de comp\u00e9tences dont les deux parties profitent durablement. En outre, les programmes soutiennent les institutions (\u00e9ducatives) dans leur ouverture \u00e0 la diversit\u00e9 et \u00e0 la soci\u00e9t\u00e9 d'immigration.<\/p>","protected":false},"excerpt":{"rendered":"<div class=\"entry-summary\">\n<div class=\"entry-summary\">\nGriffbereit und Rucksack KiTa: Programme f\u00fcr eine diversit\u00e4tsbewusste und mehrsprachige Fr\u00fche Bildung und Zusammenarbeit mit Familien. Mit den&hellip;\n<\/div>\n<div class=\"link-more\"><a href=\"https:\/\/www.griffbereit-rucksack.de\/fr\/ueber-uns\/vision-mission\/\" class=\"more-link\">Continuer la lecture<span class=\"screen-reader-text\"> &ldquo;Vision &#038; Mission&rdquo;<\/span>...<\/a><\/div>\n<\/div>\n<div class=\"link-more\"><a href=\"https:\/\/www.griffbereit-rucksack.de\/fr\/ueber-uns\/vision-mission\/\" class=\"more-link\">Continuer la lecture<span class=\"screen-reader-text\"> &ldquo;Vision &#038; Mission&rdquo;<\/span>...<\/a><\/div>","protected":false},"author":1,"featured_media":0,"parent":2249,"menu_order":0,"comment_status":"closed","ping_status":"closed","template":"","meta":{"_acf_changed":false,"footnotes":""},"class_list":["post-2251","page","type-page","status-publish","hentry","entry"],"acf":[],"_links":{"self":[{"href":"https:\/\/www.griffbereit-rucksack.de\/fr\/wp-json\/wp\/v2\/pages\/2251","targetHints":{"allow":["GET"]}}],"collection":[{"href":"https:\/\/www.griffbereit-rucksack.de\/fr\/wp-json\/wp\/v2\/pages"}],"about":[{"href":"https:\/\/www.griffbereit-rucksack.de\/fr\/wp-json\/wp\/v2\/types\/page"}],"author":[{"embeddable":true,"href":"https:\/\/www.griffbereit-rucksack.de\/fr\/wp-json\/wp\/v2\/users\/1"}],"replies":[{"embeddable":true,"href":"https:\/\/www.griffbereit-rucksack.de\/fr\/wp-json\/wp\/v2\/comments?post=2251"}],"version-history":[{"count":0,"href":"https:\/\/www.griffbereit-rucksack.de\/fr\/wp-json\/wp\/v2\/pages\/2251\/revisions"}],"up":[{"embeddable":true,"href":"https:\/\/www.griffbereit-rucksack.de\/fr\/wp-json\/wp\/v2\/pages\/2249"}],"wp:attachment":[{"href":"https:\/\/www.griffbereit-rucksack.de\/fr\/wp-json\/wp\/v2\/media?parent=2251"}],"curies":[{"name":"wp","href":"https:\/\/api.w.org\/{rel}","templated":true}]}}