{"id":2244,"date":"2020-01-13T11:11:41","date_gmt":"2020-01-13T10:11:41","guid":{"rendered":"https:\/\/www.griffbereit-rucksack.de\/?page_id=2244"},"modified":"2021-06-14T14:59:18","modified_gmt":"2021-06-14T12:59:18","slug":"lako","status":"publish","type":"page","link":"https:\/\/www.griffbereit-rucksack.de\/fr\/ueber-uns\/lako\/","title":{"rendered":"LaKo"},"content":{"rendered":"<p>Les centres de coordination du Land (LaKo) conseillent et accompagnent les centres d'int\u00e9gration communaux de Rh\u00e9nanie-du-Nord-Westphalie (KI) dans leurs processus individuels de mise en place et de d\u00e9veloppement sur le terrain.<\/p>\n<p>Elle met \u00e0 disposition des mesures de qualification et de formation continue et organise la collaboration avec la science sp\u00e9cialis\u00e9e ainsi que la coop\u00e9ration et le travail en r\u00e9seau avec les acteurs pertinents du travail d'\u00e9ducation et d'int\u00e9gration au niveau du Land. Le LaKo agit comme un lien entre les IC et le gouvernement du pays.<\/p>\n<p>Les champs d'action s'orientent le long de la cha\u00eene de formation accompagnant la biographie et consid\u00e8rent ainsi l'int\u00e9gration comme une t\u00e2che transversale.<\/p>\n<p>Les programmes <em>Griffbereit<\/em> et <em>Rucksack KiTa<\/em> des centres d'int\u00e9gration communaux en Rh\u00e9nanie-du-Nord-Westphalie (KI) sont mis en \u0153uvre avec succ\u00e8s en Rh\u00e9nanie-du-Nord-Westphalie et dans toute l'Allemagne et sont g\u00e9r\u00e9s par les centres de coordination r\u00e9gionaux (LaKo)<a href=\"#_ftn1\" name=\"_ftnref1\">[1]<\/a> coordonn\u00e9.<\/p>\n<p>&nbsp;<\/p>\n<p><a href=\"#_ftnref1\" name=\"_ftn1\">[1]<\/a> Depuis 2013, en tant qu'organisation succ\u00e9dant aux Regionale Arbeitsstellen zur F\u00f6rderung von Kindern und Jugendlichen aus Zuwandererfamilien (RAA).<\/p>","protected":false},"excerpt":{"rendered":"<div class=\"entry-summary\">\n<div class=\"entry-summary\">\nDie Landesweiten Koordinierungsstellen (LaKo) beraten und begleitet die Kommunalen Integrationszentren in NRW (KI) in ihren individuellen Aufbau- und&hellip;\n<\/div>\n<div class=\"link-more\"><a href=\"https:\/\/www.griffbereit-rucksack.de\/fr\/ueber-uns\/lako\/\" class=\"more-link\">Continuer la lecture<span class=\"screen-reader-text\"> &ldquo;LaKo&rdquo;<\/span>...<\/a><\/div>\n<\/div>\n<div class=\"link-more\"><a href=\"https:\/\/www.griffbereit-rucksack.de\/fr\/ueber-uns\/lako\/\" class=\"more-link\">Continuer la lecture<span class=\"screen-reader-text\"> &ldquo;LaKo&rdquo;<\/span>...<\/a><\/div>","protected":false},"author":1,"featured_media":0,"parent":2249,"menu_order":0,"comment_status":"closed","ping_status":"closed","template":"","meta":{"_acf_changed":false,"footnotes":""},"class_list":["post-2244","page","type-page","status-publish","hentry","entry"],"acf":[],"_links":{"self":[{"href":"https:\/\/www.griffbereit-rucksack.de\/fr\/wp-json\/wp\/v2\/pages\/2244","targetHints":{"allow":["GET"]}}],"collection":[{"href":"https:\/\/www.griffbereit-rucksack.de\/fr\/wp-json\/wp\/v2\/pages"}],"about":[{"href":"https:\/\/www.griffbereit-rucksack.de\/fr\/wp-json\/wp\/v2\/types\/page"}],"author":[{"embeddable":true,"href":"https:\/\/www.griffbereit-rucksack.de\/fr\/wp-json\/wp\/v2\/users\/1"}],"replies":[{"embeddable":true,"href":"https:\/\/www.griffbereit-rucksack.de\/fr\/wp-json\/wp\/v2\/comments?post=2244"}],"version-history":[{"count":0,"href":"https:\/\/www.griffbereit-rucksack.de\/fr\/wp-json\/wp\/v2\/pages\/2244\/revisions"}],"up":[{"embeddable":true,"href":"https:\/\/www.griffbereit-rucksack.de\/fr\/wp-json\/wp\/v2\/pages\/2249"}],"wp:attachment":[{"href":"https:\/\/www.griffbereit-rucksack.de\/fr\/wp-json\/wp\/v2\/media?parent=2244"}],"curies":[{"name":"wp","href":"https:\/\/api.w.org\/{rel}","templated":true}]}}