{"id":1882,"date":"2016-02-28T12:56:03","date_gmt":"2016-02-28T11:56:03","guid":{"rendered":"http:\/\/themedemos.webmandesign.eu\/polyclinic\/?page_id=1882"},"modified":"2025-12-26T10:34:11","modified_gmt":"2025-12-26T09:34:11","slug":"homepage-modern","status":"publish","type":"page","link":"https:\/\/www.griffbereit-rucksack.de\/fr\/","title":{"rendered":"Page d'accueil - moderne"},"content":{"rendered":"<p>Bienvenue \u00e0 <strong>griffbereitMINI<\/strong>, <strong>Griffbereit <\/strong>et <strong>Rucksack KiTa<\/strong><\/p>\n<a href=\"\/fr\/griffbereit\/\" class=\"wm-button color-info size-large button\"><span class=\"icon-griffbereit\" aria-hidden=\"true\"> <\/span>Griffbereit<\/a><a href=\"\/fr\/griffbereitmini\/\" class=\"wm-button size-large button\"><span class=\"icon-griffbereit\" aria-hidden=\"true\"> <\/span>griffbereitMINI<\/a><a href=\"\/fr\/rucksack-kita\/\" class=\"wm-button size-large button\"><span class=\"icon-child\" aria-hidden=\"true\"> <\/span>Rucksack KiTa<\/a>\n\t<strong>Trois programmes, un objectif :<br \/>\n<\/strong><strong>Verst\u00e4rkte Bildungspartizipation &#8211; von Anfang an.<\/strong>\n<p>Bienvenue sur le site de <strong><em>griffbereitMINI, Griffbereit<\/em><\/strong> et <strong><em>Rucksack KiTa<\/em><\/strong> - trois programmes linguistiques et \u00e9ducatifs \u00e9prouv\u00e9s pour les plus jeunes de notre soci\u00e9t\u00e9 diversifi\u00e9e et leurs parents\/familles, dont beaucoup ont une histoire familiale internationale.<\/p>\n<p>&nbsp;<\/p>\n\t<p><strong>Tous les programmes sont expliqu\u00e9s plus en d\u00e9tail dans la vid\u00e9o de la FAQ :<\/strong><\/p>\n<p><iframe title=\"FAQ des programmes Griffbereit et Rucksack KiTa\" width=\"1160\" height=\"653\" src=\"https:\/\/www.youtube.com\/embed\/kyKOWuKUlzI?feature=oembed\" frameborder=\"0\" allow=\"accelerometer; autoplay; clipboard-write; encrypted-media; gyroscope; picture-in-picture; web-share\" referrerpolicy=\"strict-origin-when-cross-origin\" allowfullscreen><\/iframe><\/p>\n\t<strong>griffbereitMINI<\/strong> renforce la participation \u00e0 l'\u00e9ducation d\u00e8s le d\u00e9but.<br \/>\n\n<p><strong>Griffbereit <\/strong>est un programme d'\u00e9ducation familiale pour les familles avec ou sans histoire familiale internationale et leurs enfants \u00e2g\u00e9s de un \u00e0 trois ans.<\/p>\n<p><strong>Rucksack KiTa<\/strong> s'adresse aux parents\/familles ayant une histoire familiale internationale et \u00e0 leurs enfants \u00e2g\u00e9s de quatre \u00e0 six ans.<\/p>\n<p>&nbsp;<\/p>\n\t<p><strong>Entretien avec le FUMA Fachstelle Gender &amp; Diversit\u00e4t NRW en tant que partenaire pour l'approche intersectionnelle dans le d\u00e9veloppement de mat\u00e9riel :<\/strong><\/p>\n<p><iframe title=\"Diversit\u00e9 des enfants\" width=\"1160\" height=\"653\" src=\"https:\/\/www.youtube.com\/embed\/vzAiEq6pqpw?feature=oembed\" frameborder=\"0\" allow=\"accelerometer; autoplay; clipboard-write; encrypted-media; gyroscope; picture-in-picture; web-share\" referrerpolicy=\"strict-origin-when-cross-origin\" allowfullscreen><\/iframe><\/p>\n<p>&nbsp;<\/p>\n<p>&nbsp;<\/p>\n<p>&nbsp;<\/p>\n\t<h2>\u00c9v\u00e9nements<\/h2>\n\t<h2>Actualit\u00e9s<\/h2>\n\t<h2>Participez \u00e0 nos programmes <strong>griffbereitMINI, Griffbereit <\/strong>et <strong>Rucksack KiTa <\/strong>participe !<strong><br \/>\n<\/strong><\/h2>\n<p>Nous vous invitons \u00e0 participer \u00e0 nos programmes griffbereitMINI, Griffbereit et Rucksack KiTa.<\/p>\n<p>Que vous soyez une famille int\u00e9ress\u00e9e ou d\u00e9j\u00e0 participante, un accompagnateur parental*, un professionnel de l'\u00e9ducation ou un coordinateur de programme* : <strong>Heureux de vous voir participer !<\/strong><\/p>\n\t<div id='gallery-1' class='gallery galleryid-1882 gallery-columns-3 gallery-size-thumbnail'><figure class='gallery-item'>\n\t\t\t<div class='gallery-icon landscape'>\n\t\t\t\t<img decoding=\"async\" width=\"744\" height=\"418\" src=\"https:\/\/www.griffbereit-rucksack.de\/wp-content\/uploads\/2020\/01\/mit_kindern_singen-744x418.png\" class=\"attachment-thumbnail size-thumbnail\" alt=\"\" \/>\n\t\t\t<\/div><\/figure><figure class='gallery-item'>\n\t\t\t<div class='gallery-icon landscape'>\n\t\t\t\t<img decoding=\"async\" width=\"744\" height=\"418\" src=\"https:\/\/www.griffbereit-rucksack.de\/wp-content\/uploads\/2020\/01\/kinder_lernen_aus_einem_buch-744x418.png\" class=\"attachment-thumbnail size-thumbnail\" alt=\"\" \/>\n\t\t\t<\/div><\/figure><figure class='gallery-item'>\n\t\t\t<div class='gallery-icon landscape'>\n\t\t\t\t<img decoding=\"async\" width=\"744\" height=\"418\" src=\"https:\/\/www.griffbereit-rucksack.de\/wp-content\/uploads\/2020\/01\/mutter_lernt_mit_kind_-744x418.png\" class=\"attachment-thumbnail size-thumbnail\" alt=\"Une m\u00e8re apprend avec son enfant\" \/>\n\t\t\t<\/div><\/figure>\n\t\t<\/div>\n\n\t<h2>Groupes cibles de tous les programmes<\/h2>\n<p>Pour <strong>griffbereitMINI, Griffbereit<\/strong> et <strong>Rucksack KiTa<\/strong> nous avons d\u00e9fini les cinq groupes cibles suivants :<\/p>\n<div class=\"wm-content-module wm-posts-wrap clearfix wm-content-module-singular\"><div class=\"wm-content-module-item wm-content-module-item-326 wm-iconbox-module has-color has-background\"><div class=\"wm-content-module-element wm-html-element image image-container font-icon\" style=\"background-color: #ffffff\"><span class=\"icon-users\" aria-hidden=\"true\" style=\"color: #f28902\"><\/span><span class=\"screen-reader-text\">Parents\/familles<\/span><\/div><div class=\"wm-content-module-element wm-html-element title\"><h3>Parents\/familles<\/h3><\/div><div class=\"wm-content-module-element wm-html-element content\"><p>Les parents\/familles sont sollicit\u00e9s en tant qu'experts pour la promotion de leur(s) langue(s) familiale(s), en fonction de leurs points forts.<\/p>\n<\/div><\/div><\/div><div class=\"wm-content-module wm-posts-wrap clearfix wm-content-module-singular\"><div class=\"wm-content-module-item wm-content-module-item-324 wm-iconbox-module has-color has-background\"><div class=\"wm-content-module-element wm-html-element image image-container font-icon\" style=\"background-color: #ffffff\"><span class=\"icon-child\" aria-hidden=\"true\" style=\"color: #e88717\"><\/span><span class=\"screen-reader-text\">Enfants<\/span><\/div><div class=\"wm-content-module-element wm-html-element title\"><h3>Enfants<\/h3><\/div><div class=\"wm-content-module-element wm-html-element content\"><p>Chez les enfants, le langage est l'une des comp\u00e9tences cl\u00e9s les plus importantes pour l'apprentissage tout au long de la vie et la r\u00e9ussite future.<\/p>\n<\/div><\/div><\/div><div class=\"wm-content-module wm-posts-wrap clearfix wm-content-module-singular\"><div class=\"wm-content-module-item wm-content-module-item-325 wm-iconbox-module has-color has-background\"><div class=\"wm-content-module-element wm-html-element image image-container font-icon\" style=\"background-color: #ffffff\"><span class=\"icon-users-3\" aria-hidden=\"true\" style=\"color: #d97c02\"><\/span><span class=\"screen-reader-text\">Accompagnateurs de parents*.<\/span><\/div><div class=\"wm-content-module-element wm-html-element title\"><h3>Accompagnateurs de parents*.<\/h3><\/div><div class=\"wm-content-module-element wm-html-element content\"><p>Les accompagnateurs parentaux* ont \u00e0 la fois une bonne connaissance de la (des) premi\u00e8re(s) langue(s) ou langue(s) familiale(s) des participants et de l'allemand.<\/p>\n<\/div><\/div><\/div><div class=\"wm-content-module wm-posts-wrap clearfix wm-content-module-singular\"><div class=\"wm-content-module-item wm-content-module-item-1440 wm-iconbox-module has-color has-background\"><div class=\"wm-content-module-element wm-html-element image image-container font-icon\" style=\"background-color: #ffffff\"><span class=\"icon-users-1\" aria-hidden=\"true\" style=\"color: #f79102\"><\/span><span class=\"screen-reader-text\">Personnel \u00e9ducatif<\/span><\/div><div class=\"wm-content-module-element wm-html-element title\"><h3>Personnel \u00e9ducatif<\/h3><\/div><div class=\"wm-content-module-element wm-html-element content\"><p>Les principales t\u00e2ches des professionnels de l'\u00e9ducation sont la garde, l'\u00e9ducation et le d\u00e9veloppement global des enfants.<\/p>\n<\/div><\/div><\/div><div class=\"wm-content-module wm-posts-wrap clearfix wm-content-module-singular\"><div class=\"wm-content-module-item wm-content-module-item-1441 wm-iconbox-module has-color has-background\"><div class=\"wm-content-module-element wm-html-element image image-container font-icon\" style=\"background-color: #ffffff\"><span class=\"icon-commerical-building\" aria-hidden=\"true\" style=\"color: #e88717\"><\/span><span class=\"screen-reader-text\">Institutions d'enseignement<\/span><\/div><div class=\"wm-content-module-element wm-html-element title\"><h3>Institutions d'enseignement<\/h3><\/div><div class=\"wm-content-module-element wm-html-element content\"><p>Les programmes se d\u00e9roulent dans des \u00e9tablissements d'enseignement, de sorte qu'ils puissent \u00e9galement s'ouvrir \u00e0 la soci\u00e9t\u00e9 d'immigration et initier des processus.<\/p>\n<\/div><\/div><\/div><div class=\"wm-content-module wm-posts-wrap clearfix\"><div class=\"wm-content-module-container wm-items-container with-margin\" data-columns=\"3\" data-time=\"0\" data-layout-mode=\"masonry\"><div class=\"wm-row\"><div class=\"wm-content-module-item wm-content-module-item-1372 has-post-thumbnail wm-column width-1-3 with-margin\"><div class=\"wm-content-module-element wm-html-element image image-container featured-image\"><a href=\"https:\/\/www.griffbereit-rucksack.de\/fr\/mehrsprachigkeit-2\/\" target=\"_self\"><img decoding=\"async\" width=\"744\" height=\"418\" src=\"https:\/\/www.griffbereit-rucksack.de\/wp-content\/uploads\/2020\/01\/mit_kindern_singen-744x418.png\" class=\"attachment-thumbnail size-thumbnail wp-post-image\" alt=\"\" title=\"chanter_avec_les_enfants\" \/><\/a><\/div><div class=\"wm-content-module-element wm-html-element title\"><h2><a href=\"https:\/\/www.griffbereit-rucksack.de\/fr\/mehrsprachigkeit-2\/\" target=\"_self\">Multilinguisme<\/a><\/h2><\/div><div class=\"wm-content-module-element wm-html-element content\"><p>Le multilinguisme d\u00e9signe la capacit\u00e9 d'une personne \u00e0 parler ou \u00e0 comprendre plus d'une langue. C'est ce que nous voulons encourager \u00e0 travers nos programmes.<\/p>\n<\/div><\/div><div class=\"wm-content-module-item wm-content-module-item-1371 has-post-thumbnail wm-column width-1-3 with-margin alt\"><div class=\"wm-content-module-element wm-html-element image image-container featured-image\"><a href=\"https:\/\/www.griffbereit-rucksack.de\/fr\/diversitaet-2\/\" target=\"_self\"><img decoding=\"async\" width=\"744\" height=\"418\" src=\"https:\/\/www.griffbereit-rucksack.de\/wp-content\/uploads\/2020\/01\/kinder_lernen_aus_einem_buch-744x418.png\" class=\"attachment-thumbnail size-thumbnail wp-post-image\" alt=\"\" title=\"enfants_apprendre_d&#039;un_livre\" \/><\/a><\/div><div class=\"wm-content-module-element wm-html-element title\"><h2><a href=\"https:\/\/www.griffbereit-rucksack.de\/fr\/diversitaet-2\/\" target=\"_self\">Diversit\u00e9<\/a><\/h2><\/div><div class=\"wm-content-module-element wm-html-element content\"><p>La diversit\u00e9 est un concept de sociologie et de psychologie sociale, utilis\u00e9 dans les pays germanophones par analogie avec le terme \"diversit\u00e9\" utilis\u00e9 dans les pays anglophones.<\/p>\n<\/div><\/div><div class=\"wm-content-module-item wm-content-module-item-1370 has-post-thumbnail wm-column width-1-3 with-margin last\"><div class=\"wm-content-module-element wm-html-element image image-container featured-image\"><a href=\"https:\/\/www.griffbereit-rucksack.de\/fr\/empowerment-2\/\" target=\"_self\"><img decoding=\"async\" width=\"744\" height=\"418\" src=\"https:\/\/www.griffbereit-rucksack.de\/wp-content\/uploads\/2020\/01\/mutter_lernt_mit_kind_-744x418.png\" class=\"attachment-thumbnail size-thumbnail wp-post-image\" alt=\"Une m\u00e8re apprend avec son enfant\" title=\"m\u00e8re_apprend_avec_enfant\" \/><\/a><\/div><div class=\"wm-content-module-element wm-html-element title\"><h2><a href=\"https:\/\/www.griffbereit-rucksack.de\/fr\/empowerment-2\/\" target=\"_self\">Empowerment<\/a><\/h2><\/div><div class=\"wm-content-module-element wm-html-element content\"><div>\n<p>Les personnes sont encourag\u00e9es \u00e0 d\u00e9couvrir et \u00e0 d\u00e9velopper leurs propres points forts. Reconna\u00eetre et utiliser leurs ressources existantes.<\/p>\n<\/div>\n<\/div><\/div><\/div><\/div><\/div><div class=\"wm-content-module wm-posts-wrap clearfix wm-content-module-singular\"><div class=\"wm-content-module-item wm-content-module-item-1975 wm-iconbox-module has-background\"><div class=\"wm-content-module-element wm-html-element image image-container font-icon\" style=\"background-color: #f06c0e\"><span class=\"icon-location\" aria-hidden=\"true\"><\/span><span class=\"screen-reader-text\">\u00c9tats f\u00e9d\u00e9raux<\/span><\/div><div class=\"wm-content-module-element wm-html-element title\"><h2>\u00c9tats f\u00e9d\u00e9raux<\/h2><\/div><div class=\"wm-content-module-element wm-html-element content\"><p class=\"h1\">9<\/p>\n<p class=\"uppercase\"><strong>\u00c9tats f\u00e9d\u00e9raux<\/strong><\/p>\n<p>Les programmes Griffbereit et Rucksack KiTa fonctionnent dans plusieurs L\u00e4nder.<\/p>\n<\/div><\/div><\/div><div class=\"wm-content-module wm-posts-wrap clearfix wm-content-module-singular\"><div class=\"wm-content-module-item wm-content-module-item-1979 wm-iconbox-module has-background\"><div class=\"wm-content-module-element wm-html-element image image-container font-icon\" style=\"background-color: #f06c0e\"><span class=\"icon-users\" aria-hidden=\"true\"><\/span><span class=\"screen-reader-text\">Familles<\/span><\/div><div class=\"wm-content-module-element wm-html-element title\"><h2>Familles<\/h2><\/div><div class=\"wm-content-module-element wm-html-element content\"><p class=\"h1\">[bs-grkita-families-count]<\/p>\n<p class=\"uppercase\"><strong>Familles<\/strong><\/p>\n<p>De plus en plus de familles participent \u00e0 nos programmes.<\/p>\n<\/div><\/div><\/div><div class=\"wm-content-module wm-posts-wrap clearfix wm-content-module-singular\"><div class=\"wm-content-module-item wm-content-module-item-1981 wm-iconbox-module has-background\"><div class=\"wm-content-module-element wm-html-element image image-container font-icon\" style=\"background-color: #f06c0e\"><span class=\"icon-users-3\" aria-hidden=\"true\"><\/span><span class=\"screen-reader-text\">Accompagnateurs de parents*.<\/span><\/div><div class=\"wm-content-module-element wm-html-element title\"><h2>Accompagnateurs de parents*.<\/h2><\/div><div class=\"wm-content-module-element wm-html-element content\"><p class=\"h1\">[bs-grkita-parentcomp-count]<\/p>\n<p class=\"uppercase\"><strong>Accompagnateurs de parents*.<\/strong><\/p>\n<p>Des accompagnateurs parentaux* form\u00e9s accompagnent de nombreuses familles.<\/p>\n<\/div><\/div><\/div><div class=\"wm-content-module wm-posts-wrap clearfix wm-content-module-singular\"><div class=\"wm-content-module-item wm-content-module-item-1983 wm-iconbox-module has-background\"><div class=\"wm-content-module-element wm-html-element image image-container font-icon\" style=\"background-color: #f06c0e\"><span class=\"icon-commerical-building\" aria-hidden=\"true\"><\/span><span class=\"screen-reader-text\">\u00c9tablissements d'enseignement\/institutions<\/span><\/div><div class=\"wm-content-module-element wm-html-element title\"><h2>\u00c9tablissements d'enseignement\/institutions<\/h2><\/div><div class=\"wm-content-module-element wm-html-element content\"><p class=\"h1\">[bs-grkita-locations-count]<\/p>\n<p class=\"uppercase\"><strong>\u00c9tablissements d'enseignement\/INSTITUTIONS<\/strong><\/p>\n<p>Les programmes sont pr\u00e9sents dans de nombreux \u00e9tablissements d'enseignement.<\/p>\n<\/div><\/div><\/div>\n\t<h2><strong>Que disent les parties prenantes ?<\/strong><\/h2>\nQue pensez-vous de nos deux programmes ? Avez-vous des remarques, des souhaits ou des questions concernant l'un de nos programmes ?<br \/>\nou des questions, n'h\u00e9sitez pas \u00e0 nous contacter\u00a0 <a href=\"https:\/\/www.griffbereit-rucksack.de\/fr\/kontakt\/\">Page de contact<\/a>.\n<div class=\"wm-testimonials wm-posts-wrap clearfix\"><div class=\"wm-testimonials-container wm-items-container with-margin\" data-columns=\"3\" data-time=\"0\"><div class=\"wm-row\"><article class=\"wm-testimonials-item wm-testimonials-item-71 wm-column width-1-3 with-margin testimonial_category-patients\"><h3 class=\"screen-reader-text\">Julia Weber<\/h3><blockquote class=\"wm-testimonials-element wm-html-element content\"><p>Je me suis sentie accueillie en Allemagne apr\u00e8s avoir \u00e9t\u00e9 accueillie \u00e0 l'a\u00e9roport. <strong>Programme Rucksack KiTa<\/strong> \u00e0 l'occasion d'une conf\u00e9rence de presse.<\/p>\n<\/blockquote><cite class=\"wm-testimonials-element wm-html-element source\"><span class=\"wm-testimonials-element wm-html-element author\">Participant d'un groupe h\u00e9t\u00e9rog\u00e8ne Rucksack KiTa d'Unna<\/span><\/cite><\/article><article class=\"wm-testimonials-item wm-testimonials-item-1954 wm-column width-1-3 with-margin alt testimonial_category-patients\"><h3 class=\"screen-reader-text\">Participant d'un groupe h\u00e9t\u00e9rog\u00e8ne Rucksack KiTa d'Unna<\/h3><blockquote class=\"wm-testimonials-element wm-html-element content\"><p>Gr\u00e2ce \u00e0 la <strong>Rucksack KiTa<\/strong>-Je me suis sentie motiv\u00e9e et soutenue par le programme. J'ai particip\u00e9 avec succ\u00e8s \u00e0 un cours de langue \"Alpha\" (cours d'alphab\u00e9tisation) et j'ose maintenant \u00e9changer avec les \u00e9ducatrices et lire devant les autres mamans dans le groupe Rucksack KiTa. Nous avons une super ambiance, une super accompagnatrice de parents et une super relation de confiance au sein de notre groupe.<\/p>\n<\/blockquote><cite class=\"wm-testimonials-element wm-html-element source\"><span class=\"wm-testimonials-element wm-html-element author\">Participant d'un groupe h\u00e9t\u00e9rog\u00e8ne Rucksack KiTa d'Unna<\/span><\/cite><\/article><article class=\"wm-testimonials-item wm-testimonials-item-69 wm-column width-1-3 with-margin last testimonial_category-patients has-thumbnail\"><h3 class=\"screen-reader-text\">D\u00e9finition polyclinique<\/h3><blockquote class=\"wm-testimonials-element wm-html-element content\"><p>C'est un honneur et un plaisir de faire partie du programme <strong>Griffbereit<\/strong> d'\u00eatre un bon \u00e9l\u00e8ve. Les enfants apprennent tr\u00e8s vite et le fait de participer aux progr\u00e8s me donne des ailes.<\/p>\n<\/blockquote><cite class=\"wm-testimonials-element wm-html-element source\"><span class=\"wm-testimonials-element wm-html-element image image-container\"><img decoding=\"async\" width=\"448\" height=\"448\" src=\"https:\/\/www.griffbereit-rucksack.de\/wp-content\/uploads\/2015\/10\/baby-on-the-way-0-448x448.jpg\" class=\"attachment-polyclinic-square size-polyclinic-square wp-post-image\" alt=\"Alt Description de l&#039;image est n\u00e9cessaire pour l&#039;accessibilit\u00e9\" title=\"SAMPLE\/_baby-on-the-way-0\" srcset=\"https:\/\/www.griffbereit-rucksack.de\/wp-content\/uploads\/2015\/10\/baby-on-the-way-0-448x448.jpg 448w, https:\/\/www.griffbereit-rucksack.de\/wp-content\/uploads\/2015\/10\/baby-on-the-way-0-50x50.jpg 50w\" sizes=\"(max-width: 448px) 100vw, 448px\" \/><\/span><span class=\"wm-testimonials-element wm-html-element author\">Mari Ulenberg (accompagnatrice parentale)<\/span><\/cite><\/article><\/div><\/div><\/div>","protected":false},"excerpt":{"rendered":"<div class=\"entry-summary\">\n<div class=\"entry-summary\">\nEs ist mir eine Ehre und Freude ein Teil des Programms Griffbereit zu sein. Die Kinder lernen sehr&hellip;\n<\/div>\n<\/div>","protected":false},"author":1,"featured_media":0,"parent":0,"menu_order":1,"comment_status":"closed","ping_status":"closed","template":"templates\/no-title.php","meta":{"_acf_changed":false,"footnotes":""},"class_list":["post-1882","page","type-page","status-publish","hentry","entry"],"acf":[],"_links":{"self":[{"href":"https:\/\/www.griffbereit-rucksack.de\/fr\/wp-json\/wp\/v2\/pages\/1882","targetHints":{"allow":["GET"]}}],"collection":[{"href":"https:\/\/www.griffbereit-rucksack.de\/fr\/wp-json\/wp\/v2\/pages"}],"about":[{"href":"https:\/\/www.griffbereit-rucksack.de\/fr\/wp-json\/wp\/v2\/types\/page"}],"author":[{"embeddable":true,"href":"https:\/\/www.griffbereit-rucksack.de\/fr\/wp-json\/wp\/v2\/users\/1"}],"replies":[{"embeddable":true,"href":"https:\/\/www.griffbereit-rucksack.de\/fr\/wp-json\/wp\/v2\/comments?post=1882"}],"version-history":[{"count":3,"href":"https:\/\/www.griffbereit-rucksack.de\/fr\/wp-json\/wp\/v2\/pages\/1882\/revisions"}],"predecessor-version":[{"id":15734,"href":"https:\/\/www.griffbereit-rucksack.de\/fr\/wp-json\/wp\/v2\/pages\/1882\/revisions\/15734"}],"wp:attachment":[{"href":"https:\/\/www.griffbereit-rucksack.de\/fr\/wp-json\/wp\/v2\/media?parent=1882"}],"curies":[{"name":"wp","href":"https:\/\/api.w.org\/{rel}","templated":true}]}}