{"id":14558,"date":"2024-08-13T13:59:28","date_gmt":"2024-08-13T11:59:28","guid":{"rendered":"https:\/\/www.griffbereit-rucksack.de\/?page_id=14558"},"modified":"2024-08-13T15:51:54","modified_gmt":"2024-08-13T13:51:54","slug":"qualitaetsstandards","status":"publish","type":"page","link":"https:\/\/www.griffbereit-rucksack.de\/fr\/qualitaetsstandards\/","title":{"rendered":"Normes de qualit\u00e9"},"content":{"rendered":"<img decoding=\"async\" src=\"https:\/\/www.griffbereit-rucksack.de\/wp-content\/plugins\/bb-plugin\/img\/pixel.png\" alt=\"\" itemprop=\"image\" onerror=\"this.style.display='none'\"  \/>\n\t<p><img decoding=\"async\" src=\"https:\/\/www.griffbereit-rucksack.de\/wp-content\/uploads\/2024\/03\/griffbereitmini_cirlce.png\" alt=\"\" width=\"100\" height=\"100\" \/><img decoding=\"async\" src=\"https:\/\/www.griffbereit-rucksack.de\/wp-content\/uploads\/2024\/03\/griffbereit_cirlce.png\" alt=\"\" width=\"100\" height=\"100\" \/><img decoding=\"async\" src=\"https:\/\/www.griffbereit-rucksack.de\/wp-content\/uploads\/2024\/03\/rucksackkita_cirlce.png\" alt=\"\" width=\"100\" height=\"100\" \/><\/p>\n<p><strong>Normes de qualit\u00e9 <em>griffbereitMINI, Griffbereit<\/em> et <em>Rucksack KiTa<\/em><\/strong><\/p>\n<p>&nbsp;<\/p>\n<p><u>\u00c9ducation linguistique de bout en bout <\/u><\/p>\n<ul>\n<li>Multilinguisme (promotion de toutes les langues familiales, y compris l'allemand)<\/li>\n<li>Orientation vers les comp\u00e9tences et les ressources<\/li>\n<li>Sensibilisation de tous les acteurs au d\u00e9veloppement du langage et aux processus d'apprentissage du langage<\/li>\n<li>Orientation vers l'action linguistique int\u00e9gr\u00e9e au quotidien<\/li>\n<li>Orientation vers l'approche situationnelle<\/li>\n<\/ul>\n<p><u>Participation, \u00e9ducation et autonomisation des familles en fonction des opportunit\u00e9s<\/u><\/p>\n<ul>\n<li>Participation et implication<\/li>\n<li>Orientation vers les ressources et les comp\u00e9tences<\/li>\n<li>Information et conseil, qualification<\/li>\n<li>Partenariats d'\u00e9ducation et de formation<\/li>\n<\/ul>\n<p><u>Ouverture \u00e0 la soci\u00e9t\u00e9 d'immigration et d\u00e9veloppement ax\u00e9 sur la diversit\u00e9 des institutions impliqu\u00e9es<\/u><\/p>\n<ul>\n<li>Valorisation et reconnaissance de la diversit\u00e9, des ressources et des comp\u00e9tences<\/li>\n<li>L'action r\u00e9fl\u00e9chie sur les pr\u00e9jug\u00e9s dans l'\u00e9ducation et la formation<\/li>\n<li>\u00c9ducation \u00e0 la non-discrimination<\/li>\n<li>Orientation vers l'espace social<\/li>\n<li>Ouverture de l'institution vers l'int\u00e9rieur et l'ext\u00e9rieur<\/li>\n<\/ul>\n<p><em>Pour chaque acteur, les points sont expliqu\u00e9s plus en d\u00e9tail dans les documents de travail.<\/em><em> et formuler des objectifs et des indicateurs. Les programmes sont \u00e9labor\u00e9s dans la perspective<\/em><em> Normes de qualit\u00e9 \u00e9valu\u00e9es chaque ann\u00e9e.<\/em><\/p>\n<em>Les normes de qualit\u00e9 peuvent \u00eatre t\u00e9l\u00e9charg\u00e9es ici : <a href=\"https:\/\/www.griffbereit-rucksack.de\/wp-content\/uploads\/2024\/08\/Qualitaetsstandards_griffbereitMINI_Griffbereit_und_Rucksack_KiTa.pdf\">normes de qualit\u00e9_griffbereitMINI_Griffbereit_et_sac_\u00e0_dos_KiTa<\/a><br \/>\n<\/em>","protected":false},"excerpt":{"rendered":"<div class=\"entry-summary\">\n<div class=\"entry-summary\">\nNormes de qualit\u00e9 griffbereitMINI, Griffbereit et Rucksack KiTa Formation linguistique continue Multilinguisme (promotion de toutes les langues familiales, y compris l'allemand) Comp\u00e9tences...\n<\/div>\n<div class=\"link-more\"><a href=\"https:\/\/www.griffbereit-rucksack.de\/fr\/qualitaetsstandards\/\" class=\"more-link\">Continuer la lecture<span class=\"screen-reader-text\"> \"Normes de qualit\u00e9\"<\/span>...<\/a><\/div>\n<\/div>\n<div class=\"link-more\"><a href=\"https:\/\/www.griffbereit-rucksack.de\/fr\/qualitaetsstandards\/\" class=\"more-link\">Continuer la lecture<span class=\"screen-reader-text\"> \"Normes de qualit\u00e9\"<\/span>...<\/a><\/div>","protected":false},"author":272,"featured_media":0,"parent":0,"menu_order":0,"comment_status":"closed","ping_status":"closed","template":"","meta":{"_acf_changed":false,"footnotes":""},"class_list":["post-14558","page","type-page","status-publish","hentry","entry"],"acf":[],"_links":{"self":[{"href":"https:\/\/www.griffbereit-rucksack.de\/fr\/wp-json\/wp\/v2\/pages\/14558","targetHints":{"allow":["GET"]}}],"collection":[{"href":"https:\/\/www.griffbereit-rucksack.de\/fr\/wp-json\/wp\/v2\/pages"}],"about":[{"href":"https:\/\/www.griffbereit-rucksack.de\/fr\/wp-json\/wp\/v2\/types\/page"}],"author":[{"embeddable":true,"href":"https:\/\/www.griffbereit-rucksack.de\/fr\/wp-json\/wp\/v2\/users\/272"}],"replies":[{"embeddable":true,"href":"https:\/\/www.griffbereit-rucksack.de\/fr\/wp-json\/wp\/v2\/comments?post=14558"}],"version-history":[{"count":0,"href":"https:\/\/www.griffbereit-rucksack.de\/fr\/wp-json\/wp\/v2\/pages\/14558\/revisions"}],"wp:attachment":[{"href":"https:\/\/www.griffbereit-rucksack.de\/fr\/wp-json\/wp\/v2\/media?parent=14558"}],"curies":[{"name":"wp","href":"https:\/\/api.w.org\/{rel}","templated":true}]}}