{"id":12367,"date":"2023-05-03T12:09:49","date_gmt":"2023-05-03T10:09:49","guid":{"rendered":"https:\/\/www.griffbereit-rucksack.de\/?page_id=12367"},"modified":"2023-05-11T09:22:55","modified_gmt":"2023-05-11T07:22:55","slug":"ablauf-griffbereitmini","status":"publish","type":"page","link":"https:\/\/www.griffbereit-rucksack.de\/fr\/ablauf-griffbereitmini\/","title":{"rendered":"D\u00e9roulement griffbereitMINI"},"content":{"rendered":"<h2>\n\t\tComment se d\u00e9roule griffbereitMINI ?\n\t<\/h2>\n\t<p>*Les parents participent \u00e0 ces programmes jusqu'\u00e0 ce que leurs enfants atteignent l'\u00e2ge d'un an.<strong> 1 fois par semaine (peut \u00eatre plus fr\u00e9quent si les familles en ont besoin) <\/strong>\u00e0 une <em>griffbereitMINI<\/em>-groupe de parents. Le programme est propos\u00e9 par exemple dans les cr\u00e8ches, les centres familiaux, d'autres institutions \u00e9ducatives et des lieux tels que les centres de consultation pr\u00e9natale, les cabinets de sages-femmes, etc. qui sont des points de contact pour les familles.<\/p>\n<p><img decoding=\"async\" src=\"https:\/\/www.griffbereit-rucksack.de\/wp-content\/uploads\/2023\/05\/griffbereitMINI-Foto-II-744x456.png\" alt=\"\" width=\"744\" height=\"456\" \/><\/p>\n\t<p><strong>Caract\u00e9ristique de <em>griffbereitMINI<\/em>-groupes :<\/strong><\/p>\n<ul>\n<li>Les *interactions parents-enfants (jeux, chants, etc.) sont dirig\u00e9es par des accompagnateurs* de groupe sp\u00e9cialement qualifi\u00e9s.<\/li>\n<li>Dans la <em>griffbereitMINI<\/em>-Dans un groupe, on parle toujours deux langues ou plus : l'allemand ET la\/les langue(s) de la famille des participants*.<\/li>\n<\/ul>\n<p>Des mat\u00e9riaux de tous les jours sont utilis\u00e9s pour stimuler le jeu et l'apprentissage de la langue de mani\u00e8re ludique. *Les parents apprennent dans quelles situations ils peuvent accompagner leur enfant avec le langage, quels signaux de communication leur enfant leur envoie, etc. Ils re\u00e7oivent ainsi des suggestions adapt\u00e9es \u00e0 l'\u00e2ge et au d\u00e9veloppement de leur enfant, qu'ils peuvent int\u00e9grer dans leur vie quotidienne. En outre, les *parents peuvent parler de tous les sujets qui les pr\u00e9occupent dans un environnement de confiance.<\/p>","protected":false},"excerpt":{"rendered":"<div class=\"entry-summary\">\n<div class=\"entry-summary\">\nWie l\u00e4uft griffbereitMINI ab? *Eltern nehmen bis zur Vollendung des ersten Lebensjahres ihrer Kinder mit diesen 1 x&hellip;\n<\/div>\n<div class=\"link-more\"><a href=\"https:\/\/www.griffbereit-rucksack.de\/fr\/ablauf-griffbereitmini\/\" class=\"more-link\">Continuer la lecture<span class=\"screen-reader-text\"> &ldquo;Ablauf griffbereitMINI&rdquo;<\/span>...<\/a><\/div>\n<\/div>\n<div class=\"link-more\"><a href=\"https:\/\/www.griffbereit-rucksack.de\/fr\/ablauf-griffbereitmini\/\" class=\"more-link\">Continuer la lecture<span class=\"screen-reader-text\"> &ldquo;Ablauf griffbereitMINI&rdquo;<\/span>...<\/a><\/div>","protected":false},"author":1,"featured_media":0,"parent":0,"menu_order":0,"comment_status":"closed","ping_status":"closed","template":"","meta":{"_acf_changed":false,"footnotes":""},"class_list":["post-12367","page","type-page","status-publish","hentry","entry"],"acf":[],"_links":{"self":[{"href":"https:\/\/www.griffbereit-rucksack.de\/fr\/wp-json\/wp\/v2\/pages\/12367","targetHints":{"allow":["GET"]}}],"collection":[{"href":"https:\/\/www.griffbereit-rucksack.de\/fr\/wp-json\/wp\/v2\/pages"}],"about":[{"href":"https:\/\/www.griffbereit-rucksack.de\/fr\/wp-json\/wp\/v2\/types\/page"}],"author":[{"embeddable":true,"href":"https:\/\/www.griffbereit-rucksack.de\/fr\/wp-json\/wp\/v2\/users\/1"}],"replies":[{"embeddable":true,"href":"https:\/\/www.griffbereit-rucksack.de\/fr\/wp-json\/wp\/v2\/comments?post=12367"}],"version-history":[{"count":0,"href":"https:\/\/www.griffbereit-rucksack.de\/fr\/wp-json\/wp\/v2\/pages\/12367\/revisions"}],"wp:attachment":[{"href":"https:\/\/www.griffbereit-rucksack.de\/fr\/wp-json\/wp\/v2\/media?parent=12367"}],"curies":[{"name":"wp","href":"https:\/\/api.w.org\/{rel}","templated":true}]}}