{"id":12366,"date":"2023-05-03T12:10:14","date_gmt":"2023-05-03T10:10:14","guid":{"rendered":"https:\/\/www.griffbereit-rucksack.de\/?page_id=12366"},"modified":"2023-05-10T20:25:40","modified_gmt":"2023-05-10T18:25:40","slug":"angebot-griffbereitmini","status":"publish","type":"page","link":"https:\/\/www.griffbereit-rucksack.de\/fr\/angebot-griffbereitmini\/","title":{"rendered":"Offre griffbereitMINI"},"content":{"rendered":"<h2>\n\t\tQue fait griffbereitMINI ?\n\t<\/h2>\n\t<p><em>griffbereitMINI<\/em> favorise le d\u00e9veloppement de la petite enfance, et en particulier le d\u00e9veloppement du langage, par le biais d'activit\u00e9s adapt\u00e9es aux jeunes enfants avec les *parents\/*familles, comme par exemple des jeux et des chants communs dans les langues familiales et en allemand. Cela cr\u00e9e une base importante pour l'acquisition de comp\u00e9tences linguistiques.<\/p>\n<p><strong>Le programme permet aux *parents\/*familles d'\u00eatre eux-m\u00eames les acteurs, car ils sont les premiers mod\u00e8les de langue et ont le lien le plus \u00e9troit avec leurs enfants au quotidien.<\/strong><\/p>\n\t<p>Dans ce que l'on appelle les <em>griffbereitMINI<\/em>-Ils apprennent comment renforcer le d\u00e9veloppement g\u00e9n\u00e9ral et linguistique de leurs enfants. Ils sont soutenus par des accompagnateurs* parentaux et\/ou des professionnels de l'\u00e9ducation form\u00e9s et g\u00e9n\u00e9ralement multilingues.<\/p>\n<p>Les enfants d'un an, qu'ils soient ou non issus de l'immigration, sont ainsi en contact avec l'allemand et d'autres langues d\u00e8s leur plus jeune \u00e2ge. Ainsi, les <em>griffbereitMINI<\/em> la possibilit\u00e9 de <a href=\"https:\/\/www.griffbereit-rucksack.de\/fr\/mehrsprachigkeit\/\"><strong>Le multilinguisme, un potentiel pour les enfants<\/strong><\/a> de l'UE.<\/p>","protected":false},"excerpt":{"rendered":"<div class=\"entry-summary\">\n<div class=\"entry-summary\">\nWas leistet griffbereitMINI? griffbereitMINI f\u00f6rdert die fr\u00fchkindliche Entwicklung und im Besonderen die Sprachentwicklung durch kleinkindgerechte Aktivit\u00e4ten mit den&hellip;\n<\/div>\n<div class=\"link-more\"><a href=\"https:\/\/www.griffbereit-rucksack.de\/fr\/angebot-griffbereitmini\/\" class=\"more-link\">Continuer la lecture<span class=\"screen-reader-text\"> &ldquo;Angebot griffbereitMINI&rdquo;<\/span>...<\/a><\/div>\n<\/div>\n<div class=\"link-more\"><a href=\"https:\/\/www.griffbereit-rucksack.de\/fr\/angebot-griffbereitmini\/\" class=\"more-link\">Continuer la lecture<span class=\"screen-reader-text\"> &ldquo;Angebot griffbereitMINI&rdquo;<\/span>...<\/a><\/div>","protected":false},"author":1,"featured_media":0,"parent":0,"menu_order":0,"comment_status":"closed","ping_status":"closed","template":"","meta":{"_acf_changed":false,"footnotes":""},"class_list":["post-12366","page","type-page","status-publish","hentry","entry"],"acf":[],"_links":{"self":[{"href":"https:\/\/www.griffbereit-rucksack.de\/fr\/wp-json\/wp\/v2\/pages\/12366","targetHints":{"allow":["GET"]}}],"collection":[{"href":"https:\/\/www.griffbereit-rucksack.de\/fr\/wp-json\/wp\/v2\/pages"}],"about":[{"href":"https:\/\/www.griffbereit-rucksack.de\/fr\/wp-json\/wp\/v2\/types\/page"}],"author":[{"embeddable":true,"href":"https:\/\/www.griffbereit-rucksack.de\/fr\/wp-json\/wp\/v2\/users\/1"}],"replies":[{"embeddable":true,"href":"https:\/\/www.griffbereit-rucksack.de\/fr\/wp-json\/wp\/v2\/comments?post=12366"}],"version-history":[{"count":0,"href":"https:\/\/www.griffbereit-rucksack.de\/fr\/wp-json\/wp\/v2\/pages\/12366\/revisions"}],"wp:attachment":[{"href":"https:\/\/www.griffbereit-rucksack.de\/fr\/wp-json\/wp\/v2\/media?parent=12366"}],"curies":[{"name":"wp","href":"https:\/\/api.w.org\/{rel}","templated":true}]}}