{"id":12019,"date":"2023-05-03T12:03:07","date_gmt":"2023-05-03T10:03:07","guid":{"rendered":"https:\/\/www.griffbereit-rucksack.de\/?page_id=12019"},"modified":"2023-05-03T13:26:54","modified_gmt":"2023-05-03T11:26:54","slug":"umsetzung-griffbereitmini","status":"publish","type":"page","link":"https:\/\/www.griffbereit-rucksack.de\/fr\/griffbereitmini\/umsetzung-griffbereitmini\/","title":{"rendered":"Conversion griffbereitMINI"},"content":{"rendered":"<h2>\n\t\tConversion griffbereitMINI\n\t<\/h2>\n\t<p>La mise en \u0153uvre de g<em>pr\u00eat pour le r\u00e9cifMINI<\/em> apr\u00e8s la phase pilote \u00e0 Dortmund et dans les districts de Coesfeld et Wesel en Rh\u00e9nanie-du-Nord-Westphalie, est pilot\u00e9 et suivi depuis 2022 par le minist\u00e8re de l'Enfance, de la Jeunesse, de la Famille, de l'\u00c9galit\u00e9, de l'\u00c9vasion et de l'Int\u00e9gration (MKJFGFI) et la fondation Centre d'\u00e9tudes et d'int\u00e9gration des Turcs (ZfTI).<\/p>\n<p>Depuis 2023, le <em>ZfTI<\/em> \u00e9galement le transfert \u00e0 l'\u00e9chelle nationale, qui est soutenu par la fondation Auridis gGmbH.<\/p>\n<strong>Conditions g\u00e9n\u00e9rales<br \/>\n<\/strong>Une opportunit\u00e9 d'implantation appropri\u00e9e pour<em> griffbereitMINI<\/em> sont des centres familiaux ou d'autres institutions \u00e9ducatives qui sont un point de contact pour les *parents\/*familles ayant une histoire familiale internationale, comme par exemple les organisateurs de cours d'allemand\/d'int\u00e9gration parentale, d'offres de transition. En outre, le programme est \u00e9galement possible dans des lieux fr\u00e9quent\u00e9s par les familles en fonction de l'\u00e2ge des enfants, tels que les centres de consultation pr\u00e9natale, les cabinets de sages-femmes, les cabinets de p\u00e9diatrie* et les centres d'h\u00e9bergement pour les familles issues de l'immigration.\n<p>S'il n'existe pas encore de centre de coordination r\u00e9gional dans le Land ou de centre de coordination local, les organismes int\u00e9ress\u00e9s (promoteurs du programme) concluent un accord d'utilisation. Ils re\u00e7oivent ensuite le <em>griffbereitMINI<\/em>-Vous pouvez t\u00e9l\u00e9charger gratuitement le kit de ressources au format PDF ou Excel.<\/p>\n\t\t\t<a href=\"https:\/\/www.griffbereit-rucksack.de\/fr\/griffbereitmini-material\/\" target=\"_self\" role=\"button\" rel=\"noopener\">\n\t\t\t\t\t\t\tAper\u00e7u du mat\u00e9riel griffbereitMINI\n\t\t\t<\/a>\n\t<p>Par cet accord, tous les promoteurs du programme s'engagent \u00e0 respecter les normes de qualit\u00e9 du programme et \u00e0 les garantir \u00e0 tous les niveaux. L'organisme local finance la mise en \u0153uvre du programme ainsi que la formation, les honoraires et l'encadrement des accompagnateurs parentaux.<\/p>\n<p>L'\u00e9quipe de transfert f\u00e9d\u00e9ral, bas\u00e9e au ZfTI, coordonne et\/ou accompagne le programme dans toute l'Allemagne, \u00e9galement en coop\u00e9ration avec d'autres agences et organismes, et propose des s\u00e9ances d'information et des formations. L'\u00e9quipe f\u00e9d\u00e9rale de transfert est \u00e9galement responsable de l'accompagnement technique continu. L'objectif est de mettre en place des bureaux de coordination dans chaque Land o\u00f9 le programme est appliqu\u00e9, afin de garantir un suivi cibl\u00e9 du travail sur place.<\/p>\n\t\t\t<a href=\"https:\/\/www.griffbereit-rucksack.de\/fr\/organisatorisches-griffbereitmini\/\" target=\"_self\" role=\"button\" rel=\"noopener\">\n\t\t\t\t\t\t\tAper\u00e7u de l'organisation\n\t\t\t<\/a>","protected":false},"excerpt":{"rendered":"<div class=\"entry-summary\">\n<div class=\"entry-summary\">\nApr\u00e8s la phase pilote \u00e0 Dortmund et dans les districts de Coesfeld et Wesel en Rh\u00e9nanie-du-Nord-Westphalie, la mise en \u0153uvre de griffbereitMINI est pilot\u00e9e et suivie depuis 2022 par le minist\u00e8re de l'Enfance, de la Jeunesse, de la Famille, de l'\u00c9galit\u00e9, de la Fuite et de l'Int\u00e9gration (MKJFGFI) et la fondation Centre d'\u00e9tudes et d'int\u00e9gration des Turcs (ZfTI).\n<\/div>\n<div class=\"link-more\"><a href=\"https:\/\/www.griffbereit-rucksack.de\/fr\/griffbereitmini\/umsetzung-griffbereitmini\/\" class=\"more-link\">Continuer la lecture<span class=\"screen-reader-text\"> &ldquo;Umsetzung griffbereitMINI&rdquo;<\/span>...<\/a><\/div>\n<\/div>\n<div class=\"link-more\"><a href=\"https:\/\/www.griffbereit-rucksack.de\/fr\/griffbereitmini\/umsetzung-griffbereitmini\/\" class=\"more-link\">Continuer la lecture<span class=\"screen-reader-text\"> &ldquo;Umsetzung griffbereitMINI&rdquo;<\/span>...<\/a><\/div>","protected":false},"author":1,"featured_media":0,"parent":12016,"menu_order":0,"comment_status":"closed","ping_status":"closed","template":"","meta":{"_acf_changed":false,"footnotes":""},"class_list":["post-12019","page","type-page","status-publish","hentry","entry"],"acf":[],"_links":{"self":[{"href":"https:\/\/www.griffbereit-rucksack.de\/fr\/wp-json\/wp\/v2\/pages\/12019","targetHints":{"allow":["GET"]}}],"collection":[{"href":"https:\/\/www.griffbereit-rucksack.de\/fr\/wp-json\/wp\/v2\/pages"}],"about":[{"href":"https:\/\/www.griffbereit-rucksack.de\/fr\/wp-json\/wp\/v2\/types\/page"}],"author":[{"embeddable":true,"href":"https:\/\/www.griffbereit-rucksack.de\/fr\/wp-json\/wp\/v2\/users\/1"}],"replies":[{"embeddable":true,"href":"https:\/\/www.griffbereit-rucksack.de\/fr\/wp-json\/wp\/v2\/comments?post=12019"}],"version-history":[{"count":0,"href":"https:\/\/www.griffbereit-rucksack.de\/fr\/wp-json\/wp\/v2\/pages\/12019\/revisions"}],"up":[{"embeddable":true,"href":"https:\/\/www.griffbereit-rucksack.de\/fr\/wp-json\/wp\/v2\/pages\/12016"}],"wp:attachment":[{"href":"https:\/\/www.griffbereit-rucksack.de\/fr\/wp-json\/wp\/v2\/media?parent=12019"}],"curies":[{"name":"wp","href":"https:\/\/api.w.org\/{rel}","templated":true}]}}