{"id":12016,"date":"2023-05-03T12:00:59","date_gmt":"2023-05-03T10:00:59","guid":{"rendered":"https:\/\/www.griffbereit-rucksack.de\/?page_id=12016"},"modified":"2024-01-25T19:43:46","modified_gmt":"2024-01-25T18:43:46","slug":"griffbereitmini","status":"publish","type":"page","link":"https:\/\/www.griffbereit-rucksack.de\/fr\/griffbereitmini\/","title":{"rendered":"griffbereitMINI"},"content":{"rendered":"<h2><strong>Bienvenue sur <em>griffbereitMINI<\/em><\/strong><\/h2>\n<p><strong>Formation linguistique int\u00e9gr\u00e9e au quotidien d\u00e8s le d\u00e9but<\/strong><\/p>\n\t<em><strong>griffbereitMINI<\/strong><\/em> est un programme de formation linguistique pour les familles avec des enfants dans leur premi\u00e8re ann\u00e9e de vie. Une transition vers un groupe Griffbereit est accompagn\u00e9e.<br \/>\nL'exp\u00e9rience des employ\u00e9s des bureaux de la famille \u00e0 Dortmund lors des visites de bienvenue \u00e0 la naissance a montr\u00e9 que le d\u00e9lai entre les visites et les offres pour les *familles, comme par exemple Griffbereit, \u00e9tait trop long, ce qui avait pour cons\u00e9quence que les offres n'\u00e9taient pas toujours accept\u00e9es comme souhait\u00e9es. Cela a notamment entra\u00een\u00e9 une perte de temps de d\u00e9veloppement pr\u00e9cieux pour soutenir les enfants et leurs *familles.<br \/>\nL'id\u00e9e de d\u00e9velopper un programme pour les parents d'enfants \u00e2g\u00e9s d'un an a \u00e9t\u00e9 lanc\u00e9e afin de pouvoir offrir imm\u00e9diatement aux familles une \u00e9ducation linguistique int\u00e9gr\u00e9e dans la vie quotidienne. Lors de la conception du programme, il \u00e9tait important de noter qu'il n'existait pas encore de programme pour les enfants de cet \u00e2ge dans toute l'Allemagne qui se concentre sur l'apprentissage de la langue dans le contexte de la valorisation du multilinguisme.\n\t\t\t<a href=\"https:\/\/www.griffbereit-rucksack.de\/fr\/angebot-griffbereitmini\/\" target=\"_self\" role=\"button\" rel=\"noopener\">\n\t\t\t\t\t\t\tOFFRE\n\t\t\t<\/a>\n\t\t\t<a href=\"https:\/\/www.griffbereit-rucksack.de\/fr\/ablauf-griffbereitmini\/\" target=\"_self\" role=\"button\" rel=\"noopener\">\n\t\t\t\t\t\t\tD\u00c9ROULEMENT\n\t\t\t<\/a>\n\t\t\t<a href=\"https:\/\/www.griffbereit-rucksack.de\/fr\/zielgruppen-griffbereitmini\/\" target=\"_self\" role=\"button\" rel=\"noopener\">\n\t\t\t\t\t\t\tGROUPES CIBLES\n\t\t\t<\/a>\n\t<iframe title=\"GriffbereitMINI Film d&#039;entreprise\" width=\"1160\" height=\"653\" src=\"https:\/\/www.youtube.com\/embed\/qIj17JW7U6k?feature=oembed\" frameborder=\"0\" allow=\"accelerometer; autoplay; clipboard-write; encrypted-media; gyroscope; picture-in-picture; web-share\" allowfullscreen><\/iframe>\n\t<p>Le programme est propos\u00e9 dans les cr\u00e8ches, les centres familiaux, les centres d'\u00e9ducation familiale et d'autres lieux tels que les centres de consultation pr\u00e9natale ou les cabinets de sages-femmes. De cette mani\u00e8re, les *familles ont la possibilit\u00e9 de d\u00e9couvrir tr\u00e8s t\u00f4t les lieux de vie et d'apprentissage de leurs enfants et d'y participer activement.<\/p>\n<p><strong><em>griffbereitMINI<\/em><\/strong><strong> peut \u00e9galement servir d'offre d'entr\u00e9e dans la garde d'enfants.<\/strong><\/p>","protected":false},"excerpt":{"rendered":"<div class=\"entry-summary\">\n<div class=\"entry-summary\">\nWillkommen bei griffbereitMINI Alltagsintegrierte Sprachbildung von Anfang an griffbereitMINI ist ein Sprachbildungsprogramm f\u00fcr Familien mit Kindern im ersten&hellip;\n<\/div>\n<div class=\"link-more\"><a href=\"https:\/\/www.griffbereit-rucksack.de\/fr\/griffbereitmini\/\" class=\"more-link\">Continuer la lecture<span class=\"screen-reader-text\"> &ldquo;griffbereitMINI&rdquo;<\/span>...<\/a><\/div>\n<\/div>\n<div class=\"link-more\"><a href=\"https:\/\/www.griffbereit-rucksack.de\/fr\/griffbereitmini\/\" class=\"more-link\">Continuer la lecture<span class=\"screen-reader-text\"> &ldquo;griffbereitMINI&rdquo;<\/span>...<\/a><\/div>","protected":false},"author":1,"featured_media":0,"parent":0,"menu_order":0,"comment_status":"closed","ping_status":"closed","template":"templates\/subpages.php","meta":{"_acf_changed":false,"footnotes":""},"class_list":["post-12016","page","type-page","status-publish","hentry","entry"],"acf":[],"_links":{"self":[{"href":"https:\/\/www.griffbereit-rucksack.de\/fr\/wp-json\/wp\/v2\/pages\/12016","targetHints":{"allow":["GET"]}}],"collection":[{"href":"https:\/\/www.griffbereit-rucksack.de\/fr\/wp-json\/wp\/v2\/pages"}],"about":[{"href":"https:\/\/www.griffbereit-rucksack.de\/fr\/wp-json\/wp\/v2\/types\/page"}],"author":[{"embeddable":true,"href":"https:\/\/www.griffbereit-rucksack.de\/fr\/wp-json\/wp\/v2\/users\/1"}],"replies":[{"embeddable":true,"href":"https:\/\/www.griffbereit-rucksack.de\/fr\/wp-json\/wp\/v2\/comments?post=12016"}],"version-history":[{"count":0,"href":"https:\/\/www.griffbereit-rucksack.de\/fr\/wp-json\/wp\/v2\/pages\/12016\/revisions"}],"wp:attachment":[{"href":"https:\/\/www.griffbereit-rucksack.de\/fr\/wp-json\/wp\/v2\/media?parent=12016"}],"curies":[{"name":"wp","href":"https:\/\/api.w.org\/{rel}","templated":true}]}}