{"id":648,"date":"2019-09-12T16:20:07","date_gmt":"2019-09-12T14:20:07","guid":{"rendered":"https:\/\/www.griffbereit-rucksack.de\/?page_id=648"},"modified":"2023-08-08T11:20:00","modified_gmt":"2023-08-08T09:20:00","slug":"wirkung-rucksack-kita","status":"publish","type":"page","link":"https:\/\/www.griffbereit-rucksack.de\/fa\/rucksack-kita\/wirkung-rucksack-kita\/","title":{"rendered":"Wirkung Rucksack KiTa"},"content":{"rendered":"<h4><strong>Teilnehmende Eltern\/Familien<\/strong><\/h4>\r\n<p><strong>Was bekomme ich von Rucksack KiTa?<\/strong><\/p>\r\n<ul>\r\n<li>W\u00f6chentliche <em>Rucksack KiTa-<\/em>Elterngruppe<\/li>\r\n<li>Kontakt\/Austausch mit Gleichgesinnten<\/li>\r\n<li>Mehrsprachiges <em>Rucksack KiTa<\/em>-Material<\/li>\r\n<li>Ggf. Qualifizierung zur Elternbegleiter*in<\/li>\r\n<\/ul>\r\n<p><strong>Was best\u00e4rkt\/verst\u00e4rkt Rucksack KiTa?<\/strong><\/p>\r\n<ul>\r\n<li>Wissen und Kompetenzen bzgl. Bildung, Erziehung, Gesundheit, etc.<\/li>\r\n<li>Selbstbewusstsein durch Fokus auf eigene St\u00e4rken<\/li>\r\n<li>Dialogbereitschaft und Handlungskompetenz in der KiTa<\/li>\r\n<li>Eltern-Kind-Interaktion und gemeinsame Sprechzeit<\/li>\r\n<li>Motivation zur F\u00f6rderung der eigenen Kinder (z.B. Sprache)<\/li>\r\n<li>Beteiligung am sozialen und am KiTa-Leben<\/li>\r\n<li>Motivation, eigene Sprach-kenntnisse und Kompetenzen zu vertiefen und zu teilen, z.B. als Elternbegleiter*in<\/li>\r\n<\/ul>\r\n<p><strong>Wie ver\u00e4ndert das unser Miteinander?<\/strong><\/p>\r\n<ul>\r\n<li>Eltern\/Familien werden in das soziale Leben und das der Bildungsorte integriert sowie aktiv eingebunden<\/li>\r\n<li>Potenziale der Familien werden anerkannt &#8211; f\u00fcr echte gesellschaftliche Teilhabe<\/li>\r\n<li>Potenziale und Chancen kultureller Vielfalt werden sichtbar &#8211; f\u00fcr echten Wandel<\/li>\r\n<li>St\u00e4rkung der Partizipation<\/li>\r\n<li>Echte Erziehungs- und Bildungspartnerschaften zwischen Eltern\/Familien und Institution<\/li>\r\n<\/ul>\r\n<p>&nbsp;<\/p>\r\n\t<h4><strong>Teilnehmende Kinder<br \/>\r\n<\/strong><\/h4>\r\n<p><strong>Was bekomme ich von Rucksack KiTa?<\/strong><\/p>\r\n<ul>\r\n<li>W\u00f6chentliche <em>Rucksack KiTa<\/em>-Gruppe<\/li>\r\n<li>Altersgerechte Materialien (mehrsprachig), wie z.B. H\u00f6rb\u00fccher, Kinderb\u00fccher<\/li>\r\n<li>Parallele F\u00f6rderung durch p\u00e4dagogische Fachkr\u00e4fte und Eltern\/Familie in KiTa und zu Hause<\/li>\r\n<\/ul>\r\n<p><strong>Was best\u00e4rkt\/verst\u00e4rkt Rucksack KiTa?<\/strong><\/p>\r\n<ul>\r\n<li>Gest\u00e4rkte Sprachf\u00e4higkeiten in den Familiensprache(n) und in Deutsch<\/li>\r\n<li>Allg. Sprachkompetenz, z.B. gr\u00f6\u00dferer Wortschatz<\/li>\r\n<li>Positive Gesamtentwicklung (z.B. emotional, motorisch etc.)<\/li>\r\n<li>Vertrautere und intensivere Eltern-Kind-Interaktion<\/li>\r\n<li>Freude am Material\/Tun<\/li>\r\n<li>Im Anschluss leichterer \u00dcbergang in die Schule und bessere schulische Ergebnisse<\/li>\r\n<li>Bewusstsein \u00fcber MehrSprachigkeit als Potenzial<\/li>\r\n<li>Chance einer gelungenen Bildungspartizipation<\/li>\r\n<\/ul>\r\n<p><strong>Wie ver\u00e4ndert das unser Miteinander?<\/strong><\/p>\r\n<ul>\r\n<li>Mehr Chancengleichheit f\u00fcr alle Kinder beim Thema Bildung<\/li>\r\n<li>Gesellschaftliche Akzeptanz von MehrSprachigkeit als Ressource und Potenzial der Kinder<\/li>\r\n<\/ul>\r\n<p>&nbsp;<\/p>\r\n\t<h4><strong>Leitende Eltern-begleiter*innen<\/strong><\/h4>\r\n<p><strong>Was bekomme ich von Rucksack KiTa?<\/strong><\/p>\r\n<ul>\r\n<li><em>Rucksack KiTa<\/em>-Schulungen, Begleitung und Reflexion<\/li>\r\n<li>Mehrsprachige Programm-Materialien<\/li>\r\n<li>Bereitstellung eines Konzeptes mit Handlungsempfehlungen und Ideen\/Anregungen f\u00fcr die Praxis<\/li>\r\n<li>Eigenverantwortliche Planungsfreiheit<\/li>\r\n<li>Hohe Flexibilit\u00e4t innerhalb der Rahmenbedingungen<\/li>\r\n<\/ul>\r\n<strong>Was best\u00e4rkt\/verst\u00e4rkt Rucksack KiTa<br \/>\r\n<\/strong>\r\n<ul>\r\n<li>Wissen in den Bereichen Erwachsenenbildung und kindlicher Entwicklung sowie MehrSprachigkeit und Diversit\u00e4t<\/li>\r\n<li>Verantwortung und Selbstst\u00e4ndigkeit als Mittler*in zwischen Familie und Institution<\/li>\r\n<li>Selbstsicherheit, Praxis<\/li>\r\n<li>Eigenverantwortliche Planungsfreiheit<\/li>\r\n<li>Hohe Flexibilit\u00e4t innerhalb der Rahmenbedingungen<\/li>\r\n<\/ul>\r\n<p><strong>Wie ver\u00e4ndert das unser Miteinander?<\/strong><\/p>\r\n<ul>\r\n<li>Erste Schritte in das p\u00e4dagogische Arbeitsfeld<\/li>\r\n<li>KiTas entwickeln sich weiter &#8211; hin zu mehr vielfaltsorientiertem Leben, Handeln und Arbeiten (diversit\u00e4tsorientiert )<\/li>\r\n<li>Unabh\u00e4ngigkeit<\/li>\r\n<li>Motivation, das eigene T\u00e4tigkeitsfeld zu erweitern bzw. zur proaktiven Weiterbildung<\/li>\r\n<\/ul>\r\n\t<h4><strong>P\u00e4dagogische Fachkr\u00e4fte<br \/>\r\n<\/strong><\/h4>\r\n<p><strong>Was bekomme ich von Rucksack KiTa?<\/strong><\/p>\r\n<ul>\r\n<li><em>Griffbereit<\/em>-Schulungen, Begleitung und Reflexion<\/li>\r\n<li><em>Rucksack KiTa<\/em>-Schulungen, Begleitung und SupervisionUnterst\u00fctzung f\u00fcr die parallele F\u00f6rderung in Deutsch \u2192 Programm-Material f\u00fcr p\u00e4dagogische Fachkr\u00e4fte<a href=\"#_ftn1\" name=\"_ftnref1\">[1]<\/a><\/li>\r\n<\/ul>\r\n<p><strong>Was best\u00e4rkt\/verst\u00e4rkt Rucksack KiTa?<\/strong><\/p>\r\n<ul>\r\n<li>Leitmotiv \u201eErziehungs- und Bildungspartnerschaft&#8220;<\/li>\r\n<li>Wissen und h\u00f6here Sensibilit\u00e4t bzgl. diversit\u00e4tsbewusstem Handeln und MehrSprachigkeit<\/li>\r\n<li>Freiheit, den KiTa-Alltag entsprechend zu gestalten<\/li>\r\n<li>Motivation, Sprachbildung und-f\u00f6rderung gezielt einzusetzen<\/li>\r\n<li>Weniger Stressempfinden, mehr Selbstbewusstsein im Arbeitsalltag<\/li>\r\n<\/ul>\r\n<p><strong>Wie ver\u00e4ndert das unser Miteinander?<\/strong><\/p>\r\n<ul>\r\n<li>Neue Bildungskonzepte entstehen: vielfaltsorientiert &amp; mehrsprachigkeitsf\u00f6rdernd<\/li>\r\n<li>Erziehung geschieht migrationssensibel, diversit\u00e4tsbewusst und mehrsprachigkeitsf\u00f6rdernd<\/li>\r\n<li>Diese Bildung wird gesellschaftl. Leitbild und f\u00fchrt zu einer offenen, vielf\u00e4ltigen Gesellschaft auf allen Ebenen<\/li>\r\n<\/ul>\r\n<p>&nbsp;<\/p>\r\n<p><a href=\"#_ftnref1\" name=\"_ftn1\">[1]<\/a> Im Konsens mit den 2016 ver\u00f6ffentlichten Bildungsgrunds\u00e4tzen f\u00fcr Kinder von 0 bis 10 Jahren in Kindertageseinrichtungen und Schulen im Primarbereich in Nordrhein-Westfalen: <a href=\"https:\/\/www.mfkjks.nrw\/sites\/default\/files\/asset\/document\/bildungsgrundsaetze_januar_2016.pdf\">https:\/\/www.mfkjks.nrw\/sites\/default\/files\/asset\/document\/bildungsgrundsaetze_januar_2016.pdf<\/a> (Stand: 04.05.2016).<\/p>\r\n<p>&nbsp;<\/p>\r\n\t<h4><strong>Beteiligte Bildungsinstitution<br \/>\r\n<\/strong><\/h4>\r\n<p><strong>Was bekomme ich von Rucksack KiTa?<\/strong><\/p>\r\n<ul>\r\n<li>W\u00f6chentliche <em>Rucksack KiTa<\/em>-Gruppe<\/li>\r\n<li>Qualifizierte Elternbegleiter*innen<\/li>\r\n<li>Schulungen, Begleitung und Reflexion<\/li>\r\n<li>Ausstattung der Einrichtung, z.B. mit diversit\u00e4tsbewussten Spielmaterialien, B\u00fcchern, Bildern sowie Ideen und Anregungen f\u00fcr eine sprach- und lernanregende Umgebung in allen den Kindern zur Verf\u00fcgung stehenden Sprachen<\/li>\r\n<\/ul>\r\n<p><strong>Was best\u00e4rkt\/verst\u00e4rkt Rucksack KiTa?<\/strong><\/p>\r\n<ul>\r\n<li>Praxisorientiertes Wissen zu diversit\u00e4tsbewussten Handlungsans\u00e4tzen und die etablierte Umsetzung dessen<\/li>\r\n<li>Offenheit f\u00fcr Inputs von Familien mit internationaler Geschichte f\u00fcr den KiTa-Alltag<\/li>\r\n<li>Interaktion mit Eltern mit internationaler Familiengeschichte<\/li>\r\n<li>Akzeptanz Eltern = \u201eErziehungsexperten&#8220;<\/li>\r\n<li>Erf\u00fcllung gesetzlicher Vorgaben (siehe bspw. f\u00fcr NRW KiBiz)<\/li>\r\n<li>Aufgreifen von MehrSprachigkeit als Potenzial<\/li>\r\n<li>Bessere Vorbereitung auf den weiteren Bildungsweg, bessere Bildungschancen der Kinder<\/li>\r\n<\/ul>\r\n<p><strong>Wie ver\u00e4ndert das unser Miteinander?<\/strong><\/p>\r\n<ul>\r\n<li>\r\n<ul>\r\n<li>St\u00e4rkung der Erziehungs- und Bildungspartnerschaft mit den Eltern\/Familien entlang der Bildungskette<\/li>\r\n<li>Bildungsinstitutionen \u00f6ffnen sich schon im fr\u00fchkindlichen Bereich migrationssensibel und diversit\u00e4tsorientiert<a href=\"#_ftn1\" name=\"_ftnref1\">[1]<\/a><\/li>\r\n<\/ul>\r\n<\/li>\r\n<\/ul>\r\n<p>&nbsp;<\/p>\r\n<p><a href=\"#_ftnref1\" name=\"_ftn1\">[1]<\/a> <a href=\"http:\/\/publi.lvr.de\/publi\/PDF\/750-Gemeinsam-Verschieden.pdf\">http:\/\/publi.lvr.de\/publi\/PDF\/750-Gemeinsam-Verschieden.pdf<\/a>, S. 9 (Stand: 04.05.2016).<\/p>","protected":false},"excerpt":{"rendered":"<div class=\"entry-summary\">\n<div class=\"entry-summary\">\nHier finden Sie die Wirkung auf folgende Zielgruppen: Eltern\/Familien,  Elternbegleiter*innen, P\u00e4dagogische Fachkr\u00e4fte, Kinder und Bildungseinrichtungen.\n<\/div>\n<div class=\"link-more\"><a href=\"https:\/\/www.griffbereit-rucksack.de\/fa\/rucksack-kita\/wirkung-rucksack-kita\/\" class=\"more-link\">Continue reading<span class=\"screen-reader-text\"> &ldquo;Wirkung Rucksack KiTa&rdquo;<\/span>&hellip;<\/a><\/div>\n<\/div>\n<div class=\"link-more\"><a href=\"https:\/\/www.griffbereit-rucksack.de\/fa\/rucksack-kita\/wirkung-rucksack-kita\/\" class=\"more-link\">Continue reading<span class=\"screen-reader-text\"> &ldquo;Wirkung Rucksack KiTa&rdquo;<\/span>&hellip;<\/a><\/div>","protected":false},"author":1,"featured_media":0,"parent":623,"menu_order":0,"comment_status":"closed","ping_status":"closed","template":"","meta":{"_acf_changed":false,"footnotes":""},"class_list":["post-648","page","type-page","status-publish","hentry","entry"],"acf":[],"_links":{"self":[{"href":"https:\/\/www.griffbereit-rucksack.de\/fa\/wp-json\/wp\/v2\/pages\/648","targetHints":{"allow":["GET"]}}],"collection":[{"href":"https:\/\/www.griffbereit-rucksack.de\/fa\/wp-json\/wp\/v2\/pages"}],"about":[{"href":"https:\/\/www.griffbereit-rucksack.de\/fa\/wp-json\/wp\/v2\/types\/page"}],"author":[{"embeddable":true,"href":"https:\/\/www.griffbereit-rucksack.de\/fa\/wp-json\/wp\/v2\/users\/1"}],"replies":[{"embeddable":true,"href":"https:\/\/www.griffbereit-rucksack.de\/fa\/wp-json\/wp\/v2\/comments?post=648"}],"version-history":[{"count":0,"href":"https:\/\/www.griffbereit-rucksack.de\/fa\/wp-json\/wp\/v2\/pages\/648\/revisions"}],"up":[{"embeddable":true,"href":"https:\/\/www.griffbereit-rucksack.de\/fa\/wp-json\/wp\/v2\/pages\/623"}],"wp:attachment":[{"href":"https:\/\/www.griffbereit-rucksack.de\/fa\/wp-json\/wp\/v2\/media?parent=648"}],"curies":[{"name":"wp","href":"https:\/\/api.w.org\/{rel}","templated":true}]}}