{"id":642,"date":"2019-09-12T15:16:08","date_gmt":"2019-09-12T13:16:08","guid":{"rendered":"https:\/\/www.griffbereit-rucksack.de\/?page_id=642"},"modified":"2021-07-08T12:50:24","modified_gmt":"2021-07-08T10:50:24","slug":"umsetzung-rucksack-kita","status":"publish","type":"page","link":"https:\/\/www.griffbereit-rucksack.de\/fa\/rucksack-kita\/umsetzung-rucksack-kita\/","title":{"rendered":"Umsetzung Rucksack KiTa"},"content":{"rendered":"<h2>\n\t\tUmsetzung Rucksack KiTa\n\t<\/h2>\n\t\n\t<p>Die Umsetzung von <em>Rucksack KiTa<\/em> wird in NRW seit 2013 durch die Landesweite Koordinierungsstelle (LaKo) gesteuert und begleitet.<\/p>\n<p>Seit 2017 verantwortet die <em>LaKo<\/em> auch den bundesweiten Transfer, der durch die Auridis Stiftung gef\u00f6rdert wird. Inzwischen gibt es in Deutschland bereits mehr als <strong>750 <em>Rucksack KiTa<\/em>-Gruppen<\/strong>. Das Programm wird auch in weiteren europ\u00e4ischen L\u00e4ndern erfolgreich umgesetzt.<\/p>\n<strong>Rahmenbedingungen<br>\n<\/strong>Sofern noch keine eigene Landeskoordinierungsstelle im Bundesland bzw. lokale Koordinierungsstelle besteht, schlie\u00dfen interessierte Tr\u00e4ger (Programmtr\u00e4ger) eine Kooperationsvereinbarung mit der<em> LaKo<\/em> NRW ab. Danach erhalten sie das <em>Rucksack KiTa<\/em>-Materialpaket kostenfrei als PDF-Datei.\n\t\t\t<a href=\"https:\/\/www.griffbereit-rucksack.de\/fa\/rucksack-kita-material\/\" target=\"_self\" role=\"button\" rel=\"noopener\">\n\t\t\t\t\t\t\t\u00dcberblick Rucksack-KiTa-Material\n\t\t\t<\/a>\n\t<p>Durch die Vereinbarung verpflichten sich alle Programmtr\u00e4ger, die Qualit\u00e4tsstandards des Programms einzuhalten sowie diese auf allen Ebenen sicherzustellen. Der Tr\u00e4ger vor Ort finanziert die Programmdurchf\u00fchrung sowie Schulung, Honorar und Anleitung der Elternbegleiter*innen.<\/p>\n<p>Das beim ZfTI angesiedelte Bundestransfer-Team koordiniert und\/oder begleitet das Programm bundesweit auch in Kooperation mit anderen \u00c4mtern und Tr\u00e4gern und bietet Informationsveranstaltungen sowie Schulungen an. Ebenso ist das Bundestransfer-Team f\u00fcr die kontinuierliche fachliche Begleitung zust\u00e4ndig. Angestrebt ist die Etablierung von Landeskoordinierungsstellen in jedem Bundesland, in dem das Programm Anwendung findet, um eine gezielte Begleitung der Arbeit vor Ort zu gew\u00e4hrleisten.<\/p>\n\t\t\t<a href=\"https:\/\/www.griffbereit-rucksack.de\/fa\/organisatorisches-rucksack-kita\/\" target=\"_self\" role=\"button\" rel=\"noopener\">\n\t\t\t\t\t\t\t\u00dcberblick Organisatorisches\n\t\t\t<\/a>","protected":false},"excerpt":{"rendered":"<div class=\"entry-summary\">\n<div class=\"entry-summary\">\nZur Durchf\u00fchrung von Rucksack KiTa m\u00fcssen interessierte Tr\u00e4ger eine Kooperationsvereinbarung mit der Landesweiten Koordinierungsstelle (LaKo) NRW, sofern noch keine eigene Landeskoordinierungsstelle im Bundesland besteht.\n<\/div>\n<div class=\"link-more\"><a href=\"https:\/\/www.griffbereit-rucksack.de\/fa\/rucksack-kita\/umsetzung-rucksack-kita\/\" class=\"more-link\">Continue reading<span class=\"screen-reader-text\"> &ldquo;Umsetzung Rucksack KiTa&rdquo;<\/span>&hellip;<\/a><\/div>\n<\/div>\n<div class=\"link-more\"><a href=\"https:\/\/www.griffbereit-rucksack.de\/fa\/rucksack-kita\/umsetzung-rucksack-kita\/\" class=\"more-link\">Continue reading<span class=\"screen-reader-text\"> &ldquo;Umsetzung Rucksack KiTa&rdquo;<\/span>&hellip;<\/a><\/div>","protected":false},"author":1,"featured_media":0,"parent":623,"menu_order":0,"comment_status":"closed","ping_status":"closed","template":"","meta":{"_acf_changed":false,"footnotes":""},"class_list":["post-642","page","type-page","status-publish","hentry","entry"],"acf":[],"_links":{"self":[{"href":"https:\/\/www.griffbereit-rucksack.de\/fa\/wp-json\/wp\/v2\/pages\/642","targetHints":{"allow":["GET"]}}],"collection":[{"href":"https:\/\/www.griffbereit-rucksack.de\/fa\/wp-json\/wp\/v2\/pages"}],"about":[{"href":"https:\/\/www.griffbereit-rucksack.de\/fa\/wp-json\/wp\/v2\/types\/page"}],"author":[{"embeddable":true,"href":"https:\/\/www.griffbereit-rucksack.de\/fa\/wp-json\/wp\/v2\/users\/1"}],"replies":[{"embeddable":true,"href":"https:\/\/www.griffbereit-rucksack.de\/fa\/wp-json\/wp\/v2\/comments?post=642"}],"version-history":[{"count":0,"href":"https:\/\/www.griffbereit-rucksack.de\/fa\/wp-json\/wp\/v2\/pages\/642\/revisions"}],"up":[{"embeddable":true,"href":"https:\/\/www.griffbereit-rucksack.de\/fa\/wp-json\/wp\/v2\/pages\/623"}],"wp:attachment":[{"href":"https:\/\/www.griffbereit-rucksack.de\/fa\/wp-json\/wp\/v2\/media?parent=642"}],"curies":[{"name":"wp","href":"https:\/\/api.w.org\/{rel}","templated":true}]}}