{"id":637,"date":"2019-09-12T15:06:35","date_gmt":"2019-09-12T13:06:35","guid":{"rendered":"https:\/\/www.griffbereit-rucksack.de\/?page_id=637"},"modified":"2021-04-27T12:28:57","modified_gmt":"2021-04-27T10:28:57","slug":"bildungsansaetze-rucksack-kita","status":"publish","type":"page","link":"https:\/\/www.griffbereit-rucksack.de\/fa\/rucksack-kita\/bildungsansaetze-rucksack-kita\/","title":{"rendered":"Bildungsans\u00e4tze Rucksack KiTa"},"content":{"rendered":"<h2>\n\t\t\u201eBildung ist das h\u00f6chste Gut, dass wir unseren Kindern schenken k\u00f6nnen.&#8220; (Cat Stevens)\n\t<\/h2>\n\t<p>Ziel von <em>Rucksack KiTa <\/em>ist kindliche Sprachbildung &#8211; allgemeine und mehrsprachige, stets systematisch und alltagsintegriert. Denn dies f\u00f6rdert die sprachliche Entwicklung der Kinder in besonderem Ma\u00dfe.<\/p>\n\n<ul>\n<li>die F\u00f6rderung der gesamten kindlichen Entwicklung<\/li>\n<li>die St\u00e4rkung der Partizipation von Eltern\/Familien<\/li>\n<li>der Auf- und Ausbau der Bildungs- und Erziehungspartnerschaft<\/li>\n<li>die diversit\u00e4tsorientierte sowie migrationsgesellschaftliche \u00d6ffnung der Bildungsinstitution<\/li>\n<\/ul>\n<p>Das Programm basiert dabei auf der Idee der Partizipation und der \u00dcbertragung von Verantwortung (Empowerment): Alle Akteure fungieren als Experten im \u201eeigenen Bereich&#8220;. Sie erhalten speziell auf ihre Bedarfe und Kompetenzen zugeschnittene Materialien, Schulungen, Informationen, Angebote, etc., die sie in ihrem Alltag und in ihren Sprachen selbst aktiv und eigenverantwortlich umsetzen.<\/p>\n\t<p>Im Sinne der eingegangenen Bildungs- und Erziehungspartnerschaft funktioniert <em>Rucksack KiTa<\/em> nur mehrdimensional: Die Eltern\/Familien erproben in ihrer Gruppe Themen und Aktivit\u00e4ten, die sie mit den Kindern zu Hause in den Familiensprachen vertiefen. Gleichzeitig &#8211; darauf abgestimmt &#8211; unterst\u00fctzt die KiTa durch alltagsintegrierte Angebote die (mehrsprachige) Sprachbildung der Kinder. Wertvolles Potenzial, denn:<\/p>\n\n<em>Rucksack KiTa<\/em> \u00ae weit mehr als Sprachbildung!<br \/>\nDas Programm verkn\u00fcpft die sprachliche Bildung und Erziehung der Kinder mit einem Konzept der Familienbildung und unterst\u00fctzt die diversit\u00e4tsorientierte und migrationsgesellschaftliche Entwicklung der Bildungsinstitution: Eine langfristige Investition gegen Chancenungleichheit im Bildungssystem, Ausgrenzung und Vorurteile.","protected":false},"excerpt":{"rendered":"<div class=\"entry-summary\">\n<div class=\"entry-summary\">\nRucksack KiTa basiert auf der Idee der Partizipation und des Empowerments. Alle Akteure werden als Experten im \u201eeigenen Bereich\u201c gesehen und angesprochen.\n<\/div>\n<div class=\"link-more\"><a href=\"https:\/\/www.griffbereit-rucksack.de\/fa\/rucksack-kita\/bildungsansaetze-rucksack-kita\/\" class=\"more-link\">Continue reading<span class=\"screen-reader-text\"> &ldquo;Bildungsans\u00e4tze Rucksack KiTa&rdquo;<\/span>&hellip;<\/a><\/div>\n<\/div>\n<div class=\"link-more\"><a href=\"https:\/\/www.griffbereit-rucksack.de\/fa\/rucksack-kita\/bildungsansaetze-rucksack-kita\/\" class=\"more-link\">Continue reading<span class=\"screen-reader-text\"> &ldquo;Bildungsans\u00e4tze Rucksack KiTa&rdquo;<\/span>&hellip;<\/a><\/div>","protected":false},"author":1,"featured_media":0,"parent":623,"menu_order":3,"comment_status":"closed","ping_status":"closed","template":"","meta":{"_acf_changed":false,"footnotes":""},"class_list":["post-637","page","type-page","status-publish","hentry","entry"],"acf":[],"_links":{"self":[{"href":"https:\/\/www.griffbereit-rucksack.de\/fa\/wp-json\/wp\/v2\/pages\/637","targetHints":{"allow":["GET"]}}],"collection":[{"href":"https:\/\/www.griffbereit-rucksack.de\/fa\/wp-json\/wp\/v2\/pages"}],"about":[{"href":"https:\/\/www.griffbereit-rucksack.de\/fa\/wp-json\/wp\/v2\/types\/page"}],"author":[{"embeddable":true,"href":"https:\/\/www.griffbereit-rucksack.de\/fa\/wp-json\/wp\/v2\/users\/1"}],"replies":[{"embeddable":true,"href":"https:\/\/www.griffbereit-rucksack.de\/fa\/wp-json\/wp\/v2\/comments?post=637"}],"version-history":[{"count":0,"href":"https:\/\/www.griffbereit-rucksack.de\/fa\/wp-json\/wp\/v2\/pages\/637\/revisions"}],"up":[{"embeddable":true,"href":"https:\/\/www.griffbereit-rucksack.de\/fa\/wp-json\/wp\/v2\/pages\/623"}],"wp:attachment":[{"href":"https:\/\/www.griffbereit-rucksack.de\/fa\/wp-json\/wp\/v2\/media?parent=637"}],"curies":[{"name":"wp","href":"https:\/\/api.w.org\/{rel}","templated":true}]}}