{"id":629,"date":"2019-09-12T14:56:35","date_gmt":"2019-09-12T12:56:35","guid":{"rendered":"https:\/\/www.griffbereit-rucksack.de\/?page_id=629"},"modified":"2023-07-17T16:23:49","modified_gmt":"2023-07-17T14:23:49","slug":"rucksack-kita-zielgruppen","status":"publish","type":"page","link":"https:\/\/www.griffbereit-rucksack.de\/fa\/rucksack-kita-zielgruppen\/","title":{"rendered":"Zielgruppen Rucksack KiTa"},"content":{"rendered":"<p><strong>Eltern bzw. Familien<\/strong><\/p>\n<p>Eltern\/Familien werden -orientiert an ihren St\u00e4rken- als Experten f\u00fcr die F\u00f6rderung der Herkunfts-\/Familiensprache(n) angesprochen. Dar\u00fcber hinaus haben sie potentiell viel mehr Sprechzeit f\u00fcr ihre Kinder zur Verf\u00fcgung als die p\u00e4dagogische Fachkraft in der Einrichtung. Wenn die Eltern\/Familien gelernt haben, interaktiv vorzulesen und ihr Kind z.B. zum Nachdenken und Sprechen \u00fcber eine solche Geschichte animieren oder es zum Weitererz\u00e4hlen der Geschichten anregen, so kann sich die Zuwendungszeit rasch vervielfachen und das Kind in einer Woche in diesem Zusammenhang erheblich mehr sprechen als in der Kindertageseinrichtung. Wird das Kind noch zus\u00e4tzlich t\u00e4glich zum Erz\u00e4hlen \u00fcber Erlebnisse und Erfahrungen in der Kindertageseinrichtung aufgefordert, so wird sich das sehr positiv auf die Entwicklung der Erstsprache auswirken.<\/p>\n<p><strong>Kinder<\/strong><\/p>\n<p>Sprache z\u00e4hlt zu den wichtigsten Schl\u00fcsselkompetenzen f\u00fcr lebenslanges Lernen und sp\u00e4teren Erfolg in Bildungsinstitutionen. Besonders f\u00fcr Kinder am Anfang ihrer Sprachentwicklung und f\u00fcr Kinder, die mehrsprachig aufwachsen, sind die fr\u00fche Sprachbildung und die Unterst\u00fctzung sprachlicher Kompetenzen durch Eltern\/Familien sowie P\u00e4dagog*innen von ausschlaggebender Bedeutung. Die F\u00f6rderung der sprachlichen Entwicklung nimmt als zentrale Bildungsaufgabe somit zu Recht einen hohen Stellenwert im Elementarbereich ein. Die in den letzten Jahren neu gewonnenen wissenschaftlichen Erkenntnisse und Praxiserfahrungen zeigen, dass es vor allem eine systematische alltagsintegrierte Sprachbildung ist, die die sprachliche Entwicklung der Kinder f\u00f6rdert.<\/p>\n<p><strong>Elternbegleiter*innen<\/strong><\/p>\n<p>Elternbegleiter*innen leiten die <em>Rucksack-Gruppe<\/em> der Eltern\/Familien. Nach M\u00f6glichkeit sollte es sich dabei um eine mehrsprachige Person mit internationaler Familiengeschichte der Kindertagesst\u00e4tte selbst handeln oder die Aufgabe wird von einer professionellen Kraft mit internationaler Familiengeschichte (Studierende, Fachkr\u00e4fte in Elternzeit, Sprachf\u00f6rderkr\u00e4fte etc.) \u00fcbernommen.<\/p>\n<p>Die Vorteile liegen auf der Hand: Personen, die teilweise eine \u00e4hnliche Familiensituation innehaben und die gleiche Sprache sprechen, werden schneller als Vertrauenspersonen angesehen und k\u00f6nnen somit leichter eine vermittelnde Rolle, eine \u201eBr\u00fcckenfunktion&#8220; zwischen Bildungsinstitution und Elternhaus einnehmen. Diese Person sollte sowohl gute Kenntnisse in der\/den Erstsprache(n) bzw. Familiensprache(n) der Teilnehmer*innen als auch in Deutsch haben. In der Regel f\u00fchren Honorarkr\u00e4fte die Elternbegleitung durch oder freigestelltes p\u00e4dagogisches Personal aus den Einrichtungen. Sie werden von sogenannten Anleiter*innen (Koordinatoren)<a href=\"#_ftn1\" name=\"_ftnref1\">[1]<\/a> geschult und begleitet. Daf\u00fcr sind Qualifizierungsma\u00dfnahmen vorgesehen, die umfassende Themen beinhalten. Diese Fortbildungen richten sich selbstverst\u00e4ndlich nach den Bed\u00fcrfnissen vor Ort. In der Regel werden Qualifizierungen zu den folgenden Themen angeboten:<\/p>\n<ul>\n<li>Migrationssensible Sensibilisierung\/diversit\u00e4tsbewusstes Handeln in Erziehung und Bildung<\/li>\n<li>Kommunikation und Konfliktbearbeitung<\/li>\n<li>Methoden der Gruppenleitung und Gespr\u00e4chsf\u00fchrung<\/li>\n<li>Praktische Umsetzung des Programms <em>Rucksack KiTa<\/em><\/li>\n<li>Gestaltung der Gruppe<\/li>\n<li>Aktivit\u00e4ten und Spiele<\/li>\n<li>Kinder beobachten und motivieren<\/li>\n<li>Elternselbstbildung oder Hilfe zur Selbsthilfe<\/li>\n<li>Sprachbildung, Sprachentwicklung und Spracherwerb<\/li>\n<li>Mehrsprachigkeit<\/li>\n<li>F\u00f6rderung von mathematischen Vorl\u00e4uferf\u00e4higkeiten<\/li>\n<li>Literacy-Erziehung<\/li>\n<li>Die Bedeutung von Bindung f\u00fcr die kindliche Entwicklung<\/li>\n<li>Die Entwicklung von Kleinkindern und\/oder Vorschulkindern<\/li>\n<li>Gesundheit<\/li>\n<li>Medienerziehung<\/li>\n<li>Interreligi\u00f6ser Dialog<\/li>\n<\/ul>\n<p><a href=\"#_ftnref1\" name=\"_ftn1\">[1]<\/a> Anleiter*innen sind professionelle Fachkr\u00e4fte, die p\u00e4dagogisch und vielfaltsorientiert vorqualifiziert sind, Kompetenz in der Theorie und praktischen Arbeit der Mehrsprachigkeit und Erfahrungen und Kenntnisse in der Arbeit mit Menschen mit internationaler Familiengeschichte haben.<\/p>\n\t<p><strong>P\u00e4dagogische Fachkr\u00e4fte<\/strong><\/p>\n<p>Neben ihrer Hauptaufgaben wie Kinderbetreuung, -bildung, -erziehung und ganzheitliche F\u00f6rderung sollen p\u00e4dagogische Fachkr\u00e4fte auch Lebenswelten und Diversit\u00e4t wahrnehmen, verstehen und Inklusion f\u00f6rdern, Erziehungs- und Bildungspartnerschaften mit Eltern\/Familien und Bezugspersonen gestalten sowie \u00dcberg\u00e4nge unterst\u00fctzen und Institution und Team entwickeln sowie in Netzwerken kooperieren<a href=\"#_ftn2\" name=\"_ftnref2\">[2]<\/a>. Insbesondere diese Aufgaben entsprechen den <em>Rucksack<\/em>-Prinzipien der diversit\u00e4tsbewussten Bildung und Erziehung, die Einseitigkeiten und Ausgrenzungen aktiv entgegenwirken. Den p\u00e4dagogischen Fachkr\u00e4ften wird in diesen Prozessen gezielte Unterst\u00fctzung angeboten ebenso f\u00fcr die (mehrsprachige) alltagsintegrierte Bildung der Kinder. In diesem anspruchsvollen Prozess werden p\u00e4dagogische Fachkr\u00e4fte im Rahmen von <em>Rucksack KiTa<\/em> von den Programmanleiter*innen beraten und begleitet. Sie stehen stets im Austausch mit den anderen Beteiligten.<\/p>\n<p><strong>Bildungsinstitutionen<\/strong><\/p>\n<p><em>Rucksack KiTa<\/em> ist ein Programm, das in Bildungsinstitutionen stattfindet, sodass diese sich auch migrationsgesellschaftlich \u00f6ffnen und Prozesse ansto\u00dfen k\u00f6nnen, die gro\u00dfe Ver\u00e4nderungen in der Bildungsinstitution selbst aber auch im Stadtteil oder gar in der Stadt oder im Landkreis bewirken k\u00f6nnen. Die Bildungseinrichtung wird verantwortlich in die parallele F\u00f6rderung der Zweitsprache einbezogen. Die Kindertageseinrichtung koordiniert das Programm der M\u00fctter\/V\u00e4ter mit ihrem Konzept der alltagsintegrierten Sprachbildung. Den Eltern\/Familien wird durch eine strukturierte Weitergabe des Programms geholfen, sich der Entwicklung ihrer Kinder gezielt zuzuwenden. <em>Rucksack KiTa<\/em> eignet sich besonders f\u00fcr Kindertageseinrichtung oder f\u00fcr Familienzentren, die zumeist eine Anlaufstelle f\u00fcr Eltern\/Familien mit internationaler Familiengeschichte sind.<\/p>\n<p><a href=\"#_ftnref2\" name=\"_ftn2\">[2]<\/a>\u00a0\u00a0 Vgl. L\u00e4nder\u00fcbergreifender Lehrplan Erzieher\/Erzieherin:<\/p>\n<p>http:\/\/www.berufsbildung.nrw.de\/cms\/upload\/fs\/download\/sozial\/laenderuebergr-lp-erzieher.pdf (Stand: 30.07.2019).<\/p>","protected":false},"excerpt":{"rendered":"<div class=\"entry-summary\">\n<div class=\"entry-summary\">\nZielgruppen sind Eltern\/Familien, Eltern-begleiter*innen, P\u00e4dagogische Fachkr\u00e4fte, Kinder und Bildungseinrichtungen.\n<\/div>\n<div class=\"link-more\"><a href=\"https:\/\/www.griffbereit-rucksack.de\/fa\/rucksack-kita-zielgruppen\/\" class=\"more-link\">Continue reading<span class=\"screen-reader-text\"> &ldquo;Zielgruppen Rucksack KiTa&rdquo;<\/span>&hellip;<\/a><\/div>\n<\/div>\n<div class=\"link-more\"><a href=\"https:\/\/www.griffbereit-rucksack.de\/fa\/rucksack-kita-zielgruppen\/\" class=\"more-link\">Continue reading<span class=\"screen-reader-text\"> &ldquo;Zielgruppen Rucksack KiTa&rdquo;<\/span>&hellip;<\/a><\/div>","protected":false},"author":1,"featured_media":0,"parent":0,"menu_order":4,"comment_status":"closed","ping_status":"closed","template":"","meta":{"_acf_changed":false,"footnotes":""},"class_list":["post-629","page","type-page","status-publish","hentry","entry"],"acf":[],"_links":{"self":[{"href":"https:\/\/www.griffbereit-rucksack.de\/fa\/wp-json\/wp\/v2\/pages\/629","targetHints":{"allow":["GET"]}}],"collection":[{"href":"https:\/\/www.griffbereit-rucksack.de\/fa\/wp-json\/wp\/v2\/pages"}],"about":[{"href":"https:\/\/www.griffbereit-rucksack.de\/fa\/wp-json\/wp\/v2\/types\/page"}],"author":[{"embeddable":true,"href":"https:\/\/www.griffbereit-rucksack.de\/fa\/wp-json\/wp\/v2\/users\/1"}],"replies":[{"embeddable":true,"href":"https:\/\/www.griffbereit-rucksack.de\/fa\/wp-json\/wp\/v2\/comments?post=629"}],"version-history":[{"count":0,"href":"https:\/\/www.griffbereit-rucksack.de\/fa\/wp-json\/wp\/v2\/pages\/629\/revisions"}],"wp:attachment":[{"href":"https:\/\/www.griffbereit-rucksack.de\/fa\/wp-json\/wp\/v2\/media?parent=629"}],"curies":[{"name":"wp","href":"https:\/\/api.w.org\/{rel}","templated":true}]}}