{"id":623,"date":"2019-09-12T14:47:37","date_gmt":"2019-09-12T12:47:37","guid":{"rendered":"https:\/\/www.griffbereit-rucksack.de\/?page_id=623"},"modified":"2023-08-08T11:17:12","modified_gmt":"2023-08-08T09:17:12","slug":"rucksack-kita","status":"publish","type":"page","link":"https:\/\/www.griffbereit-rucksack.de\/fa\/rucksack-kita\/","title":{"rendered":"Rucksack KiTa"},"content":{"rendered":"<h2><strong>Willkommen bei Rucksack KiTa<\/strong><\/h2>\n<p><strong>Sprachbildung gemeinsam tragen &#8211; mehrsprachig und alltagsintegriert<\/strong><\/p>\n\t<p><strong><em>Rucksack KiTa <\/em><\/strong>ist ein Sprach- und Bildungsprogramm f\u00fcr KiTa-Kinder zwischen vier und sechs Jahren mit internationaler Familiengeschichte sowie f\u00fcr deren Eltern\/Familie und Bildungsinstitution. Im Fokus steht die alltagsintegrierte allgemeine und mehrsprachige Sprachbildung.<\/p>\n<p>Wie <em>Griffbereit<\/em> stammt auch <em>Rucksack KiTa <\/em>aus den Niederlanden. In NRW wird es bereits seit 1999 erfolgreich und fl\u00e4chendeckend durchgef\u00fchrt, evaluiert und kontinuierlich weiterentwickelt. Inzwischen l\u00e4uft das Programm bundesweit und in \u00d6sterreich. Auch Anfragen aus dem europ\u00e4ischen Ausland steigen zunehmend.<\/p>\n<p>Verantwortlich f\u00fcr das Programm sind die <em>Landesweiten Koordinierungsstellen<\/em> (LaKo). Sie steuern und begleiten die Umsetzung seit 2013.<\/p>\n\t\t\t<a href=\"https:\/\/www.griffbereit-rucksack.de\/fa\/angebot-rucksack-kita\/\" target=\"_self\" role=\"button\" rel=\"noopener\">\n\t\t\t\t\t\t\tANGEBOT\n\t\t\t<\/a>\n\t\t\t<a href=\"https:\/\/www.griffbereit-rucksack.de\/fa\/ablauf-rucksack-kita\/\" target=\"_self\" role=\"button\" rel=\"noopener\">\n\t\t\t\t\t\t\tABLAUF\n\t\t\t<\/a>\n\t\t\t<a href=\"https:\/\/www.griffbereit-rucksack.de\/fa\/zielgruppen-rucksack-kita\/\" target=\"_self\" role=\"button\" rel=\"noopener\">\n\t\t\t\t\t\t\tZIELGRUPPEN\n\t\t\t<\/a>\n\t<iframe width=\"560\" height=\"315\" src=\"https:\/\/www.youtube.com\/embed\/QwJytRMI-qw\" frameborder=\"0\" allow=\"accelerometer; autoplay; clipboard-write; encrypted-media; gyroscope; picture-in-picture\" allowfullscreen><\/iframe>\n\t<p><a href=\"https:\/\/www.youtube.com\/watch?v=Vq5MeFEWRw8\" target=\"_blank\" rel=\"noopener\">Hier geht es zur Langfassung des Videos<\/a><\/p>\n<p><em>Rucksack KiTa <\/em>befindet sich an der Schnittstelle zwischen dem formalen Lernort KiTa und den informellen Bildungs- und F\u00f6rderungsangeboten. Das Programm findet in der Kindertageseinrichtung oder einem Familienzentrum statt. Dies stellt zugleich eine Grundbedingung f\u00fcr die Durchf\u00fchrung dar. Eltern\/Familien und KiTa bauen hier eine Bildungs- und Erziehungspartnerschaft auf, von der beide Seiten nachhaltig profitieren.<\/p>\n<p><strong>Die Bildungsinstitution hat dabei die Chance, sich f\u00fcr Migration und Diversit\u00e4t zu \u00f6ffnen.<\/strong><\/p>","protected":false},"excerpt":{"rendered":"<div class=\"entry-summary\">\n<div class=\"entry-summary\">\nWillkommen bei Rucksack KiTa Sprachbildung gemeinsam tragen &#8211; mehrsprachig und alltagsintegriert Rucksack KiTa ist ein Sprach- und Bildungsprogramm&hellip;\n<\/div>\n<div class=\"link-more\"><a href=\"https:\/\/www.griffbereit-rucksack.de\/fa\/rucksack-kita\/\" class=\"more-link\">Continue reading<span class=\"screen-reader-text\"> &ldquo;Rucksack KiTa&rdquo;<\/span>&hellip;<\/a><\/div>\n<\/div>\n<div class=\"link-more\"><a href=\"https:\/\/www.griffbereit-rucksack.de\/fa\/rucksack-kita\/\" class=\"more-link\">Continue reading<span class=\"screen-reader-text\"> &ldquo;Rucksack KiTa&rdquo;<\/span>&hellip;<\/a><\/div>","protected":false},"author":1,"featured_media":0,"parent":0,"menu_order":0,"comment_status":"closed","ping_status":"closed","template":"templates\/subpages.php","meta":{"_acf_changed":false,"footnotes":""},"class_list":["post-623","page","type-page","status-publish","hentry","entry"],"acf":[],"_links":{"self":[{"href":"https:\/\/www.griffbereit-rucksack.de\/fa\/wp-json\/wp\/v2\/pages\/623","targetHints":{"allow":["GET"]}}],"collection":[{"href":"https:\/\/www.griffbereit-rucksack.de\/fa\/wp-json\/wp\/v2\/pages"}],"about":[{"href":"https:\/\/www.griffbereit-rucksack.de\/fa\/wp-json\/wp\/v2\/types\/page"}],"author":[{"embeddable":true,"href":"https:\/\/www.griffbereit-rucksack.de\/fa\/wp-json\/wp\/v2\/users\/1"}],"replies":[{"embeddable":true,"href":"https:\/\/www.griffbereit-rucksack.de\/fa\/wp-json\/wp\/v2\/comments?post=623"}],"version-history":[{"count":0,"href":"https:\/\/www.griffbereit-rucksack.de\/fa\/wp-json\/wp\/v2\/pages\/623\/revisions"}],"wp:attachment":[{"href":"https:\/\/www.griffbereit-rucksack.de\/fa\/wp-json\/wp\/v2\/media?parent=623"}],"curies":[{"name":"wp","href":"https:\/\/api.w.org\/{rel}","templated":true}]}}