{"id":530,"date":"2019-09-06T14:22:43","date_gmt":"2019-09-06T12:22:43","guid":{"rendered":"https:\/\/www.griffbereit-rucksack.de\/?page_id=530"},"modified":"2023-10-12T12:36:18","modified_gmt":"2023-10-12T10:36:18","slug":"griffbereit","status":"publish","type":"page","link":"https:\/\/www.griffbereit-rucksack.de\/fa\/griffbereit\/","title":{"rendered":"Griffbereit"},"content":{"rendered":"<h2><strong>Willkommen bei <em>Griffbereit<\/em><\/strong><\/h2>\n<p><strong>Mehr Eltern-Kind-Interaktion &#8211; f\u00fcr MehrSprachigkeit<\/strong><\/p>\n\t<p><strong><em>Griffbereit<\/em><\/strong> ist ein Sprach- und Familienbildungsprogramm f\u00fcr Eltern\/Familien mit und ohne internationale Familiengeschichte und ihre Kinder von eins bis drei Jahren. Im Fokus steht die Eltern-Kind-Interaktion zur St\u00e4rkung der (mehr)sprachigen Entwicklung.<\/p>\n<p>Der Ursprung f\u00fcr dieses Programm liegt in den Niederlanden. Das dort bew\u00e4hrte <em>Bij de Hand<\/em> wurde im Jahr 1999 f\u00fcr Deutschland adaptiert, erg\u00e4nzt und weiterentwickelt &#8211; ausgehend vom Arbeitskreis IKEEP <em>(Interkulturelle Entwicklung im Elementar- und Primarbereich)<\/em> der damaligen RAA[1] in NRW. Das Programm <em>Griffbereit<\/em> wird inzwischen auch au\u00dferhalb NRWs erfolgreich durchgef\u00fchrt. Die <em>Landesweiten Koordinierungsstellen<\/em> (LaKos) steuern und begleiten die Umsetzung seit 2013. Auch in weiteren europ\u00e4ischen L\u00e4ndern wird das Programm erfolgreich durchgef\u00fchrt.<\/p>\n\t\t\t<a href=\"https:\/\/www.griffbereit-rucksack.de\/fa\/griffbereit\/angebot-griffbereit\/\" target=\"_self\" role=\"button\" rel=\"noopener\">\n\t\t\t\t\t\t\tANGEBOT\n\t\t\t<\/a>\n\t\t\t<a href=\"https:\/\/www.griffbereit-rucksack.de\/fa\/griffbereit\/ablauf-griffbereit\/\" target=\"_self\" role=\"button\" rel=\"noopener\">\n\t\t\t\t\t\t\tABLAUF\n\t\t\t<\/a>\n\t\t\t<a href=\"https:\/\/www.griffbereit-rucksack.de\/fa\/griffbereit\/zielgruppen-griffbereit\/\" target=\"_self\" role=\"button\" rel=\"noopener\">\n\t\t\t\t\t\t\tZIELGRUPPEN\n\t\t\t<\/a>\n\t<iframe width=\"560\" height=\"315\" src=\"https:\/\/www.youtube.com\/embed\/g3dW79XKV24\" frameborder=\"0\" allow=\"accelerometer; autoplay; clipboard-write; encrypted-media; gyroscope; picture-in-picture\" allowfullscreen><\/iframe>\n\t<p>Das Programm wird in Kindertageseinrichtungen, Familienzentren oder Familienbildungsst\u00e4tten angeboten sowie im Kontext von Migrantenorganisationen, Integrationskursen, Mehrgenerationenh\u00e4usern<a href=\"#_ftn1\" name=\"_ftnref1\">[1]<\/a>, etc. Auf diese Weise haben die Familien die M\u00f6glichkeit, die Lebens- und Lernorte ihrer Kinder fr\u00fch kennenzulernen und aktiv mitzugestalten.<\/p>\n<p><strong><em>Griffbereit<\/em><\/strong><strong> kann auch als Einstiegsangebot in die Kindertagesbetreuung dienen.<\/strong><\/p>\n<p><a href=\"#_ftnref1\" name=\"_ftn1\">[1]<\/a> Bundeslandabh\u00e4ngig<\/p>\n<p>&nbsp;<\/p>","protected":false},"excerpt":{"rendered":"<div class=\"entry-summary\">\n<div class=\"entry-summary\">\nWillkommen bei Griffbereit Mehr Eltern-Kind-Interaktion &#8211; f\u00fcr MehrSprachigkeit Griffbereit ist ein Sprach- und Familienbildungsprogramm f\u00fcr Eltern\/Familien mit und&hellip;\n<\/div>\n<div class=\"link-more\"><a href=\"https:\/\/www.griffbereit-rucksack.de\/fa\/griffbereit\/\" class=\"more-link\">Continue reading<span class=\"screen-reader-text\"> &ldquo;Griffbereit&rdquo;<\/span>&hellip;<\/a><\/div>\n<\/div>\n<div class=\"link-more\"><a href=\"https:\/\/www.griffbereit-rucksack.de\/fa\/griffbereit\/\" class=\"more-link\">Continue reading<span class=\"screen-reader-text\"> &ldquo;Griffbereit&rdquo;<\/span>&hellip;<\/a><\/div>","protected":false},"author":1,"featured_media":0,"parent":0,"menu_order":0,"comment_status":"closed","ping_status":"closed","template":"templates\/subpages.php","meta":{"_acf_changed":false,"footnotes":""},"class_list":["post-530","page","type-page","status-publish","hentry","entry"],"acf":[],"_links":{"self":[{"href":"https:\/\/www.griffbereit-rucksack.de\/fa\/wp-json\/wp\/v2\/pages\/530","targetHints":{"allow":["GET"]}}],"collection":[{"href":"https:\/\/www.griffbereit-rucksack.de\/fa\/wp-json\/wp\/v2\/pages"}],"about":[{"href":"https:\/\/www.griffbereit-rucksack.de\/fa\/wp-json\/wp\/v2\/types\/page"}],"author":[{"embeddable":true,"href":"https:\/\/www.griffbereit-rucksack.de\/fa\/wp-json\/wp\/v2\/users\/1"}],"replies":[{"embeddable":true,"href":"https:\/\/www.griffbereit-rucksack.de\/fa\/wp-json\/wp\/v2\/comments?post=530"}],"version-history":[{"count":0,"href":"https:\/\/www.griffbereit-rucksack.de\/fa\/wp-json\/wp\/v2\/pages\/530\/revisions"}],"wp:attachment":[{"href":"https:\/\/www.griffbereit-rucksack.de\/fa\/wp-json\/wp\/v2\/media?parent=530"}],"curies":[{"name":"wp","href":"https:\/\/api.w.org\/{rel}","templated":true}]}}