{"id":5161,"date":"2021-11-05T16:43:57","date_gmt":"2021-11-05T15:43:57","guid":{"rendered":"https:\/\/www.griffbereit-rucksack.de\/?page_id=5161"},"modified":"2021-11-05T16:47:45","modified_gmt":"2021-11-05T15:47:45","slug":"empowerment-2","status":"publish","type":"page","link":"https:\/\/www.griffbereit-rucksack.de\/fa\/empowerment-2\/","title":{"rendered":"Empowerment"},"content":{"rendered":"<p>Unter dem Begriff Empowerment kann das Best\u00e4rken der eigenen Handlungsm\u00f6glichkeiten durch solidarische Formen der Anerkennung verstanden werden. Im Gegensatz zu Konzepten wie etwa Hilfe zur Selbsthilfe meint Empowerment das selbstst\u00e4ndige Aneignen von Handlungsst\u00e4rke (Power) und distanziert sich damit von Fremdbestimmung und Defizitorientierung.<\/p>\n<p>Die Programme Griffbereit und Rucksack KiTa erkennen die Akteur*innen &#8211; also die Kinder und Familien, Elternbegleiter*innen und p\u00e4dagogischen Fachkr\u00e4fte &#8211; mit ihrer jeweiligen Expertise an. Im Rahmen der Programme begegnen sich also Expert*innen f\u00fcr Erziehung, Aufwachsen und Entwicklung, institutionelle Bildung, f\u00fcr Familienkultur und Familiensprache(n) auf einer Grundlage flacher Hierarchien.[1]\n[1] In flachen Hierarchien werden alle Beteiligten in Kommunikation und Entscheidungsprozesse eingebunden &#8211; so lebt diese Organisationsform von der Mitgestaltung aller Beteiligten.<\/p>\n\t<p>Empowerment kann in diesem Sinne als Ermutigung verstanden werden, sichtbar, h\u00f6rbar und pr\u00e4sent zu sein und sich z.B. aktiv gestaltend in die Programmdurchf\u00fchrung einzubringen. Besonders f\u00fcr die Elternbegleiter*innen und Eltern bieten die Programme Griffbereit und Rucksack KiTa ein hohes Identifikationspotenzial sowie M\u00f6glichkeiten des Austausches und der Vernetzung. Weitere empowernde Effekte k\u00f6nnen die Steigerung des Bewusstseins f\u00fcr Erziehungsfragen sein, die Best\u00e4rkung in der eigenen Rolle als Eltern und als Individuum, oder die Erfahrung, das eigene Wissen auszubauen und weiterzutragen.<\/p>\n<p>Griffbereit und Rucksack KiTa st\u00e4rken zudem das Mehrsprachenkonzept von Bildungseinrichtungen. So wird die Repr\u00e4sentation von Mehrsprachigkeit im Alltag der Menschen erh\u00f6ht und Wertsch\u00e4tzung vermittelt.<\/p>\n<p>F\u00fcr eine ausf\u00fchrlichere Auseinandersetzung mit dem Begriff Empowerment und weitere Lesetipps geht es <a href=\"https:\/\/www.griffbereit-rucksack.de\/fa\/empowerment\/\">hier entlang<\/a>!<\/p>","protected":false},"excerpt":{"rendered":"<div class=\"entry-summary\">\n<div class=\"entry-summary\">\nUnter dem Begriff Empowerment kann das Best\u00e4rken der eigenen Handlungsm\u00f6glichkeiten durch solidarische Formen der Anerkennung verstanden werden. Im&hellip;\n<\/div>\n<div class=\"link-more\"><a href=\"https:\/\/www.griffbereit-rucksack.de\/fa\/empowerment-2\/\" class=\"more-link\">Continue reading<span class=\"screen-reader-text\"> &ldquo;Empowerment&rdquo;<\/span>&hellip;<\/a><\/div>\n<\/div>\n<div class=\"link-more\"><a href=\"https:\/\/www.griffbereit-rucksack.de\/fa\/empowerment-2\/\" class=\"more-link\">Continue reading<span class=\"screen-reader-text\"> &ldquo;Empowerment&rdquo;<\/span>&hellip;<\/a><\/div>","protected":false},"author":273,"featured_media":0,"parent":0,"menu_order":0,"comment_status":"closed","ping_status":"closed","template":"","meta":{"_acf_changed":false,"footnotes":""},"class_list":["post-5161","page","type-page","status-publish","hentry","entry"],"acf":[],"_links":{"self":[{"href":"https:\/\/www.griffbereit-rucksack.de\/fa\/wp-json\/wp\/v2\/pages\/5161","targetHints":{"allow":["GET"]}}],"collection":[{"href":"https:\/\/www.griffbereit-rucksack.de\/fa\/wp-json\/wp\/v2\/pages"}],"about":[{"href":"https:\/\/www.griffbereit-rucksack.de\/fa\/wp-json\/wp\/v2\/types\/page"}],"author":[{"embeddable":true,"href":"https:\/\/www.griffbereit-rucksack.de\/fa\/wp-json\/wp\/v2\/users\/273"}],"replies":[{"embeddable":true,"href":"https:\/\/www.griffbereit-rucksack.de\/fa\/wp-json\/wp\/v2\/comments?post=5161"}],"version-history":[{"count":0,"href":"https:\/\/www.griffbereit-rucksack.de\/fa\/wp-json\/wp\/v2\/pages\/5161\/revisions"}],"wp:attachment":[{"href":"https:\/\/www.griffbereit-rucksack.de\/fa\/wp-json\/wp\/v2\/media?parent=5161"}],"curies":[{"name":"wp","href":"https:\/\/api.w.org\/{rel}","templated":true}]}}