{"id":5157,"date":"2021-11-05T16:35:06","date_gmt":"2021-11-05T15:35:06","guid":{"rendered":"https:\/\/www.griffbereit-rucksack.de\/?page_id=5157"},"modified":"2021-11-05T16:40:35","modified_gmt":"2021-11-05T15:40:35","slug":"diversitaet-2","status":"publish","type":"page","link":"https:\/\/www.griffbereit-rucksack.de\/fa\/diversitaet-2\/","title":{"rendered":"Diversit\u00e4t"},"content":{"rendered":"<p>Diversit\u00e4t, international auch Diversity (engl.), kann mit Verschiedenheit oder Vielfalt \u00fcbersetzt werden und bringt ein zentrales Merkmal der migrationsgesellschaftlichen Wirklichkeit auf einen Begriff. Das p\u00e4dagogische Konzept dahinter bezieht sich darauf, dass unterschiedliche Gruppenidentit\u00e4ten und vielf\u00e4ltige lebensweltliche Normalit\u00e4ten eine gro\u00dfe Rolle im gesellschaftlichen Miteinander spielen &#8211; unabh\u00e4ngig davon, ob diese Gruppen objektiv existieren, oder ob es sich um das subjektive Empfinden von Zugeh\u00f6rigkeit handelt. Durch die Benennung von Diversit\u00e4t wird Aufmerksamkeit auf diese Realit\u00e4t gerichtet. Erst dadurch kann der bewusste Umgang mit ihr weiterentwickelt und im Alltag verankert werden. Eine aktive Auseinandersetzung mit Diversit\u00e4t bedeutet, die eigene p\u00e4dagogische Handlungs- und Reflexionskompetenz zu erweitern. Zu reflektieren ist dabei etwa die Frage, welche Vorstellungen von Normalit\u00e4t in die eigene Wahrnehmung der gesellschaftlichen Vielfalt einflie\u00dfen.<\/p>\n\t<p>Kennzeichnend f\u00fcr den Diversit\u00e4tsansatz, wie er mit den Programmen Griffbereit und Rucksack KiTa verfolgt wird, ist die wertsch\u00e4tzende Haltung gegen\u00fcber der Tatsache, dass die Erfahrungen von Menschen unterschiedlich, f\u00fcr sie selbst aber normal sind. Diversit\u00e4t ist also nicht als besch\u00f6nigende Umschreibung von Fremdheit oder Anderssein konzipiert, um daraufhin als p\u00e4dagogische Herausforderung oder Schwierigkeit problematisiert zu werden. Stattdessen wird mit dem Begriff eine Perspektive eingenommen, die anerkennt, dass Diversit\u00e4t grunds\u00e4tzlich \u00fcberall vorzufinden ist, wo Menschen aufeinandertreffen. Diese p\u00e4dagogische Herangehensweise distanziert sich also davon, sich an vermeintlichen Defiziten auszurichten.<\/p>\n<p>Um eine diversit\u00e4tssensible p\u00e4dagogische Haltung f\u00fcr die Bildungsarbeit zu etablieren und weiterzuentwickeln, braucht es konkrete Ans\u00e4tze f\u00fcr die Praxis. Die Programme Griffbereit und Rucksack KiTa zielen nicht nur auf sprachliche Vielfalt, sondern erkennen Diversit\u00e4t als selbstverst\u00e4ndliche Grundlage des Aufwachsens in der Migrationsgesellschaft an.<\/p>\n<p>Eine ausf\u00fchrlichere Auseinandersetzung mit Diversit\u00e4t, inklusive Reflexionsfragen und Literaturtipps, ist <a href=\"https:\/\/www.griffbereit-rucksack.de\/fa\/diversitaet\/\">hier zu finden<\/a>!<\/p>\n<p>&nbsp;<\/p>","protected":false},"excerpt":{"rendered":"<div class=\"entry-summary\">\n<div class=\"entry-summary\">\nDiversit\u00e4t, international auch Diversity (engl.), kann mit Verschiedenheit oder Vielfalt \u00fcbersetzt werden und bringt ein zentrales Merkmal der&hellip;\n<\/div>\n<div class=\"link-more\"><a href=\"https:\/\/www.griffbereit-rucksack.de\/fa\/diversitaet-2\/\" class=\"more-link\">Continue reading<span class=\"screen-reader-text\"> &ldquo;Diversit\u00e4t&rdquo;<\/span>&hellip;<\/a><\/div>\n<\/div>\n<div class=\"link-more\"><a href=\"https:\/\/www.griffbereit-rucksack.de\/fa\/diversitaet-2\/\" class=\"more-link\">Continue reading<span class=\"screen-reader-text\"> &ldquo;Diversit\u00e4t&rdquo;<\/span>&hellip;<\/a><\/div>","protected":false},"author":273,"featured_media":0,"parent":0,"menu_order":0,"comment_status":"closed","ping_status":"closed","template":"","meta":{"_acf_changed":false,"footnotes":""},"class_list":["post-5157","page","type-page","status-publish","hentry","entry"],"acf":[],"_links":{"self":[{"href":"https:\/\/www.griffbereit-rucksack.de\/fa\/wp-json\/wp\/v2\/pages\/5157","targetHints":{"allow":["GET"]}}],"collection":[{"href":"https:\/\/www.griffbereit-rucksack.de\/fa\/wp-json\/wp\/v2\/pages"}],"about":[{"href":"https:\/\/www.griffbereit-rucksack.de\/fa\/wp-json\/wp\/v2\/types\/page"}],"author":[{"embeddable":true,"href":"https:\/\/www.griffbereit-rucksack.de\/fa\/wp-json\/wp\/v2\/users\/273"}],"replies":[{"embeddable":true,"href":"https:\/\/www.griffbereit-rucksack.de\/fa\/wp-json\/wp\/v2\/comments?post=5157"}],"version-history":[{"count":0,"href":"https:\/\/www.griffbereit-rucksack.de\/fa\/wp-json\/wp\/v2\/pages\/5157\/revisions"}],"wp:attachment":[{"href":"https:\/\/www.griffbereit-rucksack.de\/fa\/wp-json\/wp\/v2\/media?parent=5157"}],"curies":[{"name":"wp","href":"https:\/\/api.w.org\/{rel}","templated":true}]}}