{"id":5152,"date":"2021-11-05T16:21:59","date_gmt":"2021-11-05T15:21:59","guid":{"rendered":"https:\/\/www.griffbereit-rucksack.de\/?page_id=5152"},"modified":"2021-11-05T16:48:40","modified_gmt":"2021-11-05T15:48:40","slug":"mehrsprachigkeit-2","status":"publish","type":"page","link":"https:\/\/www.griffbereit-rucksack.de\/fa\/mehrsprachigkeit-2\/","title":{"rendered":"Mehrsprachigkeit"},"content":{"rendered":"<p>Weltweit betrachtet ist mehr als die H\u00e4lfte aller Menschen mehrsprachig und auch in Deutschland ist Mehrsprachigkeit kein neues Ph\u00e4nomen. Als mehrsprachig gelten beispielsweise Menschen, die von Geburt und fr\u00fcher Kindheit an mehrere Sprachen erwerben, aber auch Menschen, die im Jugend- oder Erwachsenenalter weitere Sprachen nach ihrer Erstsprache erlernen.<\/p>\n<p>Um Mehrsprachigkeit ranken sich auch heute noch viele Mythen &#8211; also Glaubenss\u00e4tze oder Tatsachenbehauptungen ohne empirische Begr\u00fcndung, die wissenschaftlich ausger\u00e4umt wurden bzw. noch auszur\u00e4umen sind. Verbreitet ist etwa der Glaube, dass es eine \u00dcberforderung f\u00fcr Kinder darstelle, mehrsprachig aufzuwachsen. Tats\u00e4chlich ist Mehrsprachigkeit jedoch weder Ursache von Sprachentwicklungsst\u00f6rungen, noch stellt sie eine H\u00fcrde dar, wenn Kinder beispielsweise von Sprachentwicklungsst\u00f6rungen, Autismus oder Trisomie 21 betroffen sind.[1] Allgemein kann festgestellt werden, dass sich Mehrsprachigkeit positiv auf die kognitive Entwicklung von Kindern auswirkt.<\/p>\n[1] Nachzulesen in Chilla, S.\/Niebuhr-Siebert, S. (2017): Mehrsprachigkeit in der KiTa. Grundlagen &#8211; Konzepte &#8211; Bildung. Stuttgart: Kohlhammer, S. 79.<\/p>\n\t<p>Die Programme Griffbereit und Rucksack KiTa regen die Eltern-Kind-Interaktion zur St\u00e4rkung von mehrsprachiger Entwicklung an und begleiten diese. Sprechen Eltern viel mit dem Kind in der Sprache, mit der sie sich am meisten identifizieren oder die sie am besten beherrschen, wirkt sich das grunds\u00e4tzlich f\u00f6rderlich auf den Spracherwerb und die sozial-emotionale Entwicklung aus.<\/p>\n<p>Mehrsprachigkeit wertsch\u00e4tzend zu begegnen erm\u00f6glicht gelebte Diversit\u00e4t und f\u00f6rdert den gesellschaftlichen Zusammenhalt. Um Mehrsprachigkeit als Bildungsressource nutzen zu k\u00f6nnen, m\u00fcssen Bildungseinrichtungen M\u00f6glichkeiten f\u00fcr eine mehrsprachige Entwicklung bieten. Die Programme Griffbereit und Rucksack KiTa verkn\u00fcpfen den Ansatz mehrsprachiger Bildung mit einem Konzept diversit\u00e4tsbewusster Elternbildung.<\/p>\n<p>F\u00fcr ausf\u00fchrlichere Fakten zum mehrsprachigen Aufwachsen und weiterf\u00fchrende Literaturhinweise geht es <a href=\"https:\/\/www.griffbereit-rucksack.de\/fa\/mehrsprachigkeit\/\">hier entlang<\/a>!<\/p>\n<p>&nbsp;<\/p>","protected":false},"excerpt":{"rendered":"<div class=\"entry-summary\">\n<div class=\"entry-summary\">\nWeltweit betrachtet ist mehr als die H\u00e4lfte aller Menschen mehrsprachig und auch in Deutschland ist Mehrsprachigkeit kein neues&hellip;\n<\/div>\n<div class=\"link-more\"><a href=\"https:\/\/www.griffbereit-rucksack.de\/fa\/mehrsprachigkeit-2\/\" class=\"more-link\">Continue reading<span class=\"screen-reader-text\"> &ldquo;Mehrsprachigkeit&rdquo;<\/span>&hellip;<\/a><\/div>\n<\/div>\n<div class=\"link-more\"><a href=\"https:\/\/www.griffbereit-rucksack.de\/fa\/mehrsprachigkeit-2\/\" class=\"more-link\">Continue reading<span class=\"screen-reader-text\"> &ldquo;Mehrsprachigkeit&rdquo;<\/span>&hellip;<\/a><\/div>","protected":false},"author":1,"featured_media":0,"parent":0,"menu_order":0,"comment_status":"closed","ping_status":"closed","template":"","meta":{"_acf_changed":false,"footnotes":""},"class_list":["post-5152","page","type-page","status-publish","hentry","entry"],"acf":[],"_links":{"self":[{"href":"https:\/\/www.griffbereit-rucksack.de\/fa\/wp-json\/wp\/v2\/pages\/5152","targetHints":{"allow":["GET"]}}],"collection":[{"href":"https:\/\/www.griffbereit-rucksack.de\/fa\/wp-json\/wp\/v2\/pages"}],"about":[{"href":"https:\/\/www.griffbereit-rucksack.de\/fa\/wp-json\/wp\/v2\/types\/page"}],"author":[{"embeddable":true,"href":"https:\/\/www.griffbereit-rucksack.de\/fa\/wp-json\/wp\/v2\/users\/1"}],"replies":[{"embeddable":true,"href":"https:\/\/www.griffbereit-rucksack.de\/fa\/wp-json\/wp\/v2\/comments?post=5152"}],"version-history":[{"count":0,"href":"https:\/\/www.griffbereit-rucksack.de\/fa\/wp-json\/wp\/v2\/pages\/5152\/revisions"}],"wp:attachment":[{"href":"https:\/\/www.griffbereit-rucksack.de\/fa\/wp-json\/wp\/v2\/media?parent=5152"}],"curies":[{"name":"wp","href":"https:\/\/api.w.org\/{rel}","templated":true}]}}