{"id":2783,"date":"2020-08-17T17:16:58","date_gmt":"2020-08-17T15:16:58","guid":{"rendered":"https:\/\/www.griffbereit-rucksack.de\/?page_id=2783"},"modified":"2020-08-17T17:25:52","modified_gmt":"2020-08-17T15:25:52","slug":"organisatorisches-rucksack-kita","status":"publish","type":"page","link":"https:\/\/www.griffbereit-rucksack.de\/fa\/organisatorisches-rucksack-kita\/","title":{"rendered":"Organisatorisches Rucksack KiTa"},"content":{"rendered":"<h2>\n\t\tOrganisatorische und zeitliche Rahmenbedingungen\n\t<\/h2>\n\t<strong>Bedingung Bildungsort:<br \/>\n<\/strong>Ziel von Rucksack KiTa ist es, Familien m\u00f6glichst fr\u00fch an das Bildungssystem heranzuf\u00fchren und die Bildungsinstitution vor Ort zu erleben und mitzugestalten. Daher findet das Programm <strong>ausnahmslos <\/strong>in der<strong> KiTa<\/strong> statt.<br \/>\n<strong><br \/>\nRolle Bildungsort:<\/strong><br \/>\nDie KiTa wird mit Rucksack KiTa verantwortlich in die parallele F\u00f6rderung der deutschen Sprache unter Ber\u00fccksichtigung der MehrSprachigkeit einbezogen. Die sprachbildende Arbeit der P\u00e4dagog*innen erfolgt immer in Abstimmung zur Elternarbeit \u2013 sowie umgekehrt. So wird eine Bildungs- und Erziehungspartnerschaft aufgebaut, die auch die diversit\u00e4tsorientierte und migrationssensible \u00d6ffnung der Einrichtungen unterst\u00fctzt. Auch aus diesen Gr\u00fcnden ist die Anbindung an KiTa oder Familienzentrum grundlegende Bedingung f\u00fcr die Durchf\u00fchrung des Programms.\n<p><strong>Verbindliche Prinzipien: 1. Partizipation, 2. Bildungs-\/Erziehungspartnerschaft:<\/strong><\/p>\n<p><u>F\u00fcr die Familien bedeutet das:<\/u><\/p>\n<ul>\n<li>eine <em>Rucksack KiTa<\/em>-Elterngruppe unter Anleitung durch die\/den Elternbegleiter*in<\/li>\n<li>gemeinsame Eltern-Kind-Aktivit\u00e4ten zu Hause, auch mit der ganzen Familie<\/li>\n<li>abgestimmte <em>Rucksack KiTa<\/em>-Aktivit\u00e4ten f\u00fcr Kinder und Familien in der KiTa<\/li>\n<li>M\u00f6glichkeit zur Qualifizierung von Eltern\/Familien mit internationaler Familiengeschichte zur Gruppenleitung (Elternbegleitung)<\/li>\n<\/ul>\n<p><u>Die KiTa ist zust\u00e4ndig f\u00fcr:<\/u><\/p>\n<ul>\n<li>die alltagsintegrierte, mehrsprachige Sprachbildung in einem koordinierten Konzept<\/li>\n<li>die gezielte Initiierung und Begleitung von Bildungs- und Erziehungspartnerschaften mit den Familien<\/li>\n<li>die diversit\u00e4tsorientierte und migrationssensible \u00d6ffnung der Institution und ein entsprechendes Bildungskonzept<\/li>\n<\/ul>\n<p>Die verschiedenen Lebenswelten des Kindes (Familie und KiTa) werden dabei bewusst in die Arbeit einbezogen.<\/p>\n\t<strong>M\u00f6gliche Kooperationspartner:<br \/>\n<\/strong>Kooperationspartner in der Gesamtumsetzung &#8211; beispielsweise Qualifizierung, bestimmte Projekte\/Ma\u00dfnahmen\/Aktivit\u00e4ten, usw.- des Programms k\u00f6nnen Vereine, Wohlfahrtsverb\u00e4nde, Tr\u00e4ger der Kinder- und Jugendhilfe, Familienbildungsst\u00e4tten und auch Migrantenselbstorganisationen (MSO) sein<em>.<\/em>\n<strong>Aufgaben des Programmtr\u00e4gers in Bezug auf Qualifizierung und Austausch:<\/strong><br \/>\nDer Programmtr\u00e4ger des Rucksack KiTa-Programmes erm\u00f6glicht den p\u00e4dagogischen Fachkr\u00e4ften bedarfsgerechte Fortbildungen, um ihre Kompetenz f\u00fcr MehrSprachigkeit, durchg\u00e4ngige Sprachbildung, Erziehungs- und Bildungspartnerschaft mit Eltern\/Familien u.v.m. zu erweitern und den Aufbau eines vorurteilsbewussten Konzepts der Einrichtung zu verwirklichen. Es empfiehlt sich, einige Bausteine der Qualifizierung gemeinsam mit der Elternbegleitung und den p\u00e4dagogischen Fachkr\u00e4ften durchzuf\u00fchren.\n<p>Ebenso werden den Elternbegleiter*innen kontinuierlich Weiterbildungen angeboten. Dar\u00fcber hinaus finden zum Austausch regelm\u00e4\u00dfig bundesweite Tagungen bzw. Arbeitskreise statt.<\/p>\n\t\t\t<a href=\"https:\/\/www.griffbereit-rucksack.de\/fa\/qualifizierung-zur-elternbegleiterin-fuer-rucksack-kita\/\" target=\"_self\" role=\"button\" rel=\"noopener noreferrer\">\n\t\t\t\t\t\t\tQualifizierung zur Elternbegleiter*in\n\t\t\t<\/a>","protected":false},"excerpt":{"rendered":"<div class=\"entry-summary\">\n<div class=\"entry-summary\">\nOrganisatorische und zeitliche Rahmenbedingungen Bedingung Bildungsort: Ziel von Rucksack KiTa ist es, Familien m\u00f6glichst fr\u00fch an das Bildungssystem&hellip;\n<\/div>\n<div class=\"link-more\"><a href=\"https:\/\/www.griffbereit-rucksack.de\/fa\/organisatorisches-rucksack-kita\/\" class=\"more-link\">Continue reading<span class=\"screen-reader-text\"> &ldquo;Organisatorisches Rucksack KiTa&rdquo;<\/span>&hellip;<\/a><\/div>\n<\/div>\n<div class=\"link-more\"><a href=\"https:\/\/www.griffbereit-rucksack.de\/fa\/organisatorisches-rucksack-kita\/\" class=\"more-link\">Continue reading<span class=\"screen-reader-text\"> &ldquo;Organisatorisches Rucksack KiTa&rdquo;<\/span>&hellip;<\/a><\/div>","protected":false},"author":1,"featured_media":0,"parent":0,"menu_order":0,"comment_status":"closed","ping_status":"closed","template":"","meta":{"_acf_changed":false,"footnotes":""},"class_list":["post-2783","page","type-page","status-publish","hentry","entry"],"acf":[],"_links":{"self":[{"href":"https:\/\/www.griffbereit-rucksack.de\/fa\/wp-json\/wp\/v2\/pages\/2783","targetHints":{"allow":["GET"]}}],"collection":[{"href":"https:\/\/www.griffbereit-rucksack.de\/fa\/wp-json\/wp\/v2\/pages"}],"about":[{"href":"https:\/\/www.griffbereit-rucksack.de\/fa\/wp-json\/wp\/v2\/types\/page"}],"author":[{"embeddable":true,"href":"https:\/\/www.griffbereit-rucksack.de\/fa\/wp-json\/wp\/v2\/users\/1"}],"replies":[{"embeddable":true,"href":"https:\/\/www.griffbereit-rucksack.de\/fa\/wp-json\/wp\/v2\/comments?post=2783"}],"version-history":[{"count":0,"href":"https:\/\/www.griffbereit-rucksack.de\/fa\/wp-json\/wp\/v2\/pages\/2783\/revisions"}],"wp:attachment":[{"href":"https:\/\/www.griffbereit-rucksack.de\/fa\/wp-json\/wp\/v2\/media?parent=2783"}],"curies":[{"name":"wp","href":"https:\/\/api.w.org\/{rel}","templated":true}]}}