{"id":2776,"date":"2020-08-17T17:01:46","date_gmt":"2020-08-17T15:01:46","guid":{"rendered":"https:\/\/www.griffbereit-rucksack.de\/?page_id=2776"},"modified":"2025-11-19T11:16:23","modified_gmt":"2025-11-19T10:16:23","slug":"rucksack-kita-material","status":"publish","type":"page","link":"https:\/\/www.griffbereit-rucksack.de\/fa\/rucksack-kita-material\/","title":{"rendered":"Rucksack KiTa-Material"},"content":{"rendered":"<h2>\n\t\t\tMaterialien im \u00dcberblick\t<\/h2>\n\t\t\t\t\t<a href=\"#\"  id=\"fl-accordion--label-0\" tabindex=\"0\" aria-controls=\"fl-accordion--panel-0\">Allgemeine Materialien und Hinweise<\/a>\n\t\t\t\t\t\t\t\t\t\t\t<a href=\"#\" id=\"fl-accordion--icon-0\"  tabindex=\"0\"><i title=\"Expand\">Expand<\/i><\/a>\n\t\t\t\t\t<ul>\n<li><a href=\"http:\/\/www.griffbereit-rucksack.de\/fa\/weiterfuehrende-programminformationen\/\">Lesehinweise f\u00fcr Familien<\/a><\/li>\n<\/ul>\n\t\t\t\t\t<a href=\"#\"  id=\"fl-accordion--label-1\" tabindex=\"0\" aria-controls=\"fl-accordion--panel-1\">BNE I: M\u00fcll und Verpackung<\/a>\n\t\t\t\t\t\t\t\t\t\t\t<a href=\"#\" id=\"fl-accordion--icon-1\"  tabindex=\"0\"><i title=\"Expand\">Expand<\/i><\/a>\n\t\t\t\t\t<ul>\n<li><a href=\"https:\/\/www.griffbereit-rucksack.de\/fa\/weiterfuehrende-programminformationen\/\">Weiterf\u00fchrende Literatur<\/a><\/li>\n<\/ul>\n\t\t\t\t\t<a href=\"#\"  id=\"fl-accordion--label-2\" tabindex=\"0\" aria-controls=\"fl-accordion--panel-2\">BNE II: Einkaufen und Verbrauchen<\/a>\n\t\t\t\t\t\t\t\t\t\t\t<a href=\"#\" id=\"fl-accordion--icon-2\"  tabindex=\"0\"><i title=\"Expand\">Expand<\/i><\/a>\n\t\t\t\t\t<a href=\"#\"  id=\"fl-accordion--label-3\" tabindex=\"0\" aria-controls=\"fl-accordion--panel-3\">Die Gruppe<\/a>\n\t\t\t\t\t\t\t\t\t\t\t<a href=\"#\" id=\"fl-accordion--icon-3\"  tabindex=\"0\"><i title=\"Expand\">Expand<\/i><\/a>\n\t\t\t\t\t<a href=\"#\"  id=\"fl-accordion--label-4\" tabindex=\"0\" aria-controls=\"fl-accordion--panel-4\">Kinderrechte und Partizipation<\/a>\n\t\t\t\t\t\t\t\t\t\t\t<a href=\"#\" id=\"fl-accordion--icon-4\"  tabindex=\"0\"><i title=\"Expand\">Expand<\/i><\/a>\n\t\t\t\t\t<p>Hier k\u00f6nnen die Karten zu den Kinderrechten in den folgenden erweiterten Sprachen heruntergeladen werden:<\/p>\n<ol>\n<li><a href=\"https:\/\/www.griffbereit-rucksack.de\/wp-content\/uploads\/2025\/03\/Albanisch_Kinderrechte_Karten.pdf\" target=\"_blank\" rel=\"noopener\">Albanisch<\/a><\/li>\n<li><a href=\"https:\/\/www.griffbereit-rucksack.de\/wp-content\/uploads\/2025\/03\/Bulgarisch_Kinderrechte_Karten.pdf\" target=\"_blank\" rel=\"noopener\">Bulgarisch<\/a><\/li>\n<li><a href=\"https:\/\/www.griffbereit-rucksack.de\/wp-content\/uploads\/2025\/03\/Englisch_Kinderrechte_Karten.pdf\" target=\"_blank\" rel=\"noopener\">Englisch<\/a><\/li>\n<li><a href=\"https:\/\/www.griffbereit-rucksack.de\/wp-content\/uploads\/2025\/03\/Fasi_Kinderrechte_Karten.pdf\" target=\"_blank\" rel=\"noopener\">Fasi<\/a><\/li>\n<li><a href=\"https:\/\/www.griffbereit-rucksack.de\/wp-content\/uploads\/2025\/03\/Franzoesisch_Kinderrechte_Karten.pdf\" target=\"_blank\" rel=\"noopener\">Franz\u00f6sisch<\/a><\/li>\n<li><a href=\"https:\/\/www.griffbereit-rucksack.de\/wp-content\/uploads\/2025\/03\/Grichisch_Kinderrechte_Karten.pdf\" target=\"_blank\" rel=\"noopener\">Griechisch<\/a><\/li>\n<li><a href=\"https:\/\/www.griffbereit-rucksack.de\/wp-content\/uploads\/2025\/03\/Kroatisch_Kinderrechte_Karten.pdf\" target=\"_blank\" rel=\"noopener\">Kroatisch<\/a><\/li>\n<li><a href=\"https:\/\/www.griffbereit-rucksack.de\/wp-content\/uploads\/2025\/03\/Serbisch_Kinderrechte_Karten.pdf\" target=\"_blank\" rel=\"noopener\">Serbisch<\/a><\/li>\n<li><a href=\"https:\/\/www.griffbereit-rucksack.de\/wp-content\/uploads\/2025\/03\/Ukrainisch_Kinderrechte_Karten.pdf\" target=\"_blank\" rel=\"noopener\">Ukrainisch<\/a><\/li>\n<\/ol>\n<p>Die hier aufgef\u00fchrten Sprachen befinden sich immer an Position 6 innerhalb der Datei.<\/p>\n\t\t\t\t\t<a href=\"#\"  id=\"fl-accordion--label-5\" tabindex=\"0\" aria-controls=\"fl-accordion--panel-5\">K\u00f6rper und Sinne<\/a>\n\t\t\t\t\t\t\t\t\t\t\t<a href=\"#\" id=\"fl-accordion--icon-5\"  tabindex=\"0\"><i title=\"Expand\">Expand<\/i><\/a>\n\t\t\t\t\t<a href=\"#\"  id=\"fl-accordion--label-6\" tabindex=\"0\" aria-controls=\"fl-accordion--panel-6\">Literacy<\/a>\n\t\t\t\t\t\t\t\t\t\t\t<a href=\"#\" id=\"fl-accordion--icon-6\"  tabindex=\"0\"><i title=\"Expand\">Expand<\/i><\/a>\n\t\t\t\t\t<a href=\"#\"  id=\"fl-accordion--label-7\" tabindex=\"0\" aria-controls=\"fl-accordion--panel-7\">Essen und Trinken<\/a>\n\t\t\t\t\t\t\t\t\t\t\t<a href=\"#\" id=\"fl-accordion--icon-7\"  tabindex=\"0\"><i title=\"Expand\">Expand<\/i><\/a>\n\t\t\t\t\t<a href=\"#\"  id=\"fl-accordion--label-8\" tabindex=\"0\" aria-controls=\"fl-accordion--panel-8\">Jahreszeiten<\/a>\n\t\t\t\t\t\t\t\t\t\t\t<a href=\"#\" id=\"fl-accordion--icon-8\"  tabindex=\"0\"><i title=\"Expand\">Expand<\/i><\/a>\n\t\t\t\t\t<p>Welche Pilze darf man essen, welche nicht? Verschiedene Pilzarten sind auf dieser <a href=\"https:\/\/www.pilzfinder.de\/gift.html\">Seite<\/a> zu finden.<\/p>\n<p><a href=\"https:\/\/www.duda.news\/wissen\/zugvoegel-machen-sich-auf-in-den-sueden\/\">Informationen zu Zugv\u00f6gel<\/a>: Stolzenbach, Kathy (2018): Zugv\u00f6gel machen sich auf in den S\u00fcden. URL: <a href=\"https:\/\/www.duda.news\/wissen\/zugvoegel-machen-sich-auf-in-den-sueden\/\">https:\/\/www.duda.news\/wissen\/zugvoegel-machen-sich-auf-in-den-sueden\/<\/a> (Letzter Zugriff am 18.03.2024)<\/p>\n<hr \/>\n<p><strong>Memory-Spielanleitung<\/strong><\/p>\n<ul>\n<li>Die Spielkarten werden gemischt und verdeckt auf den Tisch gelegt.<\/li>\n<li>Der\/die j\u00fcngste Spieler*in beginnt.<\/li>\n<li>Zwei beliebige Karten werden aufgedeckt und verglichen.<\/li>\n<li>Wenn die Bilder gleich sind, darf man die Karten behalten und ist nochmal dran.<\/li>\n<li>Wenn die Bilder verschieden sind, werden sie wieder verdeckt zur\u00fcckgelegt und der\/die N\u00e4chste im Uhrzeigersinn ist an der Reihe.<\/li>\n<li>Gewonnen hat, wer die meisten P\u00e4rchen gefunden hat.<\/li>\n<\/ul>\n<hr \/>\n<p>&nbsp;<\/p>\n\t\t\t\t\t<a href=\"#\"  id=\"fl-accordion--label-9\" tabindex=\"0\" aria-controls=\"fl-accordion--panel-9\">Bewegung<\/a>\n\t\t\t\t\t\t\t\t\t\t\t<a href=\"#\" id=\"fl-accordion--icon-9\"  tabindex=\"0\"><i title=\"Expand\">Expand<\/i><\/a>\n\t\t\t\t\t<p><strong>Materialien zu den Aktivit\u00e4ten<\/strong><\/p>\n<ul>\n<li><a href=\"https:\/\/www.kinderturnstiftung-nds.de\/neue-online-version-der-wohnzimmer-safari\">Anweisungen der \u201eWohnzimmer-Safari&#8220; der Nieders\u00e4chsischen Kinderturnstiftung<\/a><\/li>\n<li>Eistanz (Stopptanz): Liedvorschlag z.B. <a href=\"https:\/\/www.youtube.com\/watch?v=SWwXHRdDGi4\">\u201eLichterkinder Stopptanzlied&#8220;<\/a><\/li>\n<\/ul>\n<p>&nbsp;<\/p>\n<p><strong>Weitere Hinweise<\/strong><\/p>\n<p>Im Rahmen eines Projektes von Rucksack KiTa am Standort Hannover ist das Lied \u201eBewegung! Bewegung!&#8220; entstanden. Das Lied k\u00f6nnen Sie <a href=\"https:\/\/www.youtube.com\/watch?v=JBY9BcECyDQ\">hier<\/a>\u00a0aufrufen.<\/p>\n<p>Sie suchen nach Ideen f\u00fcr Bewegungsspiele mit Ihrem Kind? In <a href=\"https:\/\/nextcloud.awo-hannover.de\/index.php\/s\/wTnnigXSa2g3TSJ\">diesem Film<\/a> zum Lied \u201eBewegung! Bewegung!&#8220; finden Sie viele Bewegungsanregungen.<\/p>\n<p>Weitere Ideen f\u00fcr Bewegung und Bewegungsspiele in der Familie finden Sie auf der Seite der <a href=\"https:\/\/www.3f-fitforfamily.de\/wissen#BewegungsideenFamilien\">nieders\u00e4chsischen Kinderturnstiftung.<\/a><\/p>\n<p><a href=\"https:\/\/www.kindergesundheit-info.de\/themen\/entwicklung\/entwicklungsschritte\/motorische-entwicklung\/infografik-bewegungsmotorik\/\">Hier<\/a> finden Sie Informationen \u00fcber die Entwicklung der Beweglichkeit von Kindern bis zum Alter von 6 Jahren.<\/p>\n<p>Informationen zur Entwicklung der Hand- und Fingerfertigkeiten von Kindern bis zum Alter von 6 Jahren finden Sie u.a. <a href=\"https:\/\/www.kindergesundheit-info.de\/fileadmin\/user_upload\/kindergesundheit-info.de\/Infografiken\/Infografiken_als_PDF\/Motorische-Entwicklung_Hand-Fingerfertigkeit_BZgA_kindergesundheit-info.pdf\">hier<\/a>.<\/p>\n\t\t\t\t\t<a href=\"#\"  id=\"fl-accordion--label-10\" tabindex=\"0\" aria-controls=\"fl-accordion--panel-10\">Gef\u00fchle<\/a>\n\t\t\t\t\t\t\t\t\t\t\t<a href=\"#\" id=\"fl-accordion--icon-10\"  tabindex=\"0\"><i title=\"Expand\">Expand<\/i><\/a>\n\t\t\t\t\t<a href=\"#\"  id=\"fl-accordion--label-11\" tabindex=\"0\" aria-controls=\"fl-accordion--panel-11\">Tiere<\/a>\n\t\t\t\t\t\t\t\t\t\t\t<a href=\"#\" id=\"fl-accordion--icon-11\"  tabindex=\"0\"><i title=\"Expand\">Expand<\/i><\/a>\n\t\t\t\t\t<a href=\"#\"  id=\"fl-accordion--label-12\" tabindex=\"0\" aria-controls=\"fl-accordion--panel-12\">Unterwegs<\/a>\n\t\t\t\t\t\t\t\t\t\t\t<a href=\"#\" id=\"fl-accordion--icon-12\"  tabindex=\"0\"><i title=\"Expand\">Expand<\/i><\/a>\n\t\t\t\t\t<p><a href=\"https:\/\/www.kinderweltreise.de\/lexikon\/k\/kontinente-einfach-erklaert\/\">https:\/\/www.kinderweltreise.de\/lexikon\/k\/kontinente-einfach-erklaert\/<\/a><\/p>\n<p>&nbsp;<\/p>\n<hr class=\"wm-divider type-dashed\/dotted\/double-line\/line\/whitespace\" style=\"margin-bottom:0px;margin-top:0px;\" \/>\n<p>&nbsp;<\/p>\n<p><strong>Memory-Spielanleitung<\/strong><\/p>\n<ul>\n<li>Die Spielkarten werden gemischt und verdeckt auf den Tisch gelegt.<\/li>\n<li>Der\/die j\u00fcngste Spieler*in beginnt.<\/li>\n<li>Zwei beliebige Karten werden aufgedeckt und verglichen.<\/li>\n<li>Wenn die Bilder gleich sind, darf man die Karten behalten und ist nochmal dran.<\/li>\n<li>Wenn die Bilder verschieden sind, werden sie wieder verdeckt zur\u00fcckgelegt und der\/die N\u00e4chste im Uhrzeigersinn ist an der Reihe.<\/li>\n<li>Gewonnen hat, wer die meisten P\u00e4rchen gefunden hat.<\/li>\n<\/ul>\n<hr \/>\n<strong data-start=\"105\" data-end=\"177\">Ich packe meinen Koffer\/Rucksack &#8211; Spielanleitung<\/strong>\n<strong data-start=\"179\" data-end=\"203\">1. Das brauchen Sie:<\/strong>\n<ul data-start=\"206\" data-end=\"287\">\n<li data-start=\"206\" data-end=\"253\">\nMindestens <strong data-start=\"219\" data-end=\"250\">2 Spieler*innen<\/strong>.\n<\/li>\n<li data-start=\"254\" data-end=\"287\">\nSie brauchen <strong data-start=\"269\" data-end=\"286\">keine weiteren Materialien<\/strong>.\n<\/li>\n<\/ul>\n<strong data-start=\"289\" data-end=\"311\">2. So spielen Sie:<\/strong>\n<ul data-start=\"313\" data-end=\"942\">\n<li data-start=\"313\" data-end=\"488\">\nEine Person beginnt und sagt:<br data-start=\"345\" data-end=\"348\" \/><strong data-start=\"351\" data-end=\"399\">\u201eIch packe meinen Rucksack und nehme mit: &#8230;&#8220;<\/strong><br data-start=\"399\" data-end=\"402\" \/>Dann nennt die Person <strong data-start=\"427\" data-end=\"447\">einen Gegenstand<\/strong>.<br data-start=\"448\" data-end=\"451\" \/>Beispiel: <strong data-start=\"464\" data-end=\"488\">\u201e&#8230; eine Zahnb\u00fcrste.&#8220;<\/strong>\n<\/li>\n<li data-start=\"490\" data-end=\"736\">\nDie n\u00e4chste Person wiederholt den Satz <strong data-start=\"532\" data-end=\"541\">genau<\/strong> und sagt den <strong data-start=\"555\" data-end=\"578\">gleichen Gegenstand<\/strong>.<br data-start=\"579\" data-end=\"582\" \/>Danach nennt diese Person <strong data-start=\"611\" data-end=\"637\">einen neuen Gegenstand<\/strong>.<br data-start=\"638\" data-end=\"641\" \/>Beispiel:<br data-start=\"653\" data-end=\"656\" \/><strong data-start=\"659\" data-end=\"736\">\u201eIch packe meinen Rucksack und nehme mit: eine Zahnb\u00fcrste und eine Hose.&#8220;<\/strong>\n<\/li>\n<li data-start=\"738\" data-end=\"875\">\nDie dritte Person wiederholt <strong data-start=\"770\" data-end=\"819\">alle Gegenst\u00e4nde in der richtigen Reihenfolge<\/strong>.<br data-start=\"820\" data-end=\"823\" \/>Dann sagt sie <strong data-start=\"840\" data-end=\"869\">einen weiteren Gegenstand<\/strong> dazu.\n<\/li>\n<li data-start=\"877\" data-end=\"942\">\nSo geht es immer weiter.<br data-start=\"904\" data-end=\"907\" \/>Die Liste wird <strong data-start=\"925\" data-end=\"941\">immer l\u00e4nger<\/strong>.\n<\/li>\n<\/ul>\n\t\t\t\t\t<a href=\"#\"  id=\"fl-accordion--label-13\" tabindex=\"0\" aria-controls=\"fl-accordion--panel-13\">Die Familie<\/a>\n\t\t\t\t\t\t\t\t\t\t\t<a href=\"#\" id=\"fl-accordion--icon-13\"  tabindex=\"0\"><i title=\"Expand\">Expand<\/i><\/a>\n\t\t\t\t\t<p>Kimemo-Memoryspiel der Bundeszentrale f\u00fcr politische Bildung: <a href=\"http:\/\/www.bpb.de\/shop\/lernen\/spiele\/201965\/kimemo\">http:\/\/www.bpb.de\/shop\/lernen\/spiele\/201965\/kimemo<\/a>.<\/p>","protected":false},"excerpt":{"rendered":"<div class=\"entry-summary\">\n<div class=\"entry-summary\">\nMaterialien im \u00dcberblick Allgemeine Materialien und Hinweise Expand Lesehinweise f\u00fcr Familien BNE I: M\u00fcll und Verpackung Expand Weiterf\u00fchrende&hellip;\n<\/div>\n<div class=\"link-more\"><a href=\"https:\/\/www.griffbereit-rucksack.de\/fa\/rucksack-kita-material\/\" class=\"more-link\">Continue reading<span class=\"screen-reader-text\"> &ldquo;Rucksack KiTa-Material&rdquo;<\/span>&hellip;<\/a><\/div>\n<\/div>\n<div class=\"link-more\"><a href=\"https:\/\/www.griffbereit-rucksack.de\/fa\/rucksack-kita-material\/\" class=\"more-link\">Continue reading<span class=\"screen-reader-text\"> &ldquo;Rucksack KiTa-Material&rdquo;<\/span>&hellip;<\/a><\/div>","protected":false},"author":1,"featured_media":0,"parent":0,"menu_order":0,"comment_status":"closed","ping_status":"closed","template":"","meta":{"_acf_changed":false,"footnotes":""},"class_list":["post-2776","page","type-page","status-publish","hentry","entry"],"acf":[],"_links":{"self":[{"href":"https:\/\/www.griffbereit-rucksack.de\/fa\/wp-json\/wp\/v2\/pages\/2776","targetHints":{"allow":["GET"]}}],"collection":[{"href":"https:\/\/www.griffbereit-rucksack.de\/fa\/wp-json\/wp\/v2\/pages"}],"about":[{"href":"https:\/\/www.griffbereit-rucksack.de\/fa\/wp-json\/wp\/v2\/types\/page"}],"author":[{"embeddable":true,"href":"https:\/\/www.griffbereit-rucksack.de\/fa\/wp-json\/wp\/v2\/users\/1"}],"replies":[{"embeddable":true,"href":"https:\/\/www.griffbereit-rucksack.de\/fa\/wp-json\/wp\/v2\/comments?post=2776"}],"version-history":[{"count":0,"href":"https:\/\/www.griffbereit-rucksack.de\/fa\/wp-json\/wp\/v2\/pages\/2776\/revisions"}],"wp:attachment":[{"href":"https:\/\/www.griffbereit-rucksack.de\/fa\/wp-json\/wp\/v2\/media?parent=2776"}],"curies":[{"name":"wp","href":"https:\/\/api.w.org\/{rel}","templated":true}]}}