{"id":2752,"date":"2020-08-17T16:14:14","date_gmt":"2020-08-17T14:14:14","guid":{"rendered":"https:\/\/www.griffbereit-rucksack.de\/?page_id=2752"},"modified":"2023-07-17T16:12:40","modified_gmt":"2023-07-17T14:12:40","slug":"zielgruppen-rucksack-kita","status":"publish","type":"page","link":"https:\/\/www.griffbereit-rucksack.de\/fa\/zielgruppen-rucksack-kita\/","title":{"rendered":"Zielgruppen Rucksack KiTa"},"content":{"rendered":"<h2>\n\t\tAn wen richtet sich Rucksack KiTa?\n\t<\/h2>\n<h5>\n\t\tDas Programm Rucksack KiTa umfasst folgende Zielgruppen:\n\t<\/h5>\n\t<p><strong>Eltern bzw. Familien als Experten<\/strong><\/p>\n<p>Orientiert an ihren St\u00e4rken agieren die Eltern\/Familien als Experten f\u00fcr die F\u00f6rderung der Familiensprache(n). Zudem geben die in den Gruppen vermittelten Erfahrungen, Methoden und Anregungen den Eltern\/Familien Sicherheit und st\u00e4rken das Vertrauen in die eigenen Kompetenzen. Ebenso wird den Eltern\/Familien durch eine strukturierte Vermittlung der Programminhalte die M\u00f6glichkeit er\u00f6ffnet, sich der Entwicklung ihrer Kinder gezielt zuzuwenden. Somit kann auch die Beziehung zueinander und die eigene Identit\u00e4t potentiell gest\u00e4rkt werden.<\/p>\n<p>Dar\u00fcber hinaus haben sie potentiell viel mehr Sprechzeit f\u00fcr ihr Kind zur Verf\u00fcgung als die p\u00e4dagogische Fachkraft in der Einrichtung. <em>Rucksack KiTa<\/em> kann die Zuwendungszeit rasch vervielfachen, da die Eltern\/Familien angeregt werden, ihrem Kind z.B. interaktiv vorzulesen, wodurch sie es gezielt zum Nachdenken, Besprechen und Weitererz\u00e4hlen einer Geschichte bewegen k\u00f6nnen.<\/p>\n<p>Ermutigen die Eltern\/Familien das Kind zus\u00e4tzlich, t\u00e4glich von seinen KiTa-Erlebnissen zu erz\u00e4hlen, wirkt sich das sehr positiv auf die allgemeine Sprachentwicklung aus.<\/p>\n<p>&nbsp;<\/p>\n<p><strong>Kinder als Bildungsprofiteure<\/strong><\/p>\n<p>Sprache z\u00e4hlt zu den wichtigsten Schl\u00fcsselkompetenzen. Besonders f\u00fcr Kinder, die mehrsprachig aufwachsen und somit Potenziale der MehrSprachigkeit mitbringen und am Anfang der Sprachentwicklung stehen, sind die fr\u00fche Sprachbildung und die Unterst\u00fctzung sprachlicher Kompetenzen durch Eltern\/Familien sowie P\u00e4dagog*innen von ausschlaggebender Bedeutung.<\/p>\n<p><strong>Die F\u00f6rderung der sprachlichen Entwicklung ist somit zu Recht eine der zentralen Bildungsaufgaben im Elementarbereich.<\/strong><\/p>\n<p>Neu gewonnene wissenschaftliche Erkenntnisse und Praxiserfahrungen zeigen, dass es &#8211; neben der St\u00e4rkung der Identit\u00e4t und der allgemeinen kindlichen Entwicklung (Motorik etc.) &#8211; vor allem eine systematische alltagsintegrierte Sprachbildung ist, die die sprachliche Entwicklung der Kinder f\u00f6rdert.<\/p>\n<p>&nbsp;<\/p>\n<p><strong>Elternbegleiter*innen als Bindeglied<\/strong><\/p>\n<p>Eine entscheidende Rolle haben die Elternbegleiter*innen inne. Sie leiten die <em>Rucksack KiTa<\/em>-Elterngruppe. Nach M\u00f6glichkeit sollte eine mehrsprachige Person mit internationaler Familiengeschichte &#8211; im Idealfall aus der Bildungsinstitution selbst (freigestellte p\u00e4dagogische Fachkraft) &#8211; oder alternativ eine externe Fachkraft (Studierende, Fachkraft in Elternzeit, Sprachf\u00f6rderkraft, Eltern-\/Familienteil, etc.). diese Aufgabe \u00fcbernehmen.<\/p>\n<p><strong>Die Vorteile liegen auf der Hand: Personen mit \u00e4hnlicher Familiensituation und gleicher Sprache werden schneller als Vertrauenspersonen angesehen.<\/strong><\/p>\n<p>Sie k\u00f6nnen somit leichter eine vermittelnde Rolle bzw. \u201eBr\u00fcckenfunktion&#8220; zwischen Bildungsinstitutionen und Familien einnehmen und sichern die durchg\u00e4ngige und verl\u00e4ssliche Verwendung der MehrSprachigkeit in der Gruppe.<\/p>\n<p>MehrSprachigkeit, migrationssensible Zusammenarbeit und offenes Miteinander sind Eigenschaften, die die Elternbegleiter*innen -auch den Eltern\/Familien gegen\u00fcber-vorleben. Die Impulse, die von den Elternbegleiter*innen durch die Gestaltung der <em>Rucksack KiTa<\/em> Gruppen mit spielerischen Aktivit\u00e4ten, Liedern und Anregungen gesetzt werden, geben den Eltern\/Familien neue Ideen und Sicherheit f\u00fcr die Besch\u00e4ftigung mit ihren Kindern und die St\u00e4rkung der Beziehung in der Familie.<\/p>\n<p>Die Elternbegleiter*innen selbst werden von den zust\u00e4ndigen Anleiter*innen (Koordinator*innen)<a href=\"#_ftn1\" name=\"_ftnref1\">[1]<\/a> begleitet und qualifiziert.<\/p>\n\t\t\t<a href=\"https:\/\/www.griffbereit-rucksack.de\/fa\/qualifizierung-zur-elternbegleiterin-fuer-rucksack-kita\/\" target=\"_self\" role=\"button\" rel=\"noopener\">\n\t\t\t\t\t\t\tQualifizierung zur Elternbegleiter*in\n\t\t\t<\/a>\n\t<p><a href=\"#_ftnref1\" name=\"_ftn1\">[1]<\/a> Anleiter*innen sind professionelle Fachkr\u00e4fte, die p\u00e4dagogisch und migrationssensibel vorqualifiziert sind, Kompetenz in der Theorie und praktischen Arbeit der MehrSprachigkeit und Erfahrungen im Kontext von Diversit\u00e4t und MehrSprachigkeit haben.<\/p>\n\t<p><strong>P\u00e4dagogische Fachkr\u00e4fte als Knotenpunkt<\/strong><\/p>\n<p>Die Aufgaben p\u00e4dagogischer Fachkr\u00e4fte sind komplexer und vielf\u00e4ltiger denn je. Neben Kinderbetreuung, -bildung, -erziehung und ganzheitlicher F\u00f6rderung bedarf es heute zunehmend der F\u00e4higkeiten, Lebenswelten und Diversit\u00e4t wahrzunehmen, zu verstehen und Inklusion zu f\u00f6rdern. Genauso gilt es, Erziehungs- und Bildungspartnerschaften mit Eltern und Bezugspersonen zu gestalten, \u00dcberg\u00e4nge zu unterst\u00fctzen sowie Institution und Team zu entwickeln und in Netzwerken zu kooperieren<a href=\"#_ftn1\" name=\"_ftnref1\">[1]<\/a>.<\/p>\n<p>Anspruchsvolle Prozesse, bei denen die P\u00e4dagog*innen Unterst\u00fctzungsangebote ben\u00f6tigen k\u00f6nnten &#8211; wie auch bei der (mehrsprachigen) alltagsintegrierten Bildung der Kinder.<\/p>\n<p><strong>Genau hier greifen die <em>Rucksack KiTa<\/em>-Prinzipien der diversit\u00e4tsbewussten Bildung und Erziehung, die Einseitigkeiten und Ausgrenzungen aktiv entgegenwirken.<\/strong><\/p>\n<p>Die Arbeit mit <em>Rucksack KiTa<\/em> bietet den KiTas im Allgemeinen und den p\u00e4dagogischen Fachkr\u00e4ften im Besonderen demnach eine gro\u00dfe Chance. Sie werden von den Programmkoordinator*innen beraten, begleitet und qualifiziert und stehen sowohl mit den Elternbegleiter*innen als auch mit dem\/der Programmkoordinator*in bzw. Anleiter*in in kontinuierlichem Austausch.<\/p>\n<p>&nbsp;<\/p>\n<p><strong>Bildungsinstitutionen als Multiplikatoren<\/strong><\/p>\n<p><em>Rucksack KiTa<\/em> ist ein Programm, das in Bildungsinstitutionen stattfindet. Eine gro\u00dfe Chance, da sich diese so auch hinsichtlich Diversit\u00e4t bzw. Vielfalt und MehrSprachigkeit \u00f6ffnen k\u00f6nnen.<\/p>\n<p><strong>Diese Offenheit kann Prozesse ansto\u00dfen, die gro\u00dfe Ver\u00e4nderungen in der Bildungsinstitution selbst, im Stadtteil oder sogar in der Stadt oder im Landkreis bewirken k\u00f6nnen.<\/strong><\/p>\n<p>Die Bildungsinstitution wird verantwortlich in die parallele F\u00f6rderung der deutschen Sprache &#8211; unter Ber\u00fccksichtigung der Familiensprachen &#8211; einbezogen. Die Kindertageseinrichtung koordiniert das Programm der Eltern\/Familien mit ihrem Konzept der alltagsintegrierten Sprachbildung. Den Eltern\/Familien wird durch eine strukturierte Vermittlung der Programminhalte die M\u00f6glichkeit er\u00f6ffnet, sich der Entwicklung ihrer Kinder gezielt zuzuwenden.<\/p>\n<p>In Hinblick auf die Parallelisierung der Sprachbildung (Eltern \u2194 Institution) ist die Anbindung des Programms <em>Rucksack KiTa<\/em> an die Kindertageseinrichtung unabdingbar.<\/p>\n<p><a href=\"#_ftnref1\" name=\"_ftn1\">[1]<\/a> Vgl. L\u00e4nder\u00fcbergreifender Lehrplan Erzieher\/Erzieherin:<\/p>\n<p><a href=\"http:\/\/www.berufsbildung.nrw.de\/cms\/upload\/fs\/download\/sozial\/laenderuebergr-lp-erzieher.pdf\">http:\/\/www.berufsbildung.nrw.de\/cms\/upload\/fs\/download\/sozial\/laenderuebergr-lp-erzieher.pdf<\/a> (Stand: 30.07.2019).<\/p>","protected":false},"excerpt":{"rendered":"<div class=\"entry-summary\">\n<div class=\"entry-summary\">\nAn wen richtet sich Rucksack KiTa? Das Programm Rucksack KiTa umfasst folgende Zielgruppen: Eltern bzw. Familien als Experten&hellip;\n<\/div>\n<div class=\"link-more\"><a href=\"https:\/\/www.griffbereit-rucksack.de\/fa\/zielgruppen-rucksack-kita\/\" class=\"more-link\">Continue reading<span class=\"screen-reader-text\"> &ldquo;Zielgruppen Rucksack KiTa&rdquo;<\/span>&hellip;<\/a><\/div>\n<\/div>\n<div class=\"link-more\"><a href=\"https:\/\/www.griffbereit-rucksack.de\/fa\/zielgruppen-rucksack-kita\/\" class=\"more-link\">Continue reading<span class=\"screen-reader-text\"> &ldquo;Zielgruppen Rucksack KiTa&rdquo;<\/span>&hellip;<\/a><\/div>","protected":false},"author":1,"featured_media":0,"parent":0,"menu_order":0,"comment_status":"closed","ping_status":"closed","template":"","meta":{"_acf_changed":false,"footnotes":""},"class_list":["post-2752","page","type-page","status-publish","hentry","entry"],"acf":[],"_links":{"self":[{"href":"https:\/\/www.griffbereit-rucksack.de\/fa\/wp-json\/wp\/v2\/pages\/2752","targetHints":{"allow":["GET"]}}],"collection":[{"href":"https:\/\/www.griffbereit-rucksack.de\/fa\/wp-json\/wp\/v2\/pages"}],"about":[{"href":"https:\/\/www.griffbereit-rucksack.de\/fa\/wp-json\/wp\/v2\/types\/page"}],"author":[{"embeddable":true,"href":"https:\/\/www.griffbereit-rucksack.de\/fa\/wp-json\/wp\/v2\/users\/1"}],"replies":[{"embeddable":true,"href":"https:\/\/www.griffbereit-rucksack.de\/fa\/wp-json\/wp\/v2\/comments?post=2752"}],"version-history":[{"count":0,"href":"https:\/\/www.griffbereit-rucksack.de\/fa\/wp-json\/wp\/v2\/pages\/2752\/revisions"}],"wp:attachment":[{"href":"https:\/\/www.griffbereit-rucksack.de\/fa\/wp-json\/wp\/v2\/media?parent=2752"}],"curies":[{"name":"wp","href":"https:\/\/api.w.org\/{rel}","templated":true}]}}