{"id":2748,"date":"2020-08-17T16:08:53","date_gmt":"2020-08-17T14:08:53","guid":{"rendered":"https:\/\/www.griffbereit-rucksack.de\/?page_id=2748"},"modified":"2020-09-15T12:47:01","modified_gmt":"2020-09-15T10:47:01","slug":"ablauf-rucksack-kita","status":"publish","type":"page","link":"https:\/\/www.griffbereit-rucksack.de\/fa\/ablauf-rucksack-kita\/","title":{"rendered":"Ablauf Rucksack KiTa"},"content":{"rendered":"<h2>\n\t\tWie l\u00e4uft Rucksack KiTa?\n\t<\/h2>\n\t<p>Die Eltern\/Familien nehmen <strong>9 Monate lang w\u00f6chentlich<\/strong> (mind. ein KiTa-Jahr) an der <em>Rucksack KiTa<\/em>-Elterngruppe teil. Die Gruppe trifft sich immer in der vom Kind besuchten KiTa bzw. ist an diese angebunden.<\/p>\n<p><strong>Charakteristisch f\u00fcr <em>Rucksack KiTa-<\/em>Elterngruppen:<\/strong><\/p>\n<ul>\n<li>Die gemeinsamen Aktivit\u00e4ten werden von qualifizierten Elternbegleiter*innen angeleitet.<\/li>\n<\/ul>\n\t<ul>\n<li>Die teilnehmenden Eltern\/Familien wiederholen und vertiefen die Aktivit\u00e4ten zu Hause mit den Kindern in der\/den Familiensprache\/n.<\/li>\n<li>Elterngruppe und KiTa koordinieren ihre Bildungsarbeit orientiert an Themen und unter Ber\u00fccksichtigung der MehrSprachigkeit.<\/li>\n<li>Eigens entwickelte <em>Rucksack KiTa<\/em>-Materialien bieten den Eltern\/Familien Anregung f\u00fcr t\u00e4glich wechselnde Aktivit\u00e4ten mit ihren Kindern in der Familie.<\/li>\n<\/ul>","protected":false},"excerpt":{"rendered":"<div class=\"entry-summary\">\n<div class=\"entry-summary\">\nWie l\u00e4uft Rucksack KiTa? Die Eltern\/Familien nehmen 9 Monate lang w\u00f6chentlich (mind. ein KiTa-Jahr) an der Rucksack KiTa-Elterngruppe&hellip;\n<\/div>\n<div class=\"link-more\"><a href=\"https:\/\/www.griffbereit-rucksack.de\/fa\/ablauf-rucksack-kita\/\" class=\"more-link\">Continue reading<span class=\"screen-reader-text\"> &ldquo;Ablauf Rucksack KiTa&rdquo;<\/span>&hellip;<\/a><\/div>\n<\/div>\n<div class=\"link-more\"><a href=\"https:\/\/www.griffbereit-rucksack.de\/fa\/ablauf-rucksack-kita\/\" class=\"more-link\">Continue reading<span class=\"screen-reader-text\"> &ldquo;Ablauf Rucksack KiTa&rdquo;<\/span>&hellip;<\/a><\/div>","protected":false},"author":1,"featured_media":0,"parent":0,"menu_order":0,"comment_status":"closed","ping_status":"closed","template":"","meta":{"_acf_changed":false,"footnotes":""},"class_list":["post-2748","page","type-page","status-publish","hentry","entry"],"acf":[],"_links":{"self":[{"href":"https:\/\/www.griffbereit-rucksack.de\/fa\/wp-json\/wp\/v2\/pages\/2748","targetHints":{"allow":["GET"]}}],"collection":[{"href":"https:\/\/www.griffbereit-rucksack.de\/fa\/wp-json\/wp\/v2\/pages"}],"about":[{"href":"https:\/\/www.griffbereit-rucksack.de\/fa\/wp-json\/wp\/v2\/types\/page"}],"author":[{"embeddable":true,"href":"https:\/\/www.griffbereit-rucksack.de\/fa\/wp-json\/wp\/v2\/users\/1"}],"replies":[{"embeddable":true,"href":"https:\/\/www.griffbereit-rucksack.de\/fa\/wp-json\/wp\/v2\/comments?post=2748"}],"version-history":[{"count":0,"href":"https:\/\/www.griffbereit-rucksack.de\/fa\/wp-json\/wp\/v2\/pages\/2748\/revisions"}],"wp:attachment":[{"href":"https:\/\/www.griffbereit-rucksack.de\/fa\/wp-json\/wp\/v2\/media?parent=2748"}],"curies":[{"name":"wp","href":"https:\/\/api.w.org\/{rel}","templated":true}]}}