{"id":2745,"date":"2020-08-17T16:03:43","date_gmt":"2020-08-17T14:03:43","guid":{"rendered":"https:\/\/www.griffbereit-rucksack.de\/?page_id=2745"},"modified":"2020-09-15T12:46:15","modified_gmt":"2020-09-15T10:46:15","slug":"angebot-rucksack-kita","status":"publish","type":"page","link":"https:\/\/www.griffbereit-rucksack.de\/fa\/angebot-rucksack-kita\/","title":{"rendered":"Angebot Rucksack KiTa"},"content":{"rendered":"<h2>\n\t\tWas leistet Rucksack KiTa?\n\t<\/h2>\n\t<p><em>Rucksack KiTa<\/em> f\u00f6rdert die allgemeine und sprachliche Bildung von Kindern anhand von Alltagsthemen, wie z.B. \u201eK\u00f6rper\u201c, \u201eKindertageseinrichtung\u201c und \u201eFamilie\u201c. Die <a href=\"https:\/\/www.griffbereit-rucksack.de\/fa\/mehrsprachigkeit\/\">MehrSprachigkeit<\/a> der Kinder wird dabei als Potenzial aufgegriffen, das es von Eltern\/Familie und KiTa gemeinsam zu st\u00e4rken gilt.<\/p>\n<p><strong>Die teilnehmenden Eltern\/Familien werden zur Mitwirkung ermutigt und aktiv als Experten f\u00fcr die Erziehung ihrer Kinder und f\u00fcr das Erlernen der Familiensprache\/n angesprochen. Die p\u00e4dagogischen Fachkr\u00e4fte sind f\u00fcr die F\u00f6rderung der deutschen Sprache verantwortlich.<\/strong><\/p>\n\t<p><em>Rucksack KiTa<\/em> ist zudem ein Familienbildungsprogramm. In sogenannten <em>Rucksack KiTa<\/em>-Elterngruppen erfahren die Familien tiefergehend, wie sie ihre Kinder in der allgemeinen und sprachlichen Entwicklung st\u00e4rken k\u00f6nnen. Dabei werden sie von eigens qualifizierten, mehrsprachigen Elternbegleiter*innen unterst\u00fctzt.<\/p>","protected":false},"excerpt":{"rendered":"<div class=\"entry-summary\">\n<div class=\"entry-summary\">\nWas leistet Rucksack KiTa? Rucksack KiTa f\u00f6rdert die allgemeine und sprachliche Bildung von Kindern anhand von Alltagsthemen, wie&hellip;\n<\/div>\n<div class=\"link-more\"><a href=\"https:\/\/www.griffbereit-rucksack.de\/fa\/angebot-rucksack-kita\/\" class=\"more-link\">Continue reading<span class=\"screen-reader-text\"> &ldquo;Angebot Rucksack KiTa&rdquo;<\/span>&hellip;<\/a><\/div>\n<\/div>\n<div class=\"link-more\"><a href=\"https:\/\/www.griffbereit-rucksack.de\/fa\/angebot-rucksack-kita\/\" class=\"more-link\">Continue reading<span class=\"screen-reader-text\"> &ldquo;Angebot Rucksack KiTa&rdquo;<\/span>&hellip;<\/a><\/div>","protected":false},"author":1,"featured_media":0,"parent":0,"menu_order":0,"comment_status":"closed","ping_status":"closed","template":"","meta":{"_acf_changed":false,"footnotes":""},"class_list":["post-2745","page","type-page","status-publish","hentry","entry"],"acf":[],"_links":{"self":[{"href":"https:\/\/www.griffbereit-rucksack.de\/fa\/wp-json\/wp\/v2\/pages\/2745","targetHints":{"allow":["GET"]}}],"collection":[{"href":"https:\/\/www.griffbereit-rucksack.de\/fa\/wp-json\/wp\/v2\/pages"}],"about":[{"href":"https:\/\/www.griffbereit-rucksack.de\/fa\/wp-json\/wp\/v2\/types\/page"}],"author":[{"embeddable":true,"href":"https:\/\/www.griffbereit-rucksack.de\/fa\/wp-json\/wp\/v2\/users\/1"}],"replies":[{"embeddable":true,"href":"https:\/\/www.griffbereit-rucksack.de\/fa\/wp-json\/wp\/v2\/comments?post=2745"}],"version-history":[{"count":0,"href":"https:\/\/www.griffbereit-rucksack.de\/fa\/wp-json\/wp\/v2\/pages\/2745\/revisions"}],"wp:attachment":[{"href":"https:\/\/www.griffbereit-rucksack.de\/fa\/wp-json\/wp\/v2\/media?parent=2745"}],"curies":[{"name":"wp","href":"https:\/\/api.w.org\/{rel}","templated":true}]}}