{"id":2705,"date":"2020-08-13T14:11:09","date_gmt":"2020-08-13T12:11:09","guid":{"rendered":"https:\/\/www.griffbereit-rucksack.de\/?page_id=2705"},"modified":"2023-07-17T16:14:20","modified_gmt":"2023-07-17T14:14:20","slug":"organisatorisches-griffbereit","status":"publish","type":"page","link":"https:\/\/www.griffbereit-rucksack.de\/fa\/organisatorisches-griffbereit\/","title":{"rendered":"Organisatorisches Griffbereit"},"content":{"rendered":"<p><strong>Eckpunkte <em>Griffbereit<\/em>-Gruppe:<\/strong><\/p>\n<ul>\n<li>Art der Veranstaltung: mehrsprachige Eltern-Kind-Aktivit\u00e4ten<\/li>\n<li>Alter der Kinder: zwischen 1 und 3 Jahren<\/li>\n<li>Teilnehmer(innen)zahl: bis zu 8 Eltern\/Familien pro Gruppe<\/li>\n<li>Turnus: regul\u00e4r 1 x pro Woche (kann auch h\u00e4ufiger stattfinden, sofern der Bedarf bei den Familien besteht)<\/li>\n<li>Laufzeit: ca. 1 Jahr<\/li>\n<li>Leitung: Idealerweise 2, mindestens aber 1 Person in der Rolle der Elternbegleitung<\/li>\n<\/ul>\n<strong><br \/>\nRolle Elternbegleiter*innen:<\/strong>\n<p>Es ist wichtig bei der Auswahl der Elternbegleiter*innen auf ihre sprachliche Kompetenz zu achten. Bei einer Doppelbesetzung kann eine der beiden Elternbegleiter*innen einsprachig Deutsch sein, wenn die zweite Leitung mehrsprachig ist und Deutsch als Zweitsprache gut beherrscht. Die Elternbegleiter*innen sichern somit auch die durchg\u00e4ngige und verl\u00e4ssliche Verwendung der MehrSprachigkeit in der Gruppe.<\/p>\n<p>MehrSprachigkeit, migrationssensible Zusammenarbeit und offenes Miteinander sind Eigenschaften, die die Elternbegleiter*innen -auch den Eltern\/Familien gegen\u00fcber-vorleben. Die Impulse, die von den Elternbegleiter*innen durch die Gestaltung der <em>Griffbereit-<\/em>Gruppen mit spielerischen Aktivit\u00e4ten, Liedern und Anregungen gesetzt werden, geben den Eltern\/Familien neue Ideen und Sicherheit f\u00fcr die Besch\u00e4ftigung mit ihren Kindern und die St\u00e4rkung der Beziehung in der Familie.<\/p>\n\t<strong>Qualifikation Elternbegleiter*innen:<br \/>\n<\/strong>Die Elternbegleiter*innen werden vor Beginn der Programmdurchf\u00fchrung auf ihre T\u00e4tigkeiten vorbereitet (Konzept, Ziele und Inhalte des <em>Griffbereit<\/em>-Programmes<a href=\"#_ftn1\" name=\"_ftnref1\">[1]<\/a>). Um eine hohe Qualit\u00e4t in der Umsetzung der <em>Griffbereit<\/em>-Gruppe zu sichern, sollte den Elternbegleiter*innen fortlaufend ein Angebot an Weiterbildungen zur Verf\u00fcgung stehen.\n\t\t\t<a href=\"https:\/\/www.griffbereit-rucksack.de\/fa\/qualifizierung-zur-elternbegleiterin-fuer-griffbereit\/\" target=\"_self\" role=\"button\" rel=\"noopener\">\n\t\t\t\t\t\t\tQualifizierung zur Elternbegleiter*in\n\t\t\t<\/a>\n\t<strong>Organisation Elternbegleiter*innen:<\/strong><br \/>\nNeben Weiterbildungen ist eine regelm\u00e4\u00dfige Begleitung und Beratung der Elternbegleiter*innen f\u00fcr Austausch, Reflexion, Auswertung sowie Vor- und Nachbereitung der Gruppenarbeit erforderlich. Die Anleitung sowie programmbegleitende Qualifizierung wird an die Bedarfe der Elternbegleiter*innen angepasst. Nach der Programmeinf\u00fchrung sollten regelm\u00e4\u00dfig Austausch- und Reflexionstreffen mit allen Akteuren (ca. alle 6 Wochen) stattfinden.\n<strong>Organisation Programmkoordinator*in:<\/strong><br \/>\nDie anleitende Person \u00fcbernimmt die Einweisung in das Programm, die Begleitung bei der Ansprache und Zusammensetzung einer <em>Griffbereit<\/em>-Gruppe, ggf. die Ansprache und Absprachen mit den p\u00e4dagogischen Fachkr\u00e4ften der Einrichtung, die Anleitung der Elternbegleiter*innen und die Fortbildung von Elternbegleiter*innen und p\u00e4dagogischen Fachkr\u00e4ften.\n\t<p><a href=\"#_ftnref1\" name=\"_ftn1\">[1]<\/a> Weitere inhaltliche Schwerpunkte sind: Die Rolle als Elternbegleiter*in, die <em>Griffbereit<\/em>-Materialien, die praktische Umsetzung, Reflexion, Erziehungsthemen, Gestaltung von Elternabenden, usw.<\/p>","protected":false},"excerpt":{"rendered":"<div class=\"entry-summary\">\n<div class=\"entry-summary\">\nEckpunkte Griffbereit-Gruppe: Art der Veranstaltung: mehrsprachige Eltern-Kind-Aktivit\u00e4ten Alter der Kinder: zwischen 1 und 3 Jahren Teilnehmer(innen)zahl: bis zu&hellip;\n<\/div>\n<div class=\"link-more\"><a href=\"https:\/\/www.griffbereit-rucksack.de\/fa\/organisatorisches-griffbereit\/\" class=\"more-link\">Continue reading<span class=\"screen-reader-text\"> &ldquo;Organisatorisches Griffbereit&rdquo;<\/span>&hellip;<\/a><\/div>\n<\/div>\n<div class=\"link-more\"><a href=\"https:\/\/www.griffbereit-rucksack.de\/fa\/organisatorisches-griffbereit\/\" class=\"more-link\">Continue reading<span class=\"screen-reader-text\"> &ldquo;Organisatorisches Griffbereit&rdquo;<\/span>&hellip;<\/a><\/div>","protected":false},"author":1,"featured_media":0,"parent":0,"menu_order":0,"comment_status":"closed","ping_status":"closed","template":"","meta":{"_acf_changed":false,"footnotes":""},"class_list":["post-2705","page","type-page","status-publish","hentry","entry"],"acf":[],"_links":{"self":[{"href":"https:\/\/www.griffbereit-rucksack.de\/fa\/wp-json\/wp\/v2\/pages\/2705","targetHints":{"allow":["GET"]}}],"collection":[{"href":"https:\/\/www.griffbereit-rucksack.de\/fa\/wp-json\/wp\/v2\/pages"}],"about":[{"href":"https:\/\/www.griffbereit-rucksack.de\/fa\/wp-json\/wp\/v2\/types\/page"}],"author":[{"embeddable":true,"href":"https:\/\/www.griffbereit-rucksack.de\/fa\/wp-json\/wp\/v2\/users\/1"}],"replies":[{"embeddable":true,"href":"https:\/\/www.griffbereit-rucksack.de\/fa\/wp-json\/wp\/v2\/comments?post=2705"}],"version-history":[{"count":0,"href":"https:\/\/www.griffbereit-rucksack.de\/fa\/wp-json\/wp\/v2\/pages\/2705\/revisions"}],"wp:attachment":[{"href":"https:\/\/www.griffbereit-rucksack.de\/fa\/wp-json\/wp\/v2\/media?parent=2705"}],"curies":[{"name":"wp","href":"https:\/\/api.w.org\/{rel}","templated":true}]}}