{"id":2700,"date":"2020-08-13T13:05:34","date_gmt":"2020-08-13T11:05:34","guid":{"rendered":"https:\/\/www.griffbereit-rucksack.de\/?page_id=2700"},"modified":"2020-08-17T17:00:32","modified_gmt":"2020-08-17T15:00:32","slug":"griffbereit-material","status":"publish","type":"page","link":"https:\/\/www.griffbereit-rucksack.de\/fa\/griffbereit-material\/","title":{"rendered":"Griffbereit-Material"},"content":{"rendered":"<h2>\n\t\tDie Griffbereit-Materialien im \u00dcberblick\n\t<\/h2>\n\t<p>Das Gesamtpaket besteht aus:<\/p>\n<ul>\n<li><strong><em>Griffbereit<\/em><\/strong><strong>-Elternmaterialien:<\/strong> 64 Bausteine (in Form von alters- sowie entwicklungsgerechten Aktivit\u00e4ten und Spielvorschl\u00e4gen) f\u00fcr die Arbeit der Eltern\/Familien in den verschiedenen Familiensprachen mit den Kindern in der Gruppe und zu Hause. Die Elternmaterialien liegen in Albanisch, Arabisch, Bulgarisch, Dari, Deutsch, Englisch, Farsi, Franz\u00f6sisch, Griechisch, Hebr\u00e4isch, Italienisch, Kroatisch, Kurdisch, Niederl\u00e4ndisch, Paschtu, Polnisch, Romanes, Rum\u00e4nisch, Russisch, Serbisch, Spanisch, Tschetschenisch, T\u00fcrkisch und Vietnamesisch<\/li>\n<li><strong>Handbuch f\u00fcr Elternbegleiter*innen:<\/strong> Das Handbuch f\u00fcr die <em>Griffbereit<\/em>-Elternbegleiter*innen dient als Grundlage f\u00fcr die Vorbereitung und Einf\u00fchrung in die Arbeit mit dem <em>Griffbereit<\/em>-Programm. Es informiert \u00fcber die praktische Umsetzung, erkl\u00e4rt die Rolle der Elternbegleiter*innen, liefert Materialien mit Durchf\u00fchrungsbedingungen und zur \u00d6ffentlichkeitsarbeit usw. Es zeigt exemplarisch die Gestaltung einer <em>Griffbereit<\/em>-Stunde und gibt Hinweise zur Reflexion und zu thematischen Elternabenden in den jeweiligen Einrichtungen.<\/li>\n<\/ul>\n\t<ul>\n<li><strong>Erg\u00e4nzenden Materialien<\/strong> zur gezielten Planung und Vorbereitung der mehrsprachigen Arbeit in der <em>Griffbereit<\/em>-Gruppe.<\/li>\n<\/ul>\n<p>Die Materialien sind auf einen Zeitraum von 64 Wochen angelegt, wobei sich die Bausteine 1\u201331 eher an die j\u00fcngeren Kinder bis zum Alter von ca. zwei Jahren und die Bausteine 32\u201364 eher an die Kinder ab zwei Jahren richten. Die Materialien werden stets weiterentwickelt und weitere \u00dcbersetzungen gem\u00e4\u00df migrationsgesellschaftlichen und diversit\u00e4tsorientierten Entwicklungen erg\u00e4nzt.<\/p>\n<p><strong>Trotz thematischer Anregungen ist das Programm offen und flexibel. Die Umsetzung ist mit verschiedenen p\u00e4dagogischen Konzepten und der alltagsintegrierten Sprachbildung kompatibel<\/strong>.<\/p>","protected":false},"excerpt":{"rendered":"<div class=\"entry-summary\">\n<div class=\"entry-summary\">\nDie Griffbereit-Materialien im \u00dcberblick Das Gesamtpaket besteht aus: Griffbereit-Elternmaterialien: 64 Bausteine (in Form von alters- sowie entwicklungsgerechten Aktivit\u00e4ten&hellip;\n<\/div>\n<div class=\"link-more\"><a href=\"https:\/\/www.griffbereit-rucksack.de\/fa\/griffbereit-material\/\" class=\"more-link\">Continue reading<span class=\"screen-reader-text\"> &ldquo;Griffbereit-Material&rdquo;<\/span>&hellip;<\/a><\/div>\n<\/div>\n<div class=\"link-more\"><a href=\"https:\/\/www.griffbereit-rucksack.de\/fa\/griffbereit-material\/\" class=\"more-link\">Continue reading<span class=\"screen-reader-text\"> &ldquo;Griffbereit-Material&rdquo;<\/span>&hellip;<\/a><\/div>","protected":false},"author":1,"featured_media":0,"parent":0,"menu_order":0,"comment_status":"closed","ping_status":"closed","template":"","meta":{"_acf_changed":false,"footnotes":""},"class_list":["post-2700","page","type-page","status-publish","hentry","entry"],"acf":[],"_links":{"self":[{"href":"https:\/\/www.griffbereit-rucksack.de\/fa\/wp-json\/wp\/v2\/pages\/2700","targetHints":{"allow":["GET"]}}],"collection":[{"href":"https:\/\/www.griffbereit-rucksack.de\/fa\/wp-json\/wp\/v2\/pages"}],"about":[{"href":"https:\/\/www.griffbereit-rucksack.de\/fa\/wp-json\/wp\/v2\/types\/page"}],"author":[{"embeddable":true,"href":"https:\/\/www.griffbereit-rucksack.de\/fa\/wp-json\/wp\/v2\/users\/1"}],"replies":[{"embeddable":true,"href":"https:\/\/www.griffbereit-rucksack.de\/fa\/wp-json\/wp\/v2\/comments?post=2700"}],"version-history":[{"count":0,"href":"https:\/\/www.griffbereit-rucksack.de\/fa\/wp-json\/wp\/v2\/pages\/2700\/revisions"}],"wp:attachment":[{"href":"https:\/\/www.griffbereit-rucksack.de\/fa\/wp-json\/wp\/v2\/media?parent=2700"}],"curies":[{"name":"wp","href":"https:\/\/api.w.org\/{rel}","templated":true}]}}