{"id":2695,"date":"2020-08-13T12:55:54","date_gmt":"2020-08-13T10:55:54","guid":{"rendered":"https:\/\/www.griffbereit-rucksack.de\/?page_id=2695"},"modified":"2023-07-17T16:15:52","modified_gmt":"2023-07-17T14:15:52","slug":"qualifizierung-zur-elternbegleiterin-fuer-griffbereit","status":"publish","type":"page","link":"https:\/\/www.griffbereit-rucksack.de\/fa\/qualifizierung-zur-elternbegleiterin-fuer-griffbereit\/","title":{"rendered":"Qualifizierung zur Elternbegleiter*in f\u00fcr Griffbereit"},"content":{"rendered":"<h2>\n\t\tQualifizierung &#038; Weiterbildungen f\u00fcr Elternbegleiter*innen\n\t<\/h2>\n\t<p>Die Elternbegleiter*innen werden vor Programmbeginn auf ihre T\u00e4tigkeiten vorbereitet (Konzept, Ziele und Inhalte von <em>Griffbereit<\/em><a href=\"#_ftn1\" name=\"_ftnref1\">[1]<\/a>). Um eine hohe Umsetzungsqualit\u00e4t der <em>Griffbereit<\/em>-Gruppe zu sichern, wurden f\u00fcr die Elternbegleiter*innen Weiterbildungen konzipiert, die fortlaufend angeboten werden.<\/p>\n<ol>\n<li><strong> Die <em>Griffbereit<\/em>-Fortbildungen<\/strong><br \/>\nsind sehr vielf\u00e4ltig und richten sich stark nach den jeweiligen Bed\u00fcrfnissen vor Ort. In der Regel werden Qualifizierungen bspw. zu den folgenden Themen angeboten:<\/li>\n<\/ol>\n<ul>\n<li>Einf\u00fchrung in das Programm und seine Materialien<\/li>\n<li>Einf\u00fchrung in die Rolle als Elternbegleiter*in (Rollenkompetenz, Rollenaus\u00fcbung, Rollenreflexion)\n<ul>\n<li>Moderations- und Pr\u00e4sentationstechniken<\/li>\n<li>Gespr\u00e4chsf\u00fchrung in der Gruppe<\/li>\n<li>Didaktik und Methodik der Erwachsenenbildung<\/li>\n<\/ul>\n<\/li>\n<li>Vielfaltsorientierte Sensibilisierung\/Diversit\u00e4tsbewusstes Handeln in Erziehung und Bildung<\/li>\n<li>Entwicklung von Sprache und MehrSprachigkeit<\/li>\n<li>Zusammenarbeit mit Familien<\/li>\n<li>Literacy-Erziehung<\/li>\n<li>Entwicklungspsychologie des Kindesalters<\/li>\n<li>Gesundheit<\/li>\n<li>Sexualerziehung<\/li>\n<li>Medienerziehung<\/li>\n<\/ul>\n<p><a href=\"#_ftnref1\" name=\"_ftn1\">[1]<\/a> Weitere inhaltliche Schwerpunkte sind: Die Rolle als Elternbegleiter*in, die Griffbereit-Materialien, die praktische Umsetzung, Reflexion, Erziehungsthemen, Gestaltung von Elternabenden, usw.<\/p>\n<p>&nbsp;<\/p>\n\t<p><strong>2)  Weitere Themen, die die Arbeit in der <em>Griffbereit<\/em>-Gruppe unterst\u00fctzen:<\/strong><\/p>\n<ul>\n<li>Empowerment und Partizipation<\/li>\n<li>Sprache und Bewegung<\/li>\n<li>Mehrsprachige Bildung<\/li>\n<li>Erziehungsvorstellungen und -stile<\/li>\n<li>Vorlesetechniken<\/li>\n<li>Die Bedeutung von Bindung f\u00fcr die kindliche Entwicklung<\/li>\n<li>Die Entwicklung von Kleinkindern und\/oder Vorschulkindern<\/li>\n<li>F\u00f6rderung von Vorl\u00e4uferf\u00e4higkeiten (z.B. in den Naturwissenschaften)<\/li>\n<li>Aktivit\u00e4ten und Spiele<\/li>\n<li>Kinder beobachten und motivieren<\/li>\n<li>Interreligi\u00f6ser Dialog<\/li>\n<li>Themen, die sich aus den Fragen der Eltern\/Familien ergeben<\/li>\n<\/ul>","protected":false},"excerpt":{"rendered":"<div class=\"entry-summary\">\n<div class=\"entry-summary\">\nQualifizierung &#038; Weiterbildungen f\u00fcr Elternbegleiter*innen Die Elternbegleiter*innen werden vor Programmbeginn auf ihre T\u00e4tigkeiten vorbereitet (Konzept, Ziele und Inhalte&hellip;\n<\/div>\n<div class=\"link-more\"><a href=\"https:\/\/www.griffbereit-rucksack.de\/fa\/qualifizierung-zur-elternbegleiterin-fuer-griffbereit\/\" class=\"more-link\">Continue reading<span class=\"screen-reader-text\"> &ldquo;Qualifizierung zur Elternbegleiter*in f\u00fcr Griffbereit&rdquo;<\/span>&hellip;<\/a><\/div>\n<\/div>\n<div class=\"link-more\"><a href=\"https:\/\/www.griffbereit-rucksack.de\/fa\/qualifizierung-zur-elternbegleiterin-fuer-griffbereit\/\" class=\"more-link\">Continue reading<span class=\"screen-reader-text\"> &ldquo;Qualifizierung zur Elternbegleiter*in f\u00fcr Griffbereit&rdquo;<\/span>&hellip;<\/a><\/div>","protected":false},"author":1,"featured_media":0,"parent":0,"menu_order":0,"comment_status":"closed","ping_status":"closed","template":"","meta":{"_acf_changed":false,"footnotes":""},"class_list":["post-2695","page","type-page","status-publish","hentry","entry"],"acf":[],"_links":{"self":[{"href":"https:\/\/www.griffbereit-rucksack.de\/fa\/wp-json\/wp\/v2\/pages\/2695","targetHints":{"allow":["GET"]}}],"collection":[{"href":"https:\/\/www.griffbereit-rucksack.de\/fa\/wp-json\/wp\/v2\/pages"}],"about":[{"href":"https:\/\/www.griffbereit-rucksack.de\/fa\/wp-json\/wp\/v2\/types\/page"}],"author":[{"embeddable":true,"href":"https:\/\/www.griffbereit-rucksack.de\/fa\/wp-json\/wp\/v2\/users\/1"}],"replies":[{"embeddable":true,"href":"https:\/\/www.griffbereit-rucksack.de\/fa\/wp-json\/wp\/v2\/comments?post=2695"}],"version-history":[{"count":0,"href":"https:\/\/www.griffbereit-rucksack.de\/fa\/wp-json\/wp\/v2\/pages\/2695\/revisions"}],"wp:attachment":[{"href":"https:\/\/www.griffbereit-rucksack.de\/fa\/wp-json\/wp\/v2\/media?parent=2695"}],"curies":[{"name":"wp","href":"https:\/\/api.w.org\/{rel}","templated":true}]}}