{"id":2658,"date":"2020-08-12T14:02:49","date_gmt":"2020-08-12T12:02:49","guid":{"rendered":"https:\/\/www.griffbereit-rucksack.de\/?page_id=2658"},"modified":"2021-07-06T12:45:07","modified_gmt":"2021-07-06T10:45:07","slug":"angebot-griffbereit","status":"publish","type":"page","link":"https:\/\/www.griffbereit-rucksack.de\/fa\/angebot-griffbereit\/","title":{"rendered":"Angebot Griffbereit"},"content":{"rendered":"<h2>\n\t\tWas leistet Griffbereit?\n\t<\/h2>\n\t<p><em>Griffbereit<\/em> f\u00f6rdert die fr\u00fchkindliche Entwicklung durch kleinkindgerechte Aktivit\u00e4ten mit den Eltern\/Familien, wie z.B. gemeinsames Spielen, Singen oder Malen in den Familiensprachen und auf Deutsch. Dies schafft eine wichtige Grundlage zum Erwerb von Sprachkompetenz.<\/p>\n<p><strong>Dabei bef\u00e4higt das Programm die Eltern\/Familien, selbst die Akteure zu sein, denn sie sind erste Sprachvorbilder und haben den engsten Bezug zu ihren Kindern im Alltag.<\/strong><\/p>\n\t<p>In sogenannten <em>Griffbereit<\/em>-Gruppen erfahren sie, wie sie ihre Kinder in der allgemeinen und sprachlichen Entwicklung st\u00e4rken k\u00f6nnen. Dabei werden sie von geschulten, meist mehrsprachigen Elternbegleiter*innen unterst\u00fctzt.<\/p>\n<p>Kleinkinder mit und ohne internationale Familiengeschichte kommen so schon sehr fr\u00fch mit Deutsch und weiteren Sprachen in Kontakt. Somit bietet <em>Griffbereit<\/em> die M\u00f6glichkeit, die <a href=\"https:\/\/www.griffbereit-rucksack.de\/fa\/mehrsprachigkeit\/\"><strong>MehrSprachigkeit<\/strong><strong> als Potenzial der Kinder<\/strong><\/a> aufzugreifen.<\/p>\n<p>&nbsp;<\/p>","protected":false},"excerpt":{"rendered":"<div class=\"entry-summary\">\n<div class=\"entry-summary\">\nWas leistet Griffbereit? Griffbereit f\u00f6rdert die fr\u00fchkindliche Entwicklung durch kleinkindgerechte Aktivit\u00e4ten mit den Eltern\/Familien, wie z.B. gemeinsames Spielen,&hellip;\n<\/div>\n<div class=\"link-more\"><a href=\"https:\/\/www.griffbereit-rucksack.de\/fa\/angebot-griffbereit\/\" class=\"more-link\">Continue reading<span class=\"screen-reader-text\"> &ldquo;Angebot Griffbereit&rdquo;<\/span>&hellip;<\/a><\/div>\n<\/div>\n<div class=\"link-more\"><a href=\"https:\/\/www.griffbereit-rucksack.de\/fa\/angebot-griffbereit\/\" class=\"more-link\">Continue reading<span class=\"screen-reader-text\"> &ldquo;Angebot Griffbereit&rdquo;<\/span>&hellip;<\/a><\/div>","protected":false},"author":1,"featured_media":0,"parent":0,"menu_order":0,"comment_status":"closed","ping_status":"closed","template":"","meta":{"_acf_changed":false,"footnotes":""},"class_list":["post-2658","page","type-page","status-publish","hentry","entry"],"acf":[],"_links":{"self":[{"href":"https:\/\/www.griffbereit-rucksack.de\/fa\/wp-json\/wp\/v2\/pages\/2658","targetHints":{"allow":["GET"]}}],"collection":[{"href":"https:\/\/www.griffbereit-rucksack.de\/fa\/wp-json\/wp\/v2\/pages"}],"about":[{"href":"https:\/\/www.griffbereit-rucksack.de\/fa\/wp-json\/wp\/v2\/types\/page"}],"author":[{"embeddable":true,"href":"https:\/\/www.griffbereit-rucksack.de\/fa\/wp-json\/wp\/v2\/users\/1"}],"replies":[{"embeddable":true,"href":"https:\/\/www.griffbereit-rucksack.de\/fa\/wp-json\/wp\/v2\/comments?post=2658"}],"version-history":[{"count":0,"href":"https:\/\/www.griffbereit-rucksack.de\/fa\/wp-json\/wp\/v2\/pages\/2658\/revisions"}],"wp:attachment":[{"href":"https:\/\/www.griffbereit-rucksack.de\/fa\/wp-json\/wp\/v2\/media?parent=2658"}],"curies":[{"name":"wp","href":"https:\/\/api.w.org\/{rel}","templated":true}]}}