{"id":2366,"date":"2020-03-02T13:32:29","date_gmt":"2020-03-02T12:32:29","guid":{"rendered":"https:\/\/www.griffbereit-rucksack.de\/?page_id=2366"},"modified":"2023-07-17T16:16:56","modified_gmt":"2023-07-17T14:16:56","slug":"mitmachen","status":"publish","type":"page","link":"https:\/\/www.griffbereit-rucksack.de\/fa\/mitmachen\/","title":{"rendered":"Mitmachen"},"content":{"rendered":"<h3><strong><u>(Bildungs-) Institution<\/u><\/strong><\/h3>\n<p><em>Warum soll ich mitmachen? <\/em><\/p>\n<p><em>Griffbereit<\/em> und <em>Rucksack KiTa<\/em> sind Programme, die in (Bildungs-) Institutionen stattfinden. Das ist eine gro\u00dfe Chance: Zum einen kann dadurch die Bildungs- und Erziehungspartnerschaft zwischen Familien und (Bildungs-) Institutionen im Sinne von Kompetenzpartnerschaften, von der beide Seiten nachhaltig profitieren k\u00f6nnen, gest\u00e4rkt werden. Zum anderen k\u00f6nnen sich dadurch die (Bildungs-) Institutionen auch im Kontext von Diversit\u00e4t und MehrSprachigkeit \u00f6ffnen. Diese Offenheit kann Prozesse ansto\u00dfen, die gro\u00dfe Ver\u00e4nderungen auch in Ihrer Bildungsinstitution bewirken k\u00f6nnen.<\/p>\n<p><strong>M\u00f6chten Sie als (Bildungs-) Institution teilhaben und <em>Griffbereit bzw. Rucksack KiTa <\/em>selbst durchf\u00fchren?<\/strong><\/p>\n<p>Der Koordinierungsstellen-Finder hilft Ihnen dabei.<\/p>\n<p>Um Ihnen als interessierte (Bildungs-) Institution die Kontaktaufnahme mit der f\u00fcr Sie zust\u00e4ndigen Koordinierungsstelle zu erleichtern, haben wir nachfolgende Suchfunktion eingerichtet.<\/p>\n<p>So einfach geht&#8217;s:<\/p>\n<p>Geben Sie einfach die Postleitzahl der Gemeinde Ihrer Bildungseinrichtung ein und finden so die f\u00fcr Sie zust\u00e4ndige Koordinierungsstelle.<\/p>\n        <form class=\"bs_search-form\" action=\"\/fa\/state\/\" method=\"get\" data-trp-original-action=\"\/state\/\">\n            <select required class=\"bs_state_field\" name=\"bss\">\n                <option value>Bundesland<\/option>\n                <option value='1'>Baden-W\u00fcrttemberg<\/option><option value='2'>Bayern<\/option><option value='3'>Berlin<\/option><option value='4'>Brandenburg<\/option><option value='5'>Bremen<\/option><option value='6'>Hamburg<\/option><option value='7'>Hessen<\/option><option value='8'>Mecklenburg-Vorpommern<\/option><option value='9'>Niedersachsen<\/option><option value='10'>Nordrhein-Westfalen<\/option><option value='11'>Rheinland-Pfalz<\/option><option value='12'>Saarland<\/option><option value='13'>Sachsen<\/option><option value='14'>Sachsen-Anhalt<\/option><option value='15'>Schleswig-Holstein<\/option><option value='16'>Th\u00fcringen<\/option>            <\/select>\n            <select required class=\"bs_program_field\" name=\"bsp\">\n                <option value>Programm<\/option>\n                <option value='206'>griffbereitMINI<\/option><option value='121'>Griffbereit<\/option><option value='122'>Rucksack KiTa<\/option>            <\/select>\n            <input type=\"hidden\" name=\"bsg\" class=\"bs_searchgroup\" value=\"2\">\n            <input type=\"submit\" value=\"Finden\">\n        <input type=\"hidden\" name=\"trp-form-language\" value=\"fa\"\/><\/form>\n        \n\t<h3><strong><u>Eltern\/Familien<\/u><\/strong><\/h3>\n<p><em>Warum soll ich mitmachen? <\/em><\/p>\n<p>Im Austausch mit anderen Eltern\/Familien und mit den p\u00e4dagogischen Fachkr\u00e4ften der Kindertageseinrichtung erfahren Sie, wie Sie Ihre Kinder in ihrer sprachlichen und allgemeinen Entwicklung spielerisch st\u00e4rken k\u00f6nnen. Dabei liegt der besondere Schwerpunkt auf der F\u00f6rderung der MehrSprachigkeit. Das beinhaltet die St\u00e4rkung der Familiensprache(n) und das Kennenlernen weiterer Sprachen.<\/p>\n<p><strong>Wo finde ich eine Griffbereit bzw. Rucksack KiTa-Gruppe?<\/strong><\/p>\n<p><strong>M\u00f6chten Sie als Familie teilhaben und suchen eine <em>Griffbereit bzw. Rucksack KiTa-Gruppe<\/em>?<\/strong><\/p>\n<p>Der Gruppen-Finder hilft Ihnen dabei.<\/p>\n<p>Das Online-Angebot bietet Ihnen mit wenigen Klicks Informationen zu den <em>Griffbereit<\/em> und\/oder <em>Rucksack KiTa<\/em> durchf\u00fchrenden Bildungseinrichtungen in Ihrer N\u00e4he.<\/p>\n<p>So einfach geht&#8217;s:<\/p>\n<p>Durch Anklicken der gew\u00fcnschten Einrichtung in der Liste oder in der Karte werden Ihnen die Detailinformationen angezeigt.<\/p>\n        <form class=\"bs_search-form\" action=\"\/fa\/state\/\" method=\"get\" data-trp-original-action=\"\/state\/\">\n            <select required class=\"bs_state_field\" name=\"bss\">\n                <option value>Bundesland<\/option>\n                <option value='1'>Baden-W\u00fcrttemberg<\/option><option value='2'>Bayern<\/option><option value='3'>Berlin<\/option><option value='4'>Brandenburg<\/option><option value='5'>Bremen<\/option><option value='6'>Hamburg<\/option><option value='7'>Hessen<\/option><option value='8'>Mecklenburg-Vorpommern<\/option><option value='9'>Niedersachsen<\/option><option value='10'>Nordrhein-Westfalen<\/option><option value='11'>Rheinland-Pfalz<\/option><option value='12'>Saarland<\/option><option value='13'>Sachsen<\/option><option value='14'>Sachsen-Anhalt<\/option><option value='15'>Schleswig-Holstein<\/option><option value='16'>Th\u00fcringen<\/option>            <\/select>\n            <select required class=\"bs_program_field\" name=\"bsp\">\n                <option value>Programm<\/option>\n                <option value='206'>griffbereitMINI<\/option><option value='121'>Griffbereit<\/option><option value='122'>Rucksack KiTa<\/option>            <\/select>\n            <input type=\"hidden\" name=\"bsg\" class=\"bs_searchgroup\" value=\"1\">\n            <input type=\"submit\" value=\"Finden\">\n        <input type=\"hidden\" name=\"trp-form-language\" value=\"fa\"\/><\/form>\n        \n\t<h3><strong><u>Kommune<\/u><\/strong><\/h3>\n<p><em>Warum soll ich mitmachen? <\/em><\/p>\n<p>Die Programme <em>Griffbereit<\/em> und <em>Rucksack KiTa<\/em> sind innovative und bundesweit erfolgreiche Programme, die gezielt auf die F\u00f6rderung der sprachlichen Bildung sowie der Familienbildung und gleichzeitig auf die diversit\u00e4tsorientierte sowie migrationsgesellschaftliche \u00d6ffnung von (Bildungs-) Institutionen setzen. Kinder werden -mit Blick auf die Chancengleichheit f\u00fcr alle Kinder beim Thema Bildung- f\u00fcr ihren weiteren Bildungsweg bestm\u00f6glich vorbereitet und begleitet. Gleichzeitig werden Eltern\/Familien auf diesem gemeinsamen Weg aktiviert.<\/p>\n<p>Zudem sind die Programme stark sozialr\u00e4umlich ausgerichtet (Vernetzung im Sozialraum), zielgruppenspezifisch ausdifferenziert und fachlich von anerkannten Wissenschaftler*innen begleitet, evaluiert und zertifiziert worden. An der Weiterentwicklung und Anpassung gem\u00e4\u00df gesellschaftlicher Realit\u00e4ten wird kontinuierlich gearbeitet. Damit m\u00f6chten die Programme Ver\u00e4nderungsprozesse ansto\u00dfen, hin zu einer Gesellschaft, in der die fr\u00fche Bildung sowie die Bildungs- und Erziehungspartnerschaft zwischen (Bildungs-) Institutionen und Familien selbstverst\u00e4ndlich diversit\u00e4tsbewusst, mehrsprachig, kultursensibel und zur Migrationsgesellschaft offen ist.<\/p>\n<p><strong>M\u00f6chten Sie als Kommune teilhaben und <em>Griffbereit bzw. Rucksack KiTa <\/em>in Kooperation mit Ihren Bildungsinstitutionen durchf\u00fchren lassen?<\/strong><\/p>\n<p>Der Landeskoordinierungsstellen-Finder hilft Ihnen dabei.<\/p>\n<p>Um Ihnen als interessierte Kommune die Kontaktaufnahme mit der f\u00fcr Sie zust\u00e4ndigen Landeskoordinierungsstelle zu erleichtern, haben wir nachfolgende Suchfunktion eingerichtet.<\/p>\n<p>So einfach geht&#8217;s:<\/p>\n<p>Geben Sie einfach die Postleitzahl Ihrer Kommune ein und finden so die f\u00fcr Sie zust\u00e4ndige Landeskoordinierungsstelle.<\/p>\n        <form class=\"bs_search-form\" action=\"\/fa\/state\/\" method=\"get\" data-trp-original-action=\"\/state\/\">\n            <select required class=\"bs_state_field\" name=\"bss\">\n                <option value>Bundesland<\/option>\n                <option value='1'>Baden-W\u00fcrttemberg<\/option><option value='2'>Bayern<\/option><option value='3'>Berlin<\/option><option value='4'>Brandenburg<\/option><option value='5'>Bremen<\/option><option value='6'>Hamburg<\/option><option value='7'>Hessen<\/option><option value='8'>Mecklenburg-Vorpommern<\/option><option value='9'>Niedersachsen<\/option><option value='10'>Nordrhein-Westfalen<\/option><option value='11'>Rheinland-Pfalz<\/option><option value='12'>Saarland<\/option><option value='13'>Sachsen<\/option><option value='14'>Sachsen-Anhalt<\/option><option value='15'>Schleswig-Holstein<\/option><option value='16'>Th\u00fcringen<\/option>            <\/select>\n            <select required class=\"bs_program_field\" name=\"bsp\">\n                <option value>Programm<\/option>\n                <option value='206'>griffbereitMINI<\/option><option value='121'>Griffbereit<\/option><option value='122'>Rucksack KiTa<\/option>            <\/select>\n            <input type=\"hidden\" name=\"bsg\" class=\"bs_searchgroup\" value=\"2\">\n            <input type=\"submit\" value=\"Finden\">\n        <input type=\"hidden\" name=\"trp-form-language\" value=\"fa\"\/><\/form>\n        \n\t<h3><strong><u>Elternbegleiter*in<\/u><\/strong><\/h3>\n<p>Warum soll ich mitmachen?<\/p>\n<p>Elternbegleiter*innen haben im Rahmen der <em>Griffbereit <\/em>und <em>Rucksack KiTa<\/em> Programme eine entscheidende Rolle. Sie leiten die Griffbereit bzw. Rucksack KiTa-Gruppen und sichern die durchg\u00e4ngige und verl\u00e4ssliche Verwendung der MehrSprachigkeit in der Gruppe.<\/p>\n<p>MehrSprachigkeit, vielfaltsorientierte Zusammenarbeit und offenes Miteinander sind Eigenschaften, die Sie als Elternbegleiter*innen -auch den Eltern\/Familien gegen\u00fcber-vorleben.\u00a0 Durch die Impulse, die Sie durch die Gestaltung der <em>Griffbereit<\/em> bzw. <em>Rucksack KiTa<\/em>-Gruppen mit spielerischen Aktivit\u00e4ten, Liedern und Anregungen setzen, erhalten die Eltern\/Familien neue Ideen und Sicherheit f\u00fcr die Besch\u00e4ftigung mit ihren Kindern und die St\u00e4rkung der Beziehung in der Familie.<\/p>\n<p>Diese T\u00e4tigkeit kann auch ein Einstieg in das p\u00e4dagogische Arbeitsfeld sein&#8230;<\/p>\n<p><strong>M\u00f6chten Sie als Elternbegleiter*in teilhaben und <em>Griffbereit bzw. Rucksack KiTa <\/em>durchf\u00fchren?<\/strong><\/p>\n<p>Der Koordinierungsstellen-Finder hilft Ihnen dabei.<\/p>\n<p>Um Ihnen als interessierte\/r Elternbegleiter*in die Kontaktaufnahme mit der f\u00fcr Sie zust\u00e4ndigen Koordinierungsstelle zu erleichtern, haben wir nachfolgende Suchfunktion eingerichtet.<\/p>\n<p>So einfach geht&#8217;s:<\/p>\n<p>Geben Sie einfach die Postleitzahl der Gemeinde, in der Sie leben, ein und finden so die f\u00fcr Sie zust\u00e4ndige Koordinierungsstelle.<\/p>\n        <form class=\"bs_search-form\" action=\"\/fa\/state\/\" method=\"get\" data-trp-original-action=\"\/state\/\">\n            <select required class=\"bs_state_field\" name=\"bss\">\n                <option value>Bundesland<\/option>\n                <option value='1'>Baden-W\u00fcrttemberg<\/option><option value='2'>Bayern<\/option><option value='3'>Berlin<\/option><option value='4'>Brandenburg<\/option><option value='5'>Bremen<\/option><option value='6'>Hamburg<\/option><option value='7'>Hessen<\/option><option value='8'>Mecklenburg-Vorpommern<\/option><option value='9'>Niedersachsen<\/option><option value='10'>Nordrhein-Westfalen<\/option><option value='11'>Rheinland-Pfalz<\/option><option value='12'>Saarland<\/option><option value='13'>Sachsen<\/option><option value='14'>Sachsen-Anhalt<\/option><option value='15'>Schleswig-Holstein<\/option><option value='16'>Th\u00fcringen<\/option>            <\/select>\n            <select required class=\"bs_program_field\" name=\"bsp\">\n                <option value>Programm<\/option>\n                <option value='206'>griffbereitMINI<\/option><option value='121'>Griffbereit<\/option><option value='122'>Rucksack KiTa<\/option>            <\/select>\n            <input type=\"hidden\" name=\"bsg\" class=\"bs_searchgroup\" value=\"2\">\n            <input type=\"submit\" value=\"Finden\">\n        <input type=\"hidden\" name=\"trp-form-language\" value=\"fa\"\/><\/form>","protected":false},"excerpt":{"rendered":"<div class=\"entry-summary\">\n<div class=\"entry-summary\">\n(Bildungs-) Institution Warum soll ich mitmachen? Griffbereit und Rucksack KiTa sind Programme, die in (Bildungs-) Institutionen stattfinden. Das&hellip;\n<\/div>\n<div class=\"link-more\"><a href=\"https:\/\/www.griffbereit-rucksack.de\/fa\/mitmachen\/\" class=\"more-link\">Continue reading<span class=\"screen-reader-text\"> &ldquo;Mitmachen&rdquo;<\/span>&hellip;<\/a><\/div>\n<\/div>\n<div class=\"link-more\"><a href=\"https:\/\/www.griffbereit-rucksack.de\/fa\/mitmachen\/\" class=\"more-link\">Continue reading<span class=\"screen-reader-text\"> &ldquo;Mitmachen&rdquo;<\/span>&hellip;<\/a><\/div>","protected":false},"author":1,"featured_media":0,"parent":0,"menu_order":0,"comment_status":"closed","ping_status":"closed","template":"","meta":{"_acf_changed":false,"footnotes":""},"class_list":["post-2366","page","type-page","status-publish","hentry","entry"],"acf":[],"_links":{"self":[{"href":"https:\/\/www.griffbereit-rucksack.de\/fa\/wp-json\/wp\/v2\/pages\/2366","targetHints":{"allow":["GET"]}}],"collection":[{"href":"https:\/\/www.griffbereit-rucksack.de\/fa\/wp-json\/wp\/v2\/pages"}],"about":[{"href":"https:\/\/www.griffbereit-rucksack.de\/fa\/wp-json\/wp\/v2\/types\/page"}],"author":[{"embeddable":true,"href":"https:\/\/www.griffbereit-rucksack.de\/fa\/wp-json\/wp\/v2\/users\/1"}],"replies":[{"embeddable":true,"href":"https:\/\/www.griffbereit-rucksack.de\/fa\/wp-json\/wp\/v2\/comments?post=2366"}],"version-history":[{"count":0,"href":"https:\/\/www.griffbereit-rucksack.de\/fa\/wp-json\/wp\/v2\/pages\/2366\/revisions"}],"wp:attachment":[{"href":"https:\/\/www.griffbereit-rucksack.de\/fa\/wp-json\/wp\/v2\/media?parent=2366"}],"curies":[{"name":"wp","href":"https:\/\/api.w.org\/{rel}","templated":true}]}}