{"id":2251,"date":"2020-01-13T11:31:06","date_gmt":"2020-01-13T10:31:06","guid":{"rendered":"https:\/\/www.griffbereit-rucksack.de\/?page_id=2251"},"modified":"2021-04-27T12:36:37","modified_gmt":"2021-04-27T10:36:37","slug":"vision-mission","status":"publish","type":"page","link":"https:\/\/www.griffbereit-rucksack.de\/fa\/ueber-uns\/vision-mission\/","title":{"rendered":"Vision &#038; Mission"},"content":{"rendered":"<p><em>Griffbereit<\/em> und <em>Rucksack KiTa<\/em>: Programme f\u00fcr eine diversit\u00e4tsbewusste und mehrsprachige Fr\u00fche Bildung und Zusammenarbeit mit Familien.<\/p>\n\n<p>Mit den Programmen <em>Griffbereit<\/em> und <em>Rucksack KiTa<\/em> setzen wir uns f\u00fcr eine Gesellschaft ein, in der Fr\u00fchkindliche Bildung sowie Bildungs- und Erziehungspartnerschaft zwischen (Bildungs-) Institutionen und Familien selbstverst\u00e4ndlich diversit\u00e4tsbewusst, mehrsprachig und zur Migrationsgesellschaft offen sind.<\/p>\n\n<p>Mit der oben genannten Vision und den damit einhergehenden Zielsetzungen verkn\u00fcpfen wir mit unseren Programmen <em>Griffbereit<\/em> und <em>Rucksack KiTa<\/em> den Ansatz mehrsprachiger Bildung mit einem Konzept diversit\u00e4tsbewusster Familienbildung und st\u00e4rken somit die Bildungs- und Erziehungspartnerschaft zwischen Familien und (Bildungs-) Einrichtungen im Sinne von Kompetenzpartnerschaften, von der beide Seiten nachhaltig profitieren. Dar\u00fcber hinaus unterst\u00fctzen die Programme die (Bildungs-) Einrichtungen in ihrer diversit\u00e4tsorientierten und migrationsgesellschaftlichen \u00d6ffnung.<\/p>","protected":false},"excerpt":{"rendered":"<div class=\"entry-summary\">\n<div class=\"entry-summary\">\nGriffbereit und Rucksack KiTa: Programme f\u00fcr eine diversit\u00e4tsbewusste und mehrsprachige Fr\u00fche Bildung und Zusammenarbeit mit Familien. Mit den&hellip;\n<\/div>\n<div class=\"link-more\"><a href=\"https:\/\/www.griffbereit-rucksack.de\/fa\/ueber-uns\/vision-mission\/\" class=\"more-link\">Continue reading<span class=\"screen-reader-text\"> &ldquo;Vision &#038; Mission&rdquo;<\/span>&hellip;<\/a><\/div>\n<\/div>\n<div class=\"link-more\"><a href=\"https:\/\/www.griffbereit-rucksack.de\/fa\/ueber-uns\/vision-mission\/\" class=\"more-link\">Continue reading<span class=\"screen-reader-text\"> &ldquo;Vision &#038; Mission&rdquo;<\/span>&hellip;<\/a><\/div>","protected":false},"author":1,"featured_media":0,"parent":2249,"menu_order":0,"comment_status":"closed","ping_status":"closed","template":"","meta":{"_acf_changed":false,"footnotes":""},"class_list":["post-2251","page","type-page","status-publish","hentry","entry"],"acf":[],"_links":{"self":[{"href":"https:\/\/www.griffbereit-rucksack.de\/fa\/wp-json\/wp\/v2\/pages\/2251","targetHints":{"allow":["GET"]}}],"collection":[{"href":"https:\/\/www.griffbereit-rucksack.de\/fa\/wp-json\/wp\/v2\/pages"}],"about":[{"href":"https:\/\/www.griffbereit-rucksack.de\/fa\/wp-json\/wp\/v2\/types\/page"}],"author":[{"embeddable":true,"href":"https:\/\/www.griffbereit-rucksack.de\/fa\/wp-json\/wp\/v2\/users\/1"}],"replies":[{"embeddable":true,"href":"https:\/\/www.griffbereit-rucksack.de\/fa\/wp-json\/wp\/v2\/comments?post=2251"}],"version-history":[{"count":0,"href":"https:\/\/www.griffbereit-rucksack.de\/fa\/wp-json\/wp\/v2\/pages\/2251\/revisions"}],"up":[{"embeddable":true,"href":"https:\/\/www.griffbereit-rucksack.de\/fa\/wp-json\/wp\/v2\/pages\/2249"}],"wp:attachment":[{"href":"https:\/\/www.griffbereit-rucksack.de\/fa\/wp-json\/wp\/v2\/media?parent=2251"}],"curies":[{"name":"wp","href":"https:\/\/api.w.org\/{rel}","templated":true}]}}