{"id":1882,"date":"2016-02-28T12:56:03","date_gmt":"2016-02-28T11:56:03","guid":{"rendered":"http:\/\/themedemos.webmandesign.eu\/polyclinic\/?page_id=1882"},"modified":"2025-12-26T10:34:11","modified_gmt":"2025-12-26T09:34:11","slug":"homepage-modern","status":"publish","type":"page","link":"https:\/\/www.griffbereit-rucksack.de\/fa\/","title":{"rendered":"Homepage &#8211; modern"},"content":{"rendered":"<p>Willkommen zu <strong>griffbereitMINI<\/strong>, <strong>Griffbereit <\/strong>und <strong>Rucksack KiTa<\/strong><\/p>\n<a href=\"\/fa\/griffbereit\/\" class=\"wm-button color-info size-large button\"><span class=\"icon-griffbereit\" aria-hidden=\"true\"> <\/span>Griffbereit<\/a><a href=\"\/fa\/griffbereitmini\/\" class=\"wm-button size-large button\"><span class=\"icon-griffbereit\" aria-hidden=\"true\"> <\/span>griffbereitMINI<\/a><a href=\"\/fa\/rucksack-kita\/\" class=\"wm-button size-large button\"><span class=\"icon-child\" aria-hidden=\"true\"> <\/span>Rucksack KiTa<\/a>\n\t<strong>Drei Programme, ein Ziel:<br \/>\n<\/strong><strong>Verst\u00e4rkte Bildungspartizipation &#8211; von Anfang an.<\/strong>\n<p>Willkommen auf der Homepage von <strong><em>griffbereitMINI, Griffbereit<\/em><\/strong> und <strong><em>Rucksack KiTa<\/em><\/strong> &#8211; drei bew\u00e4hrten Sprach- und Bildungsprogrammen f\u00fcr die J\u00fcngsten unserer vielf\u00e4ltigen Gesellschaft und deren Eltern\/Familien, von denen viele eine internationale Familiengeschichte mitbringen.<\/p>\n<p>&nbsp;<\/p>\n\t<p><strong>Im FAQ-Video werden alle Programme genauer erkl\u00e4rt:<\/strong><\/p>\n<p><iframe title=\"FAQ der Programme Griffbereit und Rucksack KiTa\" width=\"1160\" height=\"653\" src=\"https:\/\/www.youtube.com\/embed\/kyKOWuKUlzI?feature=oembed\" frameborder=\"0\" allow=\"accelerometer; autoplay; clipboard-write; encrypted-media; gyroscope; picture-in-picture; web-share\" referrerpolicy=\"strict-origin-when-cross-origin\" allowfullscreen><\/iframe><\/p>\n\t<strong>griffbereitMINI<\/strong> verst\u00e4rkt die Bildungspartizipation von Anfang an.<br \/>\n\n<p><strong>Griffbereit <\/strong>ist ein Familienbildungsprogramm f\u00fcr Familien mit und ohne internationale Familiengeschichte und ihre Kinder zwischen eins und drei Jahren.<\/p>\n<p><strong>Rucksack KiTa<\/strong> richtet sich an Eltern\/Familien mit internationaler Familiengeschichte und ihre Kinder zwischen vier und sechs Jahren.<\/p>\n<p>&nbsp;<\/p>\n\t<p><strong>Interview mit der FUMA Fachstelle Gender &amp; Diversit\u00e4t NRW als Partner f\u00fcr die intersektionale Betrachtung bei der Entwicklung von Materialien:<\/strong><\/p>\n<p><iframe title=\"Vielfalt der Kinder\" width=\"1160\" height=\"653\" src=\"https:\/\/www.youtube.com\/embed\/vzAiEq6pqpw?feature=oembed\" frameborder=\"0\" allow=\"accelerometer; autoplay; clipboard-write; encrypted-media; gyroscope; picture-in-picture; web-share\" referrerpolicy=\"strict-origin-when-cross-origin\" allowfullscreen><\/iframe><\/p>\n<p>&nbsp;<\/p>\n<p>&nbsp;<\/p>\n<p>&nbsp;<\/p>\n\t<h2>Events<\/h2>\n\t<h2>Aktuelles<\/h2>\n\t<h2>Nehmen Sie an unseren Programmen <strong>griffbereitMINI, Griffbereit <\/strong>und <strong>Rucksack KiTa <\/strong>teil!<strong><br \/>\n<\/strong><\/h2>\n<p>Wir laden Sie herzlich ein, an unseren Programmen griffbereitMINI, Griffbereit und Rucksack KiTa teilzunehmen.<\/p>\n<p>Ob als interessierte\/r oder bereits teilnehmende\/r Familie, Elternbegleiter*in, p\u00e4dagogische Fachkraft oder Programmkoordinator*in: <strong>Sch\u00f6n, dass Sie teilhaben!<\/strong><\/p>\n\t<div id='gallery-1' class='gallery galleryid-1882 gallery-columns-3 gallery-size-thumbnail'><figure class='gallery-item'>\n\t\t\t<div class='gallery-icon landscape'>\n\t\t\t\t<img decoding=\"async\" width=\"744\" height=\"418\" src=\"https:\/\/www.griffbereit-rucksack.de\/wp-content\/uploads\/2020\/01\/mit_kindern_singen-744x418.png\" class=\"attachment-thumbnail size-thumbnail\" alt=\"\" \/>\n\t\t\t<\/div><\/figure><figure class='gallery-item'>\n\t\t\t<div class='gallery-icon landscape'>\n\t\t\t\t<img decoding=\"async\" width=\"744\" height=\"418\" src=\"https:\/\/www.griffbereit-rucksack.de\/wp-content\/uploads\/2020\/01\/kinder_lernen_aus_einem_buch-744x418.png\" class=\"attachment-thumbnail size-thumbnail\" alt=\"\" \/>\n\t\t\t<\/div><\/figure><figure class='gallery-item'>\n\t\t\t<div class='gallery-icon landscape'>\n\t\t\t\t<img decoding=\"async\" width=\"744\" height=\"418\" src=\"https:\/\/www.griffbereit-rucksack.de\/wp-content\/uploads\/2020\/01\/mutter_lernt_mit_kind_-744x418.png\" class=\"attachment-thumbnail size-thumbnail\" alt=\"Mutter lernt mit ihrem Kind\" \/>\n\t\t\t<\/div><\/figure>\n\t\t<\/div>\n\n\t<h2>Zielgruppen aller Programme<\/h2>\n<p>F\u00fcr <strong>griffbereitMINI, Griffbereit<\/strong> und <strong>Rucksack KiTa<\/strong> haben wir folgende f\u00fcnf Zielgruppen definiert:<\/p>\n<div class=\"wm-content-module wm-posts-wrap clearfix wm-content-module-singular\"><div class=\"wm-content-module-item wm-content-module-item-326 wm-iconbox-module has-color has-background\"><div class=\"wm-content-module-element wm-html-element image image-container font-icon\" style=\"background-color: #ffffff\"><span class=\"icon-users\" aria-hidden=\"true\" style=\"color: #f28902\"><\/span><span class=\"screen-reader-text\">Eltern\/Familien<\/span><\/div><div class=\"wm-content-module-element wm-html-element title\"><h3>Eltern\/Familien<\/h3><\/div><div class=\"wm-content-module-element wm-html-element content\"><p>Eltern\/Familien werden -orientiert an ihren St\u00e4rken- als Experten f\u00fcr die F\u00f6rderung ihrer Familiensprache(n) angesprochen.<\/p>\n<\/div><\/div><\/div><div class=\"wm-content-module wm-posts-wrap clearfix wm-content-module-singular\"><div class=\"wm-content-module-item wm-content-module-item-324 wm-iconbox-module has-color has-background\"><div class=\"wm-content-module-element wm-html-element image image-container font-icon\" style=\"background-color: #ffffff\"><span class=\"icon-child\" aria-hidden=\"true\" style=\"color: #e88717\"><\/span><span class=\"screen-reader-text\">Kinder<\/span><\/div><div class=\"wm-content-module-element wm-html-element title\"><h3>Kinder<\/h3><\/div><div class=\"wm-content-module-element wm-html-element content\"><p>Bei Kindern z\u00e4hlt Sprache zu den wichtigsten Schl\u00fcsselkompetenzen f\u00fcr lebenslanges Lernen und sp\u00e4teren Erfolg.<\/p>\n<\/div><\/div><\/div><div class=\"wm-content-module wm-posts-wrap clearfix wm-content-module-singular\"><div class=\"wm-content-module-item wm-content-module-item-325 wm-iconbox-module has-color has-background\"><div class=\"wm-content-module-element wm-html-element image image-container font-icon\" style=\"background-color: #ffffff\"><span class=\"icon-users-3\" aria-hidden=\"true\" style=\"color: #d97c02\"><\/span><span class=\"screen-reader-text\">Elternbegleiter*innen<\/span><\/div><div class=\"wm-content-module-element wm-html-element title\"><h3>Elternbegleiter*innen<\/h3><\/div><div class=\"wm-content-module-element wm-html-element content\"><p>Elternbegleiter*innen haben sowohl gute Kenntnisse in der Erstsprache(n) bzw. Familiensprache(n) der Teilnehmer*innen als auch in Deutsch.<\/p>\n<\/div><\/div><\/div><div class=\"wm-content-module wm-posts-wrap clearfix wm-content-module-singular\"><div class=\"wm-content-module-item wm-content-module-item-1440 wm-iconbox-module has-color has-background\"><div class=\"wm-content-module-element wm-html-element image image-container font-icon\" style=\"background-color: #ffffff\"><span class=\"icon-users-1\" aria-hidden=\"true\" style=\"color: #f79102\"><\/span><span class=\"screen-reader-text\">P\u00e4dagogische Fachkr\u00e4fte<\/span><\/div><div class=\"wm-content-module-element wm-html-element title\"><h3>P\u00e4dagogische Fachkr\u00e4fte<\/h3><\/div><div class=\"wm-content-module-element wm-html-element content\"><p>Hauptaufgaben von p\u00e4dagogischen Fachkr\u00e4ften sind Kinderbetreuung, -bildung, -erziehung und ganzheitliche F\u00f6rderung.<\/p>\n<\/div><\/div><\/div><div class=\"wm-content-module wm-posts-wrap clearfix wm-content-module-singular\"><div class=\"wm-content-module-item wm-content-module-item-1441 wm-iconbox-module has-color has-background\"><div class=\"wm-content-module-element wm-html-element image image-container font-icon\" style=\"background-color: #ffffff\"><span class=\"icon-commerical-building\" aria-hidden=\"true\" style=\"color: #e88717\"><\/span><span class=\"screen-reader-text\">Bildungsinstitutionen<\/span><\/div><div class=\"wm-content-module-element wm-html-element title\"><h3>Bildungsinstitutionen<\/h3><\/div><div class=\"wm-content-module-element wm-html-element content\"><p>Die Programme finden in Bildungsinstitutionen statt, sodass diese sich auch migrationsgesellschaftlich \u00f6ffnen und Prozesse ansto\u00dfen k\u00f6nnen.<\/p>\n<\/div><\/div><\/div><div class=\"wm-content-module wm-posts-wrap clearfix\"><div class=\"wm-content-module-container wm-items-container with-margin\" data-columns=\"3\" data-time=\"0\" data-layout-mode=\"masonry\"><div class=\"wm-row\"><div class=\"wm-content-module-item wm-content-module-item-1372 has-post-thumbnail wm-column width-1-3 with-margin\"><div class=\"wm-content-module-element wm-html-element image image-container featured-image\"><a href=\"https:\/\/www.griffbereit-rucksack.de\/fa\/mehrsprachigkeit-2\/\" target=\"_self\"><img decoding=\"async\" width=\"744\" height=\"418\" src=\"https:\/\/www.griffbereit-rucksack.de\/wp-content\/uploads\/2020\/01\/mit_kindern_singen-744x418.png\" class=\"attachment-thumbnail size-thumbnail wp-post-image\" alt=\"\" title=\"mit_kindern_singen\" \/><\/a><\/div><div class=\"wm-content-module-element wm-html-element title\"><h2><a href=\"https:\/\/www.griffbereit-rucksack.de\/fa\/mehrsprachigkeit-2\/\" target=\"_self\">Mehrsprachigkeit<\/a><\/h2><\/div><div class=\"wm-content-module-element wm-html-element content\"><p>Mehrsprachigkeit bezeichnet die F\u00e4higkeit eines Menschen, mehr als eine Sprache zu sprechen oder zu verstehen. Mit unseren Programmen wollen wir dies f\u00f6rdern.<\/p>\n<\/div><\/div><div class=\"wm-content-module-item wm-content-module-item-1371 has-post-thumbnail wm-column width-1-3 with-margin alt\"><div class=\"wm-content-module-element wm-html-element image image-container featured-image\"><a href=\"https:\/\/www.griffbereit-rucksack.de\/fa\/diversitaet-2\/\" target=\"_self\"><img decoding=\"async\" width=\"744\" height=\"418\" src=\"https:\/\/www.griffbereit-rucksack.de\/wp-content\/uploads\/2020\/01\/kinder_lernen_aus_einem_buch-744x418.png\" class=\"attachment-thumbnail size-thumbnail wp-post-image\" alt=\"\" title=\"kinder_lernen_aus_einem_buch\" \/><\/a><\/div><div class=\"wm-content-module-element wm-html-element title\"><h2><a href=\"https:\/\/www.griffbereit-rucksack.de\/fa\/diversitaet-2\/\" target=\"_self\">Diversit\u00e4t<\/a><\/h2><\/div><div class=\"wm-content-module-element wm-html-element content\"><p>Diversit\u00e4t ist ein Konzept der Soziologie und Sozialpsychologie, das im deutschsprachigen Raum analog zum im englischen Sprachraum verwendeten Begriff Diversity benutzt wird.<\/p>\n<\/div><\/div><div class=\"wm-content-module-item wm-content-module-item-1370 has-post-thumbnail wm-column width-1-3 with-margin last\"><div class=\"wm-content-module-element wm-html-element image image-container featured-image\"><a href=\"https:\/\/www.griffbereit-rucksack.de\/fa\/empowerment-2\/\" target=\"_self\"><img decoding=\"async\" width=\"744\" height=\"418\" src=\"https:\/\/www.griffbereit-rucksack.de\/wp-content\/uploads\/2020\/01\/mutter_lernt_mit_kind_-744x418.png\" class=\"attachment-thumbnail size-thumbnail wp-post-image\" alt=\"Mutter lernt mit ihrem Kind\" title=\"mutter_lernt_mit_kind_\" \/><\/a><\/div><div class=\"wm-content-module-element wm-html-element title\"><h2><a href=\"https:\/\/www.griffbereit-rucksack.de\/fa\/empowerment-2\/\" target=\"_self\">Empowerment<\/a><\/h2><\/div><div class=\"wm-content-module-element wm-html-element content\"><div>\n<p>Menschen werden dazu ermutigt ihre eigenen St\u00e4rken zu entdecken und auszubilden. Ihre vorhandenen Ressourcen zu erkennen und zu nutzen.<\/p>\n<\/div>\n<\/div><\/div><\/div><\/div><\/div><div class=\"wm-content-module wm-posts-wrap clearfix wm-content-module-singular\"><div class=\"wm-content-module-item wm-content-module-item-1975 wm-iconbox-module has-background\"><div class=\"wm-content-module-element wm-html-element image image-container font-icon\" style=\"background-color: #f06c0e\"><span class=\"icon-location\" aria-hidden=\"true\"><\/span><span class=\"screen-reader-text\">Bundesl\u00e4nder<\/span><\/div><div class=\"wm-content-module-element wm-html-element title\"><h2>Bundesl\u00e4nder<\/h2><\/div><div class=\"wm-content-module-element wm-html-element content\"><p class=\"h1\">9<\/p>\n<p class=\"uppercase\"><strong>Bundesl\u00e4nder<\/strong><\/p>\n<p>Die Programme Griffbereit und Rucksack KiTa laufen in mehreren Bundesl\u00e4ndern.<\/p>\n<\/div><\/div><\/div><div class=\"wm-content-module wm-posts-wrap clearfix wm-content-module-singular\"><div class=\"wm-content-module-item wm-content-module-item-1979 wm-iconbox-module has-background\"><div class=\"wm-content-module-element wm-html-element image image-container font-icon\" style=\"background-color: #f06c0e\"><span class=\"icon-users\" aria-hidden=\"true\"><\/span><span class=\"screen-reader-text\">Familien<\/span><\/div><div class=\"wm-content-module-element wm-html-element title\"><h2>Familien<\/h2><\/div><div class=\"wm-content-module-element wm-html-element content\"><p class=\"h1\">[bs-grkita-families-count]<\/p>\n<p class=\"uppercase\"><strong>Familien<\/strong><\/p>\n<p>Immer mehr Familien nehmen an unseren Programmen teil.<\/p>\n<\/div><\/div><\/div><div class=\"wm-content-module wm-posts-wrap clearfix wm-content-module-singular\"><div class=\"wm-content-module-item wm-content-module-item-1981 wm-iconbox-module has-background\"><div class=\"wm-content-module-element wm-html-element image image-container font-icon\" style=\"background-color: #f06c0e\"><span class=\"icon-users-3\" aria-hidden=\"true\"><\/span><span class=\"screen-reader-text\">Elternbegleiter*innen<\/span><\/div><div class=\"wm-content-module-element wm-html-element title\"><h2>Elternbegleiter*innen<\/h2><\/div><div class=\"wm-content-module-element wm-html-element content\"><p class=\"h1\">[bs-grkita-parentcomp-count]<\/p>\n<p class=\"uppercase\"><strong>Elternbegleiter*innen<\/strong><\/p>\n<p>Geschulte Elternbegleiter*innen begleiten viele Familien.<\/p>\n<\/div><\/div><\/div><div class=\"wm-content-module wm-posts-wrap clearfix wm-content-module-singular\"><div class=\"wm-content-module-item wm-content-module-item-1983 wm-iconbox-module has-background\"><div class=\"wm-content-module-element wm-html-element image image-container font-icon\" style=\"background-color: #f06c0e\"><span class=\"icon-commerical-building\" aria-hidden=\"true\"><\/span><span class=\"screen-reader-text\">Bildungseinrichtungen\/Institutionen<\/span><\/div><div class=\"wm-content-module-element wm-html-element title\"><h2>Bildungseinrichtungen\/Institutionen<\/h2><\/div><div class=\"wm-content-module-element wm-html-element content\"><p class=\"h1\">[bs-grkita-locations-count]<\/p>\n<p class=\"uppercase\"><strong>Bildungseinrichtungen\/INSTITUTIONEN<\/strong><\/p>\n<p>Die Programme sind in vielen Bildungseinrichtungen vertreten.<\/p>\n<\/div><\/div><\/div>\n\t<h2><strong>Was sagen die Beteiligten?<\/strong><\/h2>\nWie finden Sie unsere beiden Programme? Haben Sie zu einem unserer Programme Anmerkungen, W\u00fcnsche<br \/>\noder Fragen, dann nehmen Sie doch mit uns Kontakt auf\u00a0 <a href=\"https:\/\/www.griffbereit-rucksack.de\/fa\/kontakt\/\">Kontakt-Seite<\/a>.\n<div class=\"wm-testimonials wm-posts-wrap clearfix\"><div class=\"wm-testimonials-container wm-items-container with-margin\" data-columns=\"3\" data-time=\"0\"><div class=\"wm-row\"><article class=\"wm-testimonials-item wm-testimonials-item-71 wm-column width-1-3 with-margin testimonial_category-patients\"><h3 class=\"screen-reader-text\">Julia Weber<\/h3><blockquote class=\"wm-testimonials-element wm-html-element content\"><p>Ich habe mich in Deutschland angekommen gef\u00fchlt, nachdem ich am <strong>Rucksack KiTa-Programm<\/strong> teilgenommen habe.<\/p>\n<\/blockquote><cite class=\"wm-testimonials-element wm-html-element source\"><span class=\"wm-testimonials-element wm-html-element author\">Teilnehmerin aus einer heterogenen Rucksack KiTa-Gruppe aus Unna<\/span><\/cite><\/article><article class=\"wm-testimonials-item wm-testimonials-item-1954 wm-column width-1-3 with-margin alt testimonial_category-patients\"><h3 class=\"screen-reader-text\">Teilnehmerin aus einer heterogenen Rucksack KiTa-Gruppe aus Unna<\/h3><blockquote class=\"wm-testimonials-element wm-html-element content\"><p>Durch das <strong>Rucksack KiTa<\/strong>-Programm habe ich mich motiviert und unterst\u00fctzt gef\u00fchlt. Ich habe an einem \u201eAlpha\u201c (Alphabetisierungskurs) Sprachkurs erfolgreich teilgenommen und nun traue ich mich auch mit den Erzieherinnen auszutauschen und in der Rucksack KiTa-Gruppe vor den anderen M\u00fcttern zu lesen. Wir haben eine tolle Atmosph\u00e4re, eine tolle Elternbegleiterin und ein tolles Vertrauensverh\u00e4ltnis innerhalb unserer Gruppe.<\/p>\n<\/blockquote><cite class=\"wm-testimonials-element wm-html-element source\"><span class=\"wm-testimonials-element wm-html-element author\">Teilnehmerin aus einer heterogenen Rucksack KiTa-Gruppe aus Unna<\/span><\/cite><\/article><article class=\"wm-testimonials-item wm-testimonials-item-69 wm-column width-1-3 with-margin last testimonial_category-patients has-thumbnail\"><h3 class=\"screen-reader-text\">Polyclinic definition<\/h3><blockquote class=\"wm-testimonials-element wm-html-element content\"><p>Es ist mir eine Ehre und Freude ein Teil des Programms <strong>Griffbereit<\/strong> zu sein. Die Kinder lernen sehr schnell und den Fortschritt mit zu gestalten befl\u00fcgelt mich.<\/p>\n<\/blockquote><cite class=\"wm-testimonials-element wm-html-element source\"><span class=\"wm-testimonials-element wm-html-element image image-container\"><img decoding=\"async\" width=\"448\" height=\"448\" src=\"https:\/\/www.griffbereit-rucksack.de\/wp-content\/uploads\/2015\/10\/baby-on-the-way-0-448x448.jpg\" class=\"attachment-polyclinic-square size-polyclinic-square wp-post-image\" alt=\"Alt description of the image is required for accessibility\" title=\"SAMPLE\/_baby-on-the-way-0\" srcset=\"https:\/\/www.griffbereit-rucksack.de\/wp-content\/uploads\/2015\/10\/baby-on-the-way-0-448x448.jpg 448w, https:\/\/www.griffbereit-rucksack.de\/wp-content\/uploads\/2015\/10\/baby-on-the-way-0-50x50.jpg 50w\" sizes=\"(max-width: 448px) 100vw, 448px\" \/><\/span><span class=\"wm-testimonials-element wm-html-element author\">Mari Ulenberg  (Elternbegleiterin)<\/span><\/cite><\/article><\/div><\/div><\/div>","protected":false},"excerpt":{"rendered":"<div class=\"entry-summary\">\n<div class=\"entry-summary\">\nEs ist mir eine Ehre und Freude ein Teil des Programms Griffbereit zu sein. Die Kinder lernen sehr&hellip;\n<\/div>\n<\/div>","protected":false},"author":1,"featured_media":0,"parent":0,"menu_order":1,"comment_status":"closed","ping_status":"closed","template":"templates\/no-title.php","meta":{"_acf_changed":false,"footnotes":""},"class_list":["post-1882","page","type-page","status-publish","hentry","entry"],"acf":[],"_links":{"self":[{"href":"https:\/\/www.griffbereit-rucksack.de\/fa\/wp-json\/wp\/v2\/pages\/1882","targetHints":{"allow":["GET"]}}],"collection":[{"href":"https:\/\/www.griffbereit-rucksack.de\/fa\/wp-json\/wp\/v2\/pages"}],"about":[{"href":"https:\/\/www.griffbereit-rucksack.de\/fa\/wp-json\/wp\/v2\/types\/page"}],"author":[{"embeddable":true,"href":"https:\/\/www.griffbereit-rucksack.de\/fa\/wp-json\/wp\/v2\/users\/1"}],"replies":[{"embeddable":true,"href":"https:\/\/www.griffbereit-rucksack.de\/fa\/wp-json\/wp\/v2\/comments?post=1882"}],"version-history":[{"count":3,"href":"https:\/\/www.griffbereit-rucksack.de\/fa\/wp-json\/wp\/v2\/pages\/1882\/revisions"}],"predecessor-version":[{"id":15734,"href":"https:\/\/www.griffbereit-rucksack.de\/fa\/wp-json\/wp\/v2\/pages\/1882\/revisions\/15734"}],"wp:attachment":[{"href":"https:\/\/www.griffbereit-rucksack.de\/fa\/wp-json\/wp\/v2\/media?parent=1882"}],"curies":[{"name":"wp","href":"https:\/\/api.w.org\/{rel}","templated":true}]}}