{"id":14558,"date":"2024-08-13T13:59:28","date_gmt":"2024-08-13T11:59:28","guid":{"rendered":"https:\/\/www.griffbereit-rucksack.de\/?page_id=14558"},"modified":"2024-08-13T15:51:54","modified_gmt":"2024-08-13T13:51:54","slug":"qualitaetsstandards","status":"publish","type":"page","link":"https:\/\/www.griffbereit-rucksack.de\/fa\/qualitaetsstandards\/","title":{"rendered":"Qualit\u00e4tsstandards"},"content":{"rendered":"<img decoding=\"async\" src=\"https:\/\/www.griffbereit-rucksack.de\/wp-content\/plugins\/bb-plugin\/img\/pixel.png\" alt=\"\" itemprop=\"image\" onerror=\"this.style.display='none'\"  \/>\n\t<p><img decoding=\"async\" src=\"https:\/\/www.griffbereit-rucksack.de\/wp-content\/uploads\/2024\/03\/griffbereitmini_cirlce.png\" alt=\"\" width=\"100\" height=\"100\" \/><img decoding=\"async\" src=\"https:\/\/www.griffbereit-rucksack.de\/wp-content\/uploads\/2024\/03\/griffbereit_cirlce.png\" alt=\"\" width=\"100\" height=\"100\" \/><img decoding=\"async\" src=\"https:\/\/www.griffbereit-rucksack.de\/wp-content\/uploads\/2024\/03\/rucksackkita_cirlce.png\" alt=\"\" width=\"100\" height=\"100\" \/><\/p>\n<p><strong>Qualit\u00e4tsstandards <em>griffbereitMINI, Griffbereit<\/em> und <em>Rucksack KiTa<\/em><\/strong><\/p>\n<p>&nbsp;<\/p>\n<p><u>Durchg\u00e4ngige Sprachbildung <\/u><\/p>\n<ul>\n<li>Mehrsprachigkeit (F\u00f6rderung aller Familiensprachen inklusive der deutschen Sprache)<\/li>\n<li>Kompetenz- und Ressourcenorientierung<\/li>\n<li>Sensibilisierung aller Akteure f\u00fcr Sprachentwicklung und Sprachbildungsprozesse<\/li>\n<li>Alltagsintegrierte Sprachhandlungsorientierung<\/li>\n<li>Orientierung am Situationsansatz<\/li>\n<\/ul>\n<p><u>Chancengerechte Teilhabe, Bildung und Empowerment von Familien<\/u><\/p>\n<ul>\n<li>Partizipation und Mitwirkung<\/li>\n<li>Ressourcen- und Kompetenzorientierung<\/li>\n<li>Information und Beratung, Qualifizierung<\/li>\n<li>Erziehungs- und Bildungspartnerschaften<\/li>\n<\/ul>\n<p><u>Migrationsgesellschaftliche \u00d6ffnung und diversit\u00e4tsorientierte Entwicklung der beteiligten Institutionen<\/u><\/p>\n<ul>\n<li>Wertsch\u00e4tzung und Anerkennung von Vielfalt, Ressourcen und Kompetenzen<\/li>\n<li>Vorurteilsreflektiertes Handeln in Erziehung und Bildung<\/li>\n<li>Diskriminierungskritische Bildungsarbeit<\/li>\n<li>Sozialraumorientierung<\/li>\n<li>\u00d6ffnung der Institution nach innen und au\u00dfen<\/li>\n<\/ul>\n<p><em>F\u00fcr die einzelnen Akteure sind die jeweiligen Punkte in den Arbeitsmaterialien n\u00e4her erl\u00e4utert<\/em><em> und Ziele und Indikatoren formuliert. Die Programme werden mit Blick auf die<\/em><em> Qualit\u00e4tsstandards j\u00e4hrlich evaluiert.<\/em><\/p>\n<em>Die Qualit\u00e4tsstandards k\u00f6nnen hier heruntergeladen werden: <a href=\"https:\/\/www.griffbereit-rucksack.de\/wp-content\/uploads\/2024\/08\/Qualitaetsstandards_griffbereitMINI_Griffbereit_und_Rucksack_KiTa.pdf\">Qualita\u0308tsstandards_griffbereitMINI_Griffbereit_und_Rucksack_KiTa<\/a><br \/>\n<\/em>","protected":false},"excerpt":{"rendered":"<div class=\"entry-summary\">\n<div class=\"entry-summary\">\nQualit\u00e4tsstandards griffbereitMINI, Griffbereit und Rucksack KiTa &nbsp; Durchg\u00e4ngige Sprachbildung Mehrsprachigkeit (F\u00f6rderung aller Familiensprachen inklusive der deutschen Sprache) Kompetenz-&hellip;\n<\/div>\n<div class=\"link-more\"><a href=\"https:\/\/www.griffbereit-rucksack.de\/fa\/qualitaetsstandards\/\" class=\"more-link\">Continue reading<span class=\"screen-reader-text\"> &ldquo;Qualit\u00e4tsstandards&rdquo;<\/span>&hellip;<\/a><\/div>\n<\/div>\n<div class=\"link-more\"><a href=\"https:\/\/www.griffbereit-rucksack.de\/fa\/qualitaetsstandards\/\" class=\"more-link\">Continue reading<span class=\"screen-reader-text\"> &ldquo;Qualit\u00e4tsstandards&rdquo;<\/span>&hellip;<\/a><\/div>","protected":false},"author":272,"featured_media":0,"parent":0,"menu_order":0,"comment_status":"closed","ping_status":"closed","template":"","meta":{"_acf_changed":false,"footnotes":""},"class_list":["post-14558","page","type-page","status-publish","hentry","entry"],"acf":[],"_links":{"self":[{"href":"https:\/\/www.griffbereit-rucksack.de\/fa\/wp-json\/wp\/v2\/pages\/14558","targetHints":{"allow":["GET"]}}],"collection":[{"href":"https:\/\/www.griffbereit-rucksack.de\/fa\/wp-json\/wp\/v2\/pages"}],"about":[{"href":"https:\/\/www.griffbereit-rucksack.de\/fa\/wp-json\/wp\/v2\/types\/page"}],"author":[{"embeddable":true,"href":"https:\/\/www.griffbereit-rucksack.de\/fa\/wp-json\/wp\/v2\/users\/272"}],"replies":[{"embeddable":true,"href":"https:\/\/www.griffbereit-rucksack.de\/fa\/wp-json\/wp\/v2\/comments?post=14558"}],"version-history":[{"count":0,"href":"https:\/\/www.griffbereit-rucksack.de\/fa\/wp-json\/wp\/v2\/pages\/14558\/revisions"}],"wp:attachment":[{"href":"https:\/\/www.griffbereit-rucksack.de\/fa\/wp-json\/wp\/v2\/media?parent=14558"}],"curies":[{"name":"wp","href":"https:\/\/api.w.org\/{rel}","templated":true}]}}