{"id":12019,"date":"2023-05-03T12:03:07","date_gmt":"2023-05-03T10:03:07","guid":{"rendered":"https:\/\/www.griffbereit-rucksack.de\/?page_id=12019"},"modified":"2023-05-03T13:26:54","modified_gmt":"2023-05-03T11:26:54","slug":"umsetzung-griffbereitmini","status":"publish","type":"page","link":"https:\/\/www.griffbereit-rucksack.de\/fa\/griffbereitmini\/umsetzung-griffbereitmini\/","title":{"rendered":"Umsetzung griffbereitMINI"},"content":{"rendered":"<h2>\n\t\tUmsetzung griffbereitMINI\n\t<\/h2>\n\t<p>Die Umsetzung von g<em>riffbereitMINI<\/em> wird nach der Pilotphase in Dortmund und den Kreisen Coesfeld und Wesel in NRW seit 2022 durch das Ministerium f\u00fcr Kinder, Jugend, Familie, Gleichstellung, Flucht und Integration (MKJFGFI) und die Stiftung Zentrum f\u00fcr T\u00fcrkeistudien und Integration (ZfTI) gesteuert und begleitet.<\/p>\n<p>Seit 2023 verantwortet das <em>ZfTI<\/em> auch den bundesweiten Transfer, der durch die Auridis Stiftung gGmbH gef\u00f6rdert wird.<\/p>\n<strong>Rahmenbedingungen<br \/>\n<\/strong>Eine geeignete Ansiedlungsm\u00f6glichkeit f\u00fcr<em> griffbereitMINI<\/em> sind Familienzentren oder andere Bildungsinstitutionen, die eine Anlaufstelle f\u00fcr *Eltern\/*Familien mit internationaler Familiengeschichte sind, wie z.B. Tr\u00e4ger von Deutsch-\/Elternintegrationskursen, Br\u00fcckenangeboten. Dar\u00fcber hinaus ist das Programm auch an Orten, die Familien in dem Alter der Kinder aufsuchen, wie z.B. Schwangerschaftsberatungsstellen, Hebammenpraxen, Kinder\u00e4rzt*innenpraxen und in Unterk\u00fcnften f\u00fcr Familien mit Fluchterfahrung m\u00f6glich.\n<p>Sofern noch keine eigene Landeskoordinierungsstelle im Bundesland bzw. lokale Koordinierungsstelle besteht, schlie\u00dfen interessierte Tr\u00e4ger (Programmtr\u00e4ger) eine Nutzungsvereinbarung ab. Danach erhalten sie das <em>griffbereitMINI<\/em>-Materialpaket kostenfrei als PDF- bzw. Excel-Datei.<\/p>\n\t\t\t<a href=\"https:\/\/www.griffbereit-rucksack.de\/fa\/griffbereitmini-material\/\" target=\"_self\" role=\"button\" rel=\"noopener\">\n\t\t\t\t\t\t\t\u00dcberblick griffbereitMINI-Material\n\t\t\t<\/a>\n\t<p>Durch die Vereinbarung verpflichten sich alle Programmtr\u00e4ger, die Qualit\u00e4tsstandards des Programms einzuhalten sowie diese auf allen Ebenen sicherzustellen. Der Tr\u00e4ger vor Ort finanziert die Programmdurchf\u00fchrung sowie Schulung, Honorar und Anleitung der Gruppenbegleiter*innen.<\/p>\n<p>Das beim ZfTI angesiedelte Bundestransfer-Team koordiniert und\/oder begleitet das Programm bundesweit auch in Kooperation mit anderen \u00c4mtern und Tr\u00e4gern und bietet Informationsveranstaltungen sowie Schulungen an. Ebenso ist das Bundestransfer-Team f\u00fcr die kontinuierliche fachliche Begleitung zust\u00e4ndig. Angestrebt ist die Etablierung von Landeskoordinierungsstellen in jedem Bundesland, in dem das Programm Anwendung findet, um eine gezielte Begleitung der Arbeit vor Ort zu gew\u00e4hrleisten.<\/p>\n\t\t\t<a href=\"https:\/\/www.griffbereit-rucksack.de\/fa\/organisatorisches-griffbereitmini\/\" target=\"_self\" role=\"button\" rel=\"noopener\">\n\t\t\t\t\t\t\t\u00dcberblick Organisatorisches\n\t\t\t<\/a>","protected":false},"excerpt":{"rendered":"<div class=\"entry-summary\">\n<div class=\"entry-summary\">\nDie Umsetzung von griffbereitMINI wird nach der Pilotphase in Dortmund und den Kreisen Coesfeld und Wesel in NRW seit 2022 durch das Ministerium f\u00fcr Kinder, Jugend, Familie, Gleichstellung, Flucht und Integration (MKJFGFI) und die Stiftung Zentrum f\u00fcr T\u00fcrkeistudien und Integration (ZfTI) gesteuert und begleitet.\n<\/div>\n<div class=\"link-more\"><a href=\"https:\/\/www.griffbereit-rucksack.de\/fa\/griffbereitmini\/umsetzung-griffbereitmini\/\" class=\"more-link\">Continue reading<span class=\"screen-reader-text\"> &ldquo;Umsetzung griffbereitMINI&rdquo;<\/span>&hellip;<\/a><\/div>\n<\/div>\n<div class=\"link-more\"><a href=\"https:\/\/www.griffbereit-rucksack.de\/fa\/griffbereitmini\/umsetzung-griffbereitmini\/\" class=\"more-link\">Continue reading<span class=\"screen-reader-text\"> &ldquo;Umsetzung griffbereitMINI&rdquo;<\/span>&hellip;<\/a><\/div>","protected":false},"author":1,"featured_media":0,"parent":12016,"menu_order":0,"comment_status":"closed","ping_status":"closed","template":"","meta":{"_acf_changed":false,"footnotes":""},"class_list":["post-12019","page","type-page","status-publish","hentry","entry"],"acf":[],"_links":{"self":[{"href":"https:\/\/www.griffbereit-rucksack.de\/fa\/wp-json\/wp\/v2\/pages\/12019","targetHints":{"allow":["GET"]}}],"collection":[{"href":"https:\/\/www.griffbereit-rucksack.de\/fa\/wp-json\/wp\/v2\/pages"}],"about":[{"href":"https:\/\/www.griffbereit-rucksack.de\/fa\/wp-json\/wp\/v2\/types\/page"}],"author":[{"embeddable":true,"href":"https:\/\/www.griffbereit-rucksack.de\/fa\/wp-json\/wp\/v2\/users\/1"}],"replies":[{"embeddable":true,"href":"https:\/\/www.griffbereit-rucksack.de\/fa\/wp-json\/wp\/v2\/comments?post=12019"}],"version-history":[{"count":0,"href":"https:\/\/www.griffbereit-rucksack.de\/fa\/wp-json\/wp\/v2\/pages\/12019\/revisions"}],"up":[{"embeddable":true,"href":"https:\/\/www.griffbereit-rucksack.de\/fa\/wp-json\/wp\/v2\/pages\/12016"}],"wp:attachment":[{"href":"https:\/\/www.griffbereit-rucksack.de\/fa\/wp-json\/wp\/v2\/media?parent=12019"}],"curies":[{"name":"wp","href":"https:\/\/api.w.org\/{rel}","templated":true}]}}